{"id":808,"date":"2026-02-04T01:52:32","date_gmt":"2026-02-04T01:52:32","guid":{"rendered":"https:\/\/www.fenxifiber.com\/?post_type=product&#038;p=808"},"modified":"2026-02-04T02:28:44","modified_gmt":"2026-02-04T02:28:44","slug":"sc-apc-sc-apc-sm-dx","status":"publish","type":"product","link":"https:\/\/www.fenxifiber.com\/pt\/product\/sc-apc-sc-apc-sm-dx\/","title":{"rendered":"Cabo de remendo de fibra duplex de modo \u00fanico SC\/APC para SC\/APC por atacado | Sourcing Hub"},"content":{"rendered":"<h2 data-path-to-node=\"4\">Matriz de desempenho t\u00e9cnico<\/h2>\n<table style=\"width: 100%; border-collapse: collapse; margin: 20px 0; font-family: Arial, sans-serif; border: 1px solid #ddd; font-size: 14px;\">\n<thead>\n<tr style=\"background-color: #f8f9fa; text-align: left;\">\n<th style=\"padding: 12px; border: 1px solid #ddd; color: #333;\">M\u00e9trica t\u00e9cnica<\/th>\n<th style=\"padding: 12px; border: 1px solid #ddd; color: #333;\">Especifica\u00e7\u00e3o padr\u00e3o<\/th>\n<th style=\"padding: 12px; border: 1px solid #ddd; color: #333;\">Vantagem do projeto<\/th>\n<\/tr>\n<\/thead>\n<tbody>\n<tr>\n<td style=\"padding: 12px; border: 1px solid #ddd;\"><strong>Tipo de conector<\/strong><\/td>\n<td style=\"padding: 12px; border: 1px solid #ddd;\">SC\/APC para SC\/APC<\/td>\n<td style=\"padding: 12px; border: 1px solid #ddd;\">Travamento push-pull padronizado<\/td>\n<\/tr>\n<tr style=\"background-color: #fdfdfd;\">\n<td style=\"padding: 12px; border: 1px solid #ddd;\"><strong>Modo de fibra<\/strong><\/td>\n<td style=\"padding: 12px; border: 1px solid #ddd;\">Modo \u00fanico duplex (SM DX)<\/td>\n<td style=\"padding: 12px; border: 1px solid #ddd;\">Dados bidirecionais de n\u00facleo duplo<\/td>\n<\/tr>\n<tr>\n<td style=\"padding: 12px; border: 1px solid #ddd;\"><strong>Perda de inser\u00e7\u00e3o<\/strong><\/td>\n<td style=\"padding: 12px; border: 1px solid #ddd;\">\u2264 0,3 dB<\/td>\n<td style=\"padding: 12px; border: 1px solid #ddd;\">Atenua\u00e7\u00e3o m\u00ednima de pot\u00eancia<\/td>\n<\/tr>\n<tr style=\"background-color: #fdfdfd;\">\n<td style=\"padding: 12px; border: 1px solid #ddd;\"><strong>Perda de retorno<\/strong><\/td>\n<td style=\"padding: 12px; border: 1px solid #ddd;\">\u2265 60 dB<\/td>\n<td style=\"padding: 12px; border: 1px solid #ddd;\">Prote\u00e7\u00e3o superior da fonte de laser<\/td>\n<\/tr>\n<tr>\n<td style=\"padding: 12px; border: 1px solid #ddd;\"><strong>Comprimento de onda<\/strong><\/td>\n<td style=\"padding: 12px; border: 1px solid #ddd;\">1310nm \/ 1490nm \/ 1550nm<\/td>\n<td style=\"padding: 12px; border: 1px solid #ddd;\">Suporte total ao espectro do OS2<\/td>\n<\/tr>\n<tr style=\"background-color: #fdfdfd;\">\n<td style=\"padding: 12px; border: 1px solid #ddd;\"><strong>Resist\u00eancia \u00e0 tens\u00e3o<\/strong><\/td>\n<td style=\"padding: 12px; border: 1px solid #ddd;\">\u2265 200 N<\/td>\n<td style=\"padding: 12px; border: 1px solid #ddd;\">Robusto para dutos de cabeamento<\/td>\n<\/tr>\n<tr>\n<td style=\"padding: 12px; border: 1px solid #ddd;\"><strong>Material da jaqueta<\/strong><\/td>\n<td style=\"padding: 12px; border: 1px solid #ddd;\">LSZH (baixa fuma\u00e7a e zero halog\u00eanio)<\/td>\n<td style=\"padding: 12px; border: 1px solid #ddd;\">Conformidade global com a seguran\u00e7a contra inc\u00eandios<\/td>\n<\/tr>\n<\/tbody>\n<\/table>\n<h2 data-path-to-node=\"8\">Principais vantagens da implementa\u00e7\u00e3o em grande escala<\/h2>\n<h3 data-path-to-node=\"9\">1. Gerenciamento otimizado do reflexo do APC<\/h3>\n<p data-path-to-node=\"10\">O polimento angular de 8 graus (APC) garante uma perda de retorno de <b data-path-to-node=\"10\" data-index-in-node=\"58\">\u2265 60dB<\/b>. Isso \u00e9 vital para redes de alta velocidade e sinais de v\u00eddeo de alta pot\u00eancia, pois redireciona a reflex\u00e3o de retorno para o revestimento, evitando o ru\u00eddo do sinal e danos ao hardware de transmissores sens\u00edveis.<\/p>\n<h3 data-path-to-node=\"11\">2. Projeto Duplex (DX) de alta capacidade<\/h3>\n<p data-path-to-node=\"12\">Ao integrar dois fios de fibra em um \u00fanico cabo, esse jumper simplifica o gerenciamento de fibras de alta densidade em <b data-path-to-node=\"12\" data-index-in-node=\"105\">Quadros de distribui\u00e7\u00e3o \u00f3ptica (ODF)<\/b>. Ele fornece caminhos de transmiss\u00e3o e recep\u00e7\u00e3o dedicados, essenciais para arquiteturas Ethernet full-duplex padr\u00e3o.<\/p>\n<h3 data-path-to-node=\"13\">3. Durabilidade de n\u00edvel de engenharia<\/h3>\n<p data-path-to-node=\"14\">Com uma for\u00e7a de tens\u00e3o de <b data-path-to-node=\"14\" data-index-in-node=\"27\">\u2265 200N<\/b> e virolas de cer\u00e2mica de alta precis\u00e3o, esses cabos s\u00e3o constru\u00eddos para sobreviver ao estresse f\u00edsico da instala\u00e7\u00e3o, mantendo um desempenho \u00f3ptico est\u00e1vel ao longo de milhares de ciclos de acoplamento.<\/p>\n<h3 data-path-to-node=\"15\">4. Padr\u00f5es de seguran\u00e7a certificados<\/h3>\n<p data-path-to-node=\"16\">O amarelo <b data-path-to-node=\"16\" data-index-in-node=\"11\">LSZH<\/b> foi projetada para ambientes internos e de data center. \u00c9 retardante de fogo e garante que nenhum g\u00e1s halog\u00eanio t\u00f3xico seja liberado em calor extremo, atendendo aos c\u00f3digos de seguran\u00e7a internacionais para projetos comerciais e governamentais.<\/p>\n<hr data-path-to-node=\"17\" \/>\n<h2 data-path-to-node=\"18\">Suporte a suprimentos e log\u00edstica<\/h2>\n<ul data-path-to-node=\"19\">\n<li>\n<p data-path-to-node=\"19,0,0\"><b data-path-to-node=\"19,0,0\" data-index-in-node=\"0\">100% Qualidade verificada<\/b>: Cada patch cord \u00e9 testado individualmente quanto \u00e0 perda de inser\u00e7\u00e3o e perda de retorno.<\/p>\n<\/li>\n<li>\n<p data-path-to-node=\"19,1,0\"><b data-path-to-node=\"19,1,0\" data-index-in-node=\"0\">Suporte \u00e0 documenta\u00e7\u00e3o<\/b>: Relat\u00f3rios de testes individuais e dados de interferometria 3D est\u00e3o dispon\u00edveis para <b data-path-to-node=\"19,1,0\" data-index-in-node=\"92\">Conformidade do projeto<\/b>.<\/p>\n<\/li>\n<li>\n<p data-path-to-node=\"19,2,0\"><b data-path-to-node=\"19,2,0\" data-index-in-node=\"0\">Atendimento de pedidos em massa<\/b>: Mantemos altos n\u00edveis de estoque para comprimentos padr\u00e3o (1 m, 3 m, 5 m, 10 m) para garantir prazos de entrega r\u00e1pidos.<\/p>\n<\/li>\n<li>\n<p data-path-to-node=\"19,3,0\"><b data-path-to-node=\"19,3,0\" data-index-in-node=\"0\">Servi\u00e7o personalizado de OEM<\/b>: Oferecemos fabrica\u00e7\u00e3o flex\u00edvel para comprimentos sob medida, rotulagem especializada e di\u00e2metros variados de revestimento (2,0 mm\/3,0 mm) para atender a necessidades espec\u00edficas. <b data-path-to-node=\"19,3,0\" data-index-in-node=\"155\">Integrador<\/b> Requisitos.<\/p>\n<\/li>\n<\/ul>","protected":false},"excerpt":{"rendered":"<p data-path-to-node=\"1\"><span class=\"\">O <\/span><b class=\"\" data-path-to-node=\"1\" data-index-in-node=\"4\">SC\/APC para SC\/APC Duplex de modo \u00fanico (SM DX)<\/b><span class=\"\"> \u00e9 um jumper de fibra \u00f3ptica de alto desempenho projetado para telecomunica\u00e7\u00f5es modernas e transmiss\u00e3o de dados em alta velocidade.<\/span><span class=\"\"> Com a assinatura verde <\/span><b class=\"\" data-path-to-node=\"1\" data-index-in-node=\"192\">Contato f\u00edsico angular (APC)<\/b><span class=\"\"> conectores em ambas as extremidades,<\/span><span class=\"\"> esse cabo foi projetado especificamente para minimizar a reflex\u00e3o traseira,<\/span><span class=\"\"> tornando-o a principal escolha para <\/span><b class=\"\" data-path-to-node=\"1\" data-index-in-node=\"347\">GPON, FTTX e CATV<\/b><span class=\"\"> infraestrutura.<\/span><\/p>\n<p data-path-to-node=\"2\"><span class=\"\">Com uma configura\u00e7\u00e3o de fibra dupla (Duplex),<\/span><span class=\"\"> esse patch cord suporta o fluxo de dados bidirecional simult\u00e2neo,<\/span><span class=\"\"> fornecendo a confiabilidade e a integridade do sinal necess\u00e1rias para implanta\u00e7\u00f5es de rede de miss\u00e3o cr\u00edtica.<\/span><\/p>","protected":false},"featured_media":810,"comment_status":"open","ping_status":"closed","template":"","meta":[],"product_brand":[],"product_cat":[45],"product_tag":[],"class_list":{"0":"post-808","1":"product","2":"type-product","3":"status-publish","4":"has-post-thumbnail","6":"product_cat-single-mode-fiber-optic-patch-cord","8":"first","9":"instock","10":"shipping-taxable","11":"product-type-simple"},"_links":{"self":[{"href":"https:\/\/www.fenxifiber.com\/pt\/wp-json\/wp\/v2\/product\/808","targetHints":{"allow":["GET"]}}],"collection":[{"href":"https:\/\/www.fenxifiber.com\/pt\/wp-json\/wp\/v2\/product"}],"about":[{"href":"https:\/\/www.fenxifiber.com\/pt\/wp-json\/wp\/v2\/types\/product"}],"replies":[{"embeddable":true,"href":"https:\/\/www.fenxifiber.com\/pt\/wp-json\/wp\/v2\/comments?post=808"}],"wp:featuredmedia":[{"embeddable":true,"href":"https:\/\/www.fenxifiber.com\/pt\/wp-json\/wp\/v2\/media\/810"}],"wp:attachment":[{"href":"https:\/\/www.fenxifiber.com\/pt\/wp-json\/wp\/v2\/media?parent=808"}],"wp:term":[{"taxonomy":"product_brand","embeddable":true,"href":"https:\/\/www.fenxifiber.com\/pt\/wp-json\/wp\/v2\/product_brand?post=808"},{"taxonomy":"product_cat","embeddable":true,"href":"https:\/\/www.fenxifiber.com\/pt\/wp-json\/wp\/v2\/product_cat?post=808"},{"taxonomy":"product_tag","embeddable":true,"href":"https:\/\/www.fenxifiber.com\/pt\/wp-json\/wp\/v2\/product_tag?post=808"}],"curies":[{"name":"wp","href":"https:\/\/api.w.org\/{rel}","templated":true}]}}