{"id":811,"date":"2026-02-04T01:54:26","date_gmt":"2026-02-04T01:54:26","guid":{"rendered":"https:\/\/www.fenxifiber.com\/?post_type=product&#038;p=811"},"modified":"2026-02-04T02:29:43","modified_gmt":"2026-02-04T02:29:43","slug":"fc-upc-sc-upc-sm-dx","status":"publish","type":"product","link":"https:\/\/www.fenxifiber.com\/pt\/product\/fc-upc-sc-upc-sm-dx\/","title":{"rendered":"Cabo de conex\u00e3o de fibra duplex de modo \u00fanico FC\/UPC para SC\/UPC | Solu\u00e7\u00f5es de fornecimento"},"content":{"rendered":"<h2 data-path-to-node=\"4\">Matriz de desempenho t\u00e9cnico<\/h2>\n<table style=\"width: 100%; border-collapse: collapse; margin: 20px 0; font-family: Arial, sans-serif; border: 1px solid #ddd; font-size: 14px;\">\n<thead>\n<tr style=\"background-color: #f8f9fa; text-align: left;\">\n<th style=\"padding: 12px; border: 1px solid #ddd; color: #333;\">M\u00e9trica t\u00e9cnica<\/th>\n<th style=\"padding: 12px; border: 1px solid #ddd; color: #333;\">Especifica\u00e7\u00e3o profissional<\/th>\n<th style=\"padding: 12px; border: 1px solid #ddd; color: #333;\">Vantagem da rede<\/th>\n<\/tr>\n<\/thead>\n<tbody>\n<tr>\n<td style=\"padding: 12px; border: 1px solid #ddd;\"><strong>Tipo de conector<\/strong><\/td>\n<td style=\"padding: 12px; border: 1px solid #ddd;\">FC\/UPC para SC\/UPC<\/td>\n<td style=\"padding: 12px; border: 1px solid #ddd;\">H\u00edbrido com rosca para push-pull<\/td>\n<\/tr>\n<tr style=\"background-color: #fdfdfd;\">\n<td style=\"padding: 12px; border: 1px solid #ddd;\"><strong>Categoria de fibra<\/strong><\/td>\n<td style=\"padding: 12px; border: 1px solid #ddd;\">Modo \u00fanico duplex (SM DX)<\/td>\n<td style=\"padding: 12px; border: 1px solid #ddd;\">Dados bidirecionais simult\u00e2neos<\/td>\n<\/tr>\n<tr>\n<td style=\"padding: 12px; border: 1px solid #ddd;\"><strong>Perda de inser\u00e7\u00e3o<\/strong><\/td>\n<td style=\"padding: 12px; border: 1px solid #ddd;\">\u2264 0,3 dB<\/td>\n<td style=\"padding: 12px; border: 1px solid #ddd;\">Efici\u00eancia energ\u00e9tica superior<\/td>\n<\/tr>\n<tr style=\"background-color: #fdfdfd;\">\n<td style=\"padding: 12px; border: 1px solid #ddd;\"><strong>Perda de retorno<\/strong><\/td>\n<td style=\"padding: 12px; border: 1px solid #ddd;\">\u2265 50 dB<\/td>\n<td style=\"padding: 12px; border: 1px solid #ddd;\">Mant\u00e9m a alta pureza do sinal<\/td>\n<\/tr>\n<tr>\n<td style=\"padding: 12px; border: 1px solid #ddd;\"><strong>Comprimento de onda<\/strong><\/td>\n<td style=\"padding: 12px; border: 1px solid #ddd;\">1310nm \/ 1490nm \/ 1550nm<\/td>\n<td style=\"padding: 12px; border: 1px solid #ddd;\">Suporte universal ao OS2<\/td>\n<\/tr>\n<tr style=\"background-color: #fdfdfd;\">\n<td style=\"padding: 12px; border: 1px solid #ddd;\"><strong>Resist\u00eancia \u00e0 tens\u00e3o<\/strong><\/td>\n<td style=\"padding: 12px; border: 1px solid #ddd;\">\u2265 200 N<\/td>\n<td style=\"padding: 12px; border: 1px solid #ddd;\">Robusto para roteamento vertical<\/td>\n<\/tr>\n<tr>\n<td style=\"padding: 12px; border: 1px solid #ddd;\"><strong>Material da jaqueta<\/strong><\/td>\n<td style=\"padding: 12px; border: 1px solid #ddd;\">LSZH (baixa fuma\u00e7a e zero halog\u00eanio)<\/td>\n<td style=\"padding: 12px; border: 1px solid #ddd;\">Conformidade global com a seguran\u00e7a contra inc\u00eandios<\/td>\n<\/tr>\n<\/tbody>\n<\/table>\n<h2 data-path-to-node=\"8\">Vantagens estrat\u00e9gicas para a implanta\u00e7\u00e3o do sistema<\/h2>\n<h3 data-path-to-node=\"9\">1. Mecanismo de travamento h\u00edbrido e robusto<\/h3>\n<ul data-path-to-node=\"10\">\n<li>\n<p data-path-to-node=\"10,0,0\"><b data-path-to-node=\"10,0,0\" data-index-in-node=\"0\">FC\/UPC End:<\/b> O inv\u00f3lucro met\u00e1lico rosqueado proporciona uma conex\u00e3o \u00e0 prova de vibra\u00e7\u00e3o, tornando-o ideal para ambientes em que a seguran\u00e7a f\u00edsica \u00e9 uma prioridade.<\/p>\n<\/li>\n<li>\n<p data-path-to-node=\"10,1,0\"><b data-path-to-node=\"10,1,0\" data-index-in-node=\"0\">SC\/UPC Fim:<\/b> O design push-pull permite a r\u00e1pida aplica\u00e7\u00e3o de patches em Optical Distribution Frames (ODF) padr\u00e3o e racks de equipamentos.<\/p>\n<\/li>\n<\/ul>\n<h3 data-path-to-node=\"11\">2. Efici\u00eancia Full-Duplex<\/h3>\n<p data-path-to-node=\"12\">O <b data-path-to-node=\"12\" data-index-in-node=\"4\">Duplex (DX)<\/b> integra dois fios em uma \u00fanica capa de cabo, simplificando o gerenciamento de sistemas Ethernet 10G\/40G que exigem caminhos de transmiss\u00e3o (TX) e recep\u00e7\u00e3o (RX) separados.<\/p>\n<h3 data-path-to-node=\"13\">3. Qualidade de constru\u00e7\u00e3o com grau de engenharia<\/h3>\n<p data-path-to-node=\"14\">Avaliado em uma for\u00e7a de tens\u00e3o de <b data-path-to-node=\"14\" data-index-in-node=\"31\">\u2265 200N<\/b>, Al\u00e9m disso, esse jumper foi desenvolvido para suportar o estresse f\u00edsico da instala\u00e7\u00e3o intensiva em bandejas de cabos e condu\u00edtes. As ponteiras de cer\u00e2mica de precis\u00e3o garantem perda m\u00ednima de inser\u00e7\u00e3o em todo o espectro OS2.<\/p>\n<hr data-path-to-node=\"15\" \/>\n<h2 data-path-to-node=\"16\">Suporte de suprimentos e estoque<\/h2>\n<ul data-path-to-node=\"17\">\n<li>\n<p data-path-to-node=\"17,0,0\"><b data-path-to-node=\"17,0,0\" data-index-in-node=\"0\">100% Qualidade verificada<\/b>: Cada unidade \u00e9 testada individualmente na f\u00e1brica quanto \u00e0 perda de inser\u00e7\u00e3o (IL) e perda de retorno (RL).<\/p>\n<\/li>\n<li>\n<p data-path-to-node=\"17,1,0\"><b data-path-to-node=\"17,1,0\" data-index-in-node=\"0\">Documenta\u00e7\u00e3o do projeto<\/b>: Dados de testes individuais e relat\u00f3rios de interferometria 3D est\u00e3o dispon\u00edveis para requisitos de auditoria.<\/p>\n<\/li>\n<li>\n<p data-path-to-node=\"17,2,0\"><b data-path-to-node=\"17,2,0\" data-index-in-node=\"0\">Atendimento de pedidos em massa<\/b>: Mantemos um estoque robusto de comprimentos padr\u00e3o para facilitar prazos de entrega r\u00e1pidos para qualquer <b data-path-to-node=\"17,2,0\" data-index-in-node=\"114\">Distribuidor<\/b> ou <b data-path-to-node=\"17,2,0\" data-index-in-node=\"129\">Exportador<\/b>.<\/p>\n<\/li>\n<li>\n<p data-path-to-node=\"17,3,0\"><b data-path-to-node=\"17,3,0\" data-index-in-node=\"0\">Personaliza\u00e7\u00e3o OEM<\/b>: A fabrica\u00e7\u00e3o flex\u00edvel est\u00e1 dispon\u00edvel para comprimentos personalizados, rotulagem especializada e di\u00e2metros de revestimento variados (2,0 mm\/3,0 mm).<\/p>\n<\/li>\n<\/ul>","protected":false},"excerpt":{"rendered":"<p data-path-to-node=\"1\">O <b data-path-to-node=\"1\" data-index-in-node=\"4\">FC\/UPC para SC\/UPC de modo \u00fanico duplex (SM DX)<\/b> \u00e9 um jumper h\u00edbrido de alta estabilidade projetado para facilitar transi\u00e7\u00f5es perfeitas entre equipamentos baseados em FC com rosca e portas de rede SC push-pull padr\u00e3o. Esse cabo de fibra dupla \u201cBlue-to-Blue\u201d \u00e9 um link essencial para <b data-path-to-node=\"1\" data-index-in-node=\"266\">escrit\u00f3rios centrais de telecomunica\u00e7\u00f5es, sistemas de controle industrial e data centers corporativos<\/b> que exigem fluxo de dados bidirecional full-duplex.<\/p>\n<p data-path-to-node=\"2\">Constru\u00eddo com foco na durabilidade mec\u00e2nica e na baixa atenua\u00e7\u00e3o de sinal, esse conjunto h\u00edbrido oferece o desempenho consistente necess\u00e1rio para implementa\u00e7\u00f5es de modo \u00fanico OS2 de alta capacidade.<\/p>","protected":false},"featured_media":812,"comment_status":"open","ping_status":"closed","template":"","meta":[],"product_brand":[],"product_cat":[45],"product_tag":[],"class_list":{"0":"post-811","1":"product","2":"type-product","3":"status-publish","4":"has-post-thumbnail","6":"product_cat-single-mode-fiber-optic-patch-cord","8":"first","9":"instock","10":"shipping-taxable","11":"product-type-simple"},"_links":{"self":[{"href":"https:\/\/www.fenxifiber.com\/pt\/wp-json\/wp\/v2\/product\/811","targetHints":{"allow":["GET"]}}],"collection":[{"href":"https:\/\/www.fenxifiber.com\/pt\/wp-json\/wp\/v2\/product"}],"about":[{"href":"https:\/\/www.fenxifiber.com\/pt\/wp-json\/wp\/v2\/types\/product"}],"replies":[{"embeddable":true,"href":"https:\/\/www.fenxifiber.com\/pt\/wp-json\/wp\/v2\/comments?post=811"}],"wp:featuredmedia":[{"embeddable":true,"href":"https:\/\/www.fenxifiber.com\/pt\/wp-json\/wp\/v2\/media\/812"}],"wp:attachment":[{"href":"https:\/\/www.fenxifiber.com\/pt\/wp-json\/wp\/v2\/media?parent=811"}],"wp:term":[{"taxonomy":"product_brand","embeddable":true,"href":"https:\/\/www.fenxifiber.com\/pt\/wp-json\/wp\/v2\/product_brand?post=811"},{"taxonomy":"product_cat","embeddable":true,"href":"https:\/\/www.fenxifiber.com\/pt\/wp-json\/wp\/v2\/product_cat?post=811"},{"taxonomy":"product_tag","embeddable":true,"href":"https:\/\/www.fenxifiber.com\/pt\/wp-json\/wp\/v2\/product_tag?post=811"}],"curies":[{"name":"wp","href":"https:\/\/api.w.org\/{rel}","templated":true}]}}