{"id":815,"date":"2026-02-04T01:57:14","date_gmt":"2026-02-04T01:57:14","guid":{"rendered":"https:\/\/www.fenxifiber.com\/?post_type=product&#038;p=815"},"modified":"2026-02-04T02:37:20","modified_gmt":"2026-02-04T02:37:20","slug":"st-upc-st-upc-sm-dx","status":"publish","type":"product","link":"https:\/\/www.fenxifiber.com\/pt\/product\/st-upc-st-upc-sm-dx\/","title":{"rendered":"Cabo de conex\u00e3o de fibra duplex de modo \u00fanico ST\/UPC para ST\/UPC - Grau de exportador global"},"content":{"rendered":"<h2 data-path-to-node=\"4\">Matriz de desempenho t\u00e9cnico<\/h2>\n<table style=\"width: 100%; border-collapse: collapse; margin: 20px 0; font-family: Arial, sans-serif; border: 1px solid #ddd; font-size: 14px;\">\n<thead>\n<tr style=\"background-color: #f8f9fa; text-align: left;\">\n<th style=\"padding: 12px; border: 1px solid #ddd; color: #333;\">M\u00e9trica t\u00e9cnica<\/th>\n<th style=\"padding: 12px; border: 1px solid #ddd; color: #333;\">Especifica\u00e7\u00e3o padr\u00e3o<\/th>\n<th style=\"padding: 12px; border: 1px solid #ddd; color: #333;\">Benef\u00edcio de engenharia<\/th>\n<\/tr>\n<\/thead>\n<tbody>\n<tr>\n<td style=\"padding: 12px; border: 1px solid #ddd;\"><strong>Tipo de conector<\/strong><\/td>\n<td style=\"padding: 12px; border: 1px solid #ddd;\">ST\/UPC para ST\/UPC<\/td>\n<td style=\"padding: 12px; border: 1px solid #ddd;\">Fecho de tor\u00e7\u00e3o com baioneta met\u00e1lica<\/td>\n<\/tr>\n<tr style=\"background-color: #fdfdfd;\">\n<td style=\"padding: 12px; border: 1px solid #ddd;\"><strong>Categoria de fibra<\/strong><\/td>\n<td style=\"padding: 12px; border: 1px solid #ddd;\">Modo \u00fanico duplex (SM DX)<\/td>\n<td style=\"padding: 12px; border: 1px solid #ddd;\">Caminho de dados bidirecional de n\u00facleo duplo<\/td>\n<\/tr>\n<tr>\n<td style=\"padding: 12px; border: 1px solid #ddd;\"><strong>Perda de inser\u00e7\u00e3o<\/strong><\/td>\n<td style=\"padding: 12px; border: 1px solid #ddd;\">\u2264 0,3 dB<\/td>\n<td style=\"padding: 12px; border: 1px solid #ddd;\">Perda m\u00ednima de energia em links longos<\/td>\n<\/tr>\n<tr style=\"background-color: #fdfdfd;\">\n<td style=\"padding: 12px; border: 1px solid #ddd;\"><strong>Perda de retorno<\/strong><\/td>\n<td style=\"padding: 12px; border: 1px solid #ddd;\">\u2265 50 dB (UPC)<\/td>\n<td style=\"padding: 12px; border: 1px solid #ddd;\">Alta rela\u00e7\u00e3o sinal-ru\u00eddo<\/td>\n<\/tr>\n<tr>\n<td style=\"padding: 12px; border: 1px solid #ddd;\"><strong>Comprimento de onda operacional<\/strong><\/td>\n<td style=\"padding: 12px; border: 1px solid #ddd;\">1310nm \/ 1490nm \/ 1550nm<\/td>\n<td style=\"padding: 12px; border: 1px solid #ddd;\">Suporte universal ao espectro do OS2<\/td>\n<\/tr>\n<tr style=\"background-color: #fdfdfd;\">\n<td style=\"padding: 12px; border: 1px solid #ddd;\"><strong>Resist\u00eancia \u00e0 tens\u00e3o<\/strong><\/td>\n<td style=\"padding: 12px; border: 1px solid #ddd;\">\u2265 200 N<\/td>\n<td style=\"padding: 12px; border: 1px solid #ddd;\">Robusto para ambientes adversos<\/td>\n<\/tr>\n<tr>\n<td style=\"padding: 12px; border: 1px solid #ddd;\"><strong>Material da jaqueta<\/strong><\/td>\n<td style=\"padding: 12px; border: 1px solid #ddd;\">LSZH (amarelo)<\/td>\n<td style=\"padding: 12px; border: 1px solid #ddd;\">Seguran\u00e7a com baixa emiss\u00e3o de fuma\u00e7a e sem halog\u00eanio<\/td>\n<\/tr>\n<\/tbody>\n<\/table>\n<h2 data-path-to-node=\"11\">Vantagens estrat\u00e9gicas de exporta\u00e7\u00e3o<\/h2>\n<h3 data-path-to-node=\"12\">1. Conformidade multirregional (RoHS, REACH, CPR)<\/h3>\n<p data-path-to-node=\"13\">Nossos produtos est\u00e3o em total conformidade com <b data-path-to-node=\"13\" data-index-in-node=\"38\">RoHS (Restri\u00e7\u00e3o de Subst\u00e2ncias Perigosas)<\/b> e <b data-path-to-node=\"13\" data-index-in-node=\"85\">REACH<\/b> facilitando o desembara\u00e7o alfandeg\u00e1rio na Uni\u00e3o Europeia, na Am\u00e9rica do Norte e em outros mercados regulamentados. O <b data-path-to-node=\"13\" data-index-in-node=\"213\">LSZH<\/b> jaqueta atende \u00e0s normas europ\u00e9ias <b data-path-to-node=\"13\" data-index-in-node=\"240\">CPR (Regulamento de Produtos de Constru\u00e7\u00e3o)<\/b> n\u00edveis de seguran\u00e7a para cabeamento interno.<\/p>\n<h3 data-path-to-node=\"14\">2. Alojamento met\u00e1lico padronizado tipo baioneta<\/h3>\n<p data-path-to-node=\"15\">Os conectores ST s\u00e3o constru\u00eddos com uma carca\u00e7a met\u00e1lica niquelada que proporciona uma conex\u00e3o segura do tipo \u201ctorcer e travar\u201d. Esse design universal \u00e9 ideal para <b data-path-to-node=\"15\" data-index-in-node=\"153\">automa\u00e7\u00e3o industrial global<\/b> e atualiza\u00e7\u00f5es de telecomunica\u00e7\u00f5es legadas, garantindo uma interface \u00e0 prova de vibra\u00e7\u00e3o que atende aos padr\u00f5es globais de estresse mec\u00e2nico.<\/p>\n<h3 data-path-to-node=\"16\">3. Efici\u00eancia full-duplex para links de longa dist\u00e2ncia<\/h3>\n<p data-path-to-node=\"17\">A configura\u00e7\u00e3o Duplex (DX) suporta o fluxo de dados bidirecional necess\u00e1rio para aplicativos Ethernet 1G\/10G. Ao utilizar n\u00facleos de vidro monomodo OS2 premium, garantimos a integridade do sinal nas longas dist\u00e2ncias frequentemente exigidas em <b data-path-to-node=\"17\" data-index-in-node=\"229\">infraestrutura transfronteiri\u00e7a e redes em todo o campus<\/b>.<\/p>\n<h3 data-path-to-node=\"18\">4. Embalagem e prote\u00e7\u00e3o especializadas para exporta\u00e7\u00e3o<\/h3>\n<p data-path-to-node=\"19\">Para evitar danos durante o transporte mar\u00edtimo ou a\u00e9reo, cada patch cord \u00e9 selado individualmente em sacos antiest\u00e1ticos \u00e0 prova de umidade. Cada remessa \u00e9 etiquetada com uma etiqueta digitaliz\u00e1vel <b data-path-to-node=\"19\" data-index-in-node=\"161\">C\u00f3digos de barras e resultados de testes<\/b> (IL\/RL) para agilizar o processo de recebimento de <b data-path-to-node=\"19\" data-index-in-node=\"235\">Distribuidores e agentes internacionais<\/b>.<\/p>\n<hr data-path-to-node=\"20\" \/>\n<h2 data-path-to-node=\"21\">Suporte a suprimentos e atendimento global<\/h2>\n<ul data-path-to-node=\"22\">\n<li>\n<p data-path-to-node=\"22,0,0\"><b data-path-to-node=\"22,0,0\" data-index-in-node=\"0\">100% Verifica\u00e7\u00e3o de f\u00e1brica<\/b>: Cada patch cord passa por interferometria 3D e testes \u00f3pticos antes de ser liberado para exporta\u00e7\u00e3o.<\/p>\n<\/li>\n<li>\n<p data-path-to-node=\"22,1,0\"><b data-path-to-node=\"22,1,0\" data-index-in-node=\"0\">Documenta\u00e7\u00e3o pronta para auditoria<\/b>: Fornecemos fichas de dados t\u00e9cnicos completas, COA (Certificado de An\u00e1lise) e relat\u00f3rios de testes individuais para apoiar <b data-path-to-node=\"22,1,0\" data-index-in-node=\"136\">Fornecimento<\/b> e licita\u00e7\u00f5es governamentais.<\/p>\n<\/li>\n<li>\n<p data-path-to-node=\"22,2,0\"><b data-path-to-node=\"22,2,0\" data-index-in-node=\"0\">Log\u00edstica de pedidos em massa<\/b>: Mantemos um grande estoque de comprimentos padr\u00e3o (de 1 m a 30 m) para atender a prazos de entrega r\u00e1pidos para <b data-path-to-node=\"22,2,0\" data-index-in-node=\"118\">Aquisi\u00e7\u00e3o em grande escala<\/b>.<\/p>\n<\/li>\n<li>\n<p data-path-to-node=\"22,3,0\"><b data-path-to-node=\"22,3,0\" data-index-in-node=\"0\">Personaliza\u00e7\u00e3o OEM<\/b>: Oferecemos cores de cabos sob medida, etiquetas impressas personalizadas e di\u00e2metros de revestimento espec\u00edficos (2,0 mm\/3,0 mm) para atender \u00e0s exig\u00eancias de seu mercado local.<\/p>\n<\/li>\n<\/ul>","protected":false},"excerpt":{"rendered":"<p data-path-to-node=\"1\">O <b data-path-to-node=\"1\" data-index-in-node=\"4\">Duplex de modo \u00fanico ST\/UPC para ST\/UPC (SM DX)<\/b> \u00e9 uma interconex\u00e3o de fibra \u00f3ptica robusta projetada para ambientes que exigem alta reten\u00e7\u00e3o mec\u00e2nica. Utilizando um mecanismo de acoplamento de baioneta met\u00e1lico com mola, esse jumper de fibra dupla \u201cBlue-to-Blue\u201d \u00e9 o padr\u00e3o do setor para <b data-path-to-node=\"1\" data-index-in-node=\"285\">automa\u00e7\u00e3o industrial, backbones de campus e sistemas de comunica\u00e7\u00e3o de n\u00edvel militar<\/b> onde a resist\u00eancia \u00e0 vibra\u00e7\u00e3o \u00e9 fundamental.<\/p>\n<p data-path-to-node=\"2\">Otimizado para o desempenho de modo \u00fanico OS2, esse conjunto duplex oferece uma conex\u00e3o segura, do tipo \u201ctwist-and-lock\u201d, que garante o fluxo cont\u00ednuo de dados bidirecionais, mesmo em condi\u00e7\u00f5es f\u00edsicas desafiadoras.<\/p>","protected":false},"featured_media":816,"comment_status":"open","ping_status":"closed","template":"","meta":[],"product_brand":[],"product_cat":[45],"product_tag":[],"class_list":{"0":"post-815","1":"product","2":"type-product","3":"status-publish","4":"has-post-thumbnail","6":"product_cat-single-mode-fiber-optic-patch-cord","8":"first","9":"instock","10":"shipping-taxable","11":"product-type-simple"},"_links":{"self":[{"href":"https:\/\/www.fenxifiber.com\/pt\/wp-json\/wp\/v2\/product\/815","targetHints":{"allow":["GET"]}}],"collection":[{"href":"https:\/\/www.fenxifiber.com\/pt\/wp-json\/wp\/v2\/product"}],"about":[{"href":"https:\/\/www.fenxifiber.com\/pt\/wp-json\/wp\/v2\/types\/product"}],"replies":[{"embeddable":true,"href":"https:\/\/www.fenxifiber.com\/pt\/wp-json\/wp\/v2\/comments?post=815"}],"wp:featuredmedia":[{"embeddable":true,"href":"https:\/\/www.fenxifiber.com\/pt\/wp-json\/wp\/v2\/media\/816"}],"wp:attachment":[{"href":"https:\/\/www.fenxifiber.com\/pt\/wp-json\/wp\/v2\/media?parent=815"}],"wp:term":[{"taxonomy":"product_brand","embeddable":true,"href":"https:\/\/www.fenxifiber.com\/pt\/wp-json\/wp\/v2\/product_brand?post=815"},{"taxonomy":"product_cat","embeddable":true,"href":"https:\/\/www.fenxifiber.com\/pt\/wp-json\/wp\/v2\/product_cat?post=815"},{"taxonomy":"product_tag","embeddable":true,"href":"https:\/\/www.fenxifiber.com\/pt\/wp-json\/wp\/v2\/product_tag?post=815"}],"curies":[{"name":"wp","href":"https:\/\/api.w.org\/{rel}","templated":true}]}}