{"id":819,"date":"2026-02-04T02:07:44","date_gmt":"2026-02-04T02:07:44","guid":{"rendered":"https:\/\/www.fenxifiber.com\/?post_type=product&#038;p=819"},"modified":"2026-02-04T02:42:06","modified_gmt":"2026-02-04T02:42:06","slug":"st-componentes-a-granel-de-2-0-mm-com-extremidades-fechadas","status":"publish","type":"product","link":"https:\/\/www.fenxifiber.com\/pt\/product\/st-closed-ended-2-0mm-bulk-components\/","title":{"rendered":"Componentes a granel de 2,0 mm com extremidade fechada ST | Solu\u00e7\u00f5es de fornecedores l\u00edderes"},"content":{"rendered":"<h2 data-path-to-node=\"4\">Matriz de desempenho t\u00e9cnico (grau do projeto)<\/h2>\n<table style=\"width: 100%; border-collapse: collapse; margin: 20px 0; font-family: Arial, sans-serif; border: 1px solid #ddd; font-size: 14px;\">\n<thead>\n<tr style=\"background-color: #f8f9fa; text-align: left;\">\n<th style=\"padding: 12px; border: 1px solid #ddd; color: #333;\">M\u00e9trica de componentes<\/th>\n<th style=\"padding: 12px; border: 1px solid #ddd; color: #333;\">Especifica\u00e7\u00e3o padr\u00e3o<\/th>\n<th style=\"padding: 12px; border: 1px solid #ddd; color: #333;\">Vantagem da engenharia<\/th>\n<\/tr>\n<\/thead>\n<tbody>\n<tr>\n<td style=\"padding: 12px; border: 1px solid #ddd;\"><strong>Estilo do conector<\/strong><\/td>\n<td style=\"padding: 12px; border: 1px solid #ddd;\">ST (Fechado)<\/td>\n<td style=\"padding: 12px; border: 1px solid #ddd;\">Acoplamento de baioneta \u00e0 prova de vibra\u00e7\u00e3o<\/td>\n<\/tr>\n<tr style=\"background-color: #fdfdfd;\">\n<td style=\"padding: 12px; border: 1px solid #ddd;\"><strong>Compatibilidade de cabos<\/strong><\/td>\n<td style=\"padding: 12px; border: 1px solid #ddd;\">Cabo Simplex\/Duplex de 2,0 mm<\/td>\n<td style=\"padding: 12px; border: 1px solid #ddd;\">Pega segura para fibras encamisadas<\/td>\n<\/tr>\n<tr>\n<td style=\"padding: 12px; border: 1px solid #ddd;\"><strong>Tecnologia de virola<\/strong><\/td>\n<td style=\"padding: 12px; border: 1px solid #ddd;\">Cer\u00e2mica de zirc\u00f4nia de alta precis\u00e3o<\/td>\n<td style=\"padding: 12px; border: 1px solid #ddd;\">\u2264 0,5\u03bcm de erro de concentricidade<\/td>\n<\/tr>\n<tr style=\"background-color: #fdfdfd;\">\n<td style=\"padding: 12px; border: 1px solid #ddd;\"><strong>Material do compartimento<\/strong><\/td>\n<td style=\"padding: 12px; border: 1px solid #ddd;\">Zinco niquelado\/ lat\u00e3o<\/td>\n<td style=\"padding: 12px; border: 1px solid #ddd;\">Resist\u00eancia superior \u00e0 corros\u00e3o<\/td>\n<\/tr>\n<tr>\n<td style=\"padding: 12px; border: 1px solid #ddd;\"><strong>Durabilidade do acoplamento<\/strong><\/td>\n<td style=\"padding: 12px; border: 1px solid #ddd;\">&gt; 1000 ciclos<\/td>\n<td style=\"padding: 12px; border: 1px solid #ddd;\">Mant\u00e9m a IL\/RL est\u00e1vel ao longo do tempo<\/td>\n<\/tr>\n<tr style=\"background-color: #fdfdfd;\">\n<td style=\"padding: 12px; border: 1px solid #ddd;\"><strong>Conformidade com a seguran\u00e7a<\/strong><\/td>\n<td style=\"padding: 12px; border: 1px solid #ddd;\">Conformidade com RoHS e REACH<\/td>\n<td style=\"padding: 12px; border: 1px solid #ddd;\">Padr\u00f5es ambientais globais<\/td>\n<\/tr>\n<\/tbody>\n<\/table>\n<h2 data-path-to-node=\"8\">Vantagens estrat\u00e9gicas para integradores industriais<\/h2>\n<h3 data-path-to-node=\"9\">1. Suporte robusto de 2,0 mm<\/h3>\n<p data-path-to-node=\"10\">O conjunto de anel de crimpagem e bota foi projetado especificamente para cabeamento de 2,0 mm, proporcionando al\u00edvio superior da tens\u00e3o e evitando a migra\u00e7\u00e3o do n\u00facleo sob tens\u00e3o mec\u00e2nica. Isso torna os componentes ideais para \u00e1reas de aplica\u00e7\u00e3o de patches de alto tr\u00e1fego.<\/p>\n<h3 data-path-to-node=\"11\">2. H\u00e9rcules de zirc\u00f4nia de alto desempenho<\/h3>\n<p data-path-to-node=\"12\">Nossas ponteiras s\u00e3o selecionadas por seu acabamento de superf\u00edcie ultrassuave e di\u00e2metros internos de alta precis\u00e3o. Isso garante que cada conector terminado em campo atinja um perfil de baixa perda de inser\u00e7\u00e3o, espelhando a qualidade dos jumpers terminados em f\u00e1brica.<\/p>\n<h3 data-path-to-node=\"13\">3. Carca\u00e7a met\u00e1lica de n\u00edvel industrial<\/h3>\n<p data-path-to-node=\"14\">O corpo niquelado foi projetado para resistir ao manuseio severo e a atmosferas corrosivas. O design \u201cClosed-Ended\u201d garante que o mecanismo interno da mola fique protegido contra poeira e detritos durante o processo de crimpagem e termina\u00e7\u00e3o.<\/p>\n<hr data-path-to-node=\"15\" \/>\n<h2 data-path-to-node=\"16\">FAQ (Perguntas mais frequentes)<\/h2>\n<p data-path-to-node=\"17\"><b data-path-to-node=\"17\" data-index-in-node=\"0\">P1: Quais s\u00e3o as vantagens do porta-malas de 2,0 mm em rela\u00e7\u00e3o \u00e0 vers\u00e3o de 3,0 mm?<\/b> <b data-path-to-node=\"17\" data-index-in-node=\"68\">A:<\/b> O boot de 2,0 mm foi projetado para ambientes de patches de alta densidade onde os cabos de 3,0 mm seriam muito volumosos. Ele oferece um equil\u00edbrio ideal entre flexibilidade e prote\u00e7\u00e3o mec\u00e2nica.<\/p>\n<p data-path-to-node=\"18\"><b data-path-to-node=\"18\" data-index-in-node=\"0\">P2: Esses componentes ST podem ser usados tanto para modo \u00fanico quanto para multimodo?<\/b> <b data-path-to-node=\"18\" data-index-in-node=\"72\">A:<\/b> Sim. Embora o ferrolho de zirc\u00f4nia de alta precis\u00e3o seja padr\u00e3o para o modo \u00fanico, esses componentes s\u00e3o totalmente compat\u00edveis com aplica\u00e7\u00f5es multimodo. Para <b data-path-to-node=\"18\" data-index-in-node=\"222\">Pedidos em massa<\/b>, Se voc\u00ea precisar de botas com c\u00f3digo de cores espec\u00edfico, especifique.<\/p>\n<p data-path-to-node=\"19\"><b data-path-to-node=\"19\" data-index-in-node=\"0\">P3: As ponteiras s\u00e3o pr\u00e9-instaladas no compartimento?<\/b> <b data-path-to-node=\"19\" data-index-in-node=\"51\">A:<\/b> Como um <b data-path-to-node=\"19\" data-index-in-node=\"59\">Fornecedor<\/b> de componentes a granel, podemos fornec\u00ea-los pr\u00e9-montados ou como pe\u00e7as individuais (ponteira, carca\u00e7a, mola, bota) para atender ao seu processo espec\u00edfico de automa\u00e7\u00e3o de f\u00e1brica ou de montagem manual.<\/p>\n<p data-path-to-node=\"20\"><b data-path-to-node=\"20\" data-index-in-node=\"0\">Q4: Voc\u00eas oferecem materiais de inicializa\u00e7\u00e3o personalizados, como plenum-rated ou LSZH?<\/b> <b data-path-to-node=\"20\" data-index-in-node=\"66\">A:<\/b> Sim, nossas botas padr\u00e3o s\u00e3o LSZH. Tamb\u00e9m podemos fornecer materiais especializados para aplica\u00e7\u00f5es de alta temperatura ou \u00e0 prova de fogo por meio de nosso <b data-path-to-node=\"20\" data-index-in-node=\"205\">OEM\/ODM<\/b> servi\u00e7o.<\/p>\n<p data-path-to-node=\"21\"><b data-path-to-node=\"21\" data-index-in-node=\"0\">Q5: Qual \u00e9 a embalagem para remessas a granel?<\/b> <b data-path-to-node=\"21\" data-index-in-node=\"46\">A:<\/b> Normalmente, os componentes s\u00e3o embalados em conjuntos de 100 ou 500 unidades em sacos antiest\u00e1ticos para garantir que cheguem limpos e prontos para montagem imediata.<\/p>","protected":false},"excerpt":{"rendered":"<p data-path-to-node=\"1\">O <b data-path-to-node=\"1\" data-index-in-node=\"4\">Componentes em massa de 2,0 mm com extremidade fechada ST<\/b> s\u00e3o projetados para montagem de cabos de alto desempenho e termina\u00e7\u00f5es de campo robustas. Projetado especificamente para <b data-path-to-node=\"1\" data-index-in-node=\"154\">Fibra revestida de 2,0 mm<\/b>, Esses componentes apresentam uma carca\u00e7a met\u00e1lica niquelada para servi\u00e7os pesados com um mecanismo de baioneta acionado por mola. A arquitetura \u201cClosed-Ended\u201d proporciona maior integridade estrutural e protege o ferrolho interno de zirc\u00f4nia, tornando-o a escolha definitiva para <b data-path-to-node=\"1\" data-index-in-node=\"437\">redes de transmiss\u00e3o, Ethernet industrial e quadros de distribui\u00e7\u00e3o de telecomunica\u00e7\u00f5es<\/b>.<\/p>\n<p data-path-to-node=\"2\">Como uma empresa especializada <b data-path-to-node=\"2\" data-index-in-node=\"17\">Fornecedor<\/b> de hardware de fibra a granel, oferecemos esses kits para integradores e casas de montagem que exigem toler\u00e2ncias mec\u00e2nicas r\u00edgidas e confiabilidade consistente de \u201ctorcer e travar\u201d em ambientes de alta vibra\u00e7\u00e3o.<\/p>","protected":false},"featured_media":820,"comment_status":"open","ping_status":"closed","template":"","meta":[],"product_brand":[],"product_cat":[29],"product_tag":[],"class_list":{"0":"post-819","1":"product","2":"type-product","3":"status-publish","4":"has-post-thumbnail","6":"product_cat-st-connector","8":"first","9":"instock","10":"shipping-taxable","11":"product-type-simple"},"_links":{"self":[{"href":"https:\/\/www.fenxifiber.com\/pt\/wp-json\/wp\/v2\/product\/819","targetHints":{"allow":["GET"]}}],"collection":[{"href":"https:\/\/www.fenxifiber.com\/pt\/wp-json\/wp\/v2\/product"}],"about":[{"href":"https:\/\/www.fenxifiber.com\/pt\/wp-json\/wp\/v2\/types\/product"}],"replies":[{"embeddable":true,"href":"https:\/\/www.fenxifiber.com\/pt\/wp-json\/wp\/v2\/comments?post=819"}],"wp:featuredmedia":[{"embeddable":true,"href":"https:\/\/www.fenxifiber.com\/pt\/wp-json\/wp\/v2\/media\/820"}],"wp:attachment":[{"href":"https:\/\/www.fenxifiber.com\/pt\/wp-json\/wp\/v2\/media?parent=819"}],"wp:term":[{"taxonomy":"product_brand","embeddable":true,"href":"https:\/\/www.fenxifiber.com\/pt\/wp-json\/wp\/v2\/product_brand?post=819"},{"taxonomy":"product_cat","embeddable":true,"href":"https:\/\/www.fenxifiber.com\/pt\/wp-json\/wp\/v2\/product_cat?post=819"},{"taxonomy":"product_tag","embeddable":true,"href":"https:\/\/www.fenxifiber.com\/pt\/wp-json\/wp\/v2\/product_tag?post=819"}],"curies":[{"name":"wp","href":"https:\/\/api.w.org\/{rel}","templated":true}]}}