{"id":833,"date":"2026-02-04T02:20:38","date_gmt":"2026-02-04T02:20:38","guid":{"rendered":"https:\/\/www.fenxifiber.com\/?post_type=product&#038;p=833"},"modified":"2026-02-04T02:56:52","modified_gmt":"2026-02-04T02:56:52","slug":"sc-upc-para-apc-2-0-3-0mm-todo-em-plastico-estilo-crimpagem","status":"publish","type":"product","link":"https:\/\/www.fenxifiber.com\/pt\/product\/sc-upc-to-apc-2-0-3-0mm-all-plastic-crimp-style\/","title":{"rendered":"SC UPC para APC h\u00edbrido 2,0\/3,0 mm estilo crimpagem totalmente de pl\u00e1stico"},"content":{"rendered":"<h3 data-path-to-node=\"4\">Engenharia h\u00edbrida: A interface UPC-APC<\/h3>\n<p data-path-to-node=\"5\">Nas redes de fibra modernas, a transi\u00e7\u00e3o do Ultra Physical Contact (UPC) para o Angled Physical Contact (APC) \u00e9 um ponto cr\u00edtico de poss\u00edvel degrada\u00e7\u00e3o do sinal. Nossos componentes h\u00edbridos s\u00e3o projetados para gerenciar essa interface com precis\u00e3o cir\u00fargica.<\/p>\n<ul data-path-to-node=\"6\">\n<li>\n<p data-path-to-node=\"6,0,0\"><b data-path-to-node=\"6,0,0\" data-index-in-node=\"0\">A vantagem da APC (\u00e2ngulo de 8\u00b0):<\/b> O lado APC apresenta uma face de extremidade angular de 8 graus retificada com precis\u00e3o. Isso garante que qualquer luz refletida seja acoplada ao revestimento da fibra em vez de voltar para a fonte de laser, obtendo uma perda de retorno de <b data-path-to-node=\"6,0,0\" data-index-in-node=\"237\">\u226560dB<\/b>.<\/p>\n<\/li>\n<li>\n<p data-path-to-node=\"6,1,0\"><b data-path-to-node=\"6,1,0\" data-index-in-node=\"0\">A estabilidade da UPC:<\/b> O lado UPC fornece um polimento esf\u00e9rico de alta qualidade, garantindo uma perda de retorno de <b data-path-to-node=\"6,1,0\" data-index-in-node=\"100\">\u226550dB<\/b>, O sistema de controle de qualidade \u00e9 ideal para a transmiss\u00e3o de sinais digitais em que a supress\u00e3o extrema da reflex\u00e3o traseira n\u00e3o \u00e9 a principal preocupa\u00e7\u00e3o, mas a baixa perda de inser\u00e7\u00e3o \u00e9 obrigat\u00f3ria.<\/p>\n<\/li>\n<li>\n<p data-path-to-node=\"6,2,0\"><b data-path-to-node=\"6,2,0\" data-index-in-node=\"0\">Compatibilidade cruzada:<\/b> Essa configura\u00e7\u00e3o h\u00edbrida \u00e9 o padr\u00e3o para conectar roteadores de n\u00edvel de consumidor (geralmente UPC) a linhas de alimenta\u00e7\u00e3o de n\u00edvel de operadora (padronizadas na APC).<\/p>\n<\/li>\n<\/ul>\n<hr data-path-to-node=\"7\" \/>\n<h3 data-path-to-node=\"8\">Tecnologia de crimpagem totalmente pl\u00e1stica<\/h3>\n<p data-path-to-node=\"9\">A designa\u00e7\u00e3o \u201cAll-Plastic\u201d refere-se ao mecanismo de reten\u00e7\u00e3o interno, que utiliza pol\u00edmeros de engenharia de alto desempenho em vez de batentes de metal. Essa op\u00e7\u00e3o de design oferece v\u00e1rios benef\u00edcios exclusivos para cen\u00e1rios espec\u00edficos de implementa\u00e7\u00e3o:<\/p>\n<p data-path-to-node=\"10\"><b data-path-to-node=\"10\" data-index-in-node=\"0\">1. Integridade estrutural leve<\/b> Ao utilizar pl\u00e1sticos ultra-r\u00edgidos e retardantes de chamas para o corpo de crimpagem interno, o conector mant\u00e9m um perfil de peso mais baixo. Isso reduz a carga mec\u00e2nica em portas de fibra delicadas em ODFs (Optical Distribution Frames, estruturas de distribui\u00e7\u00e3o \u00f3ptica) de alta densidade.<\/p>\n<p data-path-to-node=\"11\"><b data-path-to-node=\"11\" data-index-in-node=\"0\">2. Arquitetura n\u00e3o corrosiva<\/b> Em ambientes com alta umidade ou exposi\u00e7\u00e3o qu\u00edmica, onde os componentes met\u00e1licos podem oxidar com o tempo, o All-Plastic Crimp permanece inerte. Isso o torna uma op\u00e7\u00e3o superior para instala\u00e7\u00f5es costeiras e ambientes de plantas industriais.<\/p>\n<p data-path-to-node=\"12\"><b data-path-to-node=\"12\" data-index-in-node=\"0\">3. Travamento de precis\u00e3o e preven\u00e7\u00e3o de \u201cpistonagem<\/b> Apesar de ser totalmente de pl\u00e1stico, o sistema de clipe interno \u00e9 moldado com toler\u00e2ncias de n\u00edvel m\u00edcron. Ele trava a ponteira de zirc\u00f4nia em uma posi\u00e7\u00e3o axial fixa, evitando o efeito de \u201cpistonagem\u201d (movimento para frente e para tr\u00e1s da ponteira) durante ciclos de temperatura de -40\u00b0C a +75\u00b0C.<\/p>\n<p data-path-to-node=\"13\"><b data-path-to-node=\"13\" data-index-in-node=\"0\">4. Sistema de bota de di\u00e2metro duplo<\/b> As botas inclu\u00eddas s\u00e3o projetadas com uma geometria interna c\u00f4nica. Isso permite que um \u00fanico kit forne\u00e7a al\u00edvio de tens\u00e3o profissional para <b data-path-to-node=\"13\" data-index-in-node=\"169\">2,0 mm<\/b> cabos de conex\u00e3o e <b data-path-to-node=\"13\" data-index-in-node=\"191\">3,0 mm<\/b> cabos revestidos para servi\u00e7os pesados, simplificando o gerenciamento de estoque para implementa\u00e7\u00f5es em grande escala.<\/p>\n<hr data-path-to-node=\"14\" \/>\n<h3 data-path-to-node=\"15\">Aprofundamento dos par\u00e2metros t\u00e9cnicos<\/h3>\n<ul data-path-to-node=\"16\">\n<li>\n<p data-path-to-node=\"16,0,0\"><b data-path-to-node=\"16,0,0\" data-index-in-node=\"0\">Precis\u00e3o \u00f3ptica:<\/b> Apresenta uma ponteira de cer\u00e2mica de zirc\u00f4nia de alta qualidade com um erro de concentricidade de <b data-path-to-node=\"16,0,0\" data-index-in-node=\"96\">\u22640,5\u03bcm<\/b>, O n\u00facleo de luz \u00e9 perfeitamente centralizado durante o acoplamento.<\/p>\n<\/li>\n<li>\n<p data-path-to-node=\"16,1,0\"><b data-path-to-node=\"16,1,0\" data-index-in-node=\"0\">Perfil de perda de inser\u00e7\u00e3o:<\/b> Otimizado para uma perda m\u00e9dia de <b data-path-to-node=\"16,1,0\" data-index-in-node=\"57\">\u22640,20dB<\/b>, excedendo significativamente os requisitos do padr\u00e3o TIA\/EIA-568.<\/p>\n<\/li>\n<li>\n<p data-path-to-node=\"16,2,0\"><b data-path-to-node=\"16,2,0\" data-index-in-node=\"0\">Confiabilidade de tra\u00e7\u00e3o:<\/b> O mecanismo de crimpagem \u00e9 classificado para uma for\u00e7a de tra\u00e7\u00e3o de <b data-path-to-node=\"16,2,0\" data-index-in-node=\"73\">\u2265100N<\/b>, O cabo de fibra \u00f3ptica \u00e9 um cabo de a\u00e7o de alta qualidade, garantindo que a fibra permane\u00e7a conectada mesmo se o cabo for submetido a pux\u00f5es acidentais ou a uma forte tens\u00e3o de roteamento.<\/p>\n<\/li>\n<li>\n<p data-path-to-node=\"16,3,0\"><b data-path-to-node=\"16,3,0\" data-index-in-node=\"0\">Seguran\u00e7a do material:<\/b> Todo o conjunto da carca\u00e7a e do porta-malas \u00e9 fabricado com <b data-path-to-node=\"16,3,0\" data-index-in-node=\"76\">Classifica\u00e7\u00e3o UL 94V-0<\/b> materiais retardantes de chamas, em conformidade com os padr\u00f5es ambientais globais RoHS e REACH.<\/p>\n<\/li>\n<\/ul>\n<hr data-path-to-node=\"17\" \/>\n<h3 data-path-to-node=\"18\">\ud83d\udca1 PERGUNTAS FREQUENTES: Entendendo a s\u00e9rie h\u00edbrida totalmente em pl\u00e1stico<\/h3>\n<p data-path-to-node=\"19\"><b data-path-to-node=\"19\" data-index-in-node=\"0\">P: Quando devo escolher a vers\u00e3o \u201cAll-Plastic Crimp\u201d em vez da vers\u00e3o \u201cMetal Stop\u201d?<\/b> <b data-path-to-node=\"19\" data-index-in-node=\"75\">A:<\/b> A vers\u00e3o totalmente em pl\u00e1stico \u00e9 ideal para implanta\u00e7\u00f5es internas padr\u00e3o e projetos sens\u00edveis ao custo em que o peso e a resist\u00eancia \u00e0 corros\u00e3o s\u00e3o mais importantes do que a extrema resist\u00eancia a esmagamento de n\u00edvel industrial. Ela oferece o mesmo desempenho \u00f3ptico que as vers\u00f5es com batente de metal, mas a um pre\u00e7o mais competitivo.<\/p>\n<p data-path-to-node=\"20\"><b data-path-to-node=\"20\" data-index-in-node=\"0\">P: Por que a configura\u00e7\u00e3o h\u00edbrida UPC\/APC \u00e9 necess\u00e1ria?<\/b> <b data-path-to-node=\"20\" data-index-in-node=\"46\">A:<\/b> Muitas redes modernas usam APC para a planta externa (para lidar com sinais de alta pot\u00eancia e evitar reflexos), mas utilizam hardware UPC para comuta\u00e7\u00e3o interna. Esses componentes permitem que voc\u00ea crie patch cords ou pigtails h\u00edbridos de comprimento personalizado para fazer a ponte entre esses dois padr\u00f5es diferentes sem usar adaptadores volumosos.<\/p>\n<p data-path-to-node=\"21\"><b data-path-to-node=\"21\" data-index-in-node=\"0\">P: \u00c9 necess\u00e1ria uma ferramenta de crimpagem especial para o estilo All-Plastic?<\/b> <b data-path-to-node=\"21\" data-index-in-node=\"66\">A:<\/b> Esses componentes s\u00e3o compat\u00edveis com as ferramentas padr\u00e3o de crimpagem hexagonal usadas para conectores SC. O corpo interno de pl\u00e1stico foi projetado para se deformar ligeiramente sob a press\u00e3o da luva de crimpagem de metal para criar uma trava permanente e de alta fric\u00e7\u00e3o nos membros de resist\u00eancia de Kevlar.<\/p>\n<p data-path-to-node=\"22\"><b data-path-to-node=\"22\" data-index-in-node=\"0\">P: Eles podem ser usados para fibra multimodo?<\/b> <b data-path-to-node=\"22\" data-index-in-node=\"42\">A:<\/b> Embora o corpo mec\u00e2nico se encaixe, o APC (verde) \u00e9 usado quase exclusivamente para fibra monomodo. O uso de um conector APC em uma fibra multimodo resultaria em uma perda de inser\u00e7\u00e3o extremamente alta devido \u00e0 incompatibilidade de \u00e2ngulo de 8 graus. Para multimodo, recomendamos nossa s\u00e9rie padr\u00e3o SC UPC (Bege\/Aqua) totalmente de pl\u00e1stico.<\/p>","protected":false},"excerpt":{"rendered":"<p data-path-to-node=\"1\">O <b data-path-to-node=\"1\" data-index-in-node=\"4\">Estilo de crimpagem totalmente em pl\u00e1stico SC UPC para APC h\u00edbrido<\/b> \u00e9 uma solu\u00e7\u00e3o especializada projetada para transi\u00e7\u00f5es de sinal cont\u00ednuas em redes \u00f3pticas de alta densidade. Diferentemente dos pigtails padr\u00e3o, esse <b data-path-to-node=\"1\" data-index-in-node=\"192\">Crimpagem totalmente em pl\u00e1stico<\/b> oferece um m\u00e9todo de termina\u00e7\u00e3o leve, por\u00e9m de alta tenacidade, que otimiza o custo sem sacrificar a estabilidade mec\u00e2nica. Ele foi projetado especificamente para preencher a lacuna entre as interfaces Azul (UPC) e Verde (APC), tornando-o um componente essencial para <b data-path-to-node=\"1\" data-index-in-node=\"475\">fabrica\u00e7\u00e3o de cabos de conex\u00e3o h\u00edbridos, infraestrutura GPON\/EPON e ambientes de teste de laborat\u00f3rio<\/b>.<\/p>\n<p data-path-to-node=\"2\">Essa s\u00e9rie oferece um kit de montagem dedicado no estilo pigtail que permite que os t\u00e9cnicos terminem a fibra encamisada de 2,0 mm ou 3,0 mm diretamente em uma configura\u00e7\u00e3o h\u00edbrida, garantindo que os reflexos posteriores sejam gerenciados exatamente onde a arquitetura da rede muda de tipo de polimento.<\/p>","protected":false},"featured_media":835,"comment_status":"open","ping_status":"closed","template":"","meta":[],"product_brand":[],"product_cat":[46],"product_tag":[],"class_list":{"0":"post-833","1":"product","2":"type-product","3":"status-publish","4":"has-post-thumbnail","6":"product_cat-field-assembled-pigtail-crimp-type","8":"first","9":"instock","10":"shipping-taxable","11":"product-type-simple"},"_links":{"self":[{"href":"https:\/\/www.fenxifiber.com\/pt\/wp-json\/wp\/v2\/product\/833","targetHints":{"allow":["GET"]}}],"collection":[{"href":"https:\/\/www.fenxifiber.com\/pt\/wp-json\/wp\/v2\/product"}],"about":[{"href":"https:\/\/www.fenxifiber.com\/pt\/wp-json\/wp\/v2\/types\/product"}],"replies":[{"embeddable":true,"href":"https:\/\/www.fenxifiber.com\/pt\/wp-json\/wp\/v2\/comments?post=833"}],"wp:featuredmedia":[{"embeddable":true,"href":"https:\/\/www.fenxifiber.com\/pt\/wp-json\/wp\/v2\/media\/835"}],"wp:attachment":[{"href":"https:\/\/www.fenxifiber.com\/pt\/wp-json\/wp\/v2\/media?parent=833"}],"wp:term":[{"taxonomy":"product_brand","embeddable":true,"href":"https:\/\/www.fenxifiber.com\/pt\/wp-json\/wp\/v2\/product_brand?post=833"},{"taxonomy":"product_cat","embeddable":true,"href":"https:\/\/www.fenxifiber.com\/pt\/wp-json\/wp\/v2\/product_cat?post=833"},{"taxonomy":"product_tag","embeddable":true,"href":"https:\/\/www.fenxifiber.com\/pt\/wp-json\/wp\/v2\/product_tag?post=833"}],"curies":[{"name":"wp","href":"https:\/\/api.w.org\/{rel}","templated":true}]}}