{"id":836,"date":"2026-02-04T02:25:08","date_gmt":"2026-02-04T02:25:08","guid":{"rendered":"https:\/\/www.fenxifiber.com\/?post_type=product&#038;p=836"},"modified":"2026-02-04T02:46:29","modified_gmt":"2026-02-04T02:46:29","slug":"sc-duplex-2-0-3-0mm-upc-apc-hibrido-multimodo","status":"publish","type":"product","link":"https:\/\/www.fenxifiber.com\/pt\/product\/sc-duplex-2-0-3-0mm-upc-apc-hybrid-multimode\/","title":{"rendered":"SC Duplex 2,0\/3,0 mm UPC\/APC H\u00edbrido Multimodo"},"content":{"rendered":"<h2 data-path-to-node=\"8\">Matriz de desempenho t\u00e9cnico<\/h2>\n<table style=\"width: 100%; border-collapse: separate; border-spacing: 0; margin: 20px 0; border: 1px solid #e1e1e1; border-radius: 8px; overflow: hidden; font-family: 'Segoe UI', Arial, sans-serif;\">\n<thead style=\"background-color: #2c3e50; color: white;\">\n<tr>\n<th style=\"padding: 15px; text-align: left;\">Par\u00e2metro<\/th>\n<th style=\"padding: 15px; text-align: left;\">Modo \u00fanico (UPC\/APC)<\/th>\n<th style=\"padding: 12px; text-align: left;\">Multimodo (OM1-OM4)<\/th>\n<\/tr>\n<\/thead>\n<tbody>\n<tr style=\"background-color: #ffffff;\">\n<td style=\"padding: 12px; border-bottom: 1px solid #eee;\"><strong>Perda de inser\u00e7\u00e3o (IL)<\/strong><\/td>\n<td style=\"padding: 12px; border-bottom: 1px solid #eee;\">\u2264 0,20 dB (t\u00edpico)<\/td>\n<td style=\"padding: 12px; border-bottom: 1px solid #eee;\">\u2264 0,25 dB (t\u00edpico)<\/td>\n<\/tr>\n<tr style=\"background-color: #fcfcfc;\">\n<td style=\"padding: 12px; border-bottom: 1px solid #eee;\"><strong>Perda de retorno (RL)<\/strong><\/td>\n<td style=\"padding: 12px; border-bottom: 1px solid #eee;\">UPC \u2265 50dB | APC \u2265 60dB<\/td>\n<td style=\"padding: 12px; border-bottom: 1px solid #eee;\">\u2265 35 dB<\/td>\n<\/tr>\n<tr style=\"background-color: #ffffff;\">\n<td style=\"padding: 12px; border-bottom: 1px solid #eee;\"><strong>Durabilidade<\/strong><\/td>\n<td style=\"padding: 12px; border-bottom: 1px solid #eee;\">&gt; 1000 ciclos de acasalamento<\/td>\n<td style=\"padding: 12px; border-bottom: 1px solid #eee;\">&gt; 1000 ciclos de acasalamento<\/td>\n<\/tr>\n<tr style=\"background-color: #fcfcfc;\">\n<td style=\"padding: 12px; border-bottom: 1px solid #eee;\"><strong>Resist\u00eancia \u00e0 tra\u00e7\u00e3o<\/strong><\/td>\n<td style=\"padding: 12px; border-bottom: 1px solid #eee;\">\u2265 100N (2,0\/3,0 mm)<\/td>\n<td style=\"padding: 12px; border-bottom: 1px solid #eee;\">\u2265 100N (2,0\/3,0 mm)<\/td>\n<\/tr>\n<tr style=\"background-color: #ffffff;\">\n<td style=\"padding: 12px;\"><strong>Temperatura de opera\u00e7\u00e3o<\/strong><\/td>\n<td style=\"padding: 12px;\">-40\u00b0C a +85\u00b0C<\/td>\n<td style=\"padding: 12px;\">-40\u00b0C a +75\u00b0C<\/td>\n<\/tr>\n<\/tbody>\n<\/table>\n<h2 data-path-to-node=\"12\">\ud83d\udca1 Informa\u00e7\u00f5es sobre aplicativos e perguntas frequentes<\/h2>\n<p data-path-to-node=\"13\"><b data-path-to-node=\"13\" data-index-in-node=\"0\">P: Como os c\u00f3digos de cores correspondem aos tipos de fibra?<\/b> <b data-path-to-node=\"13\" data-index-in-node=\"57\">A:<\/b> Seguimos os padr\u00f5es internacionais da TIA:<\/p>\n<ul data-path-to-node=\"14\">\n<li>\n<p data-path-to-node=\"14,0,0\"><b data-path-to-node=\"14,0,0\" data-index-in-node=\"0\">Azul:<\/b> Modo \u00fanico UPC (OS2)<\/p>\n<\/li>\n<li>\n<p data-path-to-node=\"14,1,0\"><b data-path-to-node=\"14,1,0\" data-index-in-node=\"0\">Verde:<\/b> APC de modo \u00fanico (OS2)<\/p>\n<\/li>\n<li>\n<p data-path-to-node=\"14,2,0\"><b data-path-to-node=\"14,2,0\" data-index-in-node=\"0\">Bege:<\/b> Multimodo (OM1\/OM2)<\/p>\n<\/li>\n<li>\n<p data-path-to-node=\"14,3,0\"><b data-path-to-node=\"14,3,0\" data-index-in-node=\"0\">Aqua:<\/b> Multimodo (OM3\/OM4 10G)<\/p>\n<\/li>\n<li>\n<p data-path-to-node=\"14,4,0\"><b data-path-to-node=\"14,4,0\" data-index-in-node=\"0\">Magenta:<\/b> Multimodo (OM4 High-Bandwidth)<\/p>\n<\/li>\n<\/ul>\n<p data-path-to-node=\"15\"><b data-path-to-node=\"15\" data-index-in-node=\"0\">P: Esses conectores podem ser usados em configura\u00e7\u00f5es h\u00edbridas de APC multimodo?<\/b> <b data-path-to-node=\"15\" data-index-in-node=\"65\">A:<\/b> Embora o APC seja padr\u00e3o para o modo \u00fanico, podemos fornecer <b data-path-to-node=\"15\" data-index-in-node=\"122\">APC multimodo<\/b> conectores para aplica\u00e7\u00f5es m\u00e9dicas e sensoriais espec\u00edficas. Normalmente, eles s\u00e3o encomendados sob medida por meio de nosso <b data-path-to-node=\"15\" data-index-in-node=\"241\">Direto do fabricante<\/b> servi\u00e7o.<\/p>\n<p data-path-to-node=\"16\"><b data-path-to-node=\"16\" data-index-in-node=\"0\">P: O clipe duplex \u00e9 remov\u00edvel?<\/b> <b data-path-to-node=\"16\" data-index-in-node=\"33\">A:<\/b> Sim. Nossos conectores SC Duplex apresentam um clipe remov\u00edvel de alta tens\u00e3o, permitindo que os conectores sejam usados individualmente como Simplex, se necess\u00e1rio, ou realinhados para corre\u00e7\u00e3o de polaridade.<\/p>\n<p data-path-to-node=\"17\"><b data-path-to-node=\"17\" data-index-in-node=\"0\">P: Qual \u00e9 a vantagem da bota de 3,0 mm em rela\u00e7\u00e3o \u00e0 bota de 2,0 mm?<\/b> <b data-path-to-node=\"17\" data-index-in-node=\"62\">A:<\/b> A capa de 3,0 mm foi projetada para cabos de patch mais espessos e encapados usados em ambientes adversos ou em eleva\u00e7\u00f5es verticais, onde s\u00e3o necess\u00e1rias maior tens\u00e3o de tra\u00e7\u00e3o e prote\u00e7\u00e3o contra dobras. A capa de 2,0 mm \u00e9 otimizada para patches de alta densidade em ODFs.<\/p>","protected":false},"excerpt":{"rendered":"<p data-path-to-node=\"1\"><span class=\"\">O <\/span><b class=\"\" data-path-to-node=\"1\" data-index-in-node=\"4\">Conector SC Duplex<\/b><span class=\"\"> \u00e9 uma s\u00e9rie vers\u00e1til,<\/span><span class=\"\"> solu\u00e7\u00e3o de fator de forma pequeno projetada para aplica\u00e7\u00f5es monomodo (OS2) e multimodo (OM1\/OM2\/OM3\/OM4).<\/span><span class=\"\"> Suporte a ambos <\/span><b class=\"\" data-path-to-node=\"1\" data-index-in-node=\"172\">2,0 mm e 3,0 mm<\/b><span class=\"\"> di\u00e2metros dos cabos,<\/span><span class=\"\"> Esses conectores utilizam um mecanismo de acoplamento push-pull para implanta\u00e7\u00e3o r\u00e1pida e gerenciamento de fibras de alta densidade.<\/span><\/p>\n<p data-path-to-node=\"2\"><span class=\"\">Dispon\u00edvel em <\/span><b class=\"\" data-path-to-node=\"2\" data-index-in-node=\"13\">UPC (Ultra Contato F\u00edsico)<\/b><span class=\"\"> e <\/span><b class=\"\" data-path-to-node=\"2\" data-index-in-node=\"46\">APC (Contato F\u00edsico Angular)<\/b><span class=\"\"> Tipos de polimento,<\/span><span class=\"\"> Nossos conectores SC Duplex s\u00e3o codificados por cores de acordo com os padr\u00f5es internacionais (azul,<\/span><span class=\"\"> Verde,<\/span><span class=\"\"> Aqua,<\/span><span class=\"\"> Bege,<\/span><span class=\"\"> e Magenta) para garantir a aplica\u00e7\u00e3o de patches sem erros em ambientes de rede complexos.<\/span><\/p>","protected":false},"featured_media":838,"comment_status":"open","ping_status":"closed","template":"","meta":[],"product_brand":[],"product_cat":[47],"product_tag":[],"class_list":{"0":"post-836","1":"product","2":"type-product","3":"status-publish","4":"has-post-thumbnail","6":"product_cat-sc-duplex-connector-single-mode-multimode","8":"first","9":"instock","10":"shipping-taxable","11":"product-type-simple"},"_links":{"self":[{"href":"https:\/\/www.fenxifiber.com\/pt\/wp-json\/wp\/v2\/product\/836","targetHints":{"allow":["GET"]}}],"collection":[{"href":"https:\/\/www.fenxifiber.com\/pt\/wp-json\/wp\/v2\/product"}],"about":[{"href":"https:\/\/www.fenxifiber.com\/pt\/wp-json\/wp\/v2\/types\/product"}],"replies":[{"embeddable":true,"href":"https:\/\/www.fenxifiber.com\/pt\/wp-json\/wp\/v2\/comments?post=836"}],"wp:featuredmedia":[{"embeddable":true,"href":"https:\/\/www.fenxifiber.com\/pt\/wp-json\/wp\/v2\/media\/838"}],"wp:attachment":[{"href":"https:\/\/www.fenxifiber.com\/pt\/wp-json\/wp\/v2\/media?parent=836"}],"wp:term":[{"taxonomy":"product_brand","embeddable":true,"href":"https:\/\/www.fenxifiber.com\/pt\/wp-json\/wp\/v2\/product_brand?post=836"},{"taxonomy":"product_cat","embeddable":true,"href":"https:\/\/www.fenxifiber.com\/pt\/wp-json\/wp\/v2\/product_cat?post=836"},{"taxonomy":"product_tag","embeddable":true,"href":"https:\/\/www.fenxifiber.com\/pt\/wp-json\/wp\/v2\/product_tag?post=836"}],"curies":[{"name":"wp","href":"https:\/\/api.w.org\/{rel}","templated":true}]}}