{"id":850,"date":"2026-02-04T02:36:57","date_gmt":"2026-02-04T02:36:57","guid":{"rendered":"https:\/\/www.fenxifiber.com\/?post_type=product&#038;p=850"},"modified":"2026-02-04T03:01:30","modified_gmt":"2026-02-04T03:01:30","slug":"sc-upc-0-9mm-multimodo-todo-em-plastico","status":"publish","type":"product","link":"https:\/\/www.fenxifiber.com\/pt\/product\/sc-upc-0-9mm-multimode-all-plastic\/","title":{"rendered":"Interconex\u00f5es internas de alta densidade SC UPC 0,9 mm multimodo totalmente de pl\u00e1stico"},"content":{"rendered":"<h1 data-path-to-node=\"0\">Interconex\u00f5es internas de alta densidade SC UPC 0,9 mm multimodo totalmente de pl\u00e1stico<\/h1>\n<p data-path-to-node=\"1\">O <b data-path-to-node=\"1\" data-index-in-node=\"4\">SC UPC 0,9 mm Multimodo totalmente em pl\u00e1stico<\/b> \u00e9 uma solu\u00e7\u00e3o de termina\u00e7\u00e3o ultraleve, que economiza espa\u00e7o e \u00e9 feita sob medida para o gerenciamento interno de fibras. Especificamente projetada para <b data-path-to-node=\"1\" data-index-in-node=\"172\">Fibras de buffer apertado de 0,9 mm<\/b>, Com o uso de uma arquitetura de pol\u00edmero de alto desempenho, esse conector elimina o volume desnecess\u00e1rio. Ele \u00e9 a escolha ideal para <b data-path-to-node=\"1\" data-index-in-node=\"323\">m\u00f3dulos divisores \u00f3pticos, kits de fan-out MPO-para-SC e patch panels compactos<\/b> onde centenas de fibras devem ser roteadas em um compartimento confinado.<\/p>\n<p data-path-to-node=\"2\">Projetado para as demandas de alta velocidade de <b data-path-to-node=\"2\" data-index-in-node=\"39\">LANs e data centers corporativos<\/b>, Esses componentes s\u00e3o compat\u00edveis com toda a gama de fibras multimodo (OM1\/OM2\/OM3\/OM4), fornecendo uma interface confi\u00e1vel e de encaixe que simplifica a complexidade do cabeamento interno.<\/p>\n<hr data-path-to-node=\"3\" \/>\n<h2 data-path-to-node=\"4\">\ud83c\udfd7\ufe0f Inova\u00e7\u00e3o em design: Precis\u00e3o leve<\/h2>\n<p data-path-to-node=\"5\">Em aplica\u00e7\u00f5es de 0,9 mm, o objetivo \u00e9 maximizar a densidade sem sacrificar a natureza delicada da fibra tamponada. O design All-Plastic atende a esse objetivo:<\/p>\n<ul data-path-to-node=\"6\">\n<li>\n<p data-path-to-node=\"6,0,0\"><b data-path-to-node=\"6,0,0\" data-index-in-node=\"0\">\u00c1rea de cobertura miniaturizada:<\/b> Ao remover os batentes met\u00e1licos, o conector atinge um perfil de massa menor, reduzindo o peso cumulativo em bandejas internas sens\u00edveis e evitando a \u201cqueda\u201d da fibra em ODFs de alta densidade.<\/p>\n<\/li>\n<li>\n<p data-path-to-node=\"6,1,0\"><b data-path-to-node=\"6,1,0\" data-index-in-node=\"0\">Correspond\u00eancia de expans\u00e3o t\u00e9rmica:<\/b> Usando termopl\u00e1sticos de grau de engenharia que refletem as taxas de expans\u00e3o dos materiais de buffer de fibra, garantindo a <b data-path-to-node=\"6,1,0\" data-index-in-node=\"139\">Ultra Contato F\u00edsico (UPC)<\/b> permanece est\u00e1vel em diferentes temperaturas da sala do servidor.<\/p>\n<\/li>\n<li>\n<p data-path-to-node=\"6,2,0\"><b data-path-to-node=\"6,2,0\" data-index-in-node=\"0\">Montagem r\u00e1pida e f\u00e1cil:<\/b> A estrutura interna totalmente em pl\u00e1stico \u00e9 otimizada para uma termina\u00e7\u00e3o r\u00e1pida em n\u00edvel de f\u00e1brica, apresentando um sistema de clipe de alta precis\u00e3o que assenta com seguran\u00e7a a ponteira de zirc\u00f4nia sem a necessidade de ferramentas met\u00e1licas complexas.<\/p>\n<\/li>\n<li>\n<p data-path-to-node=\"6,3,0\"><b data-path-to-node=\"6,3,0\" data-index-in-node=\"0\">Neutralidade EMI\/RFI:<\/b> A constru\u00e7\u00e3o n\u00e3o met\u00e1lica do 100% faz com que esses conectores sejam ideais para uso em ambientes com alta interfer\u00eancia eletromagn\u00e9tica, como su\u00edtes de imagens m\u00e9dicas ou salas de controle de subesta\u00e7\u00f5es de energia.<\/p>\n<\/li>\n<\/ul>\n<hr data-path-to-node=\"7\" \/>\n<h2 data-path-to-node=\"8\">Especifica\u00e7\u00f5es t\u00e9cnicas de desempenho<\/h2>\n<p data-path-to-node=\"9\">Essa s\u00e9rie foi desenvolvida para exceder os padr\u00f5es de refer\u00eancia multimodo, garantindo que seus links de 10G e 40G permane\u00e7am livres de erros:<\/p>\n<table data-path-to-node=\"10\">\n<thead>\n<tr>\n<td><strong>Caracter\u00edstica de desempenho<\/strong><\/td>\n<td><strong>Especifica\u00e7\u00e3o<\/strong><\/td>\n<td><strong>Benef\u00edcio de engenharia<\/strong><\/td>\n<\/tr>\n<\/thead>\n<tbody>\n<tr>\n<td><span data-path-to-node=\"10,1,0,0\"><b data-path-to-node=\"10,1,0,0\" data-index-in-node=\"0\">Compatibilidade de fibra<\/b><\/span><\/td>\n<td><span data-path-to-node=\"10,1,1,0\">Multimodo (OM1, OM2, OM3, OM4)<\/span><\/td>\n<td><span data-path-to-node=\"10,1,2,0\">Suporte universal a legado e alta velocidade<\/span><\/td>\n<\/tr>\n<tr>\n<td><span data-path-to-node=\"10,2,0,0\"><b data-path-to-node=\"10,2,0,0\" data-index-in-node=\"0\">Tipo de polon\u00eas<\/b><\/span><\/td>\n<td><span data-path-to-node=\"10,2,1,0\">UPC (Ultra Contato F\u00edsico)<\/span><\/td>\n<td><span data-path-to-node=\"10,2,2,0\">Baixa atenua\u00e7\u00e3o de sinal para links de dados<\/span><\/td>\n<\/tr>\n<tr>\n<td><span data-path-to-node=\"10,3,0,0\"><b data-path-to-node=\"10,3,0,0\" data-index-in-node=\"0\">Perda de inser\u00e7\u00e3o (IL)<\/b><\/span><\/td>\n<td><span data-path-to-node=\"10,3,1,0\">T\u00edpico \u2264 0,15 dB<\/span><\/td>\n<td><span data-path-to-node=\"10,3,2,0\">Maximize seu or\u00e7amento de pot\u00eancia \u00f3ptica<\/span><\/td>\n<\/tr>\n<tr>\n<td><span data-path-to-node=\"10,4,0,0\"><b data-path-to-node=\"10,4,0,0\" data-index-in-node=\"0\">Perda de retorno (RL)<\/b><\/span><\/td>\n<td><span data-path-to-node=\"10,4,1,0\">\u2265 35 dB<\/span><\/td>\n<td><span data-path-to-node=\"10,4,2,0\">Suprime o jitter em transceptores de alta velocidade<\/span><\/td>\n<\/tr>\n<tr>\n<td><span data-path-to-node=\"10,5,0,0\"><b data-path-to-node=\"10,5,0,0\" data-index-in-node=\"0\">Cor do compartimento<\/b><\/span><\/td>\n<td><span data-path-to-node=\"10,5,1,0\">Bege (OM1\/2) ou Aqua (OM3\/4)<\/span><\/td>\n<td><span data-path-to-node=\"10,5,2,0\">Identifica\u00e7\u00e3o visual instant\u00e2nea da rede<\/span><\/td>\n<\/tr>\n<tr>\n<td><span data-path-to-node=\"10,6,0,0\"><b data-path-to-node=\"10,6,0,0\" data-index-in-node=\"0\">Durabilidade<\/b><\/span><\/td>\n<td><span data-path-to-node=\"10,6,1,0\">&gt; 1000 ciclos de acasalamento<\/span><\/td>\n<td><span data-path-to-node=\"10,6,2,0\">Confiabilidade de longo prazo em racks ativos<\/span><\/td>\n<\/tr>\n<tr>\n<td><span data-path-to-node=\"10,7,0,0\"><b data-path-to-node=\"10,7,0,0\" data-index-in-node=\"0\">Ambiental<\/b><\/span><\/td>\n<td><span data-path-to-node=\"10,7,1,0\">Conformidade com RoHS e REACH<\/span><\/td>\n<td><span data-path-to-node=\"10,7,2,0\">Seguro para projetos globais de infraestrutura<\/span><\/td>\n<\/tr>\n<\/tbody>\n<\/table>\n<hr data-path-to-node=\"11\" \/>\n<h2 data-path-to-node=\"12\">\ud83d\udca1 Roteamento de v\u00e1rias fibras e perguntas frequentes<\/h2>\n<p data-path-to-node=\"13\"><b data-path-to-node=\"13\" data-index-in-node=\"0\">P: Por que usar All-Plastic para multimodo de 0,9 mm em vez de zinco ou Metal-Stop?<\/b><\/p>\n<p data-path-to-node=\"13\"><b data-path-to-node=\"13\" data-index-in-node=\"74\">A:<\/b> A fibra de 0,9 mm n\u00e3o tem o revestimento externo pesado e o Kevlar encontrados nos cabos de 3,0 mm. Um batente de metal costuma ser uma \u201cengenharia excessiva\u201d para essas fibras leves. O <b data-path-to-node=\"13\" data-index-in-node=\"227\">Todo em pl\u00e1stico<\/b> fornece a quantidade exata de tens\u00e3o necess\u00e1ria para manter o contato \u00f3ptico e, ao mesmo tempo, mant\u00e9m o custo e o peso por porta em um n\u00edvel m\u00ednimo.<\/p>\n<p data-path-to-node=\"14\"><b data-path-to-node=\"14\" data-index-in-node=\"0\">P: Esses conectores s\u00e3o compat\u00edveis com a Ethernet OM4 40G\/100G?<\/b><\/p>\n<p data-path-to-node=\"14\"><b data-path-to-node=\"14\" data-index-in-node=\"63\">A:<\/b> Sim. Embora o inv\u00f3lucro seja de pl\u00e1stico, o cora\u00e7\u00e3o do conector \u00e9 um <b data-path-to-node=\"14\" data-index-in-node=\"133\">Ponteira de Zirc\u00f4nia Premium<\/b>. Usamos furos de alta precis\u00e3o que garantem que o n\u00facleo de luz das fibras OM3 e OM4 esteja perfeitamente alinhado para a transmiss\u00e3o de alta velocidade baseada em VCSEL.<\/p>\n<p data-path-to-node=\"15\"><b data-path-to-node=\"15\" data-index-in-node=\"0\">P: Qual \u00e9 a diferen\u00e7a entre a bota de 0,9 mm e as botas padr\u00e3o?<\/b><\/p>\n<p data-path-to-node=\"15\"><b data-path-to-node=\"15\" data-index-in-node=\"55\">A:<\/b> A capa de 0,9 mm \u00e9 um projeto de \u201ccobertura curta\u201d. Ele fornece prote\u00e7\u00e3o suficiente contra o raio de curvatura para evitar microcurvas no ponto de entrada do conector, mas \u00e9 curto o suficiente para permitir que a fibra seja enrolada firmemente dentro de pequenas bandejas de emenda ou m\u00f3dulos de cassete.<\/p>\n<p data-path-to-node=\"16\"><b data-path-to-node=\"16\" data-index-in-node=\"0\">P: Esse kit \u00e9 compat\u00edvel com adesivos anaer\u00f3bicos \u201cfield-fast\u201d?<\/b><\/p>\n<p data-path-to-node=\"16\"><b data-path-to-node=\"16\" data-index-in-node=\"59\">A:<\/b> Absolutamente. A estrutura pl\u00e1stica interna \u00e9 compat\u00edvel tanto com ep\u00f3xis tradicionais de cura a quente quanto com adesivos anaer\u00f3bicos de cura r\u00e1pida, o que a torna uma op\u00e7\u00e3o vers\u00e1til tanto para linhas de montagem de f\u00e1brica quanto para kits de reparo em campo.<\/p>","protected":false},"excerpt":{"rendered":"<p data-path-to-node=\"1\"><span class=\"\">O <\/span><b class=\"\" data-path-to-node=\"1\" data-index-in-node=\"4\">SC UPC 0,9 mm Multimodo totalmente em pl\u00e1stico<\/b><span class=\"\"> A s\u00e9rie \u00e9 ultraleve,<\/span><span class=\"\"> solu\u00e7\u00e3o de termina\u00e7\u00e3o que economiza espa\u00e7o e \u00e9 feita sob medida para o gerenciamento interno de fibras.<\/span><span class=\"\"> Especificamente projetado para <\/span><b class=\"\" data-path-to-node=\"1\" data-index-in-node=\"172\">Fibras de buffer apertado de 0,9 mm<\/b><span class=\"\">,<\/span><span class=\"\"> Esse conector elimina o volume desnecess\u00e1rio ao utilizar uma arquitetura de pol\u00edmero de alto desempenho.<\/span><span class=\"\"> \u00c9 a escolha ideal para <\/span><b class=\"\" data-path-to-node=\"1\" data-index-in-node=\"323\">m\u00f3dulos divisores \u00f3pticos, kits de fan-out MPO-para-SC e patch panels compactos<\/b><span class=\"\"> onde centenas de fibras devem ser roteadas em um compartimento confinado.<\/span><\/p>\n<p data-path-to-node=\"2\"><span class=\"\">Projetado para as demandas de alta velocidade de <\/span><b class=\"\" data-path-to-node=\"2\" data-index-in-node=\"39\">LANs e data centers corporativos<\/b><span class=\"\">,<\/span><span class=\"\"> Esses componentes s\u00e3o compat\u00edveis com toda a gama de fibras multimodo (OM1\/OM2\/OM3\/OM4),<\/span><span class=\"\"> fornecendo um servi\u00e7o confi\u00e1vel,<\/span><span class=\"\"> interface snap-lock que simplifica a complexidade do cabeamento interno.<\/span><\/p>","protected":false},"featured_media":851,"comment_status":"open","ping_status":"closed","template":"","meta":[],"product_brand":[],"product_cat":[48],"product_tag":[],"class_list":{"0":"post-850","1":"product","2":"type-product","3":"status-publish","4":"has-post-thumbnail","6":"product_cat-sc-simplex-connector-single-mode-multimode","8":"first","9":"instock","10":"shipping-taxable","11":"product-type-simple"},"_links":{"self":[{"href":"https:\/\/www.fenxifiber.com\/pt\/wp-json\/wp\/v2\/product\/850","targetHints":{"allow":["GET"]}}],"collection":[{"href":"https:\/\/www.fenxifiber.com\/pt\/wp-json\/wp\/v2\/product"}],"about":[{"href":"https:\/\/www.fenxifiber.com\/pt\/wp-json\/wp\/v2\/types\/product"}],"replies":[{"embeddable":true,"href":"https:\/\/www.fenxifiber.com\/pt\/wp-json\/wp\/v2\/comments?post=850"}],"wp:featuredmedia":[{"embeddable":true,"href":"https:\/\/www.fenxifiber.com\/pt\/wp-json\/wp\/v2\/media\/851"}],"wp:attachment":[{"href":"https:\/\/www.fenxifiber.com\/pt\/wp-json\/wp\/v2\/media?parent=850"}],"wp:term":[{"taxonomy":"product_brand","embeddable":true,"href":"https:\/\/www.fenxifiber.com\/pt\/wp-json\/wp\/v2\/product_brand?post=850"},{"taxonomy":"product_cat","embeddable":true,"href":"https:\/\/www.fenxifiber.com\/pt\/wp-json\/wp\/v2\/product_cat?post=850"},{"taxonomy":"product_tag","embeddable":true,"href":"https:\/\/www.fenxifiber.com\/pt\/wp-json\/wp\/v2\/product_tag?post=850"}],"curies":[{"name":"wp","href":"https:\/\/api.w.org\/{rel}","templated":true}]}}