{"id":853,"date":"2026-02-04T02:39:06","date_gmt":"2026-02-04T02:39:06","guid":{"rendered":"https:\/\/www.fenxifiber.com\/?post_type=product&#038;p=853"},"modified":"2026-02-04T03:01:54","modified_gmt":"2026-02-04T03:01:54","slug":"sc-upc-0-9mm-todo-em-plastico","status":"publish","type":"product","link":"https:\/\/www.fenxifiber.com\/pt\/product\/sc-upc-0-9mm-all-plastic\/","title":{"rendered":"S\u00e9rie de termina\u00e7\u00e3o totalmente em pl\u00e1stico SC UPC 0,9 mm | Solu\u00e7\u00e3o de pigtail de alta densidade"},"content":{"rendered":"<h2 data-path-to-node=\"4\">\ud83c\udfd7\ufe0f Foco no design: Efici\u00eancia compacta<\/h2>\n<p data-path-to-node=\"5\">No mundo dos pigtails de 0,9 mm, \u201cmenos \u00e9 mais\u201d. O design dessa s\u00e9rie totalmente em pl\u00e1stico se concentra em tr\u00eas pilares centrais de engenharia:<\/p>\n<ul data-path-to-node=\"6\">\n<li>\n<p data-path-to-node=\"6,0,0\"><b data-path-to-node=\"6,0,0\" data-index-in-node=\"0\">Engenharia de redu\u00e7\u00e3o de massa:<\/b> A aus\u00eancia de batentes de metal e an\u00e9is de crimpagem pesados permite um conector \u201cleve\u201d. Isso evita a tens\u00e3o nas delicadas fibras de 0,9 mm quando elas s\u00e3o agrupadas em grandes quantidades em uma \u00fanica bandeja de emenda ou ODF.<\/p>\n<\/li>\n<li>\n<p data-path-to-node=\"6,1,0\"><b data-path-to-node=\"6,1,0\" data-index-in-node=\"0\">Seguran\u00e7a n\u00e3o condutora:<\/b> A constru\u00e7\u00e3o do pol\u00edmero 100% garante condutividade zero. Esse \u00e9 um requisito essencial para \u201cFiber to the Antenna\u201d (FTTA) ou ambientes industriais em que a prote\u00e7\u00e3o contra raios e o isolamento el\u00e9trico s\u00e3o obrigat\u00f3rios.<\/p>\n<\/li>\n<li>\n<p data-path-to-node=\"6,2,0\"><b data-path-to-node=\"6,2,0\" data-index-in-node=\"0\">Inicializa\u00e7\u00e3o simplificada de 0,9 mm:<\/b> O mini-boot especializado foi projetado para fornecer prote\u00e7\u00e3o m\u00e1xima contra o raio de curvatura na menor dist\u00e2ncia poss\u00edvel, permitindo que a fibra fa\u00e7a a transi\u00e7\u00e3o com seguran\u00e7a para bobinas apertadas em tomadas de parede de fator de formato pequeno.<\/p>\n<\/li>\n<li>\n<p data-path-to-node=\"6,3,0\"><b data-path-to-node=\"6,3,0\" data-index-in-node=\"0\">Ultra Contato F\u00edsico (UPC):<\/b> A ponteira de zirc\u00f4nia \u00e9 otimizada para um polimento UPC esf\u00e9rico, o que garante uma estabilidade <b data-path-to-node=\"6,3,0\" data-index-in-node=\"110\">Perda de retorno de \u226550dB<\/b>, que \u00e9 o padr\u00e3o ouro para telecomunica\u00e7\u00f5es digitais e servi\u00e7os de Internet de alta velocidade.<\/p>\n<\/li>\n<\/ul>\n<hr data-path-to-node=\"7\" \/>\n<h2 data-path-to-node=\"8\">Benchmarks \u00f3pticos e mec\u00e2nicos<\/h2>\n<p data-path-to-node=\"9\">Embora o inv\u00f3lucro seja leve, o desempenho \u00e9 estritamente de n\u00edvel de transportadora. Usamos as mesmas ponteiras premium encontradas em nossa s\u00e9rie de metal industrial:<\/p>\n<table data-path-to-node=\"10\">\n<thead>\n<tr>\n<td><strong>M\u00e9trico<\/strong><\/td>\n<td><strong>N\u00edvel de desempenho<\/strong><\/td>\n<td><strong>Refer\u00eancia padr\u00e3o<\/strong><\/td>\n<\/tr>\n<\/thead>\n<tbody>\n<tr>\n<td><span data-path-to-node=\"10,1,0,0\"><b data-path-to-node=\"10,1,0,0\" data-index-in-node=\"0\">Di\u00e2metro da fibra<\/b><\/span><\/td>\n<td><span data-path-to-node=\"10,1,1,0\">Tamp\u00e3o apertado de 0,9 mm<\/span><\/td>\n<td><span data-path-to-node=\"10,1,2,0\">G.652.D \/ G.657.A1<\/span><\/td>\n<\/tr>\n<tr>\n<td><span data-path-to-node=\"10,2,0,0\"><b data-path-to-node=\"10,2,0,0\" data-index-in-node=\"0\">Material do compartimento<\/b><\/span><\/td>\n<td><span data-path-to-node=\"10,2,1,0\">Pol\u00edmero de alto impacto UL 94V-0<\/span><\/td>\n<td><span data-path-to-node=\"10,2,2,0\">Retardante de chamas<\/span><\/td>\n<\/tr>\n<tr>\n<td><span data-path-to-node=\"10,3,0,0\"><b data-path-to-node=\"10,3,0,0\" data-index-in-node=\"0\">Perda de inser\u00e7\u00e3o (IL)<\/b><\/span><\/td>\n<td><span data-path-to-node=\"10,3,1,0\">T\u00edpico \u2264 0,15 dB | M\u00e1ximo \u2264 0,30 dB<\/span><\/td>\n<td><span data-path-to-node=\"10,3,2,0\">IEC 61300-3-4<\/span><\/td>\n<\/tr>\n<tr>\n<td><span data-path-to-node=\"10,4,0,0\"><b data-path-to-node=\"10,4,0,0\" data-index-in-node=\"0\">Perda de retorno (RL)<\/b><\/span><\/td>\n<td><span data-path-to-node=\"10,4,1,0\">\u2265 50 dB (UPC)<\/span><\/td>\n<td><span data-path-to-node=\"10,4,2,0\">IEC 61300-3-6<\/span><\/td>\n<\/tr>\n<tr>\n<td><span data-path-to-node=\"10,5,0,0\"><b data-path-to-node=\"10,5,0,0\" data-index-in-node=\"0\">Temperatura de opera\u00e7\u00e3o<\/b><\/span><\/td>\n<td><span data-path-to-node=\"10,5,1,0\">-40\u00b0C a +85\u00b0C<\/span><\/td>\n<td><span data-path-to-node=\"10,5,2,0\">Bellcore GR-326<\/span><\/td>\n<\/tr>\n<tr>\n<td><span data-path-to-node=\"10,6,0,0\"><b data-path-to-node=\"10,6,0,0\" data-index-in-node=\"0\">Resist\u00eancia \u00e0 vibra\u00e7\u00e3o<\/b><\/span><\/td>\n<td><span data-path-to-node=\"10,6,1,0\">&lt; 0,1 dB de altera\u00e7\u00e3o<\/span><\/td>\n<td><span data-path-to-node=\"10,6,2,0\">MIL-STD-202<\/span><\/td>\n<\/tr>\n<\/tbody>\n<\/table>\n<hr data-path-to-node=\"11\" \/>\n<h2 data-path-to-node=\"12\">Insights pr\u00e1ticos para compradores e engenheiros<\/h2>\n<p data-path-to-node=\"13\"><b data-path-to-node=\"13\" data-index-in-node=\"0\">P: Por que usar All-Plastic para pigtails de 0,9 mm em vez de um Zinc-Stop?<\/b><\/p>\n<p data-path-to-node=\"13\"><b data-path-to-node=\"13\" data-index-in-node=\"66\">A:<\/b> A fibra de 0,9 mm n\u00e3o tem o fio de aramida (Kevlar) encontrado nos cabos de 2,0 mm\/3,0 mm, portanto, n\u00e3o h\u00e1 necessidade de um crimp-stop de metal resistente. O <b data-path-to-node=\"13\" data-index-in-node=\"208\">Todo em pl\u00e1stico<\/b> A arquitetura oferece o equil\u00edbrio perfeito entre reten\u00e7\u00e3o e economia para a fia\u00e7\u00e3o interna, onde a tra\u00e7\u00e3o mec\u00e2nica externa n\u00e3o \u00e9 um fator.<\/p>\n<p data-path-to-node=\"14\"><b data-path-to-node=\"14\" data-index-in-node=\"0\">P: Esse conector \u00e9 compat\u00edvel com fibra monomodo e multimodo?<\/b><\/p>\n<p data-path-to-node=\"14\"><b data-path-to-node=\"14\" data-index-in-node=\"75\">A:<\/b> Embora esse <b data-path-to-node=\"14\" data-index-in-node=\"98\">Com casa azul<\/b> O modelo SM \u00e9 o padr\u00e3o para UPC monomodo (OS2), o corpo mec\u00e2nico totalmente de pl\u00e1stico \u00e9 id\u00eantico para as vers\u00f5es multimodo. A \u00fanica diferen\u00e7a \u00e9 o di\u00e2metro do furo interno do ferrolho de zirc\u00f4nia (125 \u00b5m para SM vs. 127 \u00b5m para MM).<\/p>\n<p data-path-to-node=\"15\"><b data-path-to-node=\"15\" data-index-in-node=\"0\">P: Elas podem ser usadas para emendas de campo?<\/b><\/p>\n<p data-path-to-node=\"15\"><b data-path-to-node=\"15\" data-index-in-node=\"41\">A:<\/b> Sim. Eles s\u00e3o mais comumente usados para criar <b data-path-to-node=\"15\" data-index-in-node=\"88\">Pigtails com emenda de campo<\/b>. Os t\u00e9cnicos emendam o cabo de fibra de 0,9 mm no cabo de entrada, e o conector SC All-Plastic fornece a interface final para o patch panel ou para a ONT do cliente.<\/p>\n<p data-path-to-node=\"16\"><b data-path-to-node=\"16\" data-index-in-node=\"0\">P: Qual \u00e9 o padr\u00e3o de embalagem para pedidos em massa?<\/b><\/p>\n<p data-path-to-node=\"16\"><b data-path-to-node=\"16\" data-index-in-node=\"51\">A:<\/b> Como fabricante, fornecemos esses produtos como <b data-path-to-node=\"16\" data-index-in-node=\"93\">Pacotes de kits completos a granel<\/b>. Cada kit inclui o inv\u00f3lucro azul SC, o ferrolho de zirc\u00f4nia, a mola de alta tens\u00e3o, a estrutura interna de pl\u00e1stico e o minibot\u00e3o azul de 0,9 mm, enviados em bandejas modulares para evitar a contamina\u00e7\u00e3o do ferrolho.<\/p>","protected":false},"excerpt":{"rendered":"<p data-path-to-node=\"1\"><span class=\"\">O <\/span><b class=\"\" data-path-to-node=\"1\" data-index-in-node=\"4\">SC UPC 0,9 mm totalmente em pl\u00e1stico<\/b><span class=\"\"> \u00e9 o padr\u00e3o do setor para alta densidade,<\/span><span class=\"\"> termina\u00e7\u00f5es de fibra somente internas.<\/span><span class=\"\"> Projetado especificamente para <\/span><b class=\"\" data-path-to-node=\"1\" data-index-in-node=\"144\">Fibra de buffer apertado de 0,9 mm<\/b><span class=\"\">,<\/span><span class=\"\"> Esse modelo elimina o volume desnecess\u00e1rio de componentes met\u00e1licos para proporcionar um peso leve,<\/span><span class=\"\"> interface eficiente em termos de espa\u00e7o.<\/span><span class=\"\"> \u00c9 a principal op\u00e7\u00e3o para <\/span><b class=\"\" data-path-to-node=\"1\" data-index-in-node=\"316\">Sa\u00eddas de assinante FTTH, termina\u00e7\u00f5es de divisor PLC e cassetes de breakout MPO-para-SC de alta densidade<\/b><span class=\"\"> onde cada mil\u00edmetro de espa\u00e7o de roteamento \u00e9 fundamental.<\/span><\/p>\n<p data-path-to-node=\"2\"><span class=\"\">Ao utilizar uma estrutura interna de pol\u00edmero de alta tenacidade,<\/span><span class=\"\"> esse conector oferece a precis\u00e3o de um acabamento de f\u00e1brica com as vantagens econ\u00f4micas de uma arquitetura totalmente em pl\u00e1stico,<\/span><span class=\"\"> tornando-o a solu\u00e7\u00e3o mais econ\u00f4mica para implementa\u00e7\u00f5es de fibra em larga escala.<\/span><\/p>","protected":false},"featured_media":854,"comment_status":"open","ping_status":"closed","template":"","meta":[],"product_brand":[],"product_cat":[48],"product_tag":[],"class_list":{"0":"post-853","1":"product","2":"type-product","3":"status-publish","4":"has-post-thumbnail","6":"product_cat-sc-simplex-connector-single-mode-multimode","8":"first","9":"instock","10":"shipping-taxable","11":"product-type-simple"},"_links":{"self":[{"href":"https:\/\/www.fenxifiber.com\/pt\/wp-json\/wp\/v2\/product\/853","targetHints":{"allow":["GET"]}}],"collection":[{"href":"https:\/\/www.fenxifiber.com\/pt\/wp-json\/wp\/v2\/product"}],"about":[{"href":"https:\/\/www.fenxifiber.com\/pt\/wp-json\/wp\/v2\/types\/product"}],"replies":[{"embeddable":true,"href":"https:\/\/www.fenxifiber.com\/pt\/wp-json\/wp\/v2\/comments?post=853"}],"wp:featuredmedia":[{"embeddable":true,"href":"https:\/\/www.fenxifiber.com\/pt\/wp-json\/wp\/v2\/media\/854"}],"wp:attachment":[{"href":"https:\/\/www.fenxifiber.com\/pt\/wp-json\/wp\/v2\/media?parent=853"}],"wp:term":[{"taxonomy":"product_brand","embeddable":true,"href":"https:\/\/www.fenxifiber.com\/pt\/wp-json\/wp\/v2\/product_brand?post=853"},{"taxonomy":"product_cat","embeddable":true,"href":"https:\/\/www.fenxifiber.com\/pt\/wp-json\/wp\/v2\/product_cat?post=853"},{"taxonomy":"product_tag","embeddable":true,"href":"https:\/\/www.fenxifiber.com\/pt\/wp-json\/wp\/v2\/product_tag?post=853"}],"curies":[{"name":"wp","href":"https:\/\/api.w.org\/{rel}","templated":true}]}}