{"id":855,"date":"2026-02-04T02:40:34","date_gmt":"2026-02-04T02:40:34","guid":{"rendered":"https:\/\/www.fenxifiber.com\/?post_type=product&#038;p=855"},"modified":"2026-02-04T03:02:26","modified_gmt":"2026-02-04T03:02:26","slug":"sc-upc-0-9mm-com-batente-de-liga-de-zinco","status":"publish","type":"product","link":"https:\/\/www.fenxifiber.com\/pt\/product\/sc-upc-0-9mm-with-zinc-alloy-stop\/","title":{"rendered":"Interconex\u00f5es internas de n\u00edvel profissional SC UPC 0,9 mm em liga de zinco"},"content":{"rendered":"<h2 data-path-to-node=\"3\">\ud83c\udfd7\ufe0f Integridade estrutural e refor\u00e7o met\u00e1lico<\/h2>\n<p data-path-to-node=\"4\">A principal inova\u00e7\u00e3o desse conector est\u00e1 em seu esqueleto met\u00e1lico interno. Ao substituir a estrutura pl\u00e1stica padr\u00e3o por um <b data-path-to-node=\"4\" data-index-in-node=\"125\">Batente em liga de zinco<\/b>, Com o conector, ele atinge um n\u00edvel de estabilidade axial normalmente reservado para cabos pesados com revestimento de 3,0 mm.<\/p>\n<ul data-path-to-node=\"5\">\n<li>\n<p data-path-to-node=\"5,0,0\"><b data-path-to-node=\"5,0,0\" data-index-in-node=\"0\">Matriz antipistonagem:<\/b> Em ambientes com temperaturas flutuantes, os amortecedores de 0,9 mm podem se expandir e contrair, fazendo com que o ferrolho se desloque (pistonagem). O batente de liga de zinco atua como uma trava t\u00e9rmica e mec\u00e2nica permanente, mantendo a ponteira de zirc\u00f4nia fixa em sua posi\u00e7\u00e3o ideal de contato f\u00edsico.<\/p>\n<\/li>\n<li>\n<p data-path-to-node=\"5,1,0\"><b data-path-to-node=\"5,1,0\" data-index-in-node=\"0\">Aterramento mec\u00e2nico:<\/b> O batente de metal oferece uma superf\u00edcie s\u00f3lida para a compress\u00e3o da mola interna. Isso resulta em uma for\u00e7a de acoplamento mais consistente (aprox. 1,2 kgf), o que \u00e9 vital para manter um <b data-path-to-node=\"5,1,0\" data-index-in-node=\"212\">Perda de retorno de \u226550dB<\/b> ao longo de milhares de ciclos de acasalamento.<\/p>\n<\/li>\n<li>\n<p data-path-to-node=\"5,2,0\"><b data-path-to-node=\"5,2,0\" data-index-in-node=\"0\">Alinhamento axial de precis\u00e3o:<\/b> Diferentemente dos componentes de pl\u00e1stico, que podem apresentar pequenas varia\u00e7\u00f5es de moldagem, os componentes de liga de zinco s\u00e3o usinados com toler\u00e2ncias submicr\u00f4nicas, garantindo que a ponteira permane\u00e7a perfeitamente conc\u00eantrica com o compartimento externo.<\/p>\n<\/li>\n<\/ul>\n<hr data-path-to-node=\"6\" \/>\n<h2 data-path-to-node=\"7\">Cen\u00e1rios de aplicativos: Al\u00e9m do patching b\u00e1sico<\/h2>\n<p data-path-to-node=\"8\">A s\u00e9rie SC UPC Zinc-Stop foi projetada para implementa\u00e7\u00f5es de miss\u00e3o cr\u00edtica em que uma falha de conex\u00e3o n\u00e3o \u00e9 uma op\u00e7\u00e3o:<\/p>\n<h3 data-path-to-node=\"9\">1. ODF de alta densidade e escrit\u00f3rio central<\/h3>\n<p data-path-to-node=\"10\">Em ambientes de escrit\u00f3rio central, os pigtails de 0,9 mm geralmente s\u00e3o agrupados e roteados por canais apertados. O batente de metal garante que, mesmo que um pigtail seja acidentalmente preso ou submetido a uma leve tens\u00e3o durante a manuten\u00e7\u00e3o, o alinhamento interno n\u00e3o ser\u00e1 afetado.<\/p>\n<h3 data-path-to-node=\"11\">2. Integra\u00e7\u00e3o de divisores e m\u00f3dulos PLC<\/h3>\n<p data-path-to-node=\"12\">Para os fabricantes de divisores PLC 1xN ou 2xN, esses conectores oferecem a rigidez estrutural necess\u00e1ria para suportar o processo de encapsulamento e montagem. A estrutura de liga de zinco protege a liga\u00e7\u00e3o fibra-ferrolho das tens\u00f5es da cura t\u00e9rmica.<\/p>\n<h3 data-path-to-node=\"13\">3. Sensores industriais e aeroespaciais<\/h3>\n<p data-path-to-node=\"14\">Em ambientes sujeitos a vibra\u00e7\u00e3o constante ou estresse de for\u00e7a G, os clipes internos de pl\u00e1stico podem sofrer fadiga ou falhar. A espinha dorsal met\u00e1lica do batente de liga de zinco oferece a resist\u00eancia \u00e0 vibra\u00e7\u00e3o necess\u00e1ria para manter a continuidade do sinal em sistemas de monitoramento de alto risco.<\/p>\n<hr data-path-to-node=\"15\" \/>\n<h2 data-path-to-node=\"16\">Desempenho t\u00e9cnico e matriz de materiais<\/h2>\n<p data-path-to-node=\"17\">Essa s\u00e9rie foi criada para superar os requisitos de portadora padr\u00e3o, com foco na \u201cplanicidade\u201d e durabilidade do sinal a longo prazo.<\/p>\n<table data-path-to-node=\"18\">\n<thead>\n<tr>\n<td><strong>Pilar de desempenho<\/strong><\/td>\n<td><strong>Detalhes t\u00e9cnicos<\/strong><\/td>\n<td><strong>Benef\u00edcio estrat\u00e9gico<\/strong><\/td>\n<\/tr>\n<\/thead>\n<tbody>\n<tr>\n<td><span data-path-to-node=\"18,1,0,0\"><b data-path-to-node=\"18,1,0,0\" data-index-in-node=\"0\">Arquitetura interna<\/b><\/span><\/td>\n<td><span data-path-to-node=\"18,1,1,0\">Batente em liga de zinco fundido com precis\u00e3o<\/span><\/td>\n<td><span data-path-to-node=\"18,1,2,0\">M\u00e1xima rigidez mec\u00e2nica<\/span><\/td>\n<\/tr>\n<tr>\n<td><span data-path-to-node=\"18,2,0,0\"><b data-path-to-node=\"18,2,0,0\" data-index-in-node=\"0\">Geometria da face final<\/b><\/span><\/td>\n<td><span data-path-to-node=\"18,2,1,0\">Polimento UPC esf\u00e9rico<\/span><\/td>\n<td><span data-path-to-node=\"18,2,2,0\">Otimizado para links digitais OS2<\/span><\/td>\n<\/tr>\n<tr>\n<td><span data-path-to-node=\"18,3,0,0\"><b data-path-to-node=\"18,3,0,0\" data-index-in-node=\"0\">Perda de inser\u00e7\u00e3o (IL)<\/b><\/span><\/td>\n<td><span data-path-to-node=\"18,3,1,0\"><b data-path-to-node=\"18,3,1,0\" data-index-in-node=\"0\">T\u00edpico: \u2264 0,12 dB<\/b> \/ M\u00e1ximo: \u2264 0,30 dB<\/span><\/td>\n<td><span data-path-to-node=\"18,3,2,0\">Preserva os or\u00e7amentos de pot\u00eancia \u00f3ptica<\/span><\/td>\n<\/tr>\n<tr>\n<td><span data-path-to-node=\"18,4,0,0\"><b data-path-to-node=\"18,4,0,0\" data-index-in-node=\"0\">Perda de retorno (RL)<\/b><\/span><\/td>\n<td><span data-path-to-node=\"18,4,1,0\"><b data-path-to-node=\"18,4,1,0\" data-index-in-node=\"0\">\u2265 55 dB<\/b><\/span><\/td>\n<td><span data-path-to-node=\"18,4,2,0\">Minimiza o jitter do transceptor<\/span><\/td>\n<\/tr>\n<tr>\n<td><span data-path-to-node=\"18,5,0,0\"><b data-path-to-node=\"18,5,0,0\" data-index-in-node=\"0\">For\u00e7a de tra\u00e7\u00e3o<\/b><\/span><\/td>\n<td><span data-path-to-node=\"18,5,1,0\">\u2265 9,8N (limite de buffer de 0,9 mm)<\/span><\/td>\n<td><span data-path-to-node=\"18,5,2,0\">Protege a fibra do estresse do manuseio<\/span><\/td>\n<\/tr>\n<tr>\n<td><span data-path-to-node=\"18,6,0,0\"><b data-path-to-node=\"18,6,0,0\" data-index-in-node=\"0\">Seguran\u00e7a do material<\/b><\/span><\/td>\n<td><span data-path-to-node=\"18,6,1,0\">Pol\u00edmero de alto impacto UL 94V-0<\/span><\/td>\n<td><span data-path-to-node=\"18,6,2,0\">\u00c0 prova de fogo para infraestrutura interna<\/span><\/td>\n<\/tr>\n<tr>\n<td><span data-path-to-node=\"18,7,0,0\"><b data-path-to-node=\"18,7,0,0\" data-index-in-node=\"0\">Faixa de opera\u00e7\u00e3o<\/b><\/span><\/td>\n<td><span data-path-to-node=\"18,7,1,0\">-40\u00b0C a +85\u00b0C<\/span><\/td>\n<td><span data-path-to-node=\"18,7,2,0\">Est\u00e1vel em condi\u00e7\u00f5es clim\u00e1ticas extremas<\/span><\/td>\n<\/tr>\n<\/tbody>\n<\/table>\n<hr data-path-to-node=\"19\" \/>\n<h2 data-path-to-node=\"20\">Personaliza\u00e7\u00e3o de fabrica\u00e7\u00e3o e log\u00edstica<\/h2>\n<p data-path-to-node=\"21\">Como fabricante direto, oferecemos op\u00e7\u00f5es de configura\u00e7\u00e3o especializadas para a s\u00e9rie Zinc-Stop para atender a diversos padr\u00f5es de engenharia:<\/p>\n<ul data-path-to-node=\"22\">\n<li>\n<p data-path-to-node=\"22,0,0\"><b data-path-to-node=\"22,0,0\" data-index-in-node=\"0\">Carca\u00e7a e botas com c\u00f3digo de cores:<\/b> Al\u00e9m do azul padr\u00e3o (UPC), fornecemos identifica\u00e7\u00e3o de cores personalizadas para caminhos de roteamento interno espec\u00edficos (vermelho, preto ou amarelo) para simplificar o gerenciamento de cabos complexos.<\/p>\n<\/li>\n<li>\n<p data-path-to-node=\"22,1,0\"><b data-path-to-node=\"22,1,0\" data-index-in-node=\"0\">Sele\u00e7\u00e3o do ferrolho:<\/b> Escolha entre as ponteiras padr\u00e3o de zirc\u00f4nia ou as ponteiras premium \u201cLow-Loss\u201d com toler\u00e2ncias de concentricidade mais r\u00edgidas para aplica\u00e7\u00f5es de dados de alta velocidade com links ultracurtos.<\/p>\n<\/li>\n<li>\n<p data-path-to-node=\"22,2,0\"><b data-path-to-node=\"22,2,0\" data-index-in-node=\"0\">Kits de componentes vs. pr\u00e9-montagens:<\/b> N\u00f3s os fornecemos como kits a granel de pe\u00e7as soltas para casas de montagem ou como pigtails totalmente terminados, testados por interferometria 100%, prontos para emenda imediata em campo.<\/p>\n<\/li>\n<li>\n<p data-path-to-node=\"22,3,0\"><b data-path-to-node=\"22,3,0\" data-index-in-node=\"0\">Suporte de buffer:<\/b> O clipe interno e a mini-bota de 0,9 mm s\u00e3o compat\u00edveis com materiais de PVC, Hytrel e LSZH de 900 \u00b5m com buffer r\u00edgido.<\/p>\n<\/li>\n<\/ul>","protected":false},"excerpt":{"rendered":"<p data-path-to-node=\"1\"><span class=\"\">O <\/span><b class=\"\" data-path-to-node=\"1\" data-index-in-node=\"4\">SC UPC 0,9 mm com batente em liga de zinco<\/b><span class=\"\"> representa o auge da integridade estrutural para termina\u00e7\u00f5es de pigtail de alta densidade.<\/span><span class=\"\"> Enquanto os conectores pigtail padr\u00e3o dependem de clipes pl\u00e1sticos internos,<\/span><span class=\"\"> Essa s\u00e9rie premium integra um <\/span><b class=\"\" data-path-to-node=\"1\" data-index-in-node=\"224\">anteparo interno de liga de zinco fundido com precis\u00e3o<\/b><span class=\"\">.<\/span><span class=\"\"> Essa \u201cparada\u201d met\u00e1lica foi projetada especificamente para eliminar as vulnerabilidades mec\u00e2nicas frequentemente encontradas em 0.<\/span><span class=\"\">Termina\u00e7\u00f5es de buffer apertado de 9 mm,<\/span><span class=\"\"> fornecendo um r\u00edgido,<\/span><span class=\"\"> \u00e2ncora n\u00e3o deform\u00e1vel que preenche a lacuna entre a fia\u00e7\u00e3o interna delicada e a durabilidade da for\u00e7a industrial.<\/span><\/p>","protected":false},"featured_media":856,"comment_status":"open","ping_status":"closed","template":"","meta":[],"product_brand":[],"product_cat":[48],"product_tag":[],"class_list":{"0":"post-855","1":"product","2":"type-product","3":"status-publish","4":"has-post-thumbnail","6":"product_cat-sc-simplex-connector-single-mode-multimode","8":"first","9":"instock","10":"shipping-taxable","11":"product-type-simple"},"_links":{"self":[{"href":"https:\/\/www.fenxifiber.com\/pt\/wp-json\/wp\/v2\/product\/855","targetHints":{"allow":["GET"]}}],"collection":[{"href":"https:\/\/www.fenxifiber.com\/pt\/wp-json\/wp\/v2\/product"}],"about":[{"href":"https:\/\/www.fenxifiber.com\/pt\/wp-json\/wp\/v2\/types\/product"}],"replies":[{"embeddable":true,"href":"https:\/\/www.fenxifiber.com\/pt\/wp-json\/wp\/v2\/comments?post=855"}],"wp:featuredmedia":[{"embeddable":true,"href":"https:\/\/www.fenxifiber.com\/pt\/wp-json\/wp\/v2\/media\/856"}],"wp:attachment":[{"href":"https:\/\/www.fenxifiber.com\/pt\/wp-json\/wp\/v2\/media?parent=855"}],"wp:term":[{"taxonomy":"product_brand","embeddable":true,"href":"https:\/\/www.fenxifiber.com\/pt\/wp-json\/wp\/v2\/product_brand?post=855"},{"taxonomy":"product_cat","embeddable":true,"href":"https:\/\/www.fenxifiber.com\/pt\/wp-json\/wp\/v2\/product_cat?post=855"},{"taxonomy":"product_tag","embeddable":true,"href":"https:\/\/www.fenxifiber.com\/pt\/wp-json\/wp\/v2\/product_tag?post=855"}],"curies":[{"name":"wp","href":"https:\/\/api.w.org\/{rel}","templated":true}]}}