{"id":861,"date":"2026-02-04T02:43:44","date_gmt":"2026-02-04T02:43:44","guid":{"rendered":"https:\/\/www.fenxifiber.com\/?post_type=product&#038;p=861"},"modified":"2026-02-04T03:03:35","modified_gmt":"2026-02-04T03:03:35","slug":"sc-upc-2-0-3-0mm-todo-em-plastico","status":"publish","type":"product","link":"https:\/\/www.fenxifiber.com\/pt\/product\/sc-upc-2-0-3-0mm-all-plastic\/","title":{"rendered":"S\u00e9rie SC UPC 2.0\/3.0mm totalmente em pl\u00e1stico | Solu\u00e7\u00f5es profissionais de termina\u00e7\u00e3o de fibra"},"content":{"rendered":"<h2 data-path-to-node=\"4\">Engenharia de materiais e arquitetura interna<\/h2>\n<p data-path-to-node=\"5\">Ao mudar para um <b data-path-to-node=\"5\" data-index-in-node=\"16\">Sistema de reten\u00e7\u00e3o interna totalmente em pl\u00e1stico<\/b>, Com o conector de alta qualidade, otimizamos o conector para atender aos requisitos dos modernos ambientes internos e externos protegidos.<\/p>\n<ul data-path-to-node=\"6\">\n<li>\n<p data-path-to-node=\"6,0,0\"><b data-path-to-node=\"6,0,0\" data-index-in-node=\"0\">Constru\u00e7\u00e3o diel\u00e9trica:<\/b> A estrutura interna n\u00e3o met\u00e1lica do 100% garante isolamento el\u00e9trico total. Isso torna o conector imune \u00e0 interfer\u00eancia EMI\/RFI e oferece uma solu\u00e7\u00e3o de termina\u00e7\u00e3o segura nas proximidades de linhas de energia ou em \u00e1reas propensas a raios.<\/p>\n<\/li>\n<li>\n<p data-path-to-node=\"6,1,0\"><b data-path-to-node=\"6,1,0\" data-index-in-node=\"0\">Estabilidade \u00e0 prova de corros\u00e3o:<\/b> Ao contr\u00e1rio dos componentes de zinco ou lat\u00e3o, que podem oxidar em ambientes de data center com alta umidade ou \u201ccorredores quentes\u201d, o pol\u00edmero de alto desempenho permanece quimicamente inerte, mantendo sua integridade de travamento por d\u00e9cadas.<\/p>\n<\/li>\n<li>\n<p data-path-to-node=\"6,2,0\"><b data-path-to-node=\"6,2,0\" data-index-in-node=\"0\">Alinhamento preciso do ferrolho:<\/b> Cada unidade possui um <b data-path-to-node=\"6,2,0\" data-index-in-node=\"50\">Ponteira de cer\u00e2mica de zirc\u00f4nia premium<\/b> com uma toler\u00e2ncia de concentricidade de <span class=\"math-inline\" data-math=\"\\le 0.5\\mu m\" data-index-in-node=\"117\">$\\le 0,5\\mu m$<\/span> para modo \u00fanico. A estrutura pl\u00e1stica \u00e9 moldada com toler\u00e2ncias em n\u00edvel de m\u00edcron para garantir que o ferrolho permane\u00e7a perfeitamente centralizado.<\/p>\n<\/li>\n<li>\n<p data-path-to-node=\"6,3,0\"><b data-path-to-node=\"6,3,0\" data-index-in-node=\"0\">Gerenciamento de carga axial:<\/b> Os clipes internos de pol\u00edmero s\u00e3o projetados para proporcionar uma \u201cader\u00eancia controlada\u201d no ferrolho. Isso permite que a mola mantenha contato f\u00edsico constante (UPC) sem o risco de fadiga mec\u00e2nica comum em conectores de pl\u00e1stico de qualidade inferior.<\/p>\n<\/li>\n<\/ul>\n<hr data-path-to-node=\"7\" \/>\n<h2 data-path-to-node=\"8\">\ud83c\udfd7 Cen\u00e1rios de implanta\u00e7\u00e3o: Onde o \u201cAll-Plastic\u201d se destaca<\/h2>\n<p data-path-to-node=\"9\">A s\u00e9rie SC All-Plastic \u00e9 usada estrategicamente em v\u00e1rias camadas importantes da infraestrutura:<\/p>\n<h3 data-path-to-node=\"10\">1. Patching de data center de alta densidade<\/h3>\n<p data-path-to-node=\"11\">Em instala\u00e7\u00f5es modernas de grande escala, o gerenciamento de peso em bandejas de cabos e ODFs (Optical Distribution Frames) \u00e9 uma grande preocupa\u00e7\u00e3o. O perfil mais leve do conector All-Plastic SC reduz a carga cumulativa nas portas do rack, evitando a flacidez f\u00edsica e poss\u00edveis problemas de alinhamento ao longo do tempo.<\/p>\n<h3 data-path-to-node=\"12\">2. Sa\u00eddas de assinante de fibra at\u00e9 a resid\u00eancia (FTTH)<\/h3>\n<p data-path-to-node=\"13\">Para implementa\u00e7\u00f5es residenciais em larga escala, o custo por conex\u00e3o \u00e9 fundamental. A s\u00e9rie All-Plastic oferece um perfil de desempenho de n\u00edvel de operadora (<span class=\"math-inline\" data-math=\"IL \\le 0.20dB\" data-index-in-node=\"138\">$IL \\le 0,20dB$<\/span>) a um pre\u00e7o altamente competitivo, tornando-o a escolha preferida para conex\u00f5es ONT de assinantes e tomadas de parede.<\/p>\n<h3 data-path-to-node=\"14\">3. Controle industrial e imagens m\u00e9dicas<\/h3>\n<p data-path-to-node=\"15\">Em ambientes que exigem componentes n\u00e3o magn\u00e9ticos (como su\u00edtes de resson\u00e2ncia magn\u00e9tica) ou conectores sem fa\u00edscas (f\u00e1bricas de produtos qu\u00edmicos), a arquitetura n\u00e3o met\u00e1lica desse conector SC oferece uma camada essencial de seguran\u00e7a operacional.<\/p>\n<hr data-path-to-node=\"16\" \/>\n<h2 data-path-to-node=\"17\">Perfil de desempenho t\u00e9cnico<\/h2>\n<p data-path-to-node=\"18\">Esses dados refletem nossos padr\u00f5es testados em lote, garantindo a conformidade com os mandatos globais de telecomunica\u00e7\u00f5es:<\/p>\n<table data-path-to-node=\"19\">\n<thead>\n<tr>\n<td><strong>M\u00e9trica de desempenho<\/strong><\/td>\n<td><strong>N\u00edvel de especifica\u00e7\u00e3o<\/strong><\/td>\n<td><strong>Conformidade padr\u00e3o<\/strong><\/td>\n<\/tr>\n<\/thead>\n<tbody>\n<tr>\n<td><span data-path-to-node=\"19,1,0,0\"><b data-path-to-node=\"19,1,0,0\" data-index-in-node=\"0\">Perda de inser\u00e7\u00e3o (IL)<\/b><\/span><\/td>\n<td><span data-path-to-node=\"19,1,1,0\">T\u00edpico <span class=\"math-inline\" data-math=\"\\le 0.15\" data-index-in-node=\"8\">$\\le 0,15$<\/span> dB \/ M\u00e1ximo <span class=\"math-inline\" data-math=\"\\le 0.30\" data-index-in-node=\"26\">$\\le 0,30$<\/span> dB<\/span><\/td>\n<td><span data-path-to-node=\"19,1,2,0\">IEC 61300-3-4<\/span><\/td>\n<\/tr>\n<tr>\n<td><span data-path-to-node=\"19,2,0,0\"><b data-path-to-node=\"19,2,0,0\" data-index-in-node=\"0\">Perda de retorno (RL)<\/b><\/span><\/td>\n<td><span data-path-to-node=\"19,2,1,0\"><span class=\"math-inline\" data-math=\"\\ge 50\" data-index-in-node=\"0\">$\\ge 50$<\/span> dB (UPC monomodo)<\/span><\/td>\n<td><span data-path-to-node=\"19,2,2,0\">IEC 61300-3-6<\/span><\/td>\n<\/tr>\n<tr>\n<td><span data-path-to-node=\"19,3,0,0\"><b data-path-to-node=\"19,3,0,0\" data-index-in-node=\"0\">Reten\u00e7\u00e3o de cabos<\/b><\/span><\/td>\n<td><span data-path-to-node=\"19,3,1,0\"><span class=\"math-inline\" data-math=\"\\ge 100\" data-index-in-node=\"0\">$\\ge 100$<\/span> N (para jaqueta de 3,0 mm)<\/span><\/td>\n<td><span data-path-to-node=\"19,3,2,0\">TIA\/EIA-455-6<\/span><\/td>\n<\/tr>\n<tr>\n<td><span data-path-to-node=\"19,4,0,0\"><b data-path-to-node=\"19,4,0,0\" data-index-in-node=\"0\">Durabilidade do acoplamento<\/b><\/span><\/td>\n<td><span data-path-to-node=\"19,4,1,0\"><span class=\"math-inline\" data-math=\"&gt; 1000\" data-index-in-node=\"0\">$&gt; 1000$<\/span> Ciclos<\/span><\/td>\n<td><span data-path-to-node=\"19,4,2,0\">IEC 61300-2-2<\/span><\/td>\n<\/tr>\n<tr>\n<td><span data-path-to-node=\"19,5,0,0\"><b data-path-to-node=\"19,5,0,0\" data-index-in-node=\"0\">Temperatura de opera\u00e7\u00e3o<\/b><\/span><\/td>\n<td><span data-path-to-node=\"19,5,1,0\">-40\u00b0C a +85\u00b0C<\/span><\/td>\n<td><span data-path-to-node=\"19,5,2,0\">Bellcore GR-326<\/span><\/td>\n<\/tr>\n<tr>\n<td><span data-path-to-node=\"19,6,0,0\"><b data-path-to-node=\"19,6,0,0\" data-index-in-node=\"0\">Seguran\u00e7a do material<\/b><\/span><\/td>\n<td><span data-path-to-node=\"19,6,1,0\">Retardante de chamas UL 94V-0<\/span><\/td>\n<td><span data-path-to-node=\"19,6,2,0\">RoHS \/ REACH<\/span><\/td>\n<\/tr>\n<\/tbody>\n<\/table>\n<hr data-path-to-node=\"20\" \/>\n<h2 data-path-to-node=\"21\">Suporte para personaliza\u00e7\u00e3o e montagem<\/h2>\n<p data-path-to-node=\"22\">Como um <b data-path-to-node=\"22\" data-index-in-node=\"5\">Fabricante direto<\/b>, Al\u00e9m disso, oferecemos esses conectores com op\u00e7\u00f5es personalizadas para atender \u00e0 sua linha de produ\u00e7\u00e3o:<\/p>\n<ul data-path-to-node=\"23\">\n<li>\n<p data-path-to-node=\"23,0,0\"><b data-path-to-node=\"23,0,0\" data-index-in-node=\"0\">Botas de dupla compatibilidade:<\/b> Nossas botas especializadas apresentam um di\u00e2metro interno de v\u00e1rios est\u00e1gios, proporcionando al\u00edvio de tens\u00e3o profissional para cabos de conex\u00e3o de 2,0 mm e cabos para servi\u00e7os pesados de 3,0 mm em uma \u00fanica SKU.<\/p>\n<\/li>\n<li>\n<p data-path-to-node=\"23,1,0\"><b data-path-to-node=\"23,1,0\" data-index-in-node=\"0\">Identificadores com c\u00f3digo de cores:<\/b> Al\u00e9m do padr\u00e3o <b data-path-to-node=\"23,1,0\" data-index-in-node=\"45\">Azul (modo \u00fanico)<\/b>, Oferecemos <b data-path-to-node=\"23,1,0\" data-index-in-node=\"74\">Aqua (OM3\/4)<\/b>, <b data-path-to-node=\"23,1,0\" data-index-in-node=\"88\">Erika Violet (OM4)<\/b>, e <b data-path-to-node=\"23,1,0\" data-index-in-node=\"112\">Verde-lim\u00e3o (OM5)<\/b> para facilitar a identifica\u00e7\u00e3o instant\u00e2nea da rede.<\/p>\n<\/li>\n<li>\n<p data-path-to-node=\"23,2,0\"><b data-path-to-node=\"23,2,0\" data-index-in-node=\"0\">Embalagem a granel:<\/b> Os componentes podem ser fornecidos em bandejas modulares (pr\u00e9-classificadas para montagem automatizada) ou como kits de pe\u00e7as soltas para t\u00e9cnicos de campo.<\/p>\n<\/li>\n<li>\n<p data-path-to-node=\"23,3,0\"><b data-path-to-node=\"23,3,0\" data-index-in-node=\"0\">Classifica\u00e7\u00e3o do ferrolho:<\/b> As op\u00e7\u00f5es de ponteiras \u201cMaster Grade\u201d est\u00e3o dispon\u00edveis para aplica\u00e7\u00f5es de teste de alta precis\u00e3o em que a perda de inser\u00e7\u00e3o ultrabaixa \u00e9 obrigat\u00f3ria.<\/p>\n<\/li>\n<\/ul>","protected":false},"excerpt":{"rendered":"<p data-path-to-node=\"1\"><span class=\"\">O <\/span><b class=\"\" data-path-to-node=\"1\" data-index-in-node=\"4\">SC UPC 2,0\/3,0 mm totalmente em pl\u00e1stico<\/b><span class=\"\"> representa o padr\u00e3o do setor para alto desempenho,<\/span><span class=\"\"> conectividade econ\u00f4mica de fibra \u00f3ptica.<\/span><span class=\"\"> Projetado para <\/span><b class=\"\" data-path-to-node=\"1\" data-index-in-node=\"159\">Modo \u00fanico (OS2)<\/b><span class=\"\"> e <\/span><b class=\"\" data-path-to-node=\"1\" data-index-in-node=\"181\">Multimodo (OM1-OM5)<\/b><span class=\"\"> aplicativos,<\/span><span class=\"\"> Essa s\u00e9rie utiliza uma estrutura interna de pol\u00edmero de engenharia avan\u00e7ada em vez de um anteparo met\u00e1lico.<\/span><span class=\"\"> Essa op\u00e7\u00e3o de design \u00e9 otimizada especificamente para implementa\u00e7\u00f5es de rede de alto volume em que <\/span><b class=\"\" data-path-to-node=\"1\" data-index-in-node=\"402\">redu\u00e7\u00e3o de peso, n\u00e3o condutividade e escalabilidade econ\u00f4mica<\/b><span class=\"\"> s\u00e3o os principais impulsionadores do projeto.<\/span><\/p>\n<p data-path-to-node=\"2\"><span class=\"\">Como um componente vers\u00e1til para <\/span><b class=\"\" data-path-to-node=\"2\" data-index-in-node=\"29\">LANs corporativas, distribui\u00e7\u00e3o de FTTH e aplica\u00e7\u00e3o de patches no escrit\u00f3rio central<\/b><span class=\"\">,<\/span><span class=\"\"> essa s\u00e9rie fornece uma termina\u00e7\u00e3o robusta para ambos os 2.<\/span><span class=\"\">0 mm e 3.<\/span><span class=\"\">Cabos revestidos de 0 mm,<\/span><span class=\"\"> garantindo uma interface segura e est\u00e1vel para servi\u00e7os modernos de alta largura de banda.<\/span><\/p>","protected":false},"featured_media":863,"comment_status":"open","ping_status":"closed","template":"","meta":[],"product_brand":[],"product_cat":[48],"product_tag":[],"class_list":{"0":"post-861","1":"product","2":"type-product","3":"status-publish","4":"has-post-thumbnail","6":"product_cat-sc-simplex-connector-single-mode-multimode","8":"first","9":"instock","10":"shipping-taxable","11":"product-type-simple"},"_links":{"self":[{"href":"https:\/\/www.fenxifiber.com\/pt\/wp-json\/wp\/v2\/product\/861","targetHints":{"allow":["GET"]}}],"collection":[{"href":"https:\/\/www.fenxifiber.com\/pt\/wp-json\/wp\/v2\/product"}],"about":[{"href":"https:\/\/www.fenxifiber.com\/pt\/wp-json\/wp\/v2\/types\/product"}],"replies":[{"embeddable":true,"href":"https:\/\/www.fenxifiber.com\/pt\/wp-json\/wp\/v2\/comments?post=861"}],"wp:featuredmedia":[{"embeddable":true,"href":"https:\/\/www.fenxifiber.com\/pt\/wp-json\/wp\/v2\/media\/863"}],"wp:attachment":[{"href":"https:\/\/www.fenxifiber.com\/pt\/wp-json\/wp\/v2\/media?parent=861"}],"wp:term":[{"taxonomy":"product_brand","embeddable":true,"href":"https:\/\/www.fenxifiber.com\/pt\/wp-json\/wp\/v2\/product_brand?post=861"},{"taxonomy":"product_cat","embeddable":true,"href":"https:\/\/www.fenxifiber.com\/pt\/wp-json\/wp\/v2\/product_cat?post=861"},{"taxonomy":"product_tag","embeddable":true,"href":"https:\/\/www.fenxifiber.com\/pt\/wp-json\/wp\/v2\/product_tag?post=861"}],"curies":[{"name":"wp","href":"https:\/\/api.w.org\/{rel}","templated":true}]}}