{"id":866,"date":"2026-02-04T02:48:32","date_gmt":"2026-02-04T02:48:32","guid":{"rendered":"https:\/\/www.fenxifiber.com\/?post_type=product&#038;p=866"},"modified":"2026-02-04T02:51:01","modified_gmt":"2026-02-04T02:51:01","slug":"conector-mpo","status":"publish","type":"product","link":"https:\/\/www.fenxifiber.com\/pt\/product\/mpo-connector\/","title":{"rendered":"Componentes e montagens de conectores MPO | Solu\u00e7\u00f5es de rede de alta densidade"},"content":{"rendered":"<h2 data-path-to-node=\"4\">Engenharia de multifibras e design de materiais<\/h2>\n<p data-path-to-node=\"5\">Os conectores MPO utilizam um mecanismo exclusivo de travamento push-pull e componentes internos especializados para gerenciar grandes quantidades de fibras em um espa\u00e7o compacto.<\/p>\n<div style=\"display: flex; gap: 20px; flex-wrap: wrap; margin: 20px 0;\">\n<div style=\"flex: 1; min-width: 280px; background: #f9f9f9; padding: 20px; border-left: 4px solid #3498db; border-radius: 4px;\">\n<h4 style=\"margin-top: 0; color: #3498db;\">Precis\u00e3o de componentes modulares<\/h4>\n<p style=\"font-size: 14px; line-height: 1.6;\">Cada kit inclui um <b>Ponteira MT<\/b>, A mola, o suporte do pino e o alojamento de alta tens\u00e3o garantem um contato f\u00edsico consistente em cada n\u00facleo de fibra.<\/p>\n<\/div>\n<div style=\"flex: 1; min-width: 280px; background: #f9f9f9; padding: 20px; border-left: 4px solid #27ae60; border-radius: 4px;\">\n<h4 style=\"margin-top: 0; color: #27ae60;\">Identifica\u00e7\u00e3o com c\u00f3digo de cores<\/h4>\n<p style=\"font-size: 14px; line-height: 1.6;\">As caixas est\u00e3o dispon\u00edveis em <b>cores padr\u00e3o do setor<\/b> (Aqua, Magenta, Amarelo, Verde-lim\u00e3o) para identifica\u00e7\u00e3o imediata do tipo de fibra (OM3, OM4, OM5 ou OS2).<\/p>\n<\/div>\n<\/div>\n<h2 data-path-to-node=\"8\">Matriz de desempenho t\u00e9cnico<\/h2>\n<p data-path-to-node=\"9\">Os dados a seguir descrevem os padr\u00f5es de refer\u00eancia para nossa s\u00e9rie de MPOs de alto desempenho:<\/p>\n<table style=\"width: 100%; border-collapse: separate; border-spacing: 0; margin: 20px 0; border: 1px solid #e1e1e1; border-radius: 8px; overflow: hidden; font-family: 'Segoe UI', Arial, sans-serif;\">\n<thead style=\"background-color: #2c3e50; color: white;\">\n<tr>\n<th style=\"padding: 15px; text-align: left;\">M\u00e9trico<\/th>\n<th style=\"padding: 15px; text-align: left;\">Modo \u00fanico (OS2)<\/th>\n<th style=\"padding: 12px; text-align: left;\">Multimodo (OM3\/OM4\/OM5)<\/th>\n<\/tr>\n<\/thead>\n<tbody>\n<tr style=\"background-color: #ffffff;\">\n<td style=\"padding: 12px; border-bottom: 1px solid #eee;\"><strong>Suporte \u00e0 contagem de fibras<\/strong><\/td>\n<td style=\"padding: 12px; border-bottom: 1px solid #eee;\">8, 12, 16 ou 24 fibras<\/td>\n<td style=\"padding: 12px; border-bottom: 1px solid #eee;\">8, 12, 16 ou 24 fibras<\/td>\n<\/tr>\n<tr style=\"background-color: #fcfcfc;\">\n<td style=\"padding: 12px; border-bottom: 1px solid #eee;\"><strong>Perda de inser\u00e7\u00e3o (IL)<\/strong><\/td>\n<td style=\"padding: 12px; border-bottom: 1px solid #eee;\">\u2264 0,35 dB (baixa perda)<\/td>\n<td style=\"padding: 12px; border-bottom: 1px solid #eee;\">\u2264 0,35 dB (baixa perda)<\/td>\n<\/tr>\n<tr style=\"background-color: #ffffff;\">\n<td style=\"padding: 12px; border-bottom: 1px solid #eee;\"><strong>Perda de retorno (RL)<\/strong><\/td>\n<td style=\"padding: 12px; border-bottom: 1px solid #eee;\">\u2265 60 dB (APC)<\/td>\n<td style=\"padding: 12px; border-bottom: 1px solid #eee;\">\u2265 20 dB<\/td>\n<\/tr>\n<tr style=\"background-color: #fcfcfc;\">\n<td style=\"padding: 12px; border-bottom: 1px solid #eee;\"><strong>Conformidade padr\u00e3o<\/strong><\/td>\n<td style=\"padding: 12px; border-bottom: 1px solid #eee;\">IEC 61754-7 \/ TIA-604-5<\/td>\n<td style=\"padding: 12px; border-bottom: 1px solid #eee;\">IEC 61754-7 \/ TIA-604-5<\/td>\n<\/tr>\n<tr style=\"background-color: #ffffff;\">\n<td style=\"padding: 12px;\"><strong>Temperatura de opera\u00e7\u00e3o<\/strong><\/td>\n<td style=\"padding: 12px;\">-40\u00b0C a +75\u00b0C<\/td>\n<td style=\"padding: 12px;\">-40\u00b0C a +75\u00b0C<\/td>\n<\/tr>\n<\/tbody>\n<\/table>\n<h2 data-path-to-node=\"12\">Perguntas frequentes de alta densidade<\/h2>\n<p data-path-to-node=\"13\"><b data-path-to-node=\"13\" data-index-in-node=\"0\">P: Qual \u00e9 a diferen\u00e7a entre os conectores MPO macho e f\u00eamea?<\/b> <b data-path-to-node=\"13\" data-index-in-node=\"66\">A:<\/b> MPO <b data-path-to-node=\"13\" data-index-in-node=\"73\">Masculino<\/b> Os conectores apresentam dois pinos de alinhamento de precis\u00e3o, enquanto os <b data-path-to-node=\"13\" data-index-in-node=\"133\">Feminino<\/b> Os conectores macho e f\u00eamea t\u00eam dois orif\u00edcios de alinhamento correspondentes. O acoplamento adequado requer um conector macho e um conector f\u00eamea para garantir que os n\u00facleos de fibra se alinhem perfeitamente.<\/p>\n<p data-path-to-node=\"14\"><b data-path-to-node=\"14\" data-index-in-node=\"0\">P: Por que h\u00e1 tantas cores de moradias?<\/b> <b data-path-to-node=\"14\" data-index-in-node=\"41\">A:<\/b> O c\u00f3digo de cores segue os padr\u00f5es internacionais para evitar incompatibilidade de rede:<\/p>\n<ul data-path-to-node=\"15\">\n<li>\n<p data-path-to-node=\"15,0,0\"><b data-path-to-node=\"15,0,0\" data-index-in-node=\"0\">Amarelo:<\/b> Modo \u00fanico (OS2)<\/p>\n<\/li>\n<li>\n<p data-path-to-node=\"15,1,0\"><b data-path-to-node=\"15,1,0\" data-index-in-node=\"0\">Aqua:<\/b> Multimodo (OM3)<\/p>\n<\/li>\n<li>\n<p data-path-to-node=\"15,2,0\"><b data-path-to-node=\"15,2,0\" data-index-in-node=\"0\">Magenta\/Erika Violet:<\/b> Multimodo (OM4)<\/p>\n<\/li>\n<li>\n<p data-path-to-node=\"15,3,0\"><b data-path-to-node=\"15,3,0\" data-index-in-node=\"0\">Verde-lim\u00e3o:<\/b> Multimodo (OM5)<\/p>\n<\/li>\n<\/ul>\n<p data-path-to-node=\"16\"><b data-path-to-node=\"16\" data-index-in-node=\"0\">P: Voc\u00eas oferecem tamanhos diferentes de bota para cabos MPO?<\/b> <b data-path-to-node=\"16\" data-index-in-node=\"53\">A:<\/b> Sim. Fornecemos boots especializados para v\u00e1rios di\u00e2metros de cabos, incluindo cabos redondos padr\u00e3o (2,0 mm\/3,0 mm) e cabos de fita planos, garantindo o al\u00edvio de tens\u00e3o adequado para diferentes arquiteturas de backbone.<\/p>\n<p data-path-to-node=\"17\"><b data-path-to-node=\"17\" data-index-in-node=\"0\">P: Como fa\u00e7o para gerenciar a polaridade com conectores MPO?<\/b> <b data-path-to-node=\"17\" data-index-in-node=\"49\">A:<\/b> A polaridade \u00e9 gerenciada por meio da orienta\u00e7\u00e3o \u201cChave\u201d no compartimento do conector. Oferecemos componentes para as configura\u00e7\u00f5es do M\u00e9todo A (chave para cima para chave para baixo), M\u00e9todo B (chave para cima para chave para cima) e M\u00e9todo C (par invertido).<\/p>","protected":false},"excerpt":{"rendered":"<p data-path-to-node=\"1\">O <b data-path-to-node=\"1\" data-index-in-node=\"4\">Conector MPO (Push-On multifibra)<\/b> \u00e9 o padr\u00e3o global para cabeamento de backbone de alta densidade e conectividade de data center. Projetados para suportar de 8 a 24 fibras em uma \u00fanica interface, esses conectores s\u00e3o essenciais para aplica\u00e7\u00f5es de alta largura de banda, como <b data-path-to-node=\"1\" data-index-in-node=\"279\">Ethernet 40G\/100G\/400G<\/b>.<\/p>\n<p data-path-to-node=\"2\">Nossos componentes MPO s\u00e3o fabricados com ponteiras MT de ultraprecis\u00e3o para garantir o alinhamento est\u00e1vel em todos os canais de fibra, fornecendo a confiabilidade necess\u00e1ria para ambientes de nuvem de hiperescala e estruturas de comuta\u00e7\u00e3o de alto tr\u00e1fego.<\/p>","protected":false},"featured_media":867,"comment_status":"open","ping_status":"closed","template":"","meta":[],"product_brand":[],"product_cat":[32],"product_tag":[],"class_list":{"0":"post-866","1":"product","2":"type-product","3":"status-publish","4":"has-post-thumbnail","6":"product_cat-mpo-connector","8":"first","9":"instock","10":"shipping-taxable","11":"product-type-simple"},"_links":{"self":[{"href":"https:\/\/www.fenxifiber.com\/pt\/wp-json\/wp\/v2\/product\/866","targetHints":{"allow":["GET"]}}],"collection":[{"href":"https:\/\/www.fenxifiber.com\/pt\/wp-json\/wp\/v2\/product"}],"about":[{"href":"https:\/\/www.fenxifiber.com\/pt\/wp-json\/wp\/v2\/types\/product"}],"replies":[{"embeddable":true,"href":"https:\/\/www.fenxifiber.com\/pt\/wp-json\/wp\/v2\/comments?post=866"}],"wp:featuredmedia":[{"embeddable":true,"href":"https:\/\/www.fenxifiber.com\/pt\/wp-json\/wp\/v2\/media\/867"}],"wp:attachment":[{"href":"https:\/\/www.fenxifiber.com\/pt\/wp-json\/wp\/v2\/media?parent=866"}],"wp:term":[{"taxonomy":"product_brand","embeddable":true,"href":"https:\/\/www.fenxifiber.com\/pt\/wp-json\/wp\/v2\/product_brand?post=866"},{"taxonomy":"product_cat","embeddable":true,"href":"https:\/\/www.fenxifiber.com\/pt\/wp-json\/wp\/v2\/product_cat?post=866"},{"taxonomy":"product_tag","embeddable":true,"href":"https:\/\/www.fenxifiber.com\/pt\/wp-json\/wp\/v2\/product_tag?post=866"}],"curies":[{"name":"wp","href":"https:\/\/api.w.org\/{rel}","templated":true}]}}