{"id":875,"date":"2026-02-04T02:56:27","date_gmt":"2026-02-04T02:56:27","guid":{"rendered":"https:\/\/www.fenxifiber.com\/?post_type=product&#038;p=875"},"modified":"2026-02-05T02:34:01","modified_gmt":"2026-02-05T02:34:01","slug":"lc-apc-3-0mm-duplex-monomodo","status":"publish","type":"product","link":"https:\/\/www.fenxifiber.com\/pt\/product\/lc-apc-3-0mm-duplex-singlemode\/","title":{"rendered":"Conector de fibra \u00f3ptica monomodo duplex LC APC de 3,0 mm"},"content":{"rendered":"<h3 data-start=\"640\" data-end=\"717\">Capa de 3,0 mm - quando o pr\u00f3prio cabo se torna parte da confiabilidade do sistema<\/h3>\n<p data-start=\"719\" data-end=\"903\">Um jumper duplex de 3,0 mm n\u00e3o \u00e9 simplesmente \u201cmais grosso\u201d.<br data-start=\"765\" data-end=\"768\" \/>Ele usa um <strong data-start=\"778\" data-end=\"843\">camada de fio de aramida mais forte, amortecedor maior e bota refor\u00e7ada<\/strong>, o que aumenta drasticamente sua margem de seguran\u00e7a mec\u00e2nica.<\/p>\n<div class=\"TyagGW_tableContainer\">\n<div class=\"group TyagGW_tableWrapper flex flex-col-reverse w-fit\" tabindex=\"-1\">\n<table class=\"w-fit min-w-(--thread-content-width)\" data-start=\"905\" data-end=\"1092\">\n<thead data-start=\"905\" data-end=\"941\">\n<tr data-start=\"905\" data-end=\"941\">\n<th class=\"\" data-start=\"905\" data-end=\"919\" data-col-size=\"sm\">Tamanho da jaqueta<\/th>\n<th class=\"\" data-start=\"919\" data-end=\"941\" data-col-size=\"md\">Significado no mundo real<\/th>\n<\/tr>\n<\/thead>\n<tbody data-start=\"976\" data-end=\"1092\">\n<tr data-start=\"976\" data-end=\"1021\">\n<td data-start=\"976\" data-end=\"984\" data-col-size=\"sm\">2,0 mm<\/td>\n<td data-col-size=\"md\" data-start=\"984\" data-end=\"1021\">Para portas de dispositivo e rack a rack<\/td>\n<\/tr>\n<tr data-start=\"1022\" data-end=\"1092\">\n<td data-start=\"1022\" data-end=\"1034\" data-col-size=\"sm\"><strong data-start=\"1024\" data-end=\"1033\">3,0 mm<\/strong><\/td>\n<td data-col-size=\"md\" data-start=\"1034\" data-end=\"1092\"><strong data-start=\"1036\" data-end=\"1090\">Para roteamento de backbone, dutos de piso, jumpers de gabinete<\/strong><\/td>\n<\/tr>\n<\/tbody>\n<\/table>\n<\/div>\n<\/div>\n<p data-start=\"1094\" data-end=\"1219\">Isso torna o APC LC duplex de 3,0 mm especialmente adequado para <strong data-start=\"1153\" data-end=\"1218\">salas de fibra metropolitana, hubs de CATV e estruturas de distribui\u00e7\u00e3o de telecomunica\u00e7\u00f5es<\/strong>.<\/p>\n<hr data-start=\"1221\" data-end=\"1224\" \/>\n<h3 data-start=\"1226\" data-end=\"1276\">Geometria APC para sistemas cr\u00edticos de reflex\u00e3o<\/h3>\n<p data-start=\"1278\" data-end=\"1363\">O contato f\u00edsico angular evita que a luz refletida entre novamente no n\u00facleo da fibra.<\/p>\n<div class=\"TyagGW_tableContainer\">\n<div class=\"group TyagGW_tableWrapper flex flex-col-reverse w-fit\" tabindex=\"-1\">\n<table class=\"w-fit min-w-(--thread-content-width)\" data-start=\"1365\" data-end=\"1639\">\n<thead data-start=\"1365\" data-end=\"1404\">\n<tr data-start=\"1365\" data-end=\"1404\">\n<th class=\"\" data-start=\"1365\" data-end=\"1387\" data-col-size=\"sm\">Desempenho \u00f3ptico<\/th>\n<th class=\"\" data-start=\"1387\" data-end=\"1404\" data-col-size=\"sm\">Valor t\u00edpico<\/th>\n<\/tr>\n<\/thead>\n<tbody data-start=\"1443\" data-end=\"1639\">\n<tr data-start=\"1443\" data-end=\"1480\">\n<td data-start=\"1443\" data-end=\"1456\" data-col-size=\"sm\">Tipo de fibra<\/td>\n<td data-start=\"1456\" data-end=\"1480\" data-col-size=\"sm\">Modo \u00fanico 9\/125 \u00b5m<\/td>\n<\/tr>\n<tr data-start=\"1481\" data-end=\"1502\">\n<td data-start=\"1481\" data-end=\"1490\" data-col-size=\"sm\">Polon\u00eas<\/td>\n<td data-start=\"1490\" data-end=\"1502\" data-col-size=\"sm\">APC (8\u00b0)<\/td>\n<\/tr>\n<tr data-start=\"1503\" data-end=\"1533\">\n<td data-start=\"1503\" data-end=\"1520\" data-col-size=\"sm\">Perda de inser\u00e7\u00e3o<\/td>\n<td data-start=\"1520\" data-end=\"1533\" data-col-size=\"sm\">\u2264 0,30 dB<\/td>\n<\/tr>\n<tr data-start=\"1534\" data-end=\"1559\">\n<td data-start=\"1534\" data-end=\"1548\" data-col-size=\"sm\">Perda de retorno<\/td>\n<td data-col-size=\"sm\" data-start=\"1548\" data-end=\"1559\">\u2265 60 dB<\/td>\n<\/tr>\n<tr data-start=\"1560\" data-end=\"1607\">\n<td data-start=\"1560\" data-end=\"1582\" data-col-size=\"sm\">Comprimentos de onda de trabalho<\/td>\n<td data-col-size=\"sm\" data-start=\"1582\" data-end=\"1607\">1310 \/ 1490 \/ 1550 nm<\/td>\n<\/tr>\n<tr data-start=\"1608\" data-end=\"1639\">\n<td data-start=\"1608\" data-end=\"1621\" data-col-size=\"sm\">Durabilidade<\/td>\n<td data-col-size=\"sm\" data-start=\"1621\" data-end=\"1639\">\u2265 1000 acasalamentos<\/td>\n<\/tr>\n<\/tbody>\n<\/table>\n<\/div>\n<\/div>\n<p data-start=\"1641\" data-end=\"1736\">Esse controle de reflex\u00e3o \u00e9 essencial para <strong data-start=\"1682\" data-end=\"1735\">RFoG, sobreposi\u00e7\u00e3o de CATV, GPON e links DWDM de longa dist\u00e2ncia<\/strong>.<\/p>\n<hr data-start=\"1738\" data-end=\"1741\" \/>\n<h3 data-start=\"1743\" data-end=\"1801\">Estrutura duplex para transmiss\u00e3o bidirecional real<\/h3>\n<p data-start=\"1803\" data-end=\"1882\">O formato LC duplex bloqueia duas fibras juntas em um corpo de conector, garantindo:<\/p>\n<ul data-start=\"1884\" data-end=\"1968\">\n<li data-start=\"1884\" data-end=\"1910\">\n<p data-start=\"1886\" data-end=\"1910\">Alinhamento Tx\/Rx est\u00e1vel<\/p>\n<\/li>\n<li data-start=\"1911\" data-end=\"1934\">\n<p data-start=\"1913\" data-end=\"1934\">Instala\u00e7\u00e3o mais r\u00e1pida<\/p>\n<\/li>\n<li data-start=\"1935\" data-end=\"1968\">\n<p data-start=\"1937\" data-end=\"1968\">Menor risco de erros de polaridade<\/p>\n<\/li>\n<\/ul>\n<p data-start=\"1970\" data-end=\"2092\">Mesmo quando os cabos s\u00e3o muito roteados atrav\u00e9s de bandejas de cabos, <strong data-start=\"2027\" data-end=\"2091\">duplex APC LC mant\u00e9m ambos os canais protegidos e sincronizados<\/strong>.<\/p>\n<hr data-start=\"2094\" data-end=\"2097\" \/>\n<h3 data-start=\"2099\" data-end=\"2124\">Detalhes de engenharia<\/h3>\n<div class=\"TyagGW_tableContainer\">\n<div class=\"group TyagGW_tableWrapper flex flex-col-reverse w-fit\" tabindex=\"-1\">\n<table class=\"w-fit min-w-(--thread-content-width)\" data-start=\"2126\" data-end=\"2399\">\n<thead data-start=\"2126\" data-end=\"2150\">\n<tr data-start=\"2126\" data-end=\"2150\">\n<th class=\"\" data-start=\"2126\" data-end=\"2138\" data-col-size=\"sm\">Componente<\/th>\n<th class=\"\" data-start=\"2138\" data-end=\"2150\" data-col-size=\"sm\">Fun\u00e7\u00e3o<\/th>\n<\/tr>\n<\/thead>\n<tbody data-start=\"2174\" data-end=\"2399\">\n<tr data-start=\"2174\" data-end=\"2234\">\n<td data-start=\"2174\" data-end=\"2204\" data-col-size=\"sm\">Virola APC de zirc\u00f4nia de 1,25 mm<\/td>\n<td data-col-size=\"sm\" data-start=\"2204\" data-end=\"2234\">Mant\u00e9m um \u00e2ngulo preciso de 8\u00b0<\/td>\n<\/tr>\n<tr data-start=\"2235\" data-end=\"2290\">\n<td data-start=\"2235\" data-end=\"2260\" data-col-size=\"sm\">Clipe duplex refor\u00e7ado<\/td>\n<td data-col-size=\"sm\" data-start=\"2260\" data-end=\"2290\">Segura as duas fibras com seguran\u00e7a<\/td>\n<\/tr>\n<tr data-start=\"2291\" data-end=\"2337\">\n<td data-start=\"2291\" data-end=\"2312\" data-col-size=\"sm\">Revestimento espesso de 3,0 mm<\/td>\n<td data-col-size=\"sm\" data-start=\"2312\" data-end=\"2337\">Absorve a for\u00e7a de tra\u00e7\u00e3o<\/td>\n<\/tr>\n<tr data-start=\"2338\" data-end=\"2399\">\n<td data-start=\"2338\" data-end=\"2361\" data-col-size=\"sm\">Polimento APC de longa dura\u00e7\u00e3o<\/td>\n<td data-col-size=\"sm\" data-start=\"2361\" data-end=\"2399\">Mant\u00e9m a perda de retorno est\u00e1vel ao longo do tempo<\/td>\n<\/tr>\n<\/tbody>\n<\/table>\n<\/div>\n<\/div>\n<hr data-start=\"2401\" data-end=\"2404\" \/>\n<h3 data-start=\"2406\" data-end=\"2428\">Perguntas e respostas profissionais<\/h3>\n<p data-start=\"2430\" data-end=\"2574\"><strong data-start=\"2430\" data-end=\"2469\">A espessura de 3,0 mm \u00e9 muito grande para adaptadores LC?<\/strong><br data-start=\"2469\" data-end=\"2472\" \/>N\u00e3o. Apenas o cabo \u00e9 mais grosso. O ferrolho e o compartimento LC permanecem padr\u00e3o e se encaixam em todos os adaptadores LC APC.<\/p>\n<p data-start=\"2576\" data-end=\"2733\"><strong data-start=\"2576\" data-end=\"2624\">Quando devo escolher 3,0 mm em vez de 2,0 mm?<\/strong><br data-start=\"2624\" data-end=\"2627\" \/>Quando os patch cords s\u00e3o <strong data-start=\"2648\" data-end=\"2699\">roteados atrav\u00e9s de dutos, gabinetes ou bandejas compartilhadas<\/strong> onde podem ser dobrados ou puxados.<\/p>\n<p data-start=\"2735\" data-end=\"2914\"><strong data-start=\"2735\" data-end=\"2781\">O APC \u00e9 realmente importante para links de backbone?<\/strong><br data-start=\"2781\" data-end=\"2784\" \/>Sim. Em caminhos longos de modo \u00fanico com divisores, amplificadores ou sinais de RF, <strong data-start=\"2857\" data-end=\"2891\">as reflex\u00f5es se acumulam rapidamente<\/strong> e a APC evita isso.<\/p>","protected":false},"excerpt":{"rendered":"<p data-start=\"94\" data-end=\"426\">Os links monomodo de longa dist\u00e2ncia n\u00e3o se referem apenas \u00e0 baixa perda, mas tamb\u00e9m a <strong data-start=\"171\" data-end=\"194\">sobreviv\u00eancia mec\u00e2nica<\/strong>.<br data-start=\"195\" data-end=\"198\" \/>Em salas de backbone, estruturas ODF, gabinetes externos e dutos de corredores, os jumpers de fibra s\u00e3o dobrados, puxados e redirecionados v\u00e1rias vezes.<br data-start=\"328\" data-end=\"331\" \/>O <strong data-start=\"335\" data-end=\"379\">Conector monomodo duplex LC APC de 3,0 mm<\/strong> foi criado exatamente para esse tipo de ambiente.<\/p>\n<p data-start=\"428\" data-end=\"633\">Ele combina <strong data-start=\"440\" data-end=\"464\">Polimento em \u00e2ngulo APC<\/strong> para estabilidade \u00f3ptica com um <strong data-start=\"494\" data-end=\"521\">Jaqueta resistente de 3,0 mm<\/strong> que protege a fibra contra <strong data-start=\"554\" data-end=\"593\">tens\u00e3o, esmagamento e microflex\u00e3o<\/strong>, Mesmo em condi\u00e7\u00f5es severas de instala\u00e7\u00e3o.<\/p>","protected":false},"featured_media":876,"comment_status":"open","ping_status":"closed","template":"","meta":[],"product_brand":[],"product_cat":[49],"product_tag":[],"class_list":{"0":"post-875","1":"product","2":"type-product","3":"status-publish","4":"has-post-thumbnail","6":"product_cat-lc-duplex-connectors-single-modemultimode","8":"first","9":"instock","10":"shipping-taxable","11":"product-type-simple"},"_links":{"self":[{"href":"https:\/\/www.fenxifiber.com\/pt\/wp-json\/wp\/v2\/product\/875","targetHints":{"allow":["GET"]}}],"collection":[{"href":"https:\/\/www.fenxifiber.com\/pt\/wp-json\/wp\/v2\/product"}],"about":[{"href":"https:\/\/www.fenxifiber.com\/pt\/wp-json\/wp\/v2\/types\/product"}],"replies":[{"embeddable":true,"href":"https:\/\/www.fenxifiber.com\/pt\/wp-json\/wp\/v2\/comments?post=875"}],"wp:featuredmedia":[{"embeddable":true,"href":"https:\/\/www.fenxifiber.com\/pt\/wp-json\/wp\/v2\/media\/876"}],"wp:attachment":[{"href":"https:\/\/www.fenxifiber.com\/pt\/wp-json\/wp\/v2\/media?parent=875"}],"wp:term":[{"taxonomy":"product_brand","embeddable":true,"href":"https:\/\/www.fenxifiber.com\/pt\/wp-json\/wp\/v2\/product_brand?post=875"},{"taxonomy":"product_cat","embeddable":true,"href":"https:\/\/www.fenxifiber.com\/pt\/wp-json\/wp\/v2\/product_cat?post=875"},{"taxonomy":"product_tag","embeddable":true,"href":"https:\/\/www.fenxifiber.com\/pt\/wp-json\/wp\/v2\/product_tag?post=875"}],"curies":[{"name":"wp","href":"https:\/\/api.w.org\/{rel}","templated":true}]}}