{"id":878,"date":"2026-02-04T02:57:29","date_gmt":"2026-02-04T02:57:29","guid":{"rendered":"https:\/\/www.fenxifiber.com\/?post_type=product&#038;p=878"},"modified":"2026-02-05T02:34:33","modified_gmt":"2026-02-05T02:34:33","slug":"lc-upc-2-0mm-duplex-monomodo","status":"publish","type":"product","link":"https:\/\/www.fenxifiber.com\/pt\/product\/lc-upc-2-0mm-duplex-singlemode\/","title":{"rendered":"Conector de fibra \u00f3ptica monomodo duplex LC UPC de 2,0 mm"},"content":{"rendered":"<h3 data-start=\"765\" data-end=\"832\">Estrutura duplex - mantendo a transmiss\u00e3o e a recep\u00e7\u00e3o sempre emparelhadas<\/h3>\n<p data-start=\"834\" data-end=\"1008\">Os sistemas de modo \u00fanico dependem de <strong data-start=\"864\" data-end=\"895\">caminhos bidirecionais precisos<\/strong>.<br data-start=\"896\" data-end=\"899\" \/>Com o inv\u00f3lucro LC duplex, as duas fibras permanecem travadas juntas, evitando erros de polaridade durante a conex\u00e3o:<\/p>\n<ul data-start=\"1010\" data-end=\"1106\">\n<li data-start=\"1010\" data-end=\"1029\">\n<p data-start=\"1012\" data-end=\"1029\">Interruptor \u2194 interruptor<\/p>\n<\/li>\n<li data-start=\"1030\" data-end=\"1049\">\n<p data-start=\"1032\" data-end=\"1049\">Roteador \u2194 roteador<\/p>\n<\/li>\n<li data-start=\"1050\" data-end=\"1078\">\n<p data-start=\"1052\" data-end=\"1078\">OLT \u2194 quadro de distribui\u00e7\u00e3o<\/p>\n<\/li>\n<li data-start=\"1079\" data-end=\"1106\">\n<p data-start=\"1081\" data-end=\"1106\">Servidor \u2194 sistema de armazenamento<\/p>\n<\/li>\n<\/ul>\n<p data-start=\"1108\" data-end=\"1172\">Mesmo durante a manuten\u00e7\u00e3o, o link permanece organizado e rastre\u00e1vel.<\/p>\n<hr data-start=\"1174\" data-end=\"1177\" \/>\n<h3 data-start=\"1179\" data-end=\"1231\">Por que 2,0 mm \u00e9 o padr\u00e3o para equipamentos ativos<\/h3>\n<p data-start=\"1233\" data-end=\"1319\">A jaqueta de 2,0 mm \u00e9 a <strong data-start=\"1257\" data-end=\"1283\">ponto de equil\u00edbrio do setor<\/strong> entre flexibilidade e prote\u00e7\u00e3o.<\/p>\n<div class=\"TyagGW_tableContainer\">\n<div class=\"group TyagGW_tableWrapper flex flex-col-reverse w-fit\" tabindex=\"-1\">\n<table class=\"w-fit min-w-(--thread-content-width)\" data-start=\"1321\" data-end=\"1555\">\n<thead data-start=\"1321\" data-end=\"1364\">\n<tr data-start=\"1321\" data-end=\"1364\">\n<th class=\"\" data-start=\"1321\" data-end=\"1335\" data-col-size=\"sm\">Tamanho da jaqueta<\/th>\n<th class=\"\" data-start=\"1335\" data-end=\"1364\" data-col-size=\"md\">Comportamento em redes reais<\/th>\n<\/tr>\n<\/thead>\n<tbody data-start=\"1407\" data-end=\"1555\">\n<tr data-start=\"1407\" data-end=\"1448\">\n<td data-start=\"1407\" data-end=\"1415\" data-col-size=\"sm\">0,9 mm<\/td>\n<td data-start=\"1415\" data-end=\"1448\" data-col-size=\"md\">Muito fr\u00e1gil para aplica\u00e7\u00e3o de patches ao vivo<\/td>\n<\/tr>\n<tr data-start=\"1449\" data-end=\"1512\">\n<td data-start=\"1449\" data-end=\"1461\" data-col-size=\"sm\"><strong data-start=\"1451\" data-end=\"1460\">2,0 mm<\/strong><\/td>\n<td data-col-size=\"md\" data-start=\"1461\" data-end=\"1512\"><strong data-start=\"1463\" data-end=\"1510\">Perfeito para interruptores, pain\u00e9is e transceptores<\/strong><\/td>\n<\/tr>\n<tr data-start=\"1513\" data-end=\"1555\">\n<td data-start=\"1513\" data-end=\"1521\" data-col-size=\"sm\">3,0 mm<\/td>\n<td data-col-size=\"md\" data-start=\"1521\" data-end=\"1555\">Superprojetado para portas de rack<\/td>\n<\/tr>\n<\/tbody>\n<\/table>\n<\/div>\n<\/div>\n<p data-start=\"1557\" data-end=\"1664\">Ele se dobra facilmente atr\u00e1s dos adaptadores LC e, ao mesmo tempo, protege a fibra contra microdobras e estresse de manuseio.<\/p>\n<hr data-start=\"1666\" data-end=\"1669\" \/>\n<h3 data-start=\"1671\" data-end=\"1696\">Desempenho \u00f3ptico<\/h3>\n<div class=\"TyagGW_tableContainer\">\n<div class=\"group TyagGW_tableWrapper flex flex-col-reverse w-fit\" tabindex=\"-1\">\n<table class=\"w-fit min-w-(--thread-content-width)\" data-start=\"1698\" data-end=\"1945\">\n<thead data-start=\"1698\" data-end=\"1727\">\n<tr data-start=\"1698\" data-end=\"1727\">\n<th class=\"\" data-start=\"1698\" data-end=\"1710\" data-col-size=\"sm\">Par\u00e2metro<\/th>\n<th class=\"\" data-start=\"1710\" data-end=\"1727\" data-col-size=\"sm\">Valor t\u00edpico<\/th>\n<\/tr>\n<\/thead>\n<tbody data-start=\"1757\" data-end=\"1945\">\n<tr data-start=\"1757\" data-end=\"1794\">\n<td data-start=\"1757\" data-end=\"1770\" data-col-size=\"sm\">Tipo de fibra<\/td>\n<td data-start=\"1770\" data-end=\"1794\" data-col-size=\"sm\">Modo \u00fanico 9\/125 \u00b5m<\/td>\n<\/tr>\n<tr data-start=\"1795\" data-end=\"1813\">\n<td data-start=\"1795\" data-end=\"1806\" data-col-size=\"sm\">Face da extremidade<\/td>\n<td data-start=\"1806\" data-end=\"1813\" data-col-size=\"sm\">UPC<\/td>\n<\/tr>\n<tr data-start=\"1814\" data-end=\"1844\">\n<td data-start=\"1814\" data-end=\"1831\" data-col-size=\"sm\">Perda de inser\u00e7\u00e3o<\/td>\n<td data-start=\"1831\" data-end=\"1844\" data-col-size=\"sm\">\u2264 0,30 dB<\/td>\n<\/tr>\n<tr data-start=\"1845\" data-end=\"1870\">\n<td data-start=\"1845\" data-end=\"1859\" data-col-size=\"sm\">Perda de retorno<\/td>\n<td data-start=\"1859\" data-end=\"1870\" data-col-size=\"sm\">\u2265 50 dB<\/td>\n<\/tr>\n<tr data-start=\"1871\" data-end=\"1913\">\n<td data-start=\"1871\" data-end=\"1895\" data-col-size=\"sm\">Comprimentos de onda operacionais<\/td>\n<td data-start=\"1895\" data-end=\"1913\" data-col-size=\"sm\">1310 \/ 1550 nm<\/td>\n<\/tr>\n<tr data-start=\"1914\" data-end=\"1945\">\n<td data-start=\"1914\" data-end=\"1927\" data-col-size=\"sm\">Durabilidade<\/td>\n<td data-start=\"1927\" data-end=\"1945\" data-col-size=\"sm\">\u2265 1000 acasalamentos<\/td>\n<\/tr>\n<\/tbody>\n<\/table>\n<\/div>\n<\/div>\n<p data-start=\"1947\" data-end=\"2037\">Esses valores suportam <strong data-start=\"1968\" data-end=\"2011\">Ethernet, SDH, DWDM e redes de acesso<\/strong> com estabilidade de longo prazo.<\/p>\n<hr data-start=\"2039\" data-end=\"2042\" \/>\n<h3 data-start=\"2044\" data-end=\"2082\">Engenharia dentro do conector<\/h3>\n<div class=\"TyagGW_tableContainer\">\n<div class=\"group TyagGW_tableWrapper flex flex-col-reverse w-fit\" tabindex=\"-1\">\n<table class=\"w-fit min-w-(--thread-content-width)\" data-start=\"2084\" data-end=\"2348\">\n<thead data-start=\"2084\" data-end=\"2099\">\n<tr data-start=\"2084\" data-end=\"2099\">\n<th class=\"\" data-start=\"2084\" data-end=\"2091\" data-col-size=\"sm\">Parte<\/th>\n<th class=\"\" data-start=\"2091\" data-end=\"2099\" data-col-size=\"sm\">Fun\u00e7\u00e3o<\/th>\n<\/tr>\n<\/thead>\n<tbody data-start=\"2116\" data-end=\"2348\">\n<tr data-start=\"2116\" data-end=\"2180\">\n<td data-start=\"2116\" data-end=\"2142\" data-col-size=\"sm\">Virola de zirc\u00f4nia de 1,25 mm<\/td>\n<td data-start=\"2142\" data-end=\"2180\" data-col-size=\"sm\">Mant\u00e9m o n\u00facleo da fibra perfeitamente alinhado<\/td>\n<\/tr>\n<tr data-start=\"2181\" data-end=\"2234\">\n<td data-start=\"2181\" data-end=\"2204\" data-col-size=\"sm\">Polimento UPC de precis\u00e3o<\/td>\n<td data-col-size=\"sm\" data-start=\"2204\" data-end=\"2234\">Reduz a reflex\u00e3o de Fresnel<\/td>\n<\/tr>\n<tr data-start=\"2235\" data-end=\"2284\">\n<td data-start=\"2235\" data-end=\"2253\" data-col-size=\"sm\">Trava LC duplex<\/td>\n<td data-start=\"2253\" data-end=\"2284\" data-col-size=\"sm\">Mant\u00e9m a orienta\u00e7\u00e3o Tx\/Rx<\/td>\n<\/tr>\n<tr data-start=\"2285\" data-end=\"2348\">\n<td data-start=\"2285\" data-end=\"2312\" data-col-size=\"sm\">Bota de al\u00edvio de tens\u00e3o de 2,0 mm<\/td>\n<td data-col-size=\"sm\" data-start=\"2312\" data-end=\"2348\">Evita danos por flex\u00e3o e tra\u00e7\u00e3o<\/td>\n<\/tr>\n<\/tbody>\n<\/table>\n<\/div>\n<\/div>\n<hr data-start=\"2350\" data-end=\"2353\" \/>\n<h3 data-start=\"2355\" data-end=\"2377\">Perguntas e respostas profissionais<\/h3>\n<p data-start=\"2379\" data-end=\"2562\"><strong data-start=\"2379\" data-end=\"2445\">O LC UPC duplex pode ser usado para links monomodo de longa dist\u00e2ncia?<\/strong><br data-start=\"2445\" data-end=\"2448\" \/>Sim. Ele \u00e9 amplamente utilizado em <strong data-start=\"2474\" data-end=\"2515\">links de backbone, metr\u00f4 e data center<\/strong> onde s\u00e3o necess\u00e1rias baixa perda e acoplamento est\u00e1vel.<\/p>\n<p data-start=\"2564\" data-end=\"2714\"><strong data-start=\"2564\" data-end=\"2604\">O UPC \u00e9 compat\u00edvel com os adaptadores da APC?<\/strong><br data-start=\"2604\" data-end=\"2607\" \/>N\u00e3o. O UPC deve ser conectado somente ao UPC. A mistura de UPC e APC danificar\u00e1 as ponteiras e prejudicar\u00e1 o desempenho.<\/p>\n<p data-start=\"2716\" data-end=\"2886\"><strong data-start=\"2716\" data-end=\"2772\">Por que o duplex \u00e9 prefer\u00edvel a dois conectores simplex?<\/strong><br data-start=\"2772\" data-end=\"2775\" \/>O duplex garante <strong data-start=\"2790\" data-end=\"2860\">polaridade correta, instala\u00e7\u00e3o mais r\u00e1pida e gerenciamento de cabos mais limpo<\/strong> em redes profissionais.<\/p>","protected":false},"excerpt":{"rendered":"<p data-start=\"175\" data-end=\"539\">Nas redes \u00f3pticas modernas, a maioria dos links n\u00e3o \u00e9 de longa dist\u00e2ncia - eles s\u00e3o <strong data-start=\"243\" data-end=\"284\">curto, frequente e altamente conectado<\/strong>.<br data-start=\"285\" data-end=\"288\" \/>Dentro dos data centers, escrit\u00f3rios centrais e salas de equipamentos, as fibras s\u00e3o constantemente conectadas, removidas e reorganizadas.<br data-start=\"408\" data-end=\"411\" \/>O <strong data-start=\"415\" data-end=\"449\">LC UPC 2,0 mm duplex monomodo<\/strong> O conector foi projetado exatamente para esse tipo de <strong data-start=\"497\" data-end=\"538\">ambiente de alta densidade e alta mudan\u00e7a<\/strong>.<\/p>\n<p data-start=\"541\" data-end=\"758\">Suas <strong data-start=\"545\" data-end=\"563\">Fator de forma LC<\/strong> dobra a densidade da porta em compara\u00e7\u00e3o com os conectores SC, enquanto o <strong data-start=\"624\" data-end=\"649\">Face da extremidade polida UPC<\/strong> garante <strong data-start=\"658\" data-end=\"708\">baixa perda de inser\u00e7\u00e3o e acoplamento \u00f3ptico est\u00e1vel<\/strong> para transmiss\u00e3o monomodo em 1310 nm e 1550 nm.<\/p>","protected":false},"featured_media":879,"comment_status":"open","ping_status":"closed","template":"","meta":[],"product_brand":[],"product_cat":[49],"product_tag":[],"class_list":{"0":"post-878","1":"product","2":"type-product","3":"status-publish","4":"has-post-thumbnail","6":"product_cat-lc-duplex-connectors-single-modemultimode","8":"first","9":"instock","10":"shipping-taxable","11":"product-type-simple"},"_links":{"self":[{"href":"https:\/\/www.fenxifiber.com\/pt\/wp-json\/wp\/v2\/product\/878","targetHints":{"allow":["GET"]}}],"collection":[{"href":"https:\/\/www.fenxifiber.com\/pt\/wp-json\/wp\/v2\/product"}],"about":[{"href":"https:\/\/www.fenxifiber.com\/pt\/wp-json\/wp\/v2\/types\/product"}],"replies":[{"embeddable":true,"href":"https:\/\/www.fenxifiber.com\/pt\/wp-json\/wp\/v2\/comments?post=878"}],"wp:featuredmedia":[{"embeddable":true,"href":"https:\/\/www.fenxifiber.com\/pt\/wp-json\/wp\/v2\/media\/879"}],"wp:attachment":[{"href":"https:\/\/www.fenxifiber.com\/pt\/wp-json\/wp\/v2\/media?parent=878"}],"wp:term":[{"taxonomy":"product_brand","embeddable":true,"href":"https:\/\/www.fenxifiber.com\/pt\/wp-json\/wp\/v2\/product_brand?post=878"},{"taxonomy":"product_cat","embeddable":true,"href":"https:\/\/www.fenxifiber.com\/pt\/wp-json\/wp\/v2\/product_cat?post=878"},{"taxonomy":"product_tag","embeddable":true,"href":"https:\/\/www.fenxifiber.com\/pt\/wp-json\/wp\/v2\/product_tag?post=878"}],"curies":[{"name":"wp","href":"https:\/\/api.w.org\/{rel}","templated":true}]}}