{"id":880,"date":"2026-02-04T02:58:35","date_gmt":"2026-02-04T02:58:35","guid":{"rendered":"https:\/\/www.fenxifiber.com\/?post_type=product&#038;p=880"},"modified":"2026-02-05T02:35:56","modified_gmt":"2026-02-05T02:35:56","slug":"lc-upc-2-0mm-duplex-multimodo","status":"publish","type":"product","link":"https:\/\/www.fenxifiber.com\/pt\/product\/lc-upc-2-0mm-duplex-multimode\/","title":{"rendered":"Conector de fibra \u00f3ptica multimodo duplex LC UPC de 2,0 mm"},"content":{"rendered":"<h3 data-start=\"714\" data-end=\"772\">Multimodo duplex - constru\u00eddo para fluxo de dados bidirecional<\/h3>\n<p data-start=\"774\" data-end=\"963\">Os transceptores multimodo sempre exigem <strong data-start=\"812\" data-end=\"848\">duas fibras: transmiss\u00e3o e recep\u00e7\u00e3o<\/strong>.<br data-start=\"849\" data-end=\"852\" \/>A estrutura LC duplex os mant\u00e9m unidos, evitando a polaridade invertida e simplificando a aplica\u00e7\u00e3o de patches no interior:<\/p>\n<ul data-start=\"965\" data-end=\"1053\">\n<li data-start=\"965\" data-end=\"981\">\n<p data-start=\"967\" data-end=\"981\">Racks de servidores<\/p>\n<\/li>\n<li data-start=\"982\" data-end=\"999\">\n<p data-start=\"984\" data-end=\"999\">Quadros de comuta\u00e7\u00e3o<\/p>\n<\/li>\n<li data-start=\"1000\" data-end=\"1020\">\n<p data-start=\"1002\" data-end=\"1020\">Redes de armazenamento<\/p>\n<\/li>\n<li data-start=\"1021\" data-end=\"1053\">\n<p data-start=\"1023\" data-end=\"1053\">Gabinetes Ethernet industriais<\/p>\n<\/li>\n<\/ul>\n<p data-start=\"1055\" data-end=\"1144\">Em ambientes de alta densidade, o LC duplex permite <strong data-start=\"1102\" data-end=\"1126\">duas vezes a contagem de portas<\/strong> de conectores SC.<\/p>\n<hr data-start=\"1146\" data-end=\"1149\" \/>\n<h3 data-start=\"1151\" data-end=\"1193\">Jaqueta de 2,0 mm - flex\u00edvel, mas confi\u00e1vel<\/h3>\n<div class=\"TyagGW_tableContainer\">\n<div class=\"group TyagGW_tableWrapper flex flex-col-reverse w-fit\" tabindex=\"-1\">\n<table class=\"w-fit min-w-(--thread-content-width)\" data-start=\"1195\" data-end=\"1372\">\n<thead data-start=\"1195\" data-end=\"1228\">\n<tr data-start=\"1195\" data-end=\"1228\">\n<th class=\"\" data-start=\"1195\" data-end=\"1208\" data-col-size=\"sm\">Tamanho do cabo<\/th>\n<th class=\"\" data-start=\"1208\" data-end=\"1228\" data-col-size=\"sm\">O que ele oferece<\/th>\n<\/tr>\n<\/thead>\n<tbody data-start=\"1261\" data-end=\"1372\">\n<tr data-start=\"1261\" data-end=\"1290\">\n<td data-start=\"1261\" data-end=\"1269\" data-col-size=\"sm\">0,9 mm<\/td>\n<td data-start=\"1269\" data-end=\"1290\" data-col-size=\"sm\">Splicing, fr\u00e1gil<\/td>\n<\/tr>\n<tr data-start=\"1291\" data-end=\"1346\">\n<td data-start=\"1291\" data-end=\"1303\" data-col-size=\"sm\"><strong data-start=\"1293\" data-end=\"1302\">2,0 mm<\/strong><\/td>\n<td data-start=\"1303\" data-end=\"1346\" data-col-size=\"sm\"><strong data-start=\"1305\" data-end=\"1344\">Patches ao vivo, transceptores, pain\u00e9is<\/strong><\/td>\n<\/tr>\n<tr data-start=\"1347\" data-end=\"1372\">\n<td data-start=\"1347\" data-end=\"1355\" data-col-size=\"sm\">3,0 mm<\/td>\n<td data-start=\"1355\" data-end=\"1372\" data-col-size=\"sm\">Roteamento pesado<\/td>\n<\/tr>\n<\/tbody>\n<\/table>\n<\/div>\n<\/div>\n<p data-start=\"1374\" data-end=\"1517\">O cabo de 2,0 mm \u00e9 otimizado para <strong data-start=\"1407\" data-end=\"1462\">conex\u00e3o frequente e roteamento apertado atr\u00e1s das portas LC<\/strong>, tornando-o o padr\u00e3o do setor para equipamentos ativos.<\/p>\n<hr data-start=\"1519\" data-end=\"1522\" \/>\n<h3 data-start=\"1524\" data-end=\"1559\">Desempenho \u00f3ptico multimodo<\/h3>\n<div class=\"TyagGW_tableContainer\">\n<div class=\"group TyagGW_tableWrapper flex flex-col-reverse w-fit\" tabindex=\"-1\">\n<table class=\"w-fit min-w-(--thread-content-width)\" data-start=\"1561\" data-end=\"1841\">\n<thead data-start=\"1561\" data-end=\"1590\">\n<tr data-start=\"1561\" data-end=\"1590\">\n<th class=\"\" data-start=\"1561\" data-end=\"1573\" data-col-size=\"sm\">Par\u00e2metro<\/th>\n<th class=\"\" data-start=\"1573\" data-end=\"1590\" data-col-size=\"sm\">Valor t\u00edpico<\/th>\n<\/tr>\n<\/thead>\n<tbody data-start=\"1620\" data-end=\"1841\">\n<tr data-start=\"1620\" data-end=\"1662\">\n<td data-start=\"1620\" data-end=\"1633\" data-col-size=\"sm\">Tipo de fibra<\/td>\n<td data-start=\"1633\" data-end=\"1662\" data-col-size=\"sm\">Multimodo OM2 \/ OM3 \/ OM4<\/td>\n<\/tr>\n<tr data-start=\"1663\" data-end=\"1703\">\n<td data-start=\"1663\" data-end=\"1675\" data-col-size=\"sm\">Tamanho do n\u00facleo<\/td>\n<td data-start=\"1675\" data-end=\"1703\" data-col-size=\"sm\">50\/125 \u00b5m ou 62,5\/125 \u00b5m<\/td>\n<\/tr>\n<tr data-start=\"1704\" data-end=\"1720\">\n<td data-start=\"1704\" data-end=\"1713\" data-col-size=\"sm\">Polon\u00eas<\/td>\n<td data-start=\"1713\" data-end=\"1720\" data-col-size=\"sm\">UPC<\/td>\n<\/tr>\n<tr data-start=\"1721\" data-end=\"1751\">\n<td data-start=\"1721\" data-end=\"1738\" data-col-size=\"sm\">Perda de inser\u00e7\u00e3o<\/td>\n<td data-start=\"1738\" data-end=\"1751\" data-col-size=\"sm\">\u2264 0,30 dB<\/td>\n<\/tr>\n<tr data-start=\"1752\" data-end=\"1777\">\n<td data-start=\"1752\" data-end=\"1766\" data-col-size=\"sm\">Perda de retorno<\/td>\n<td data-start=\"1766\" data-end=\"1777\" data-col-size=\"sm\">\u2265 35 dB<\/td>\n<\/tr>\n<tr data-start=\"1778\" data-end=\"1809\">\n<td data-start=\"1778\" data-end=\"1792\" data-col-size=\"sm\">Comprimentos de onda<\/td>\n<td data-start=\"1792\" data-end=\"1809\" data-col-size=\"sm\">850 \/ 1300 nm<\/td>\n<\/tr>\n<tr data-start=\"1810\" data-end=\"1841\">\n<td data-start=\"1810\" data-end=\"1823\" data-col-size=\"sm\">Durabilidade<\/td>\n<td data-start=\"1823\" data-end=\"1841\" data-col-size=\"sm\">\u2265 1000 acasalamentos<\/td>\n<\/tr>\n<\/tbody>\n<\/table>\n<\/div>\n<\/div>\n<p data-start=\"1843\" data-end=\"1929\">Essas especifica\u00e7\u00f5es suportam <strong data-start=\"1872\" data-end=\"1928\">Ethernet, SAN e interconex\u00f5es \u00f3pticas de curto alcance<\/strong>.<\/p>\n<hr data-start=\"1931\" data-end=\"1934\" \/>\n<h3 data-start=\"1936\" data-end=\"1962\">Dentro do conector<\/h3>\n<div class=\"TyagGW_tableContainer\">\n<div class=\"group TyagGW_tableWrapper flex flex-col-reverse w-fit\" tabindex=\"-1\">\n<table class=\"w-fit min-w-(--thread-content-width)\" data-start=\"1964\" data-end=\"2216\">\n<thead data-start=\"1964\" data-end=\"1988\">\n<tr data-start=\"1964\" data-end=\"1988\">\n<th class=\"\" data-start=\"1964\" data-end=\"1976\" data-col-size=\"sm\">Componente<\/th>\n<th class=\"\" data-start=\"1976\" data-end=\"1988\" data-col-size=\"sm\">Fun\u00e7\u00e3o<\/th>\n<\/tr>\n<\/thead>\n<tbody data-start=\"2012\" data-end=\"2216\">\n<tr data-start=\"2012\" data-end=\"2064\">\n<td data-start=\"2012\" data-end=\"2037\" data-col-size=\"sm\">Ponteira de cer\u00e2mica de 1,25 mm<\/td>\n<td data-start=\"2037\" data-end=\"2064\" data-col-size=\"sm\">Alinhamento preciso da fibra<\/td>\n<\/tr>\n<tr data-start=\"2065\" data-end=\"2119\">\n<td data-start=\"2065\" data-end=\"2089\" data-col-size=\"sm\">Face da extremidade polida UPC<\/td>\n<td data-start=\"2089\" data-end=\"2119\" data-col-size=\"sm\">Reduz a reflex\u00e3o de Fresnel<\/td>\n<\/tr>\n<tr data-start=\"2120\" data-end=\"2161\">\n<td data-start=\"2120\" data-end=\"2137\" data-col-size=\"sm\">Clipe LC duplex<\/td>\n<td data-start=\"2137\" data-end=\"2161\" data-col-size=\"sm\">Mant\u00e9m Tx\/Rx em ordem<\/td>\n<\/tr>\n<tr data-start=\"2162\" data-end=\"2216\">\n<td data-start=\"2162\" data-end=\"2189\" data-col-size=\"sm\">Bota de al\u00edvio de tens\u00e3o de 2,0 mm<\/td>\n<td data-start=\"2189\" data-end=\"2216\" data-col-size=\"sm\">Evita danos por flex\u00e3o<\/td>\n<\/tr>\n<\/tbody>\n<\/table>\n<\/div>\n<\/div>\n<hr data-start=\"2218\" data-end=\"2221\" \/>\n<h3 data-start=\"2223\" data-end=\"2245\">Perguntas e respostas profissionais<\/h3>\n<p data-start=\"2247\" data-end=\"2404\"><strong data-start=\"2247\" data-end=\"2297\">O multimodo \u00e9 adequado para links de longa dist\u00e2ncia?<\/strong><br data-start=\"2297\" data-end=\"2300\" \/>N\u00e3o. O multimodo \u00e9 otimizado para <strong data-start=\"2331\" data-end=\"2361\">dist\u00e2ncias curtas e m\u00e9dias<\/strong> como o interior de edif\u00edcios e data centers.<\/p>\n<p data-start=\"2406\" data-end=\"2549\"><strong data-start=\"2406\" data-end=\"2462\">Esse conector LC UPC pode ser usado com adaptadores APC?<\/strong><br data-start=\"2462\" data-end=\"2465\" \/>N\u00e3o. O UPC e o APC n\u00e3o devem ser misturados - as faces finais s\u00e3o diferentes e ser\u00e3o danificadas.<\/p>\n<p data-start=\"2551\" data-end=\"2743\"><strong data-start=\"2551\" data-end=\"2595\">Por que escolher LC duplex em vez de simplex?<\/strong><br data-start=\"2595\" data-end=\"2598\" \/>Como os m\u00f3dulos Ethernet e \u00f3pticos exigem <strong data-start=\"2643\" data-end=\"2667\">transmiss\u00e3o bidirecional<\/strong>, e os conectores duplex garantem <strong data-start=\"2698\" data-end=\"2742\">polaridade correta e instala\u00e7\u00e3o mais r\u00e1pida<\/strong>.<\/p>","protected":false},"excerpt":{"rendered":"<p data-start=\"162\" data-end=\"539\">O <strong data-start=\"166\" data-end=\"221\">Conector de fibra \u00f3ptica multimodo duplex LC UPC de 2,0 mm<\/strong> foi projetado para <strong data-start=\"238\" data-end=\"296\">links \u00f3pticos de alta largura de banda e de curta a m\u00e9dia dist\u00e2ncia<\/strong> dentro de data centers, redes corporativas e sistemas de controle industrial.<br data-start=\"369\" data-end=\"372\" \/>A fibra multimodo \u00e9 escolhida quando <strong data-start=\"404\" data-end=\"444\">velocidade, estabilidade e efici\u00eancia de custos<\/strong> importam mais do que a dist\u00e2ncia extrema, e esse conector LC duplex oferece exatamente esse equil\u00edbrio.<\/p>\n<p data-start=\"541\" data-end=\"707\">Com <strong data-start=\"546\" data-end=\"574\">Ponteiras LC polidas UPC<\/strong>, ele garante <strong data-start=\"587\" data-end=\"636\">contato f\u00edsico estreito e baixa perda de inser\u00e7\u00e3o<\/strong>, o que o torna ideal para <strong data-start=\"658\" data-end=\"706\">Canais \u00f3pticos multimodo de 10G, 40G e 100G<\/strong>.<\/p>","protected":false},"featured_media":881,"comment_status":"open","ping_status":"closed","template":"","meta":[],"product_brand":[],"product_cat":[49],"product_tag":[],"class_list":{"0":"post-880","1":"product","2":"type-product","3":"status-publish","4":"has-post-thumbnail","6":"product_cat-lc-duplex-connectors-single-modemultimode","8":"first","9":"instock","10":"shipping-taxable","11":"product-type-simple"},"_links":{"self":[{"href":"https:\/\/www.fenxifiber.com\/pt\/wp-json\/wp\/v2\/product\/880","targetHints":{"allow":["GET"]}}],"collection":[{"href":"https:\/\/www.fenxifiber.com\/pt\/wp-json\/wp\/v2\/product"}],"about":[{"href":"https:\/\/www.fenxifiber.com\/pt\/wp-json\/wp\/v2\/types\/product"}],"replies":[{"embeddable":true,"href":"https:\/\/www.fenxifiber.com\/pt\/wp-json\/wp\/v2\/comments?post=880"}],"wp:featuredmedia":[{"embeddable":true,"href":"https:\/\/www.fenxifiber.com\/pt\/wp-json\/wp\/v2\/media\/881"}],"wp:attachment":[{"href":"https:\/\/www.fenxifiber.com\/pt\/wp-json\/wp\/v2\/media?parent=880"}],"wp:term":[{"taxonomy":"product_brand","embeddable":true,"href":"https:\/\/www.fenxifiber.com\/pt\/wp-json\/wp\/v2\/product_brand?post=880"},{"taxonomy":"product_cat","embeddable":true,"href":"https:\/\/www.fenxifiber.com\/pt\/wp-json\/wp\/v2\/product_cat?post=880"},{"taxonomy":"product_tag","embeddable":true,"href":"https:\/\/www.fenxifiber.com\/pt\/wp-json\/wp\/v2\/product_tag?post=880"}],"curies":[{"name":"wp","href":"https:\/\/api.w.org\/{rel}","templated":true}]}}