{"id":885,"date":"2026-02-04T03:00:39","date_gmt":"2026-02-04T03:00:39","guid":{"rendered":"https:\/\/www.fenxifiber.com\/?post_type=product&#038;p=885"},"modified":"2026-02-05T02:36:30","modified_gmt":"2026-02-05T02:36:30","slug":"lc-upc-3-0mm-duplex-monomodo","status":"publish","type":"product","link":"https:\/\/www.fenxifiber.com\/pt\/product\/lc-upc-3-0mm-duplex-singlemode\/","title":{"rendered":"Conector de fibra \u00f3ptica monomodo duplex LC UPC de 3,0 mm"},"content":{"rendered":"<h3 data-start=\"737\" data-end=\"786\">3,0 mm duplex - constru\u00eddo para caminhos de cabeamento reais<\/h3>\n<div class=\"TyagGW_tableContainer\">\n<div class=\"group TyagGW_tableWrapper flex flex-col-reverse w-fit\" tabindex=\"-1\">\n<table class=\"w-fit min-w-(--thread-content-width)\" data-start=\"788\" data-end=\"982\">\n<thead data-start=\"788\" data-end=\"827\">\n<tr data-start=\"788\" data-end=\"827\">\n<th class=\"\" data-start=\"788\" data-end=\"801\" data-col-size=\"sm\">Tipo de cabo<\/th>\n<th class=\"\" data-start=\"801\" data-end=\"827\" data-col-size=\"md\">Onde o desempenho \u00e9 melhor<\/th>\n<\/tr>\n<\/thead>\n<tbody data-start=\"867\" data-end=\"982\">\n<tr data-start=\"867\" data-end=\"908\">\n<td data-start=\"867\" data-end=\"875\" data-col-size=\"sm\">2,0 mm<\/td>\n<td data-start=\"875\" data-end=\"908\" data-col-size=\"md\">Jumpers curtos nas portas do dispositivo<\/td>\n<\/tr>\n<tr data-start=\"909\" data-end=\"982\">\n<td data-start=\"909\" data-end=\"921\" data-col-size=\"sm\"><strong data-start=\"911\" data-end=\"920\">3,0 mm<\/strong><\/td>\n<td data-start=\"921\" data-end=\"982\" data-col-size=\"md\"><strong data-start=\"923\" data-end=\"980\">Constru\u00e7\u00e3o de backbones, links entre andares, roteamento ODF<\/strong><\/td>\n<\/tr>\n<\/tbody>\n<\/table>\n<\/div>\n<\/div>\n<p data-start=\"984\" data-end=\"1094\">O revestimento mais espesso absorve as for\u00e7as de tra\u00e7\u00e3o e reduz a microflex\u00e3o quando as fibras s\u00e3o roteadas por caminhos longos.<\/p>\n<hr data-start=\"1096\" data-end=\"1099\" \/>\n<h3 data-start=\"1101\" data-end=\"1143\">Caracter\u00edsticas de transmiss\u00e3o \u00f3ptica<\/h3>\n<div class=\"TyagGW_tableContainer\">\n<div class=\"group TyagGW_tableWrapper flex flex-col-reverse w-fit\" tabindex=\"-1\">\n<table class=\"w-fit min-w-(--thread-content-width)\" data-start=\"1145\" data-end=\"1396\">\n<thead data-start=\"1145\" data-end=\"1174\">\n<tr data-start=\"1145\" data-end=\"1174\">\n<th class=\"\" data-start=\"1145\" data-end=\"1157\" data-col-size=\"sm\">Par\u00e2metro<\/th>\n<th class=\"\" data-start=\"1157\" data-end=\"1174\" data-col-size=\"sm\">Valor t\u00edpico<\/th>\n<\/tr>\n<\/thead>\n<tbody data-start=\"1204\" data-end=\"1396\">\n<tr data-start=\"1204\" data-end=\"1236\">\n<td data-start=\"1204\" data-end=\"1212\" data-col-size=\"sm\">Fibra<\/td>\n<td data-start=\"1212\" data-end=\"1236\" data-col-size=\"sm\">Modo \u00fanico 9\/125 \u00b5m<\/td>\n<\/tr>\n<tr data-start=\"1237\" data-end=\"1258\">\n<td data-start=\"1237\" data-end=\"1251\" data-col-size=\"sm\">Tipo de polon\u00eas<\/td>\n<td data-start=\"1251\" data-end=\"1258\" data-col-size=\"sm\">UPC<\/td>\n<\/tr>\n<tr data-start=\"1259\" data-end=\"1289\">\n<td data-start=\"1259\" data-end=\"1276\" data-col-size=\"sm\">Perda de inser\u00e7\u00e3o<\/td>\n<td data-start=\"1276\" data-end=\"1289\" data-col-size=\"sm\">\u2264 0,30 dB<\/td>\n<\/tr>\n<tr data-start=\"1290\" data-end=\"1315\">\n<td data-start=\"1290\" data-end=\"1304\" data-col-size=\"sm\">Perda de retorno<\/td>\n<td data-start=\"1304\" data-end=\"1315\" data-col-size=\"sm\">\u2265 50 dB<\/td>\n<\/tr>\n<tr data-start=\"1316\" data-end=\"1358\">\n<td data-start=\"1316\" data-end=\"1340\" data-col-size=\"sm\">Comprimentos de onda operacionais<\/td>\n<td data-start=\"1340\" data-end=\"1358\" data-col-size=\"sm\">1310 \/ 1550 nm<\/td>\n<\/tr>\n<tr data-start=\"1359\" data-end=\"1396\">\n<td data-start=\"1359\" data-end=\"1379\" data-col-size=\"sm\">Durabilidade do acoplamento<\/td>\n<td data-start=\"1379\" data-end=\"1396\" data-col-size=\"sm\">\u2265 1000 ciclos<\/td>\n<\/tr>\n<\/tbody>\n<\/table>\n<\/div>\n<\/div>\n<p data-start=\"1398\" data-end=\"1496\">Esses valores suportam <strong data-start=\"1419\" data-end=\"1463\">Ethernet, SDH, redes metropolitanas e de acesso<\/strong> com estabilidade de sinal de longo prazo.<\/p>\n<hr data-start=\"1498\" data-end=\"1501\" \/>\n<h3 data-start=\"1503\" data-end=\"1528\">Estrutura LC duplex<\/h3>\n<p data-start=\"1530\" data-end=\"1659\">Duas fibras s\u00e3o fixadas em um compartimento LC duplex, garantindo <strong data-start=\"1590\" data-end=\"1619\">orienta\u00e7\u00e3o correta de Tx\/Rx<\/strong> mesmo quando os cabos s\u00e3o movidos ou passam por manuten\u00e7\u00e3o.<\/p>\n<div class=\"TyagGW_tableContainer\">\n<div class=\"group TyagGW_tableWrapper flex flex-col-reverse w-fit\" tabindex=\"-1\">\n<table class=\"w-fit min-w-(--thread-content-width)\" data-start=\"1661\" data-end=\"1899\">\n<thead data-start=\"1661\" data-end=\"1687\">\n<tr data-start=\"1661\" data-end=\"1687\">\n<th class=\"\" data-start=\"1661\" data-end=\"1676\" data-col-size=\"sm\">Constru\u00e7\u00e3o<\/th>\n<th class=\"\" data-start=\"1676\" data-end=\"1687\" data-col-size=\"sm\">Benef\u00edcio<\/th>\n<\/tr>\n<\/thead>\n<tbody data-start=\"1713\" data-end=\"1899\">\n<tr data-start=\"1713\" data-end=\"1765\">\n<td data-start=\"1713\" data-end=\"1739\" data-col-size=\"sm\">Ponteiras de cer\u00e2mica de 1,25 mm<\/td>\n<td data-col-size=\"sm\" data-start=\"1739\" data-end=\"1765\">Alinhamento preciso do n\u00facleo<\/td>\n<\/tr>\n<tr data-start=\"1766\" data-end=\"1809\">\n<td data-start=\"1766\" data-end=\"1791\" data-col-size=\"sm\">Faces de extremidade polidas UPC<\/td>\n<td data-col-size=\"sm\" data-start=\"1791\" data-end=\"1809\">Baixa reflex\u00e3o<\/td>\n<\/tr>\n<tr data-start=\"1810\" data-end=\"1849\">\n<td data-start=\"1810\" data-end=\"1827\" data-col-size=\"sm\">Clipe LC duplex<\/td>\n<td data-col-size=\"sm\" data-start=\"1827\" data-end=\"1849\">Mant\u00e9m a polaridade<\/td>\n<\/tr>\n<tr data-start=\"1850\" data-end=\"1899\">\n<td data-start=\"1850\" data-end=\"1871\" data-col-size=\"sm\">Revestimento espesso de 3,0 mm<\/td>\n<td data-start=\"1871\" data-end=\"1899\" data-col-size=\"sm\">Protege contra a tens\u00e3o<\/td>\n<\/tr>\n<\/tbody>\n<\/table>\n<\/div>\n<\/div>\n<hr data-start=\"1901\" data-end=\"1904\" \/>\n<h3 data-start=\"1906\" data-end=\"1928\">Perguntas e respostas profissionais<\/h3>\n<p data-start=\"1930\" data-end=\"2085\"><strong data-start=\"1930\" data-end=\"1978\">Quando devo escolher 3,0 mm em vez de 2,0 mm?<\/strong><br data-start=\"1978\" data-end=\"1981\" \/>Quando o jumper passa por <strong data-start=\"2010\" data-end=\"2053\">bandejas de cabos, risers ou estruturas de backbone<\/strong> onde possa ser dobrado ou puxado.<\/p>\n<p data-start=\"2087\" data-end=\"2216\"><strong data-start=\"2087\" data-end=\"2135\">Ele \u00e9 compat\u00edvel com todos os adaptadores LC UPC?<\/strong><br data-start=\"2135\" data-end=\"2138\" \/>Sim. A interface LC \u00e9 padr\u00e3o e se encaixa em todos os pain\u00e9is e transceptores LC UPC.<\/p>\n<p data-start=\"2218\" data-end=\"2353\"><strong data-start=\"2218\" data-end=\"2255\">Isso pode ser usado para sistemas PON?<\/strong><br data-start=\"2255\" data-end=\"2258\" \/>Sim, mas para sobreposi\u00e7\u00e3o de RF ou sistemas PON sens\u00edveis \u00e0 reflex\u00e3o, <strong data-start=\"2319\" data-end=\"2329\">LC APC<\/strong> \u00e9 recomendado em seu lugar.<\/p>","protected":false},"excerpt":{"rendered":"<p data-start=\"164\" data-end=\"520\">O <strong data-start=\"168\" data-end=\"224\">Conector de fibra \u00f3ptica monomodo duplex LC UPC de 3,0 mm<\/strong> foi projetado para <strong data-start=\"241\" data-end=\"288\">links de fibra que devem permanecer est\u00e1veis por anos<\/strong>, n\u00e3o apenas dentro de um rack, mas em todo o <strong data-start=\"324\" data-end=\"365\">andares, corredores e estruturas de backbone<\/strong>.<br data-start=\"366\" data-end=\"369\" \/>Onde os patch cords s\u00e3o roteados <strong data-start=\"406\" data-end=\"463\">bandejas de cabos, eixos verticais ou gabinetes de distribui\u00e7\u00e3o<\/strong>, Por isso, uma jaqueta mais grossa e protetora se torna essencial.<\/p>\n<p data-start=\"522\" data-end=\"730\">Esse conector LC duplex de 3,0 mm combina <strong data-start=\"562\" data-end=\"588\">polimento UPC de baixa perda<\/strong> com um <strong data-start=\"596\" data-end=\"626\">estrutura de cabos refor\u00e7ada<\/strong>, criando uma conex\u00e3o confi\u00e1vel entre <strong data-start=\"667\" data-end=\"729\">quadros de distribui\u00e7\u00e3o \u00f3ptica, switches e equipamentos de acesso<\/strong>.<\/p>","protected":false},"featured_media":886,"comment_status":"open","ping_status":"closed","template":"","meta":[],"product_brand":[],"product_cat":[49],"product_tag":[],"class_list":{"0":"post-885","1":"product","2":"type-product","3":"status-publish","4":"has-post-thumbnail","6":"product_cat-lc-duplex-connectors-single-modemultimode","8":"first","9":"instock","10":"shipping-taxable","11":"product-type-simple"},"_links":{"self":[{"href":"https:\/\/www.fenxifiber.com\/pt\/wp-json\/wp\/v2\/product\/885","targetHints":{"allow":["GET"]}}],"collection":[{"href":"https:\/\/www.fenxifiber.com\/pt\/wp-json\/wp\/v2\/product"}],"about":[{"href":"https:\/\/www.fenxifiber.com\/pt\/wp-json\/wp\/v2\/types\/product"}],"replies":[{"embeddable":true,"href":"https:\/\/www.fenxifiber.com\/pt\/wp-json\/wp\/v2\/comments?post=885"}],"wp:featuredmedia":[{"embeddable":true,"href":"https:\/\/www.fenxifiber.com\/pt\/wp-json\/wp\/v2\/media\/886"}],"wp:attachment":[{"href":"https:\/\/www.fenxifiber.com\/pt\/wp-json\/wp\/v2\/media?parent=885"}],"wp:term":[{"taxonomy":"product_brand","embeddable":true,"href":"https:\/\/www.fenxifiber.com\/pt\/wp-json\/wp\/v2\/product_brand?post=885"},{"taxonomy":"product_cat","embeddable":true,"href":"https:\/\/www.fenxifiber.com\/pt\/wp-json\/wp\/v2\/product_cat?post=885"},{"taxonomy":"product_tag","embeddable":true,"href":"https:\/\/www.fenxifiber.com\/pt\/wp-json\/wp\/v2\/product_tag?post=885"}],"curies":[{"name":"wp","href":"https:\/\/api.w.org\/{rel}","templated":true}]}}