{"id":892,"date":"2026-02-04T03:04:47","date_gmt":"2026-02-04T03:04:47","guid":{"rendered":"https:\/\/www.fenxifiber.com\/?post_type=product&#038;p=892"},"modified":"2026-02-05T02:22:27","modified_gmt":"2026-02-05T02:22:27","slug":"lc-apc-0-9mm-simplex-monomodo","status":"publish","type":"product","link":"https:\/\/www.fenxifiber.com\/pt\/product\/lc-apc-0-9mm-simplex-singlemode\/","title":{"rendered":"Conector monomodo Simplex LC APC 0,9 mm"},"content":{"rendered":"<h3 data-start=\"694\" data-end=\"741\">Por que LC + APC \u00e9 a combina\u00e7\u00e3o preferida<\/h3>\n<p data-start=\"743\" data-end=\"943\">Os conectores LC s\u00e3o conhecidos por sua <strong data-start=\"777\" data-end=\"823\">Tamanho reduzido e mecanismo de trava seguro<\/strong>, enquanto o polimento APC oferece <strong data-start=\"854\" data-end=\"891\">Reflex\u00e3o traseira excepcionalmente baixa<\/strong>.<br data-start=\"892\" data-end=\"895\" \/>Juntos, eles criam um conector que oferece suporte:<\/p>\n<ul data-start=\"945\" data-end=\"1083\">\n<li data-start=\"945\" data-end=\"974\">\n<p data-start=\"947\" data-end=\"974\">Pain\u00e9is de patch de alta densidade<\/p>\n<\/li>\n<li data-start=\"975\" data-end=\"1017\">\n<p data-start=\"977\" data-end=\"1017\">Transmiss\u00e3o monomodo de longa dist\u00e2ncia<\/p>\n<\/li>\n<li data-start=\"1018\" data-end=\"1052\">\n<p data-start=\"1020\" data-end=\"1052\">Transceptores \u00f3pticos sens\u00edveis<\/p>\n<\/li>\n<li data-start=\"1053\" data-end=\"1083\">\n<p data-start=\"1055\" data-end=\"1083\">Qualidade est\u00e1vel do sinal FTTH<\/p>\n<\/li>\n<\/ul>\n<p data-start=\"1085\" data-end=\"1189\">\u00c9 por isso que os conectores LC APC est\u00e3o se tornando padr\u00e3o em <strong data-start=\"1140\" data-end=\"1188\">redes modernas de fibra para acesso e data center<\/strong>.<\/p>\n<hr data-start=\"1191\" data-end=\"1194\" \/>\n<h3 data-start=\"1196\" data-end=\"1239\">Projetado para fibra de buffer estreito de 0,9 mm<\/h3>\n<div class=\"TyagGW_tableContainer\">\n<div class=\"group TyagGW_tableWrapper flex flex-col-reverse w-fit\" tabindex=\"-1\">\n<table class=\"w-fit min-w-(--thread-content-width)\" data-start=\"1241\" data-end=\"1393\">\n<thead data-start=\"1241\" data-end=\"1277\">\n<tr data-start=\"1241\" data-end=\"1277\">\n<th class=\"\" data-start=\"1241\" data-end=\"1254\" data-col-size=\"sm\">Tipo de cabo<\/th>\n<th class=\"\" data-start=\"1254\" data-end=\"1277\" data-col-size=\"md\">Aplica\u00e7\u00e3o t\u00edpica<\/th>\n<\/tr>\n<\/thead>\n<tbody data-start=\"1313\" data-end=\"1393\">\n<tr data-start=\"1313\" data-end=\"1393\">\n<td data-start=\"1313\" data-end=\"1338\" data-col-size=\"sm\"><strong data-start=\"1315\" data-end=\"1337\">Tamp\u00e3o apertado de 0,9 mm<\/strong><\/td>\n<td data-col-size=\"md\" data-start=\"1338\" data-end=\"1393\">Pigtails, jumpers de equipamentos, roteamento interno de fibra<\/td>\n<\/tr>\n<\/tbody>\n<\/table>\n<\/div>\n<\/div>\n<p data-start=\"1395\" data-end=\"1519\">Esse tamanho permite <strong data-start=\"1416\" data-end=\"1474\">roteamento compacto dentro de ODFs, ONTs e m\u00f3dulos \u00f3pticos<\/strong>, sem sacrificar a confiabilidade mec\u00e2nica.<\/p>\n<hr data-start=\"1521\" data-end=\"1524\" \/>\n<h3 data-start=\"1526\" data-end=\"1551\">Desempenho \u00f3ptico<\/h3>\n<div class=\"TyagGW_tableContainer\">\n<div class=\"group TyagGW_tableWrapper flex flex-col-reverse w-fit\" tabindex=\"-1\">\n<table class=\"w-fit min-w-(--thread-content-width)\" data-start=\"1553\" data-end=\"1824\">\n<thead data-start=\"1553\" data-end=\"1582\">\n<tr data-start=\"1553\" data-end=\"1582\">\n<th class=\"\" data-start=\"1553\" data-end=\"1565\" data-col-size=\"sm\">Par\u00e2metro<\/th>\n<th class=\"\" data-start=\"1565\" data-end=\"1582\" data-col-size=\"sm\">Valor t\u00edpico<\/th>\n<\/tr>\n<\/thead>\n<tbody data-start=\"1611\" data-end=\"1824\">\n<tr data-start=\"1611\" data-end=\"1650\">\n<td data-start=\"1611\" data-end=\"1624\" data-col-size=\"sm\">Tipo de fibra<\/td>\n<td data-col-size=\"sm\" data-start=\"1624\" data-end=\"1650\">Modo \u00fanico (9\/125 \u00b5m)<\/td>\n<\/tr>\n<tr data-start=\"1651\" data-end=\"1684\">\n<td data-start=\"1651\" data-end=\"1665\" data-col-size=\"sm\">Tipo de polon\u00eas<\/td>\n<td data-col-size=\"sm\" data-start=\"1665\" data-end=\"1684\">APC (\u00e2ngulo de 8\u00b0)<\/td>\n<\/tr>\n<tr data-start=\"1685\" data-end=\"1715\">\n<td data-start=\"1685\" data-end=\"1702\" data-col-size=\"sm\">Perda de inser\u00e7\u00e3o<\/td>\n<td data-col-size=\"sm\" data-start=\"1702\" data-end=\"1715\">\u2264 0,30 dB<\/td>\n<\/tr>\n<tr data-start=\"1716\" data-end=\"1741\">\n<td data-start=\"1716\" data-end=\"1730\" data-col-size=\"sm\">Perda de retorno<\/td>\n<td data-col-size=\"sm\" data-start=\"1730\" data-end=\"1741\">\u2265 60 dB<\/td>\n<\/tr>\n<tr data-start=\"1742\" data-end=\"1786\">\n<td data-start=\"1742\" data-end=\"1765\" data-col-size=\"sm\">Comprimento de onda operacional<\/td>\n<td data-col-size=\"sm\" data-start=\"1765\" data-end=\"1786\">1310 nm \/ 1550 nm<\/td>\n<\/tr>\n<tr data-start=\"1787\" data-end=\"1824\">\n<td data-start=\"1787\" data-end=\"1807\" data-col-size=\"sm\">Durabilidade do acoplamento<\/td>\n<td data-col-size=\"sm\" data-start=\"1807\" data-end=\"1824\">\u2265 1000 ciclos<\/td>\n<\/tr>\n<\/tbody>\n<\/table>\n<\/div>\n<\/div>\n<p data-start=\"1826\" data-end=\"1947\">Essas caracter\u00edsticas o tornam adequado para <strong data-start=\"1869\" data-end=\"1909\">PON, FTTH, CATV e links de longa dist\u00e2ncia<\/strong> onde o controle de reflexo \u00e9 fundamental.<\/p>\n<hr data-start=\"1949\" data-end=\"1952\" \/>\n<h3 data-start=\"1954\" data-end=\"1992\">Projeto mec\u00e2nico e estrutural<\/h3>\n<div class=\"TyagGW_tableContainer\">\n<div class=\"group TyagGW_tableWrapper flex flex-col-reverse w-fit\" tabindex=\"-1\">\n<table class=\"w-fit min-w-(--thread-content-width)\" data-start=\"1994\" data-end=\"2253\">\n<thead data-start=\"1994\" data-end=\"2018\">\n<tr data-start=\"1994\" data-end=\"2018\">\n<th class=\"\" data-start=\"1994\" data-end=\"2001\" data-col-size=\"sm\">Item<\/th>\n<th class=\"\" data-start=\"2001\" data-end=\"2018\" data-col-size=\"sm\">Especifica\u00e7\u00e3o<\/th>\n<\/tr>\n<\/thead>\n<tbody data-start=\"2045\" data-end=\"2253\">\n<tr data-start=\"2045\" data-end=\"2076\">\n<td data-start=\"2045\" data-end=\"2062\" data-col-size=\"sm\">Tipo de conector<\/td>\n<td data-start=\"2062\" data-end=\"2076\" data-col-size=\"sm\">LC Simplex<\/td>\n<\/tr>\n<tr data-start=\"2077\" data-end=\"2099\">\n<td data-start=\"2077\" data-end=\"2090\" data-col-size=\"sm\">Tamanho da fibra<\/td>\n<td data-start=\"2090\" data-end=\"2099\" data-col-size=\"sm\">0,9 mm<\/td>\n<\/tr>\n<tr data-start=\"2100\" data-end=\"2137\">\n<td data-start=\"2100\" data-end=\"2110\" data-col-size=\"sm\">Ponteira<\/td>\n<td data-start=\"2110\" data-end=\"2137\" data-col-size=\"sm\">Cer\u00e2mica de zirc\u00f4nia de 1,25 mm<\/td>\n<\/tr>\n<tr data-start=\"2138\" data-end=\"2177\">\n<td data-start=\"2138\" data-end=\"2156\" data-col-size=\"sm\">Sistema de travamento<\/td>\n<td data-start=\"2156\" data-end=\"2177\" data-col-size=\"sm\">Trava LC estilo RJ<\/td>\n<\/tr>\n<tr data-start=\"2178\" data-end=\"2210\">\n<td data-start=\"2178\" data-end=\"2189\" data-col-size=\"sm\">Face final<\/td>\n<td data-start=\"2189\" data-end=\"2210\" data-col-size=\"sm\">Polimento angular APC<\/td>\n<\/tr>\n<tr data-start=\"2211\" data-end=\"2253\">\n<td data-start=\"2211\" data-end=\"2235\" data-col-size=\"sm\">Temperatura operacional<\/td>\n<td data-start=\"2235\" data-end=\"2253\" data-col-size=\"sm\">-40\u00b0C a +75\u00b0C<\/td>\n<\/tr>\n<\/tbody>\n<\/table>\n<\/div>\n<\/div>\n<p data-start=\"2255\" data-end=\"2393\">O <strong data-start=\"2259\" data-end=\"2271\">Trava LC<\/strong> permite uma conex\u00e3o push-pull r\u00e1pida, enquanto o <strong data-start=\"2317\" data-end=\"2336\">virola de cer\u00e2mica<\/strong> garante o alinhamento preciso das fibras e a estabilidade a longo prazo.<\/p>\n<hr data-start=\"2395\" data-end=\"2398\" \/>\n<h3 data-start=\"2400\" data-end=\"2444\">Onde esse conector \u00e9 normalmente usado<\/h3>\n<ul data-start=\"2446\" data-end=\"2662\">\n<li data-start=\"2446\" data-end=\"2477\">\n<p data-start=\"2448\" data-end=\"2477\">Links de assinantes FTTH e PON<\/p>\n<\/li>\n<li data-start=\"2478\" data-end=\"2506\">\n<p data-start=\"2480\" data-end=\"2506\">Pain\u00e9is de patches de data center<\/p>\n<\/li>\n<li data-start=\"2507\" data-end=\"2534\">\n<p data-start=\"2509\" data-end=\"2534\">Molduras ODF de alta densidade<\/p>\n<\/li>\n<li data-start=\"2535\" data-end=\"2585\">\n<p data-start=\"2537\" data-end=\"2585\">Transceptores \u00f3pticos (SFP, GPON, XG-PON, etc.)<\/p>\n<\/li>\n<li data-start=\"2586\" data-end=\"2620\">\n<p data-start=\"2588\" data-end=\"2620\">Sistemas CATV e RF sobre fibra<\/p>\n<\/li>\n<li data-start=\"2621\" data-end=\"2662\">\n<p data-start=\"2623\" data-end=\"2662\">Equipamento de teste e monitoramento \u00f3ptico<\/p>\n<\/li>\n<\/ul>\n<hr data-start=\"2664\" data-end=\"2667\" \/>\n<h2 data-start=\"2669\" data-end=\"2690\">Perguntas e respostas profissionais<\/h2>\n<p data-start=\"2692\" data-end=\"2929\"><strong data-start=\"2692\" data-end=\"2745\">P1: Por que usar APC em vez de UPC para conectores LC?<\/strong><br data-start=\"2745\" data-end=\"2748\" \/>O polimento APC proporciona muito <strong data-start=\"2776\" data-end=\"2807\">maior perda de retorno (\u226560 dB)<\/strong>, que \u00e9 importante para <strong data-start=\"2832\" data-end=\"2882\">PON, CATV e links monomodo de longa dist\u00e2ncia<\/strong> onde a luz refletida pode prejudicar o desempenho.<\/p>\n<hr data-start=\"2931\" data-end=\"2934\" \/>\n<p data-start=\"2936\" data-end=\"3099\"><strong data-start=\"2936\" data-end=\"2973\">P2: O LC APC pode se conectar ao LC UPC?<\/strong><br data-start=\"2973\" data-end=\"2976\" \/>N\u00e3o. O APC e o UPC t\u00eam geometrias de extremidade diferentes. A combina\u00e7\u00e3o entre eles causa <strong data-start=\"3047\" data-end=\"3098\">alta perda de inser\u00e7\u00e3o e poss\u00edvel dano ao ferrolho<\/strong>.<\/p>\n<hr data-start=\"3101\" data-end=\"3104\" \/>\n<p data-start=\"3106\" data-end=\"3325\"><strong data-start=\"3106\" data-end=\"3156\">P3: 0,9 mm \u00e9 adequado para cabos suspensos externos?<\/strong><br data-start=\"3156\" data-end=\"3159\" \/>0,9 mm \u00e9 usado principalmente para <strong data-start=\"3184\" data-end=\"3225\">pigtails internos e jumpers de equipamentos<\/strong>. Os cabos drop FTTH externos normalmente usam <strong data-start=\"3265\" data-end=\"3291\">Jaquetas de 2,0 mm ou 3,0 mm<\/strong> com membros de resist\u00eancia refor\u00e7ados.<\/p>","protected":false},"excerpt":{"rendered":"<h3 data-start=\"156\" data-end=\"206\">Conector pequeno, desempenho \u00f3ptico s\u00e9rio<\/h3>\n<p data-start=\"208\" data-end=\"384\">O <strong data-start=\"212\" data-end=\"258\">Conector monomodo Simplex LC APC de 0,9 mm<\/strong> foi projetado para os modernos <strong data-start=\"282\" data-end=\"313\">redes de fibra de alta densidade<\/strong>, Quando o espa\u00e7o \u00e9 limitado, mas o desempenho \u00f3ptico n\u00e3o pode ser comprometido.<\/p>\n<p data-start=\"386\" data-end=\"687\">Com sua <strong data-start=\"395\" data-end=\"421\">formato LC compacto<\/strong> e <strong data-start=\"426\" data-end=\"448\">Virola angular APC<\/strong>, Esse conector \u00e9 amplamente utilizado em <strong data-start=\"483\" data-end=\"572\">Redes de acesso FTTH, data centers, sistemas PON e equipamentos \u00f3pticos de alta precis\u00e3o<\/strong>. O <strong data-start=\"578\" data-end=\"607\">Design de buffer estreito de 0,9 mm<\/strong> torna-o ideal para <strong data-start=\"627\" data-end=\"686\">pigtails, jumpers de equipamentos e fia\u00e7\u00e3o interna de dispositivos<\/strong>.<\/p>","protected":false},"featured_media":893,"comment_status":"open","ping_status":"closed","template":"","meta":[],"product_brand":[],"product_cat":[50],"product_tag":[],"class_list":{"0":"post-892","1":"product","2":"type-product","3":"status-publish","4":"has-post-thumbnail","6":"product_cat-lc-simplex-connectors-single-modemultimode","8":"first","9":"instock","10":"shipping-taxable","11":"product-type-simple"},"_links":{"self":[{"href":"https:\/\/www.fenxifiber.com\/pt\/wp-json\/wp\/v2\/product\/892","targetHints":{"allow":["GET"]}}],"collection":[{"href":"https:\/\/www.fenxifiber.com\/pt\/wp-json\/wp\/v2\/product"}],"about":[{"href":"https:\/\/www.fenxifiber.com\/pt\/wp-json\/wp\/v2\/types\/product"}],"replies":[{"embeddable":true,"href":"https:\/\/www.fenxifiber.com\/pt\/wp-json\/wp\/v2\/comments?post=892"}],"wp:featuredmedia":[{"embeddable":true,"href":"https:\/\/www.fenxifiber.com\/pt\/wp-json\/wp\/v2\/media\/893"}],"wp:attachment":[{"href":"https:\/\/www.fenxifiber.com\/pt\/wp-json\/wp\/v2\/media?parent=892"}],"wp:term":[{"taxonomy":"product_brand","embeddable":true,"href":"https:\/\/www.fenxifiber.com\/pt\/wp-json\/wp\/v2\/product_brand?post=892"},{"taxonomy":"product_cat","embeddable":true,"href":"https:\/\/www.fenxifiber.com\/pt\/wp-json\/wp\/v2\/product_cat?post=892"},{"taxonomy":"product_tag","embeddable":true,"href":"https:\/\/www.fenxifiber.com\/pt\/wp-json\/wp\/v2\/product_tag?post=892"}],"curies":[{"name":"wp","href":"https:\/\/api.w.org\/{rel}","templated":true}]}}