{"id":894,"date":"2026-02-04T03:05:58","date_gmt":"2026-02-04T03:05:58","guid":{"rendered":"https:\/\/www.fenxifiber.com\/?post_type=product&#038;p=894"},"modified":"2026-02-05T02:23:02","modified_gmt":"2026-02-05T02:23:02","slug":"lc-apc-2-0mm-simplex-monomodo","status":"publish","type":"product","link":"https:\/\/www.fenxifiber.com\/pt\/product\/lc-apc-2-0mm-simplex-singlemode\/","title":{"rendered":"Conector monomodo Simplex LC APC de 2,0 mm"},"content":{"rendered":"<h3 data-start=\"767\" data-end=\"803\">Por que 2,0 mm \u00e9 o padr\u00e3o FTTH<\/h3>\n<p data-start=\"805\" data-end=\"1013\">As redes FTTH e de acesso exigem cabos de fibra que possam resistir a dobras, pux\u00f5es e reconex\u00f5es frequentes.<br data-start=\"912\" data-end=\"915\" \/>O <strong data-start=\"919\" data-end=\"935\">Jaqueta de 2,0 mm<\/strong> oferece o equil\u00edbrio certo entre <strong data-start=\"971\" data-end=\"1012\">flexibilidade e prote\u00e7\u00e3o mec\u00e2nica<\/strong>.<\/p>\n<div class=\"TyagGW_tableContainer\">\n<div class=\"group TyagGW_tableWrapper flex flex-col-reverse w-fit\" tabindex=\"-1\">\n<table class=\"w-fit min-w-(--thread-content-width)\" data-start=\"1015\" data-end=\"1168\">\n<thead data-start=\"1015\" data-end=\"1043\">\n<tr data-start=\"1015\" data-end=\"1043\">\n<th class=\"\" data-start=\"1015\" data-end=\"1028\" data-col-size=\"sm\">Tamanho do cabo<\/th>\n<th class=\"\" data-start=\"1028\" data-end=\"1043\" data-col-size=\"sm\">Uso t\u00edpico<\/th>\n<\/tr>\n<\/thead>\n<tbody data-start=\"1072\" data-end=\"1168\">\n<tr data-start=\"1072\" data-end=\"1114\">\n<td data-start=\"1072\" data-end=\"1084\" data-col-size=\"sm\"><strong data-start=\"1074\" data-end=\"1083\">0,9 mm<\/strong><\/td>\n<td data-col-size=\"sm\" data-start=\"1084\" data-end=\"1114\">Pigtails, dentro do equipamento<\/td>\n<\/tr>\n<tr data-start=\"1115\" data-end=\"1168\">\n<td data-start=\"1115\" data-end=\"1127\" data-col-size=\"sm\"><strong data-start=\"1117\" data-end=\"1126\">2,0 mm<\/strong><\/td>\n<td data-col-size=\"sm\" data-start=\"1127\" data-end=\"1168\">Jumpers FTTH, tomadas de parede, cabos ONT<\/td>\n<\/tr>\n<\/tbody>\n<\/table>\n<\/div>\n<\/div>\n<p data-start=\"1170\" data-end=\"1248\">Isso torna a vers\u00e3o LC APC de 2,0 mm ideal para <strong data-start=\"1216\" data-end=\"1247\">conex\u00f5es de fibra de \u00faltima milha<\/strong>.<\/p>\n<hr data-start=\"1250\" data-end=\"1253\" \/>\n<h3 data-start=\"1255\" data-end=\"1306\">Desempenho \u00f3ptico para redes PON e de acesso<\/h3>\n<div class=\"TyagGW_tableContainer\">\n<div class=\"group TyagGW_tableWrapper flex flex-col-reverse w-fit\" tabindex=\"-1\">\n<table class=\"w-fit min-w-(--thread-content-width)\" data-start=\"1308\" data-end=\"1574\">\n<thead data-start=\"1308\" data-end=\"1337\">\n<tr data-start=\"1308\" data-end=\"1337\">\n<th class=\"\" data-start=\"1308\" data-end=\"1320\" data-col-size=\"sm\">Par\u00e2metro<\/th>\n<th class=\"\" data-start=\"1320\" data-end=\"1337\" data-col-size=\"sm\">Valor t\u00edpico<\/th>\n<\/tr>\n<\/thead>\n<tbody data-start=\"1367\" data-end=\"1574\">\n<tr data-start=\"1367\" data-end=\"1406\">\n<td data-start=\"1367\" data-end=\"1380\" data-col-size=\"sm\">Tipo de fibra<\/td>\n<td data-col-size=\"sm\" data-start=\"1380\" data-end=\"1406\">Modo \u00fanico (9\/125 \u00b5m)<\/td>\n<\/tr>\n<tr data-start=\"1407\" data-end=\"1440\">\n<td data-start=\"1407\" data-end=\"1421\" data-col-size=\"sm\">Tipo de polon\u00eas<\/td>\n<td data-col-size=\"sm\" data-start=\"1421\" data-end=\"1440\">APC (\u00e2ngulo de 8\u00b0)<\/td>\n<\/tr>\n<tr data-start=\"1441\" data-end=\"1471\">\n<td data-start=\"1441\" data-end=\"1458\" data-col-size=\"sm\">Perda de inser\u00e7\u00e3o<\/td>\n<td data-col-size=\"sm\" data-start=\"1458\" data-end=\"1471\">\u2264 0,30 dB<\/td>\n<\/tr>\n<tr data-start=\"1472\" data-end=\"1497\">\n<td data-start=\"1472\" data-end=\"1486\" data-col-size=\"sm\">Perda de retorno<\/td>\n<td data-col-size=\"sm\" data-start=\"1486\" data-end=\"1497\">\u2265 60 dB<\/td>\n<\/tr>\n<tr data-start=\"1498\" data-end=\"1542\">\n<td data-start=\"1498\" data-end=\"1521\" data-col-size=\"sm\">Comprimento de onda operacional<\/td>\n<td data-col-size=\"sm\" data-start=\"1521\" data-end=\"1542\">1310 nm \/ 1550 nm<\/td>\n<\/tr>\n<tr data-start=\"1543\" data-end=\"1574\">\n<td data-start=\"1543\" data-end=\"1557\" data-col-size=\"sm\">Vida de acasalamento<\/td>\n<td data-col-size=\"sm\" data-start=\"1557\" data-end=\"1574\">\u2265 1000 ciclos<\/td>\n<\/tr>\n<\/tbody>\n<\/table>\n<\/div>\n<\/div>\n<p data-start=\"1576\" data-end=\"1653\">A alta perda de retorno garante <strong data-start=\"1605\" data-end=\"1652\">Qualidade est\u00e1vel de sinal GPON, XG-PON e CATV<\/strong>.<\/p>\n<hr data-start=\"1655\" data-end=\"1658\" \/>\n<h3 data-start=\"1660\" data-end=\"1686\">Estrutura mec\u00e2nica<\/h3>\n<div class=\"TyagGW_tableContainer\">\n<div class=\"group TyagGW_tableWrapper flex flex-col-reverse w-fit\" tabindex=\"-1\">\n<table class=\"w-fit min-w-(--thread-content-width)\" data-start=\"1688\" data-end=\"1978\">\n<thead data-start=\"1688\" data-end=\"1712\">\n<tr data-start=\"1688\" data-end=\"1712\">\n<th class=\"\" data-start=\"1688\" data-end=\"1695\" data-col-size=\"sm\">Item<\/th>\n<th class=\"\" data-start=\"1695\" data-end=\"1712\" data-col-size=\"sm\">Especifica\u00e7\u00e3o<\/th>\n<\/tr>\n<\/thead>\n<tbody data-start=\"1738\" data-end=\"1978\">\n<tr data-start=\"1738\" data-end=\"1769\">\n<td data-start=\"1738\" data-end=\"1755\" data-col-size=\"sm\">Tipo de conector<\/td>\n<td data-col-size=\"sm\" data-start=\"1755\" data-end=\"1769\">LC Simplex<\/td>\n<\/tr>\n<tr data-start=\"1770\" data-end=\"1792\">\n<td data-start=\"1770\" data-end=\"1783\" data-col-size=\"sm\">Tamanho do cabo<\/td>\n<td data-col-size=\"sm\" data-start=\"1783\" data-end=\"1792\">2,0 mm<\/td>\n<\/tr>\n<tr data-start=\"1793\" data-end=\"1830\">\n<td data-start=\"1793\" data-end=\"1803\" data-col-size=\"sm\">Ponteira<\/td>\n<td data-col-size=\"sm\" data-start=\"1803\" data-end=\"1830\">Cer\u00e2mica de zirc\u00f4nia de 1,25 mm<\/td>\n<\/tr>\n<tr data-start=\"1831\" data-end=\"1871\">\n<td data-start=\"1831\" data-end=\"1849\" data-col-size=\"sm\">Sistema de travamento<\/td>\n<td data-col-size=\"sm\" data-start=\"1849\" data-end=\"1871\">Trava push-pull LC<\/td>\n<\/tr>\n<tr data-start=\"1872\" data-end=\"1904\">\n<td data-start=\"1872\" data-end=\"1883\" data-col-size=\"sm\">Face final<\/td>\n<td data-start=\"1883\" data-end=\"1904\" data-col-size=\"sm\">Polimento angular APC<\/td>\n<\/tr>\n<tr data-start=\"1905\" data-end=\"1947\">\n<td data-start=\"1905\" data-end=\"1929\" data-col-size=\"sm\">Temperatura operacional<\/td>\n<td data-col-size=\"sm\" data-start=\"1929\" data-end=\"1947\">-40\u00b0C a +75\u00b0C<\/td>\n<\/tr>\n<tr data-start=\"1948\" data-end=\"1978\">\n<td data-start=\"1948\" data-end=\"1967\" data-col-size=\"sm\">Resist\u00eancia \u00e0 tra\u00e7\u00e3o<\/td>\n<td data-col-size=\"sm\" data-start=\"1967\" data-end=\"1978\">\u2265 100 N<\/td>\n<\/tr>\n<\/tbody>\n<\/table>\n<\/div>\n<\/div>\n<p data-start=\"1980\" data-end=\"2083\">O <strong data-start=\"1984\" data-end=\"2003\">Projeto de trava LC<\/strong> permite a conex\u00e3o r\u00e1pida em pain\u00e9is densos, mantendo a fibra bloqueada com seguran\u00e7a.<\/p>\n<hr data-start=\"2085\" data-end=\"2088\" \/>\n<h3 data-start=\"2090\" data-end=\"2116\">Aplica\u00e7\u00f5es t\u00edpicas<\/h3>\n<p data-start=\"2118\" data-end=\"2151\">Esse conector \u00e9 amplamente utilizado em:<\/p>\n<ul data-start=\"2153\" data-end=\"2331\">\n<li data-start=\"2153\" data-end=\"2194\">\n<p data-start=\"2155\" data-end=\"2194\">Tomadas de parede FTTH e conex\u00f5es ONT<\/p>\n<\/li>\n<li data-start=\"2195\" data-end=\"2221\">\n<p data-start=\"2197\" data-end=\"2221\">Caixas de distribui\u00e7\u00e3o PON<\/p>\n<\/li>\n<li data-start=\"2222\" data-end=\"2244\">\n<p data-start=\"2224\" data-end=\"2244\">Pain\u00e9is de patch de fibra<\/p>\n<\/li>\n<li data-start=\"2245\" data-end=\"2275\">\n<p data-start=\"2247\" data-end=\"2275\">Acessar patch cords de rede<\/p>\n<\/li>\n<li data-start=\"2276\" data-end=\"2306\">\n<p data-start=\"2278\" data-end=\"2306\">Links de CATV e RF sobre fibra<\/p>\n<\/li>\n<li data-start=\"2307\" data-end=\"2331\">\n<p data-start=\"2309\" data-end=\"2331\">Jumpers de teste \u00f3ptico<\/p>\n<\/li>\n<\/ul>\n<hr data-start=\"2333\" data-end=\"2336\" \/>\n<h2 data-start=\"2338\" data-end=\"2359\">Perguntas e respostas profissionais<\/h2>\n<p data-start=\"2361\" data-end=\"2520\"><strong data-start=\"2361\" data-end=\"2410\">P1: O LC APC 2.0mm pode ser usado em data centers?<\/strong><br data-start=\"2410\" data-end=\"2413\" \/>Sim. Funciona bem em <strong data-start=\"2435\" data-end=\"2468\">links de data center de modo \u00fanico<\/strong>, especialmente quando <strong data-start=\"2487\" data-end=\"2519\">\u00e9 necess\u00e1ria uma alta perda de retorno<\/strong>.<\/p>\n<hr data-start=\"2522\" data-end=\"2525\" \/>\n<p data-start=\"2527\" data-end=\"2706\"><strong data-start=\"2527\" data-end=\"2588\">P2: A resist\u00eancia de 2,0 mm \u00e9 suficiente para cabos FTTH do lado do cliente?<\/strong><br data-start=\"2588\" data-end=\"2591\" \/>Sim. 2,0 mm \u00e9 o <strong data-start=\"2609\" data-end=\"2647\">tamanho padr\u00e3o para patch cords FTTH<\/strong>, oferecendo boa flexibilidade com resist\u00eancia \u00e0 tra\u00e7\u00e3o confi\u00e1vel.<\/p>\n<hr data-start=\"2708\" data-end=\"2711\" \/>\n<p data-start=\"2713\" data-end=\"2849\"><strong data-start=\"2713\" data-end=\"2750\">P3: O LC APC pode se conectar ao LC UPC?<\/strong><br data-start=\"2750\" data-end=\"2753\" \/>N\u00e3o. O APC e o UPC n\u00e3o devem ser misturados. Isso causar\u00e1 <strong data-start=\"2808\" data-end=\"2848\">alta perda \u00f3ptica e danos ao ferrolho<\/strong>.<\/p>","protected":false},"excerpt":{"rendered":"<h3 data-start=\"128\" data-end=\"173\">Feito para FTTH real e trabalho de fibra em campo<\/h3>\n<p data-start=\"175\" data-end=\"381\">O <strong data-start=\"179\" data-end=\"225\">Conector monomodo Simplex LC APC de 2,0 mm<\/strong> foi projetado para <strong data-start=\"242\" data-end=\"302\">Termina\u00e7\u00e3o de fibra no local e montagens de cabos drop FTTH<\/strong>, onde ambos <strong data-start=\"315\" data-end=\"358\">qualidade \u00f3ptica e resist\u00eancia mec\u00e2nica<\/strong> s\u00e3o igualmente importantes.<\/p>\n<p data-start=\"383\" data-end=\"620\">Em compara\u00e7\u00e3o com os conectores pigtail de 0,9 mm, o <strong data-start=\"427\" data-end=\"453\">Vers\u00e3o com camisa de 2,0 mm<\/strong> fornece <strong data-start=\"463\" data-end=\"510\">al\u00edvio de tens\u00e3o e for\u00e7a de tra\u00e7\u00e3o muito melhores<\/strong>, tornando-o adequado para <strong data-start=\"535\" data-end=\"619\">tomadas de parede, conex\u00f5es ONU, caixas de distribui\u00e7\u00e3o e links de fibra do lado do cliente<\/strong>.<\/p>\n<p data-start=\"622\" data-end=\"760\">Com <strong data-start=\"627\" data-end=\"651\">Polimento em \u00e2ngulo APC<\/strong> e o <strong data-start=\"660\" data-end=\"681\">formato LC compacto<\/strong>, esse conector fornece <strong data-start=\"707\" data-end=\"759\">sinais limpos em ambientes de fibra de alta densidade<\/strong>.<\/p>","protected":false},"featured_media":895,"comment_status":"open","ping_status":"closed","template":"","meta":[],"product_brand":[],"product_cat":[50],"product_tag":[],"class_list":{"0":"post-894","1":"product","2":"type-product","3":"status-publish","4":"has-post-thumbnail","6":"product_cat-lc-simplex-connectors-single-modemultimode","8":"first","9":"instock","10":"shipping-taxable","11":"product-type-simple"},"_links":{"self":[{"href":"https:\/\/www.fenxifiber.com\/pt\/wp-json\/wp\/v2\/product\/894","targetHints":{"allow":["GET"]}}],"collection":[{"href":"https:\/\/www.fenxifiber.com\/pt\/wp-json\/wp\/v2\/product"}],"about":[{"href":"https:\/\/www.fenxifiber.com\/pt\/wp-json\/wp\/v2\/types\/product"}],"replies":[{"embeddable":true,"href":"https:\/\/www.fenxifiber.com\/pt\/wp-json\/wp\/v2\/comments?post=894"}],"wp:featuredmedia":[{"embeddable":true,"href":"https:\/\/www.fenxifiber.com\/pt\/wp-json\/wp\/v2\/media\/895"}],"wp:attachment":[{"href":"https:\/\/www.fenxifiber.com\/pt\/wp-json\/wp\/v2\/media?parent=894"}],"wp:term":[{"taxonomy":"product_brand","embeddable":true,"href":"https:\/\/www.fenxifiber.com\/pt\/wp-json\/wp\/v2\/product_brand?post=894"},{"taxonomy":"product_cat","embeddable":true,"href":"https:\/\/www.fenxifiber.com\/pt\/wp-json\/wp\/v2\/product_cat?post=894"},{"taxonomy":"product_tag","embeddable":true,"href":"https:\/\/www.fenxifiber.com\/pt\/wp-json\/wp\/v2\/product_tag?post=894"}],"curies":[{"name":"wp","href":"https:\/\/api.w.org\/{rel}","templated":true}]}}