{"id":898,"date":"2026-02-04T03:08:46","date_gmt":"2026-02-04T03:08:46","guid":{"rendered":"https:\/\/www.fenxifiber.com\/?post_type=product&#038;p=898"},"modified":"2026-02-05T02:24:15","modified_gmt":"2026-02-05T02:24:15","slug":"lc-upc-0-9mm-simplex-monomodo","status":"publish","type":"product","link":"https:\/\/www.fenxifiber.com\/pt\/product\/lc-upc-0-9mm-simplex-singlemode\/","title":{"rendered":"Conector monomodo Simplex LC UPC 0,9 mm"},"content":{"rendered":"<h3 data-start=\"793\" data-end=\"829\">Por que 0,9 mm \u00e9 usado para tran\u00e7as<\/h3>\n<div class=\"TyagGW_tableContainer\">\n<div class=\"group TyagGW_tableWrapper flex flex-col-reverse w-fit\" tabindex=\"-1\">\n<table class=\"w-fit min-w-(--thread-content-width)\" data-start=\"831\" data-end=\"1007\">\n<thead data-start=\"831\" data-end=\"856\">\n<tr data-start=\"831\" data-end=\"856\">\n<th class=\"\" data-start=\"831\" data-end=\"844\" data-col-size=\"sm\">Tamanho do cabo<\/th>\n<th class=\"\" data-start=\"844\" data-end=\"856\" data-col-size=\"md\">Fun\u00e7\u00e3o<\/th>\n<\/tr>\n<\/thead>\n<tbody data-start=\"883\" data-end=\"1007\">\n<tr data-start=\"883\" data-end=\"941\">\n<td data-start=\"883\" data-end=\"895\" data-col-size=\"sm\"><strong data-start=\"885\" data-end=\"894\">0,9 mm<\/strong><\/td>\n<td data-col-size=\"md\" data-start=\"895\" data-end=\"941\">Pigtails com emenda por fus\u00e3o e roteamento interno<\/td>\n<\/tr>\n<tr data-start=\"942\" data-end=\"965\">\n<td data-start=\"942\" data-end=\"950\" data-col-size=\"sm\">2,0 mm<\/td>\n<td data-col-size=\"md\" data-start=\"950\" data-end=\"965\">Patch cords<\/td>\n<\/tr>\n<tr data-start=\"966\" data-end=\"1007\">\n<td data-start=\"966\" data-end=\"974\" data-col-size=\"sm\">3,0 mm<\/td>\n<td data-col-size=\"md\" data-start=\"974\" data-end=\"1007\">Cabos externos e de alta resist\u00eancia<\/td>\n<\/tr>\n<\/tbody>\n<\/table>\n<\/div>\n<\/div>\n<p data-start=\"1009\" data-end=\"1157\">O <strong data-start=\"1013\" data-end=\"1034\">revestimento fino de 0,9 mm<\/strong> permite que a fibra seja <strong data-start=\"1058\" data-end=\"1115\">armazenados de forma organizada dentro de bandejas de emenda e cassetes de fibra<\/strong>, e, ao mesmo tempo, proteger a fibra revestida.<\/p>\n<hr data-start=\"1159\" data-end=\"1162\" \/>\n<h3 data-start=\"1164\" data-end=\"1189\">Desempenho \u00f3ptico<\/h3>\n<div class=\"TyagGW_tableContainer\">\n<div class=\"group TyagGW_tableWrapper flex flex-col-reverse w-fit\" tabindex=\"-1\">\n<table class=\"w-fit min-w-(--thread-content-width)\" data-start=\"1191\" data-end=\"1484\">\n<thead data-start=\"1191\" data-end=\"1220\">\n<tr data-start=\"1191\" data-end=\"1220\">\n<th class=\"\" data-start=\"1191\" data-end=\"1203\" data-col-size=\"sm\">Par\u00e2metro<\/th>\n<th class=\"\" data-start=\"1203\" data-end=\"1220\" data-col-size=\"sm\">Valor t\u00edpico<\/th>\n<\/tr>\n<\/thead>\n<tbody data-start=\"1250\" data-end=\"1484\">\n<tr data-start=\"1250\" data-end=\"1287\">\n<td data-start=\"1250\" data-end=\"1263\" data-col-size=\"sm\">Tipo de fibra<\/td>\n<td data-start=\"1263\" data-end=\"1287\" data-col-size=\"sm\">Modo \u00fanico 9\/125 \u00b5m<\/td>\n<\/tr>\n<tr data-start=\"1288\" data-end=\"1309\">\n<td data-start=\"1288\" data-end=\"1302\" data-col-size=\"sm\">Tipo de polon\u00eas<\/td>\n<td data-start=\"1302\" data-end=\"1309\" data-col-size=\"sm\">UPC<\/td>\n<\/tr>\n<tr data-start=\"1310\" data-end=\"1340\">\n<td data-start=\"1310\" data-end=\"1327\" data-col-size=\"sm\">Perda de inser\u00e7\u00e3o<\/td>\n<td data-col-size=\"sm\" data-start=\"1327\" data-end=\"1340\">\u2264 0,25 dB<\/td>\n<\/tr>\n<tr data-start=\"1341\" data-end=\"1366\">\n<td data-start=\"1341\" data-end=\"1355\" data-col-size=\"sm\">Perda de retorno<\/td>\n<td data-col-size=\"sm\" data-start=\"1355\" data-end=\"1366\">\u2265 50 dB<\/td>\n<\/tr>\n<tr data-start=\"1367\" data-end=\"1408\">\n<td data-start=\"1367\" data-end=\"1390\" data-col-size=\"sm\">Comprimento de onda operacional<\/td>\n<td data-col-size=\"sm\" data-start=\"1390\" data-end=\"1408\">1310 \/ 1550 nm<\/td>\n<\/tr>\n<tr data-start=\"1409\" data-end=\"1446\">\n<td data-start=\"1409\" data-end=\"1429\" data-col-size=\"sm\">Geometria da face final<\/td>\n<td data-col-size=\"sm\" data-start=\"1429\" data-end=\"1446\">Compat\u00edvel com IEC<\/td>\n<\/tr>\n<tr data-start=\"1447\" data-end=\"1484\">\n<td data-start=\"1447\" data-end=\"1467\" data-col-size=\"sm\">Durabilidade do acoplamento<\/td>\n<td data-col-size=\"sm\" data-start=\"1467\" data-end=\"1484\">\u2265 1000 ciclos<\/td>\n<\/tr>\n<\/tbody>\n<\/table>\n<\/div>\n<\/div>\n<p data-start=\"1486\" data-end=\"1582\">O polimento UPC garante <strong data-start=\"1508\" data-end=\"1538\">transmiss\u00e3o de sinal est\u00e1vel<\/strong> para a maioria <strong data-start=\"1548\" data-end=\"1581\">aplicativos de telecomunica\u00e7\u00f5es e dados<\/strong>.<\/p>\n<hr data-start=\"1584\" data-end=\"1587\" \/>\n<h3 data-start=\"1589\" data-end=\"1615\">Estrutura mec\u00e2nica<\/h3>\n<div class=\"TyagGW_tableContainer\">\n<div class=\"group TyagGW_tableWrapper flex flex-col-reverse w-fit\" tabindex=\"-1\">\n<table class=\"w-fit min-w-(--thread-content-width)\" data-start=\"1617\" data-end=\"1857\">\n<thead data-start=\"1617\" data-end=\"1641\">\n<tr data-start=\"1617\" data-end=\"1641\">\n<th class=\"\" data-start=\"1617\" data-end=\"1624\" data-col-size=\"sm\">Item<\/th>\n<th class=\"\" data-start=\"1624\" data-end=\"1641\" data-col-size=\"sm\">Especifica\u00e7\u00e3o<\/th>\n<\/tr>\n<\/thead>\n<tbody data-start=\"1667\" data-end=\"1857\">\n<tr data-start=\"1667\" data-end=\"1698\">\n<td data-start=\"1667\" data-end=\"1684\" data-col-size=\"sm\">Tipo de conector<\/td>\n<td data-start=\"1684\" data-end=\"1698\" data-col-size=\"sm\">LC Simplex<\/td>\n<\/tr>\n<tr data-start=\"1699\" data-end=\"1725\">\n<td data-start=\"1699\" data-end=\"1716\" data-col-size=\"sm\">Di\u00e2metro do cabo<\/td>\n<td data-start=\"1716\" data-end=\"1725\" data-col-size=\"sm\">0,9 mm<\/td>\n<\/tr>\n<tr data-start=\"1726\" data-end=\"1763\">\n<td data-start=\"1726\" data-end=\"1736\" data-col-size=\"sm\">Ponteira<\/td>\n<td data-start=\"1736\" data-end=\"1763\" data-col-size=\"sm\">Cer\u00e2mica de zirc\u00f4nia de 1,25 mm<\/td>\n<\/tr>\n<tr data-start=\"1764\" data-end=\"1793\">\n<td data-start=\"1764\" data-end=\"1771\" data-col-size=\"sm\">Bota<\/td>\n<td data-start=\"1771\" data-end=\"1793\" data-col-size=\"sm\">Bota curta com rabo de cavalo<\/td>\n<\/tr>\n<tr data-start=\"1794\" data-end=\"1818\">\n<td data-start=\"1794\" data-end=\"1802\" data-col-size=\"sm\">Trava<\/td>\n<td data-start=\"1802\" data-end=\"1818\" data-col-size=\"sm\">LC push-pull<\/td>\n<\/tr>\n<tr data-start=\"1819\" data-end=\"1857\">\n<td data-start=\"1819\" data-end=\"1839\" data-col-size=\"sm\">Faixa de temperatura<\/td>\n<td data-start=\"1839\" data-end=\"1857\" data-col-size=\"sm\">-40\u00b0C a +75\u00b0C<\/td>\n<\/tr>\n<\/tbody>\n<\/table>\n<\/div>\n<\/div>\n<p data-start=\"1859\" data-end=\"1968\">O <strong data-start=\"1863\" data-end=\"1884\">design de bota curta<\/strong> permite que o conector se encaixe facilmente em <strong data-start=\"1925\" data-end=\"1967\">bandejas de emenda e m\u00f3dulos de fibra compactos<\/strong>.<\/p>\n<hr data-start=\"1970\" data-end=\"1973\" \/>\n<h3 data-start=\"1975\" data-end=\"2001\">Aplica\u00e7\u00f5es t\u00edpicas<\/h3>\n<p data-start=\"2003\" data-end=\"2036\">Esse conector \u00e9 amplamente utilizado em:<\/p>\n<ul data-start=\"2038\" data-end=\"2202\">\n<li data-start=\"2038\" data-end=\"2062\">\n<p data-start=\"2040\" data-end=\"2062\">Pigtails de fibra \u00f3ptica<\/p>\n<\/li>\n<li data-start=\"2063\" data-end=\"2094\">\n<p data-start=\"2065\" data-end=\"2094\">ODF e quadros de distribui\u00e7\u00e3o<\/p>\n<\/li>\n<li data-start=\"2095\" data-end=\"2131\">\n<p data-start=\"2097\" data-end=\"2131\">Cassetes de fibra e bandejas de emenda<\/p>\n<\/li>\n<li data-start=\"2132\" data-end=\"2168\">\n<p data-start=\"2134\" data-end=\"2168\">Transceptores e m\u00f3dulos \u00f3pticos<\/p>\n<\/li>\n<li data-start=\"2169\" data-end=\"2202\">\n<p data-start=\"2171\" data-end=\"2202\">Equipamento de escrit\u00f3rio central FTTH<\/p>\n<\/li>\n<\/ul>\n<hr data-start=\"2204\" data-end=\"2207\" \/>\n<h2 data-start=\"2209\" data-end=\"2230\">Perguntas e respostas profissionais<\/h2>\n<p data-start=\"2232\" data-end=\"2397\"><strong data-start=\"2232\" data-end=\"2285\">P1: O LC UPC 0,9 mm pode ser usado para fazer patch cords?<\/strong><br data-start=\"2285\" data-end=\"2288\" \/>Os conectores n\u00ba 0,9 mm s\u00e3o projetados para <strong data-start=\"2326\" data-end=\"2338\">tran\u00e7as<\/strong> e devem ser emendados a cabos mais grossos para formar patch cords.<\/p>\n<hr data-start=\"2399\" data-end=\"2402\" \/>\n<p data-start=\"2404\" data-end=\"2593\"><strong data-start=\"2404\" data-end=\"2452\">P2: Quando devo escolher UPC em vez de APC?<\/strong><br data-start=\"2452\" data-end=\"2455\" \/>O UPC \u00e9 usado em <strong data-start=\"2470\" data-end=\"2507\">redes gerais de telecomunica\u00e7\u00f5es e dados<\/strong>. O APC \u00e9 necess\u00e1rio para <strong data-start=\"2529\" data-end=\"2553\">Sistemas PON e CATV<\/strong> onde a reflex\u00e3o deve ser extremamente baixa.<\/p>\n<hr data-start=\"2595\" data-end=\"2598\" \/>\n<p data-start=\"2600\" data-end=\"2738\"><strong data-start=\"2600\" data-end=\"2654\">P3: Esse conector \u00e9 compat\u00edvel com adaptadores LC?<\/strong><br data-start=\"2654\" data-end=\"2657\" \/>Sim. Ele combina perfeitamente com <strong data-start=\"2686\" data-end=\"2714\">adaptadores LC UPC padr\u00e3o<\/strong> e patch cords LC UPC.<\/p>","protected":false},"excerpt":{"rendered":"<h3 data-start=\"220\" data-end=\"271\">Projetado para uma termina\u00e7\u00e3o de fibra limpa e precisa<\/h3>\n<p data-start=\"273\" data-end=\"582\">O <strong data-start=\"277\" data-end=\"323\">Conector monomodo Simplex LC UPC de 0,9 mm<\/strong> \u00e9 otimizado para <strong data-start=\"341\" data-end=\"429\">pigtails fabricados na f\u00e1brica, fia\u00e7\u00e3o de equipamentos internos e m\u00f3dulos \u00f3pticos de alta precis\u00e3o<\/strong>.<br data-start=\"430\" data-end=\"433\" \/>Diferentemente dos conectores revestidos de 2,0 mm e 3,0 mm usados para patch cords, o <strong data-start=\"502\" data-end=\"581\">A vers\u00e3o de 0,9 mm foi desenvolvida para emendas por fus\u00e3o direta e roteamento compacto de fibras<\/strong>.<\/p>\n<p data-start=\"584\" data-end=\"786\">Com um <strong data-start=\"591\" data-end=\"616\">Face da extremidade polida UPC<\/strong> e um <strong data-start=\"623\" data-end=\"649\">Ponteira de cer\u00e2mica de 1,25 mm<\/strong>, ele fornece <strong data-start=\"663\" data-end=\"708\">perda de inser\u00e7\u00e3o est\u00e1vel e baixa reflet\u00e2ncia<\/strong>, o que o torna ideal para <strong data-start=\"730\" data-end=\"785\">Bandejas ODF, m\u00f3dulos \u00f3pticos e quadros de distribui\u00e7\u00e3o<\/strong>.<\/p>","protected":false},"featured_media":899,"comment_status":"open","ping_status":"closed","template":"","meta":[],"product_brand":[],"product_cat":[50],"product_tag":[],"class_list":{"0":"post-898","1":"product","2":"type-product","3":"status-publish","4":"has-post-thumbnail","6":"product_cat-lc-simplex-connectors-single-modemultimode","8":"first","9":"instock","10":"shipping-taxable","11":"product-type-simple"},"_links":{"self":[{"href":"https:\/\/www.fenxifiber.com\/pt\/wp-json\/wp\/v2\/product\/898","targetHints":{"allow":["GET"]}}],"collection":[{"href":"https:\/\/www.fenxifiber.com\/pt\/wp-json\/wp\/v2\/product"}],"about":[{"href":"https:\/\/www.fenxifiber.com\/pt\/wp-json\/wp\/v2\/types\/product"}],"replies":[{"embeddable":true,"href":"https:\/\/www.fenxifiber.com\/pt\/wp-json\/wp\/v2\/comments?post=898"}],"wp:featuredmedia":[{"embeddable":true,"href":"https:\/\/www.fenxifiber.com\/pt\/wp-json\/wp\/v2\/media\/899"}],"wp:attachment":[{"href":"https:\/\/www.fenxifiber.com\/pt\/wp-json\/wp\/v2\/media?parent=898"}],"wp:term":[{"taxonomy":"product_brand","embeddable":true,"href":"https:\/\/www.fenxifiber.com\/pt\/wp-json\/wp\/v2\/product_brand?post=898"},{"taxonomy":"product_cat","embeddable":true,"href":"https:\/\/www.fenxifiber.com\/pt\/wp-json\/wp\/v2\/product_cat?post=898"},{"taxonomy":"product_tag","embeddable":true,"href":"https:\/\/www.fenxifiber.com\/pt\/wp-json\/wp\/v2\/product_tag?post=898"}],"curies":[{"name":"wp","href":"https:\/\/api.w.org\/{rel}","templated":true}]}}