{"id":900,"date":"2026-02-04T03:09:50","date_gmt":"2026-02-04T03:09:50","guid":{"rendered":"https:\/\/www.fenxifiber.com\/?post_type=product&#038;p=900"},"modified":"2026-02-05T02:24:57","modified_gmt":"2026-02-05T02:24:57","slug":"lc-upc-0-9mm-simplex-multimodo-lake-blue","status":"publish","type":"product","link":"https:\/\/www.fenxifiber.com\/pt\/product\/lc-upc-0-9mm-simplex-multimode-lake-blue\/","title":{"rendered":"Conector multimodo Simplex LC UPC de 0,9 mm (Lake Blue)"},"content":{"rendered":"<h3 data-start=\"811\" data-end=\"860\">Por que 0,9 mm \u00e9 perfeito para pigtails multimodo<\/h3>\n<div class=\"TyagGW_tableContainer\">\n<div class=\"group TyagGW_tableWrapper flex flex-col-reverse w-fit\" tabindex=\"-1\">\n<table class=\"w-fit min-w-(--thread-content-width)\" data-start=\"862\" data-end=\"1062\">\n<thead data-start=\"862\" data-end=\"899\">\n<tr data-start=\"862\" data-end=\"899\">\n<th class=\"\" data-start=\"862\" data-end=\"879\" data-col-size=\"sm\">Di\u00e2metro do cabo<\/th>\n<th class=\"\" data-start=\"879\" data-end=\"899\" data-col-size=\"sm\">Fun\u00e7\u00e3o t\u00edpica<\/th>\n<\/tr>\n<\/thead>\n<tbody data-start=\"938\" data-end=\"1062\">\n<tr data-start=\"938\" data-end=\"991\">\n<td data-start=\"938\" data-end=\"950\" data-col-size=\"sm\"><strong data-start=\"940\" data-end=\"949\">0,9 mm<\/strong><\/td>\n<td data-start=\"950\" data-end=\"991\" data-col-size=\"sm\">Pigtails multimodo e m\u00f3dulos internos<\/td>\n<\/tr>\n<tr data-start=\"992\" data-end=\"1025\">\n<td data-start=\"992\" data-end=\"1000\" data-col-size=\"sm\">2,0 mm<\/td>\n<td data-start=\"1000\" data-end=\"1025\" data-col-size=\"sm\">Patch cords multimodo<\/td>\n<\/tr>\n<tr data-start=\"1026\" data-end=\"1062\">\n<td data-start=\"1026\" data-end=\"1034\" data-col-size=\"sm\">3,0 mm<\/td>\n<td data-start=\"1034\" data-end=\"1062\" data-col-size=\"sm\">Jumpers multimodo robustos<\/td>\n<\/tr>\n<\/tbody>\n<\/table>\n<\/div>\n<\/div>\n<p data-start=\"1064\" data-end=\"1193\">O <strong data-start=\"1068\" data-end=\"1089\">Jaqueta fina de 0,9 mm<\/strong> \u00e9 ideal para <strong data-start=\"1103\" data-end=\"1192\">emendas por fus\u00e3o e roteamento apertado dentro de patch panels, transceptores e bandejas de emenda<\/strong>.<\/p>\n<hr data-start=\"1195\" data-end=\"1198\" \/>\n<h3 data-start=\"1200\" data-end=\"1240\">Especifica\u00e7\u00f5es \u00f3pticas (multimodo)<\/h3>\n<div class=\"TyagGW_tableContainer\">\n<div class=\"group TyagGW_tableWrapper flex flex-col-reverse w-fit\" tabindex=\"-1\">\n<table class=\"w-fit min-w-(--thread-content-width)\" data-start=\"1242\" data-end=\"1557\">\n<thead data-start=\"1242\" data-end=\"1271\">\n<tr data-start=\"1242\" data-end=\"1271\">\n<th class=\"\" data-start=\"1242\" data-end=\"1254\" data-col-size=\"sm\">Par\u00e2metro<\/th>\n<th class=\"\" data-start=\"1254\" data-end=\"1271\" data-col-size=\"sm\">Valor t\u00edpico<\/th>\n<\/tr>\n<\/thead>\n<tbody data-start=\"1301\" data-end=\"1557\">\n<tr data-start=\"1301\" data-end=\"1354\">\n<td data-start=\"1301\" data-end=\"1314\" data-col-size=\"sm\">Tipo de fibra<\/td>\n<td data-start=\"1314\" data-end=\"1354\" data-col-size=\"sm\">Multimodo (50\/125 \u00b5m ou 62,5\/125 \u00b5m)<\/td>\n<\/tr>\n<tr data-start=\"1355\" data-end=\"1376\">\n<td data-start=\"1355\" data-end=\"1369\" data-col-size=\"sm\">Tipo de polon\u00eas<\/td>\n<td data-start=\"1369\" data-end=\"1376\" data-col-size=\"sm\">UPC<\/td>\n<\/tr>\n<tr data-start=\"1377\" data-end=\"1407\">\n<td data-start=\"1377\" data-end=\"1394\" data-col-size=\"sm\">Perda de inser\u00e7\u00e3o<\/td>\n<td data-start=\"1394\" data-end=\"1407\" data-col-size=\"sm\">\u2264 0,30 dB<\/td>\n<\/tr>\n<tr data-start=\"1408\" data-end=\"1433\">\n<td data-start=\"1408\" data-end=\"1422\" data-col-size=\"sm\">Perda de retorno<\/td>\n<td data-start=\"1422\" data-end=\"1433\" data-col-size=\"sm\">\u2265 35 dB<\/td>\n<\/tr>\n<tr data-start=\"1434\" data-end=\"1468\">\n<td data-start=\"1434\" data-end=\"1448\" data-col-size=\"sm\">Comprimentos de onda<\/td>\n<td data-start=\"1448\" data-end=\"1468\" data-col-size=\"sm\">850 nm \/ 1300 nm<\/td>\n<\/tr>\n<tr data-start=\"1469\" data-end=\"1525\">\n<td data-start=\"1469\" data-end=\"1487\" data-col-size=\"sm\">Largura de banda modal<\/td>\n<td data-start=\"1487\" data-end=\"1525\" data-col-size=\"sm\">Otimizado para links de LAN de alta velocidade<\/td>\n<\/tr>\n<tr data-start=\"1526\" data-end=\"1557\">\n<td data-start=\"1526\" data-end=\"1540\" data-col-size=\"sm\">Vida de acasalamento<\/td>\n<td data-start=\"1540\" data-end=\"1557\" data-col-size=\"sm\">\u2265 1000 ciclos<\/td>\n<\/tr>\n<\/tbody>\n<\/table>\n<\/div>\n<\/div>\n<p data-start=\"1559\" data-end=\"1659\">Esse desempenho \u00e9 compat\u00edvel com <strong data-start=\"1585\" data-end=\"1637\">Links \u00f3pticos de 10G, 25G, 40G e 100G de curto alcance<\/strong> sobre fibra multimodo.<\/p>\n<hr data-start=\"1661\" data-end=\"1664\" \/>\n<h3 data-start=\"1666\" data-end=\"1694\">Constru\u00e7\u00e3o do conector<\/h3>\n<div class=\"TyagGW_tableContainer\">\n<div class=\"group TyagGW_tableWrapper flex flex-col-reverse w-fit\" tabindex=\"-1\">\n<table class=\"w-fit min-w-(--thread-content-width)\" data-start=\"1696\" data-end=\"1961\">\n<thead data-start=\"1696\" data-end=\"1723\">\n<tr data-start=\"1696\" data-end=\"1723\">\n<th class=\"\" data-start=\"1696\" data-end=\"1706\" data-col-size=\"sm\">Recurso<\/th>\n<th class=\"\" data-start=\"1706\" data-end=\"1723\" data-col-size=\"sm\">Especifica\u00e7\u00e3o<\/th>\n<\/tr>\n<\/thead>\n<tbody data-start=\"1751\" data-end=\"1961\">\n<tr data-start=\"1751\" data-end=\"1782\">\n<td data-start=\"1751\" data-end=\"1768\" data-col-size=\"sm\">Tipo de conector<\/td>\n<td data-start=\"1768\" data-end=\"1782\" data-col-size=\"sm\">LC Simplex<\/td>\n<\/tr>\n<tr data-start=\"1783\" data-end=\"1805\">\n<td data-start=\"1783\" data-end=\"1796\" data-col-size=\"sm\">Tamanho do cabo<\/td>\n<td data-start=\"1796\" data-end=\"1805\" data-col-size=\"sm\">0,9 mm<\/td>\n<\/tr>\n<tr data-start=\"1806\" data-end=\"1843\">\n<td data-start=\"1806\" data-end=\"1816\" data-col-size=\"sm\">Ponteira<\/td>\n<td data-start=\"1816\" data-end=\"1843\" data-col-size=\"sm\">Cer\u00e2mica de zirc\u00f4nia de 1,25 mm<\/td>\n<\/tr>\n<tr data-start=\"1844\" data-end=\"1887\">\n<td data-start=\"1844\" data-end=\"1857\" data-col-size=\"sm\">Cor da bota<\/td>\n<td data-start=\"1857\" data-end=\"1887\" data-col-size=\"sm\">Lake Blue (c\u00f3digo multimodo)<\/td>\n<\/tr>\n<tr data-start=\"1888\" data-end=\"1918\">\n<td data-start=\"1888\" data-end=\"1896\" data-col-size=\"sm\">Trava<\/td>\n<td data-start=\"1896\" data-end=\"1918\" data-col-size=\"sm\">Trava push-pull LC<\/td>\n<\/tr>\n<tr data-start=\"1919\" data-end=\"1961\">\n<td data-start=\"1919\" data-end=\"1943\" data-col-size=\"sm\">Temperatura operacional<\/td>\n<td data-start=\"1943\" data-end=\"1961\" data-col-size=\"sm\">-40\u00b0C a +75\u00b0C<\/td>\n<\/tr>\n<\/tbody>\n<\/table>\n<\/div>\n<\/div>\n<p data-start=\"1963\" data-end=\"2077\">O <strong data-start=\"1967\" data-end=\"1988\">alojamento lake blue<\/strong> garante <strong data-start=\"1997\" data-end=\"2028\">identifica\u00e7\u00e3o visual r\u00e1pida<\/strong> em ambientes mistos de modo \u00fanico e multimodo.<\/p>\n<hr data-start=\"2079\" data-end=\"2082\" \/>\n<h3 data-start=\"2084\" data-end=\"2110\">Aplica\u00e7\u00f5es t\u00edpicas<\/h3>\n<p data-start=\"2112\" data-end=\"2160\">Esse conector multimodo LC \u00e9 comumente usado em:<\/p>\n<ul data-start=\"2162\" data-end=\"2334\">\n<li data-start=\"2162\" data-end=\"2190\">\n<p data-start=\"2164\" data-end=\"2190\">Pain\u00e9is de patches de data center<\/p>\n<\/li>\n<li data-start=\"2191\" data-end=\"2213\">\n<p data-start=\"2193\" data-end=\"2213\">Pigtails multimodo<\/p>\n<\/li>\n<li data-start=\"2214\" data-end=\"2245\">\n<p data-start=\"2216\" data-end=\"2245\">M\u00f3dulos transceptores \u00f3pticos<\/p>\n<\/li>\n<li data-start=\"2246\" data-end=\"2281\">\n<p data-start=\"2248\" data-end=\"2281\">LAN e redes de fibra empresarial<\/p>\n<\/li>\n<li data-start=\"2282\" data-end=\"2304\">\n<p data-start=\"2284\" data-end=\"2304\">Cabos de teste \u00f3ptico<\/p>\n<\/li>\n<li data-start=\"2305\" data-end=\"2334\">\n<p data-start=\"2307\" data-end=\"2334\">Fia\u00e7\u00e3o interna do equipamento<\/p>\n<\/li>\n<\/ul>\n<hr data-start=\"2336\" data-end=\"2339\" \/>\n<h2 data-start=\"2341\" data-end=\"2362\">Perguntas e respostas profissionais<\/h2>\n<p data-start=\"2364\" data-end=\"2517\"><strong data-start=\"2364\" data-end=\"2403\">Q1: Por que o lago do conector \u00e9 azul?<\/strong><br data-start=\"2403\" data-end=\"2406\" \/>O lago azul \u00e9 o <strong data-start=\"2423\" data-end=\"2461\">cor padr\u00e3o para fibra multimodo<\/strong>, ajudando a evitar a mistura com cabos monomodo amarelos.<\/p>\n<hr data-start=\"2519\" data-end=\"2522\" \/>\n<p data-start=\"2524\" data-end=\"2668\"><strong data-start=\"2524\" data-end=\"2572\">P2: O modo multimodo LC pode se conectar ao modo \u00fanico?<\/strong><br data-start=\"2572\" data-end=\"2575\" \/>N\u00e3o. As fibras multimodo e monomodo t\u00eam <strong data-start=\"2617\" data-end=\"2641\">diferentes tamanhos de n\u00facleo<\/strong> e n\u00e3o deve ser conectado.<\/p>\n<hr data-start=\"2670\" data-end=\"2673\" \/>\n<p data-start=\"2675\" data-end=\"2844\"><strong data-start=\"2675\" data-end=\"2722\">P3: O polimento UPC \u00e9 correto para multimodo?<\/strong><br data-start=\"2722\" data-end=\"2725\" \/>Sim. <strong data-start=\"2730\" data-end=\"2771\">O UPC \u00e9 padr\u00e3o para sistemas multimodo<\/strong> e oferece perda de inser\u00e7\u00e3o est\u00e1vel para redes de curto alcance e alta velocidade.<\/p>","protected":false},"excerpt":{"rendered":"<h3 data-start=\"195\" data-end=\"248\">Criado para links \u00f3pticos de curto alcance e alta velocidade<\/h3>\n<p data-start=\"250\" data-end=\"468\">O <strong data-start=\"254\" data-end=\"310\">Conector LC UPC 0,9 mm Simplex Multimodo (Lake Blue)<\/strong> foi projetado para <strong data-start=\"329\" data-end=\"369\">sistemas de fibra multimodo de alta densidade<\/strong>, onde <strong data-start=\"377\" data-end=\"454\">transmiss\u00e3o r\u00e1pida de dados, f\u00e1cil identifica\u00e7\u00e3o e gerenciamento compacto de cabos<\/strong> s\u00e3o necess\u00e1rios.<\/p>\n<p data-start=\"470\" data-end=\"804\">Usando <strong data-start=\"476\" data-end=\"513\">fibra multimodo e polimento UPC<\/strong>, Esse conector \u00e9 amplamente utilizado em <strong data-start=\"548\" data-end=\"628\">data centers, redes corporativas, m\u00f3dulos \u00f3pticos e conjuntos de fibra LAN<\/strong>.<br data-start=\"629\" data-end=\"632\" \/>O <strong data-start=\"636\" data-end=\"655\">cor azul lago<\/strong> segue a codifica\u00e7\u00e3o internacional de cores das fibras, permitindo que os t\u00e9cnicos reconhe\u00e7am instantaneamente <strong data-start=\"742\" data-end=\"767\">conex\u00f5es multimodo<\/strong> durante a instala\u00e7\u00e3o e a manuten\u00e7\u00e3o.<\/p>","protected":false},"featured_media":901,"comment_status":"open","ping_status":"closed","template":"","meta":[],"product_brand":[],"product_cat":[50],"product_tag":[],"class_list":{"0":"post-900","1":"product","2":"type-product","3":"status-publish","4":"has-post-thumbnail","6":"product_cat-lc-simplex-connectors-single-modemultimode","8":"first","9":"instock","10":"shipping-taxable","11":"product-type-simple"},"_links":{"self":[{"href":"https:\/\/www.fenxifiber.com\/pt\/wp-json\/wp\/v2\/product\/900","targetHints":{"allow":["GET"]}}],"collection":[{"href":"https:\/\/www.fenxifiber.com\/pt\/wp-json\/wp\/v2\/product"}],"about":[{"href":"https:\/\/www.fenxifiber.com\/pt\/wp-json\/wp\/v2\/types\/product"}],"replies":[{"embeddable":true,"href":"https:\/\/www.fenxifiber.com\/pt\/wp-json\/wp\/v2\/comments?post=900"}],"wp:featuredmedia":[{"embeddable":true,"href":"https:\/\/www.fenxifiber.com\/pt\/wp-json\/wp\/v2\/media\/901"}],"wp:attachment":[{"href":"https:\/\/www.fenxifiber.com\/pt\/wp-json\/wp\/v2\/media?parent=900"}],"wp:term":[{"taxonomy":"product_brand","embeddable":true,"href":"https:\/\/www.fenxifiber.com\/pt\/wp-json\/wp\/v2\/product_brand?post=900"},{"taxonomy":"product_cat","embeddable":true,"href":"https:\/\/www.fenxifiber.com\/pt\/wp-json\/wp\/v2\/product_cat?post=900"},{"taxonomy":"product_tag","embeddable":true,"href":"https:\/\/www.fenxifiber.com\/pt\/wp-json\/wp\/v2\/product_tag?post=900"}],"curies":[{"name":"wp","href":"https:\/\/api.w.org\/{rel}","templated":true}]}}