{"id":902,"date":"2026-02-04T03:10:46","date_gmt":"2026-02-04T03:10:46","guid":{"rendered":"https:\/\/www.fenxifiber.com\/?post_type=product&#038;p=902"},"modified":"2026-02-05T02:25:27","modified_gmt":"2026-02-05T02:25:27","slug":"lc-upc-0-9mm-simplex-multimodo-rose-red","status":"publish","type":"product","link":"https:\/\/www.fenxifiber.com\/pt\/product\/lc-upc-0-9mm-simplex-multimode-rose-red\/","title":{"rendered":"Conector multimodo Simplex LC UPC 0,9 mm (vermelho-rosa)"},"content":{"rendered":"<h3 data-start=\"834\" data-end=\"891\">Por que 0,9 mm \u00e9 usado para pigtails multimodo de alta velocidade<\/h3>\n<div class=\"TyagGW_tableContainer\">\n<div class=\"group TyagGW_tableWrapper flex flex-col-reverse w-fit\" tabindex=\"-1\">\n<table class=\"w-fit min-w-(--thread-content-width)\" data-start=\"893\" data-end=\"1080\">\n<thead data-start=\"893\" data-end=\"922\">\n<tr data-start=\"893\" data-end=\"922\">\n<th class=\"\" data-start=\"893\" data-end=\"906\" data-col-size=\"sm\">Tamanho do cabo<\/th>\n<th class=\"\" data-start=\"906\" data-end=\"922\" data-col-size=\"sm\">Fun\u00e7\u00e3o t\u00edpica<\/th>\n<\/tr>\n<\/thead>\n<tbody data-start=\"953\" data-end=\"1080\">\n<tr data-start=\"953\" data-end=\"1005\">\n<td data-start=\"953\" data-end=\"965\" data-col-size=\"sm\"><strong data-start=\"955\" data-end=\"964\">0,9 mm<\/strong><\/td>\n<td data-start=\"965\" data-end=\"1005\" data-col-size=\"sm\">Pigtails de emenda e m\u00f3dulos \u00f3pticos<\/td>\n<\/tr>\n<tr data-start=\"1006\" data-end=\"1039\">\n<td data-start=\"1006\" data-end=\"1014\" data-col-size=\"sm\">2,0 mm<\/td>\n<td data-start=\"1014\" data-end=\"1039\" data-col-size=\"sm\">Patch cords multimodo<\/td>\n<\/tr>\n<tr data-start=\"1040\" data-end=\"1080\">\n<td data-start=\"1040\" data-end=\"1048\" data-col-size=\"sm\">3,0 mm<\/td>\n<td data-start=\"1048\" data-end=\"1080\" data-col-size=\"sm\">Jumpers multimodo para servi\u00e7o pesado<\/td>\n<\/tr>\n<\/tbody>\n<\/table>\n<\/div>\n<\/div>\n<p data-start=\"1082\" data-end=\"1212\">O <strong data-start=\"1086\" data-end=\"1107\">Jaqueta fina de 0,9 mm<\/strong> permite f\u00e1cil roteamento interno <strong data-start=\"1135\" data-end=\"1183\">QSFP, SFP, patch panels e cassetes de emenda<\/strong>, sem aglomera\u00e7\u00e3o ou estresse.<\/p>\n<hr data-start=\"1214\" data-end=\"1217\" \/>\n<h3 data-start=\"1219\" data-end=\"1254\">Desempenho \u00f3ptico multimodo<\/h3>\n<div class=\"TyagGW_tableContainer\">\n<div class=\"group TyagGW_tableWrapper flex flex-col-reverse w-fit\" tabindex=\"-1\">\n<table class=\"w-fit min-w-(--thread-content-width)\" data-start=\"1256\" data-end=\"1565\">\n<thead data-start=\"1256\" data-end=\"1285\">\n<tr data-start=\"1256\" data-end=\"1285\">\n<th class=\"\" data-start=\"1256\" data-end=\"1268\" data-col-size=\"sm\">Par\u00e2metro<\/th>\n<th class=\"\" data-start=\"1268\" data-end=\"1285\" data-col-size=\"sm\">Valor t\u00edpico<\/th>\n<\/tr>\n<\/thead>\n<tbody data-start=\"1315\" data-end=\"1565\">\n<tr data-start=\"1315\" data-end=\"1357\">\n<td data-start=\"1315\" data-end=\"1328\" data-col-size=\"sm\">Tipo de fibra<\/td>\n<td data-col-size=\"sm\" data-start=\"1328\" data-end=\"1357\">Multimodo OM3 \/ OM4 \/ OM5<\/td>\n<\/tr>\n<tr data-start=\"1358\" data-end=\"1391\">\n<td data-start=\"1358\" data-end=\"1376\" data-col-size=\"sm\">N\u00facleo \/ Revestimento<\/td>\n<td data-start=\"1376\" data-end=\"1391\" data-col-size=\"sm\">50 \/ 125 \u00b5m<\/td>\n<\/tr>\n<tr data-start=\"1392\" data-end=\"1413\">\n<td data-start=\"1392\" data-end=\"1406\" data-col-size=\"sm\">Tipo de polon\u00eas<\/td>\n<td data-start=\"1406\" data-end=\"1413\" data-col-size=\"sm\">UPC<\/td>\n<\/tr>\n<tr data-start=\"1414\" data-end=\"1444\">\n<td data-start=\"1414\" data-end=\"1431\" data-col-size=\"sm\">Perda de inser\u00e7\u00e3o<\/td>\n<td data-start=\"1431\" data-end=\"1444\" data-col-size=\"sm\">\u2264 0,30 dB<\/td>\n<\/tr>\n<tr data-start=\"1445\" data-end=\"1470\">\n<td data-start=\"1445\" data-end=\"1459\" data-col-size=\"sm\">Perda de retorno<\/td>\n<td data-start=\"1459\" data-end=\"1470\" data-col-size=\"sm\">\u2265 35 dB<\/td>\n<\/tr>\n<tr data-start=\"1471\" data-end=\"1505\">\n<td data-start=\"1471\" data-end=\"1485\" data-col-size=\"sm\">Comprimentos de onda<\/td>\n<td data-col-size=\"sm\" data-start=\"1485\" data-end=\"1505\">850 nm \/ 1300 nm<\/td>\n<\/tr>\n<tr data-start=\"1506\" data-end=\"1565\">\n<td data-start=\"1506\" data-end=\"1525\" data-col-size=\"sm\">Velocidades suportadas<\/td>\n<td data-col-size=\"sm\" data-start=\"1525\" data-end=\"1565\">10G \/ 25G \/ 40G \/ 100G (curto alcance)<\/td>\n<\/tr>\n<\/tbody>\n<\/table>\n<\/div>\n<\/div>\n<p data-start=\"1567\" data-end=\"1674\">Esses valores atendem aos requisitos de <strong data-start=\"1605\" data-end=\"1673\">Ethernet de alta velocidade, Fibre Channel e interconex\u00f5es de data center<\/strong>.<\/p>\n<hr data-start=\"1676\" data-end=\"1679\" \/>\n<h3 data-start=\"1681\" data-end=\"1711\">Conector e c\u00f3digo de cores<\/h3>\n<div class=\"TyagGW_tableContainer\">\n<div class=\"group TyagGW_tableWrapper flex flex-col-reverse w-fit\" tabindex=\"-1\">\n<table class=\"w-fit min-w-(--thread-content-width)\" data-start=\"1713\" data-end=\"2032\">\n<thead data-start=\"1713\" data-end=\"1738\">\n<tr data-start=\"1713\" data-end=\"1738\">\n<th class=\"\" data-start=\"1713\" data-end=\"1723\" data-col-size=\"sm\">Recurso<\/th>\n<th class=\"\" data-start=\"1723\" data-end=\"1738\" data-col-size=\"sm\">Descri\u00e7\u00e3o<\/th>\n<\/tr>\n<\/thead>\n<tbody data-start=\"1764\" data-end=\"2032\">\n<tr data-start=\"1764\" data-end=\"1795\">\n<td data-start=\"1764\" data-end=\"1781\" data-col-size=\"sm\">Tipo de conector<\/td>\n<td data-start=\"1781\" data-end=\"1795\" data-col-size=\"sm\">LC Simplex<\/td>\n<\/tr>\n<tr data-start=\"1796\" data-end=\"1822\">\n<td data-start=\"1796\" data-end=\"1813\" data-col-size=\"sm\">Di\u00e2metro do cabo<\/td>\n<td data-start=\"1813\" data-end=\"1822\" data-col-size=\"sm\">0,9 mm<\/td>\n<\/tr>\n<tr data-start=\"1823\" data-end=\"1860\">\n<td data-start=\"1823\" data-end=\"1833\" data-col-size=\"sm\">Ponteira<\/td>\n<td data-start=\"1833\" data-end=\"1860\" data-col-size=\"sm\">Cer\u00e2mica de zirc\u00f4nia de 1,25 mm<\/td>\n<\/tr>\n<tr data-start=\"1861\" data-end=\"1916\">\n<td data-start=\"1861\" data-end=\"1877\" data-col-size=\"sm\">Cor do compartimento<\/td>\n<td data-start=\"1877\" data-end=\"1916\" data-col-size=\"sm\">Vermelho-rosa (identifica\u00e7\u00e3o OM4 \/ OM5)<\/td>\n<\/tr>\n<tr data-start=\"1917\" data-end=\"1951\">\n<td data-start=\"1917\" data-end=\"1935\" data-col-size=\"sm\">Sistema de travamento<\/td>\n<td data-start=\"1935\" data-end=\"1951\" data-col-size=\"sm\">LC push-pull<\/td>\n<\/tr>\n<tr data-start=\"1952\" data-end=\"1994\">\n<td data-start=\"1952\" data-end=\"1976\" data-col-size=\"sm\">Temperatura operacional<\/td>\n<td data-col-size=\"sm\" data-start=\"1976\" data-end=\"1994\">-40\u00b0C a +75\u00b0C<\/td>\n<\/tr>\n<tr data-start=\"1995\" data-end=\"2032\">\n<td data-start=\"1995\" data-end=\"2008\" data-col-size=\"sm\">Durabilidade<\/td>\n<td data-col-size=\"sm\" data-start=\"2008\" data-end=\"2032\">\u2265 1000 ciclos de acoplamento<\/td>\n<\/tr>\n<\/tbody>\n<\/table>\n<\/div>\n<\/div>\n<p data-start=\"2034\" data-end=\"2156\">O <strong data-start=\"2038\" data-end=\"2058\">Carca\u00e7a vermelho-rosa<\/strong> permite que os t\u00e9cnicos <strong data-start=\"2081\" data-end=\"2134\">identificar instantaneamente links multimodo de alta largura de banda<\/strong> em racks de fibra mista.<\/p>\n<hr data-start=\"2158\" data-end=\"2161\" \/>\n<h3 data-start=\"2163\" data-end=\"2189\">Aplica\u00e7\u00f5es t\u00edpicas<\/h3>\n<p data-start=\"2191\" data-end=\"2224\">Esse conector \u00e9 amplamente utilizado em:<\/p>\n<ul data-start=\"2226\" data-end=\"2433\">\n<li data-start=\"2226\" data-end=\"2258\">\n<p data-start=\"2228\" data-end=\"2258\">Pigtails multimodo OM4 \/ OM5<\/p>\n<\/li>\n<li data-start=\"2259\" data-end=\"2298\">\n<p data-start=\"2261\" data-end=\"2298\">Pain\u00e9is de patches de data center de alta velocidade<\/p>\n<\/li>\n<li data-start=\"2299\" data-end=\"2329\">\n<p data-start=\"2301\" data-end=\"2329\">M\u00f3dulos \u00f3pticos QSFP e SFP<\/p>\n<\/li>\n<li data-start=\"2330\" data-end=\"2360\">\n<p data-start=\"2332\" data-end=\"2360\">Conjuntos de breakout MPO-LC<\/p>\n<\/li>\n<li data-start=\"2361\" data-end=\"2394\">\n<p data-start=\"2363\" data-end=\"2394\">Redes LAN e SAN empresariais<\/p>\n<\/li>\n<li data-start=\"2395\" data-end=\"2433\">\n<p data-start=\"2397\" data-end=\"2433\">Cabos \u00f3pticos de teste e medi\u00e7\u00e3o<\/p>\n<\/li>\n<\/ul>\n<hr data-start=\"2435\" data-end=\"2438\" \/>\n<h2 data-start=\"2440\" data-end=\"2461\">Perguntas e respostas profissionais<\/h2>\n<p data-start=\"2463\" data-end=\"2651\"><strong data-start=\"2463\" data-end=\"2505\">Q1: O que a cor vermelho-rosa indica?<\/strong><br data-start=\"2505\" data-end=\"2508\" \/>O vermelho-rosa \u00e9 comumente usado para <strong data-start=\"2538\" data-end=\"2569\">Fibra multimodo OM4 e OM5<\/strong>, que suporta <strong data-start=\"2586\" data-end=\"2628\">maior largura de banda e taxas de dados mais r\u00e1pidas<\/strong> do que o padr\u00e3o OM2\/OM3.<\/p>\n<hr data-start=\"2653\" data-end=\"2656\" \/>\n<p data-start=\"2658\" data-end=\"2813\"><strong data-start=\"2658\" data-end=\"2701\">P2: Isso pode ser usado para Ethernet 100G?<\/strong><br data-start=\"2701\" data-end=\"2704\" \/>Sim. Quando usado com <strong data-start=\"2724\" data-end=\"2744\">Fibra OM4 ou OM5<\/strong>, esse conector \u00e9 compat\u00edvel com <strong data-start=\"2770\" data-end=\"2796\">Links de curto alcance de 100G<\/strong> em data centers.<\/p>\n<hr data-start=\"2815\" data-end=\"2818\" \/>\n<p data-start=\"2820\" data-end=\"3002\"><strong data-start=\"2820\" data-end=\"2882\">P3: O multimodo rosa-vermelho pode se conectar ao multimodo azul-lago?<\/strong><br data-start=\"2882\" data-end=\"2885\" \/>Sim, desde que ambos sejam <strong data-start=\"2910\" data-end=\"2930\">multimodo LC UPC<\/strong>. A cor indica apenas <strong data-start=\"2957\" data-end=\"2972\">grau de fibra<\/strong>, e n\u00e3o a compatibilidade do conector.<\/p>","protected":false},"excerpt":{"rendered":"<h3 data-start=\"233\" data-end=\"289\">Otimizado para redes multimodo modernas de alta velocidade<\/h3>\n<p data-start=\"291\" data-end=\"494\">O <strong data-start=\"295\" data-end=\"350\">Conector LC UPC 0,9 mm Simplex Multimodo (vermelho-rosa)<\/strong> foi projetado para <strong data-start=\"367\" data-end=\"410\">sistemas de fibra multimodo de \u00faltima gera\u00e7\u00e3o<\/strong>, onde <strong data-start=\"418\" data-end=\"480\">alta largura de banda, baixa perda e identifica\u00e7\u00e3o instant\u00e2nea da fibra<\/strong> s\u00e3o fundamentais.<\/p>\n<p data-start=\"496\" data-end=\"827\">Nos data centers atuais, o vermelho-rosa (tamb\u00e9m chamado de violeta ou magenta em alguns padr\u00f5es) \u00e9 comumente usado para <strong data-start=\"601\" data-end=\"632\">Fibra multimodo OM4 e OM5<\/strong>, que suporta <strong data-start=\"649\" data-end=\"694\">40G, 100G e al\u00e9m em dist\u00e2ncias curtas<\/strong>.<br data-start=\"695\" data-end=\"698\" \/>Isso torna o conector especialmente adequado para <strong data-start=\"747\" data-end=\"826\">switches de alta densidade, transceptores \u00f3pticos e conjuntos de breakout MPO-LC<\/strong>.<\/p>","protected":false},"featured_media":903,"comment_status":"open","ping_status":"closed","template":"","meta":[],"product_brand":[],"product_cat":[50],"product_tag":[],"class_list":{"0":"post-902","1":"product","2":"type-product","3":"status-publish","4":"has-post-thumbnail","6":"product_cat-lc-simplex-connectors-single-modemultimode","8":"first","9":"instock","10":"shipping-taxable","11":"product-type-simple"},"_links":{"self":[{"href":"https:\/\/www.fenxifiber.com\/pt\/wp-json\/wp\/v2\/product\/902","targetHints":{"allow":["GET"]}}],"collection":[{"href":"https:\/\/www.fenxifiber.com\/pt\/wp-json\/wp\/v2\/product"}],"about":[{"href":"https:\/\/www.fenxifiber.com\/pt\/wp-json\/wp\/v2\/types\/product"}],"replies":[{"embeddable":true,"href":"https:\/\/www.fenxifiber.com\/pt\/wp-json\/wp\/v2\/comments?post=902"}],"wp:featuredmedia":[{"embeddable":true,"href":"https:\/\/www.fenxifiber.com\/pt\/wp-json\/wp\/v2\/media\/903"}],"wp:attachment":[{"href":"https:\/\/www.fenxifiber.com\/pt\/wp-json\/wp\/v2\/media?parent=902"}],"wp:term":[{"taxonomy":"product_brand","embeddable":true,"href":"https:\/\/www.fenxifiber.com\/pt\/wp-json\/wp\/v2\/product_brand?post=902"},{"taxonomy":"product_cat","embeddable":true,"href":"https:\/\/www.fenxifiber.com\/pt\/wp-json\/wp\/v2\/product_cat?post=902"},{"taxonomy":"product_tag","embeddable":true,"href":"https:\/\/www.fenxifiber.com\/pt\/wp-json\/wp\/v2\/product_tag?post=902"}],"curies":[{"name":"wp","href":"https:\/\/api.w.org\/{rel}","templated":true}]}}