{"id":906,"date":"2026-02-04T03:13:11","date_gmt":"2026-02-04T03:13:11","guid":{"rendered":"https:\/\/www.fenxifiber.com\/?post_type=product&#038;p=906"},"modified":"2026-02-05T02:26:35","modified_gmt":"2026-02-05T02:26:35","slug":"lc-upc-0-9mm-simplex-multimodo","status":"publish","type":"product","link":"https:\/\/www.fenxifiber.com\/pt\/product\/lc-upc-0-9mm-simplex-multimode\/","title":{"rendered":"Conector de fibra multimodo Simplex LC UPC de 0,9 mm"},"content":{"rendered":"<h3 data-start=\"784\" data-end=\"827\">Otimizado para sistemas de fibra multimodo<\/h3>\n<p data-start=\"829\" data-end=\"947\">A fibra multimodo \u00e9 a op\u00e7\u00e3o padr\u00e3o para <strong data-start=\"872\" data-end=\"913\">links \u00f3pticos de curto alcance e alta velocidade<\/strong> em redes corporativas e de nuvem.<\/p>\n<div class=\"TyagGW_tableContainer\">\n<div class=\"group TyagGW_tableWrapper flex flex-col-reverse w-fit\" tabindex=\"-1\">\n<table class=\"w-fit min-w-(--thread-content-width)\" data-start=\"949\" data-end=\"1148\">\n<thead data-start=\"949\" data-end=\"1004\">\n<tr data-start=\"949\" data-end=\"1004\">\n<th class=\"\" data-start=\"949\" data-end=\"962\" data-col-size=\"sm\">Tipo de fibra<\/th>\n<th class=\"\" data-start=\"962\" data-end=\"983\" data-col-size=\"sm\">Comprimento de onda t\u00edpico<\/th>\n<th class=\"\" data-start=\"983\" data-end=\"1004\" data-col-size=\"md\">Principais aplicativos<\/th>\n<\/tr>\n<\/thead>\n<tbody data-start=\"1058\" data-end=\"1148\">\n<tr data-start=\"1058\" data-end=\"1148\">\n<td data-start=\"1058\" data-end=\"1081\" data-col-size=\"sm\">Multimodo (50\/125\u00b5m)<\/td>\n<td data-col-size=\"sm\" data-start=\"1081\" data-end=\"1100\">850 nm \/ 1300 nm<\/td>\n<td data-col-size=\"md\" data-start=\"1100\" data-end=\"1148\">Data centers, LAN, SAN, backbones corporativos<\/td>\n<\/tr>\n<\/tbody>\n<\/table>\n<\/div>\n<\/div>\n<p data-start=\"1150\" data-end=\"1225\">O conector LC UPC de 0,9 mm \u00e9 compat\u00edvel com <strong data-start=\"1186\" data-end=\"1224\">Classes de fibra OM2, OM3, OM4 e OM5<\/strong>.<\/p>\n<hr data-start=\"1227\" data-end=\"1230\" \/>\n<h3 data-start=\"1232\" data-end=\"1260\">Especifica\u00e7\u00f5es \u00f3pticas<\/h3>\n<div class=\"TyagGW_tableContainer\">\n<div class=\"group TyagGW_tableWrapper flex flex-col-reverse w-fit\" tabindex=\"-1\">\n<table class=\"w-fit min-w-(--thread-content-width)\" data-start=\"1262\" data-end=\"1560\">\n<thead data-start=\"1262\" data-end=\"1291\">\n<tr data-start=\"1262\" data-end=\"1291\">\n<th class=\"\" data-start=\"1262\" data-end=\"1274\" data-col-size=\"sm\">Par\u00e2metro<\/th>\n<th class=\"\" data-start=\"1274\" data-end=\"1291\" data-col-size=\"sm\">Valor t\u00edpico<\/th>\n<\/tr>\n<\/thead>\n<tbody data-start=\"1321\" data-end=\"1560\">\n<tr data-start=\"1321\" data-end=\"1372\">\n<td data-start=\"1321\" data-end=\"1334\" data-col-size=\"sm\">Tipo de fibra<\/td>\n<td data-start=\"1334\" data-end=\"1372\" data-col-size=\"sm\">Multimodo 50\/125 \u00b5m ou 62,5\/125 \u00b5m<\/td>\n<\/tr>\n<tr data-start=\"1373\" data-end=\"1394\">\n<td data-start=\"1373\" data-end=\"1387\" data-col-size=\"sm\">Tipo de polon\u00eas<\/td>\n<td data-start=\"1387\" data-end=\"1394\" data-col-size=\"sm\">UPC<\/td>\n<\/tr>\n<tr data-start=\"1395\" data-end=\"1425\">\n<td data-start=\"1395\" data-end=\"1412\" data-col-size=\"sm\">Perda de inser\u00e7\u00e3o<\/td>\n<td data-start=\"1412\" data-end=\"1425\" data-col-size=\"sm\">\u2264 0,30 dB<\/td>\n<\/tr>\n<tr data-start=\"1426\" data-end=\"1451\">\n<td data-start=\"1426\" data-end=\"1440\" data-col-size=\"sm\">Perda de retorno<\/td>\n<td data-start=\"1440\" data-end=\"1451\" data-col-size=\"sm\">\u2265 35 dB<\/td>\n<\/tr>\n<tr data-start=\"1452\" data-end=\"1493\">\n<td data-start=\"1452\" data-end=\"1476\" data-col-size=\"sm\">Comprimentos de onda operacionais<\/td>\n<td data-col-size=\"sm\" data-start=\"1476\" data-end=\"1493\">850 \/ 1300 nm<\/td>\n<\/tr>\n<tr data-start=\"1494\" data-end=\"1522\">\n<td data-start=\"1494\" data-end=\"1510\" data-col-size=\"sm\">Repetibilidade<\/td>\n<td data-col-size=\"sm\" data-start=\"1510\" data-end=\"1522\">\u2264 0,1 dB<\/td>\n<\/tr>\n<tr data-start=\"1523\" data-end=\"1560\">\n<td data-start=\"1523\" data-end=\"1543\" data-col-size=\"sm\">Durabilidade do acoplamento<\/td>\n<td data-col-size=\"sm\" data-start=\"1543\" data-end=\"1560\">\u2265 1000 ciclos<\/td>\n<\/tr>\n<\/tbody>\n<\/table>\n<\/div>\n<\/div>\n<p data-start=\"1562\" data-end=\"1654\">Esses valores atendem aos requisitos de <strong data-start=\"1601\" data-end=\"1653\">Links \u00f3pticos de 10G, 25G, 40G e 100G de curto alcance<\/strong>.<\/p>\n<hr data-start=\"1656\" data-end=\"1659\" \/>\n<h3 data-start=\"1661\" data-end=\"1684\">Projeto mec\u00e2nico<\/h3>\n<div class=\"TyagGW_tableContainer\">\n<div class=\"group TyagGW_tableWrapper flex flex-col-reverse w-fit\" tabindex=\"-1\">\n<table class=\"w-fit min-w-(--thread-content-width)\" data-start=\"1686\" data-end=\"1937\">\n<thead data-start=\"1686\" data-end=\"1713\">\n<tr data-start=\"1686\" data-end=\"1713\">\n<th class=\"\" data-start=\"1686\" data-end=\"1696\" data-col-size=\"sm\">Recurso<\/th>\n<th class=\"\" data-start=\"1696\" data-end=\"1713\" data-col-size=\"sm\">Especifica\u00e7\u00e3o<\/th>\n<\/tr>\n<\/thead>\n<tbody data-start=\"1741\" data-end=\"1937\">\n<tr data-start=\"1741\" data-end=\"1772\">\n<td data-start=\"1741\" data-end=\"1758\" data-col-size=\"sm\">Tipo de conector<\/td>\n<td data-start=\"1758\" data-end=\"1772\" data-col-size=\"sm\">LC Simplex<\/td>\n<\/tr>\n<tr data-start=\"1773\" data-end=\"1799\">\n<td data-start=\"1773\" data-end=\"1790\" data-col-size=\"sm\">Di\u00e2metro do cabo<\/td>\n<td data-start=\"1790\" data-end=\"1799\" data-col-size=\"sm\">0,9 mm<\/td>\n<\/tr>\n<tr data-start=\"1800\" data-end=\"1837\">\n<td data-start=\"1800\" data-end=\"1810\" data-col-size=\"sm\">Ponteira<\/td>\n<td data-start=\"1810\" data-end=\"1837\" data-col-size=\"sm\">Cer\u00e2mica de zirc\u00f4nia de 1,25 mm<\/td>\n<\/tr>\n<tr data-start=\"1838\" data-end=\"1862\">\n<td data-start=\"1838\" data-end=\"1846\" data-col-size=\"sm\">Trava<\/td>\n<td data-start=\"1846\" data-end=\"1862\" data-col-size=\"sm\">LC push-pull<\/td>\n<\/tr>\n<tr data-start=\"1863\" data-end=\"1894\">\n<td data-start=\"1863\" data-end=\"1870\" data-col-size=\"sm\">Bota<\/td>\n<td data-start=\"1870\" data-end=\"1894\" data-col-size=\"sm\">Bota pigtail compacta<\/td>\n<\/tr>\n<tr data-start=\"1895\" data-end=\"1937\">\n<td data-start=\"1895\" data-end=\"1919\" data-col-size=\"sm\">Temperatura operacional<\/td>\n<td data-start=\"1919\" data-end=\"1937\" data-col-size=\"sm\">-40\u00b0C a +75\u00b0C<\/td>\n<\/tr>\n<\/tbody>\n<\/table>\n<\/div>\n<\/div>\n<p data-start=\"1939\" data-end=\"2072\">O <strong data-start=\"1943\" data-end=\"1964\">Jaqueta fina de 0,9 mm<\/strong> torna esse conector ideal para <strong data-start=\"1996\" data-end=\"2039\">emenda por fus\u00e3o e roteamento de cabos apertado<\/strong> dentro das bandejas e m\u00f3dulos de emenda.<\/p>\n<hr data-start=\"2074\" data-end=\"2077\" \/>\n<h3 data-start=\"2079\" data-end=\"2105\">Aplica\u00e7\u00f5es t\u00edpicas<\/h3>\n<p data-start=\"2107\" data-end=\"2142\">Esse conector \u00e9 comumente usado em:<\/p>\n<ul data-start=\"2144\" data-end=\"2324\">\n<li data-start=\"2144\" data-end=\"2172\">\n<p data-start=\"2146\" data-end=\"2172\">Pigtails de fibra multimodo<\/p>\n<\/li>\n<li data-start=\"2173\" data-end=\"2201\">\n<p data-start=\"2175\" data-end=\"2201\">Pain\u00e9is de patches de data center<\/p>\n<\/li>\n<li data-start=\"2202\" data-end=\"2233\">\n<p data-start=\"2204\" data-end=\"2233\">M\u00f3dulos transceptores \u00f3pticos<\/p>\n<\/li>\n<li data-start=\"2234\" data-end=\"2267\">\n<p data-start=\"2236\" data-end=\"2267\">Redes LAN e SAN empresariais<\/p>\n<\/li>\n<li data-start=\"2268\" data-end=\"2297\">\n<p data-start=\"2270\" data-end=\"2297\">Estruturas de distribui\u00e7\u00e3o de fibra<\/p>\n<\/li>\n<li data-start=\"2298\" data-end=\"2324\">\n<p data-start=\"2300\" data-end=\"2324\">Cabos de teste \u00f3ptico<\/p>\n<\/li>\n<\/ul>\n<hr data-start=\"2326\" data-end=\"2329\" \/>\n<h2 data-start=\"2331\" data-end=\"2352\">Perguntas e respostas profissionais<\/h2>\n<p data-start=\"2354\" data-end=\"2534\"><strong data-start=\"2354\" data-end=\"2416\">Q1: Esse conector \u00e9 adequado para fibras OM3, OM4 e OM5?<\/strong><br data-start=\"2416\" data-end=\"2419\" \/>Sim. O conector multimodo LC UPC de 0,9 mm funciona com <strong data-start=\"2472\" data-end=\"2505\">todas as classes multimodo padr\u00e3o<\/strong>, incluindo OM3, OM4 e OM5.<\/p>\n<hr data-start=\"2536\" data-end=\"2539\" \/>\n<p data-start=\"2541\" data-end=\"2719\"><strong data-start=\"2541\" data-end=\"2584\">P2: Ele pode ser usado para fazer patch cords?<\/strong><br data-start=\"2584\" data-end=\"2587\" \/>N\u00e3o. Esse conector foi projetado para <strong data-start=\"2622\" data-end=\"2640\">Pigtails de 0,9 mm<\/strong> e deve ser <strong data-start=\"2653\" data-end=\"2697\">emenda por fus\u00e3o em um cabo de 2,0 mm ou 3,0 mm<\/strong> para formar um cabo de conex\u00e3o.<\/p>\n<hr data-start=\"2721\" data-end=\"2724\" \/>\n<p data-start=\"2726\" data-end=\"2909\"><strong data-start=\"2726\" data-end=\"2787\">P3: Qual \u00e9 a vantagem do polimento UPC para multimodo?<\/strong><br data-start=\"2787\" data-end=\"2790\" \/>A UPC fornece <strong data-start=\"2803\" data-end=\"2844\">baixa perda de inser\u00e7\u00e3o e contato est\u00e1vel<\/strong>, ideal para <strong data-start=\"2865\" data-end=\"2908\">links multimodo de curto alcance e alta velocidade<\/strong>.<\/p>","protected":false},"excerpt":{"rendered":"<h3 data-start=\"232\" data-end=\"289\">Uma solu\u00e7\u00e3o compacta para montagens de pigtail multimodo<\/h3>\n<p data-start=\"291\" data-end=\"592\">O <strong data-start=\"295\" data-end=\"339\">Conector multimodo Simplex LC UPC de 0,9 mm<\/strong> foi projetado para <strong data-start=\"356\" data-end=\"444\">termina\u00e7\u00e3o de fibra de alta densidade em data centers, salas de telecomunica\u00e7\u00f5es e equipamentos \u00f3pticos<\/strong>.<br data-start=\"445\" data-end=\"448\" \/>\u00c9 amplamente utilizado para <strong data-start=\"470\" data-end=\"518\">pigtails multimodo e fia\u00e7\u00e3o de fibra interna<\/strong>, onde espa\u00e7o, estabilidade e desempenho \u00f3ptico repet\u00edvel s\u00e3o essenciais.<\/p>\n<p data-start=\"594\" data-end=\"777\">Com sua <strong data-start=\"603\" data-end=\"655\">Ponteira de cer\u00e2mica de 1,25 mm e face da extremidade polida UPC<\/strong>, esse conector garante <strong data-start=\"680\" data-end=\"746\">baixa perda de inser\u00e7\u00e3o consistente e transmiss\u00e3o de sinal confi\u00e1vel<\/strong> para redes multimodo modernas.<\/p>","protected":false},"featured_media":907,"comment_status":"open","ping_status":"closed","template":"","meta":[],"product_brand":[],"product_cat":[50],"product_tag":[],"class_list":{"0":"post-906","1":"product","2":"type-product","3":"status-publish","4":"has-post-thumbnail","6":"product_cat-lc-simplex-connectors-single-modemultimode","8":"first","9":"instock","10":"shipping-taxable","11":"product-type-simple"},"_links":{"self":[{"href":"https:\/\/www.fenxifiber.com\/pt\/wp-json\/wp\/v2\/product\/906","targetHints":{"allow":["GET"]}}],"collection":[{"href":"https:\/\/www.fenxifiber.com\/pt\/wp-json\/wp\/v2\/product"}],"about":[{"href":"https:\/\/www.fenxifiber.com\/pt\/wp-json\/wp\/v2\/types\/product"}],"replies":[{"embeddable":true,"href":"https:\/\/www.fenxifiber.com\/pt\/wp-json\/wp\/v2\/comments?post=906"}],"wp:featuredmedia":[{"embeddable":true,"href":"https:\/\/www.fenxifiber.com\/pt\/wp-json\/wp\/v2\/media\/907"}],"wp:attachment":[{"href":"https:\/\/www.fenxifiber.com\/pt\/wp-json\/wp\/v2\/media?parent=906"}],"wp:term":[{"taxonomy":"product_brand","embeddable":true,"href":"https:\/\/www.fenxifiber.com\/pt\/wp-json\/wp\/v2\/product_brand?post=906"},{"taxonomy":"product_cat","embeddable":true,"href":"https:\/\/www.fenxifiber.com\/pt\/wp-json\/wp\/v2\/product_cat?post=906"},{"taxonomy":"product_tag","embeddable":true,"href":"https:\/\/www.fenxifiber.com\/pt\/wp-json\/wp\/v2\/product_tag?post=906"}],"curies":[{"name":"wp","href":"https:\/\/api.w.org\/{rel}","templated":true}]}}