{"id":908,"date":"2026-02-04T03:14:21","date_gmt":"2026-02-04T03:14:21","guid":{"rendered":"https:\/\/www.fenxifiber.com\/?post_type=product&#038;p=908"},"modified":"2026-02-05T02:27:02","modified_gmt":"2026-02-05T02:27:02","slug":"lc-upc-2-0mm-simplex-singlemode","status":"publish","type":"product","link":"https:\/\/www.fenxifiber.com\/pt\/product\/lc-upc-2-0mm-simplex-singlemode\/","title":{"rendered":"Conector monomodo simplex LC UPC de 2,0 mm"},"content":{"rendered":"<h3 data-start=\"872\" data-end=\"922\">Por que 2,0 mm \u00e9 o padr\u00e3o para patch cords LC<\/h3>\n<div class=\"TyagGW_tableContainer\">\n<div class=\"group TyagGW_tableWrapper flex flex-col-reverse w-fit\" tabindex=\"-1\">\n<table class=\"w-fit min-w-(--thread-content-width)\" data-start=\"924\" data-end=\"1108\">\n<thead data-start=\"924\" data-end=\"957\">\n<tr data-start=\"924\" data-end=\"957\">\n<th class=\"\" data-start=\"924\" data-end=\"941\" data-col-size=\"sm\">Di\u00e2metro do cabo<\/th>\n<th class=\"\" data-start=\"941\" data-end=\"957\" data-col-size=\"sm\">Fun\u00e7\u00e3o t\u00edpica<\/th>\n<\/tr>\n<\/thead>\n<tbody data-start=\"992\" data-end=\"1108\">\n<tr data-start=\"992\" data-end=\"1028\">\n<td data-start=\"992\" data-end=\"1000\" data-col-size=\"sm\">0,9 mm<\/td>\n<td data-start=\"1000\" data-end=\"1028\" data-col-size=\"sm\">Pigtails, fibra interna<\/td>\n<\/tr>\n<tr data-start=\"1029\" data-end=\"1073\">\n<td data-start=\"1029\" data-end=\"1041\" data-col-size=\"sm\"><strong data-start=\"1031\" data-end=\"1040\">2,0 mm<\/strong><\/td>\n<td data-col-size=\"sm\" data-start=\"1041\" data-end=\"1073\"><strong data-start=\"1043\" data-end=\"1071\">Patch cords e jumpers LC<\/strong><\/td>\n<\/tr>\n<tr data-start=\"1074\" data-end=\"1108\">\n<td data-start=\"1074\" data-end=\"1082\" data-col-size=\"sm\">3,0 mm<\/td>\n<td data-col-size=\"sm\" data-start=\"1082\" data-end=\"1108\">Cabos resistentes e para uso externo<\/td>\n<\/tr>\n<\/tbody>\n<\/table>\n<\/div>\n<\/div>\n<p data-start=\"1110\" data-end=\"1241\">O <strong data-start=\"1114\" data-end=\"1129\">Cabo de 2,0 mm<\/strong> oferece o melhor equil\u00edbrio entre <strong data-start=\"1162\" data-end=\"1198\">flexibilidade e resist\u00eancia \u00e0 tra\u00e7\u00e3o<\/strong>, tornando-o ideal para roteamento de fibra em ambientes internos.<\/p>\n<hr data-start=\"1243\" data-end=\"1246\" \/>\n<h3 data-start=\"1248\" data-end=\"1273\">Desempenho \u00f3ptico<\/h3>\n<div class=\"TyagGW_tableContainer\">\n<div class=\"group TyagGW_tableWrapper flex flex-col-reverse w-fit\" tabindex=\"-1\">\n<table class=\"w-fit min-w-(--thread-content-width)\" data-start=\"1275\" data-end=\"1550\">\n<thead data-start=\"1275\" data-end=\"1304\">\n<tr data-start=\"1275\" data-end=\"1304\">\n<th class=\"\" data-start=\"1275\" data-end=\"1287\" data-col-size=\"sm\">Par\u00e2metro<\/th>\n<th class=\"\" data-start=\"1287\" data-end=\"1304\" data-col-size=\"sm\">Valor t\u00edpico<\/th>\n<\/tr>\n<\/thead>\n<tbody data-start=\"1334\" data-end=\"1550\">\n<tr data-start=\"1334\" data-end=\"1371\">\n<td data-start=\"1334\" data-end=\"1347\" data-col-size=\"sm\">Tipo de fibra<\/td>\n<td data-start=\"1347\" data-end=\"1371\" data-col-size=\"sm\">Modo \u00fanico 9\/125 \u00b5m<\/td>\n<\/tr>\n<tr data-start=\"1372\" data-end=\"1393\">\n<td data-start=\"1372\" data-end=\"1386\" data-col-size=\"sm\">Tipo de polon\u00eas<\/td>\n<td data-start=\"1386\" data-end=\"1393\" data-col-size=\"sm\">UPC<\/td>\n<\/tr>\n<tr data-start=\"1394\" data-end=\"1424\">\n<td data-start=\"1394\" data-end=\"1411\" data-col-size=\"sm\">Perda de inser\u00e7\u00e3o<\/td>\n<td data-start=\"1411\" data-end=\"1424\" data-col-size=\"sm\">\u2264 0,30 dB<\/td>\n<\/tr>\n<tr data-start=\"1425\" data-end=\"1450\">\n<td data-start=\"1425\" data-end=\"1439\" data-col-size=\"sm\">Perda de retorno<\/td>\n<td data-start=\"1439\" data-end=\"1450\" data-col-size=\"sm\">\u2265 50 dB<\/td>\n<\/tr>\n<tr data-start=\"1451\" data-end=\"1483\">\n<td data-start=\"1451\" data-end=\"1465\" data-col-size=\"sm\">Comprimentos de onda<\/td>\n<td data-start=\"1465\" data-end=\"1483\" data-col-size=\"sm\">1310 \/ 1550 nm<\/td>\n<\/tr>\n<tr data-start=\"1484\" data-end=\"1512\">\n<td data-start=\"1484\" data-end=\"1500\" data-col-size=\"sm\">Repetibilidade<\/td>\n<td data-start=\"1500\" data-end=\"1512\" data-col-size=\"sm\">\u2264 0,1 dB<\/td>\n<\/tr>\n<tr data-start=\"1513\" data-end=\"1550\">\n<td data-start=\"1513\" data-end=\"1533\" data-col-size=\"sm\">Durabilidade do acoplamento<\/td>\n<td data-start=\"1533\" data-end=\"1550\" data-col-size=\"sm\">\u2265 1000 ciclos<\/td>\n<\/tr>\n<\/tbody>\n<\/table>\n<\/div>\n<\/div>\n<p data-start=\"1552\" data-end=\"1633\">Esse desempenho \u00e9 compat\u00edvel com <strong data-start=\"1578\" data-end=\"1632\">FTTH, backbone de telecomunica\u00e7\u00f5es e links de transmiss\u00e3o de dados<\/strong>.<\/p>\n<hr data-start=\"1635\" data-end=\"1638\" \/>\n<h3 data-start=\"1640\" data-end=\"1666\">Estrutura mec\u00e2nica<\/h3>\n<div class=\"TyagGW_tableContainer\">\n<div class=\"group TyagGW_tableWrapper flex flex-col-reverse w-fit\" tabindex=\"-1\">\n<table class=\"w-fit min-w-(--thread-content-width)\" data-start=\"1668\" data-end=\"1967\">\n<thead data-start=\"1668\" data-end=\"1695\">\n<tr data-start=\"1668\" data-end=\"1695\">\n<th class=\"\" data-start=\"1668\" data-end=\"1678\" data-col-size=\"sm\">Recurso<\/th>\n<th class=\"\" data-start=\"1678\" data-end=\"1695\" data-col-size=\"sm\">Especifica\u00e7\u00e3o<\/th>\n<\/tr>\n<\/thead>\n<tbody data-start=\"1723\" data-end=\"1967\">\n<tr data-start=\"1723\" data-end=\"1754\">\n<td data-start=\"1723\" data-end=\"1740\" data-col-size=\"sm\">Tipo de conector<\/td>\n<td data-col-size=\"sm\" data-start=\"1740\" data-end=\"1754\">LC Simplex<\/td>\n<\/tr>\n<tr data-start=\"1755\" data-end=\"1781\">\n<td data-start=\"1755\" data-end=\"1772\" data-col-size=\"sm\">Di\u00e2metro do cabo<\/td>\n<td data-col-size=\"sm\" data-start=\"1772\" data-end=\"1781\">2,0 mm<\/td>\n<\/tr>\n<tr data-start=\"1782\" data-end=\"1819\">\n<td data-start=\"1782\" data-end=\"1792\" data-col-size=\"sm\">Ponteira<\/td>\n<td data-col-size=\"sm\" data-start=\"1792\" data-end=\"1819\">Cer\u00e2mica de zirc\u00f4nia de 1,25 mm<\/td>\n<\/tr>\n<tr data-start=\"1820\" data-end=\"1858\">\n<td data-start=\"1820\" data-end=\"1827\" data-col-size=\"sm\">Bota<\/td>\n<td data-start=\"1827\" data-end=\"1858\" data-col-size=\"sm\">Bota de al\u00edvio de tens\u00e3o padr\u00e3o<\/td>\n<\/tr>\n<tr data-start=\"1859\" data-end=\"1893\">\n<td data-start=\"1859\" data-end=\"1877\" data-col-size=\"sm\">Sistema de travamento<\/td>\n<td data-col-size=\"sm\" data-start=\"1877\" data-end=\"1893\">LC push-pull<\/td>\n<\/tr>\n<tr data-start=\"1894\" data-end=\"1936\">\n<td data-start=\"1894\" data-end=\"1918\" data-col-size=\"sm\">Temperatura operacional<\/td>\n<td data-start=\"1918\" data-end=\"1936\" data-col-size=\"sm\">-40\u00b0C a +75\u00b0C<\/td>\n<\/tr>\n<tr data-start=\"1937\" data-end=\"1967\">\n<td data-start=\"1937\" data-end=\"1956\" data-col-size=\"sm\">Resist\u00eancia \u00e0 tra\u00e7\u00e3o<\/td>\n<td data-start=\"1956\" data-end=\"1967\" data-col-size=\"sm\">\u2265 100 N<\/td>\n<\/tr>\n<\/tbody>\n<\/table>\n<\/div>\n<\/div>\n<p data-start=\"1969\" data-end=\"2074\">O <strong data-start=\"1973\" data-end=\"2003\">bota e jaqueta refor\u00e7adas<\/strong> proteger a fibra de <strong data-start=\"2027\" data-end=\"2073\">dobrar e puxar durante a opera\u00e7\u00e3o di\u00e1ria<\/strong>.<\/p>\n<hr data-start=\"2076\" data-end=\"2079\" \/>\n<h3 data-start=\"2081\" data-end=\"2107\">Aplica\u00e7\u00f5es t\u00edpicas<\/h3>\n<p data-start=\"2109\" data-end=\"2155\">Esse conector LC UPC de 2,0 mm \u00e9 amplamente usado em:<\/p>\n<ul data-start=\"2157\" data-end=\"2360\">\n<li data-start=\"2157\" data-end=\"2188\">\n<p data-start=\"2159\" data-end=\"2188\">Patch cords LC-LC e LC-SC<\/p>\n<\/li>\n<li data-start=\"2189\" data-end=\"2216\">\n<p data-start=\"2191\" data-end=\"2216\">Links de fibra interna FTTH<\/p>\n<\/li>\n<li data-start=\"2217\" data-end=\"2254\">\n<p data-start=\"2219\" data-end=\"2254\">Quadros de distribui\u00e7\u00e3o \u00f3ptica (ODF)<\/p>\n<\/li>\n<li data-start=\"2255\" data-end=\"2287\">\n<p data-start=\"2257\" data-end=\"2287\">Switches e roteadores de rede<\/p>\n<\/li>\n<li data-start=\"2288\" data-end=\"2327\">\n<p data-start=\"2290\" data-end=\"2327\">Conex\u00f5es monomodo de data center<\/p>\n<\/li>\n<li data-start=\"2328\" data-end=\"2360\">\n<p data-start=\"2330\" data-end=\"2360\">Jumpers de teste e medi\u00e7\u00e3o<\/p>\n<\/li>\n<\/ul>","protected":false},"excerpt":{"rendered":"<h3 data-start=\"233\" data-end=\"289\">Projetado para patch cords e redes de distribui\u00e7\u00e3o<\/h3>\n<p data-start=\"291\" data-end=\"490\">O <strong data-start=\"295\" data-end=\"341\">Conector monomodo Simplex LC UPC de 2,0 mm<\/strong> foi desenvolvido para <strong data-start=\"355\" data-end=\"414\">patch cords prontos para uso e links de fibra de rede de acesso<\/strong>, onde <strong data-start=\"422\" data-end=\"467\">resist\u00eancia mec\u00e2nica e estabilidade \u00f3ptica<\/strong> s\u00e3o igualmente importantes.<\/p>\n<p data-start=\"492\" data-end=\"710\">Diferentemente dos conectores pigtail de 0,9 mm que s\u00e3o emendados dentro do equipamento, o <strong data-start=\"563\" data-end=\"594\">Conector LC revestido de 2,0 mm<\/strong> foi projetado para ser <strong data-start=\"613\" data-end=\"658\">manuseado, conectado e desconectado repetidamente<\/strong> em <strong data-start=\"662\" data-end=\"709\">Pain\u00e9is ODF, tomadas de parede, interruptores e ONTs<\/strong>.<\/p>\n<p data-start=\"712\" data-end=\"865\">Com sua <strong data-start=\"721\" data-end=\"746\">Face da extremidade polida UPC<\/strong>, ele fornece <strong data-start=\"760\" data-end=\"812\">baixa perda de inser\u00e7\u00e3o e transmiss\u00e3o de sinal limpa<\/strong> para <strong data-start=\"817\" data-end=\"864\">aplicativos de telecomunica\u00e7\u00f5es, FTTH e rede de dados<\/strong>.<\/p>","protected":false},"featured_media":909,"comment_status":"open","ping_status":"closed","template":"","meta":[],"product_brand":[],"product_cat":[50],"product_tag":[],"class_list":{"0":"post-908","1":"product","2":"type-product","3":"status-publish","4":"has-post-thumbnail","6":"product_cat-lc-simplex-connectors-single-modemultimode","8":"first","9":"instock","10":"shipping-taxable","11":"product-type-simple"},"_links":{"self":[{"href":"https:\/\/www.fenxifiber.com\/pt\/wp-json\/wp\/v2\/product\/908","targetHints":{"allow":["GET"]}}],"collection":[{"href":"https:\/\/www.fenxifiber.com\/pt\/wp-json\/wp\/v2\/product"}],"about":[{"href":"https:\/\/www.fenxifiber.com\/pt\/wp-json\/wp\/v2\/types\/product"}],"replies":[{"embeddable":true,"href":"https:\/\/www.fenxifiber.com\/pt\/wp-json\/wp\/v2\/comments?post=908"}],"wp:featuredmedia":[{"embeddable":true,"href":"https:\/\/www.fenxifiber.com\/pt\/wp-json\/wp\/v2\/media\/909"}],"wp:attachment":[{"href":"https:\/\/www.fenxifiber.com\/pt\/wp-json\/wp\/v2\/media?parent=908"}],"wp:term":[{"taxonomy":"product_brand","embeddable":true,"href":"https:\/\/www.fenxifiber.com\/pt\/wp-json\/wp\/v2\/product_brand?post=908"},{"taxonomy":"product_cat","embeddable":true,"href":"https:\/\/www.fenxifiber.com\/pt\/wp-json\/wp\/v2\/product_cat?post=908"},{"taxonomy":"product_tag","embeddable":true,"href":"https:\/\/www.fenxifiber.com\/pt\/wp-json\/wp\/v2\/product_tag?post=908"}],"curies":[{"name":"wp","href":"https:\/\/api.w.org\/{rel}","templated":true}]}}