{"id":910,"date":"2026-02-04T03:15:23","date_gmt":"2026-02-04T03:15:23","guid":{"rendered":"https:\/\/www.fenxifiber.com\/?post_type=product&#038;p=910"},"modified":"2026-02-05T02:27:30","modified_gmt":"2026-02-05T02:27:30","slug":"lc-upc-2-0mm-simplex-com-bota-curta","status":"publish","type":"product","link":"https:\/\/www.fenxifiber.com\/pt\/product\/lc-upc-2-0mm-simplex-with-short-boot\/","title":{"rendered":"Conector Simplex LC UPC de 2,0 mm com bota curta"},"content":{"rendered":"<h3 data-start=\"825\" data-end=\"866\">Por que os conectores LC de inicializa\u00e7\u00e3o curta s\u00e3o importantes<\/h3>\n<div class=\"TyagGW_tableContainer\">\n<div class=\"group TyagGW_tableWrapper flex flex-col-reverse w-fit\" tabindex=\"-1\">\n<table class=\"w-fit min-w-(--thread-content-width)\" data-start=\"868\" data-end=\"1100\">\n<thead data-start=\"868\" data-end=\"907\">\n<tr data-start=\"868\" data-end=\"907\">\n<th class=\"\" data-start=\"868\" data-end=\"880\" data-col-size=\"sm\">Tipo de bota<\/th>\n<th class=\"\" data-start=\"880\" data-end=\"892\" data-col-size=\"sm\">Vantagens<\/th>\n<th class=\"\" data-start=\"892\" data-end=\"907\" data-col-size=\"sm\">Uso t\u00edpico<\/th>\n<\/tr>\n<\/thead>\n<tbody data-start=\"948\" data-end=\"1100\">\n<tr data-start=\"948\" data-end=\"1012\">\n<td data-start=\"948\" data-end=\"964\" data-col-size=\"sm\">Bota padr\u00e3o<\/td>\n<td data-start=\"964\" data-end=\"989\" data-col-size=\"sm\">Melhor prote\u00e7\u00e3o contra tra\u00e7\u00e3o<\/td>\n<td data-col-size=\"sm\" data-start=\"989\" data-end=\"1012\">Patch cords gerais<\/td>\n<\/tr>\n<tr data-start=\"1013\" data-end=\"1100\">\n<td data-start=\"1013\" data-end=\"1030\" data-col-size=\"sm\"><strong data-start=\"1015\" data-end=\"1029\">Bota curta<\/strong><\/td>\n<td data-start=\"1030\" data-end=\"1064\" data-col-size=\"sm\"><strong data-start=\"1032\" data-end=\"1063\">Economiza espa\u00e7o e facilita o roteamento<\/strong><\/td>\n<td data-col-size=\"sm\" data-start=\"1064\" data-end=\"1100\"><strong data-start=\"1066\" data-end=\"1098\">Racks e m\u00f3dulos de alta densidade<\/strong><\/td>\n<\/tr>\n<\/tbody>\n<\/table>\n<\/div>\n<\/div>\n<p data-start=\"1102\" data-end=\"1234\">Os designs de bota curta s\u00e3o amplamente usados em <strong data-start=\"1140\" data-end=\"1177\">data centers e gabinetes de telecomunica\u00e7\u00f5es<\/strong> onde centenas de fibras s\u00e3o terminadas em uma pequena \u00e1rea.<\/p>\n<hr data-start=\"1236\" data-end=\"1239\" \/>\n<h3 data-start=\"1241\" data-end=\"1269\">Especifica\u00e7\u00f5es \u00f3pticas<\/h3>\n<div class=\"TyagGW_tableContainer\">\n<div class=\"group TyagGW_tableWrapper flex flex-col-reverse w-fit\" tabindex=\"-1\">\n<table class=\"w-fit min-w-(--thread-content-width)\" data-start=\"1271\" data-end=\"1517\">\n<thead data-start=\"1271\" data-end=\"1300\">\n<tr data-start=\"1271\" data-end=\"1300\">\n<th class=\"\" data-start=\"1271\" data-end=\"1283\" data-col-size=\"sm\">Par\u00e2metro<\/th>\n<th class=\"\" data-start=\"1283\" data-end=\"1300\" data-col-size=\"sm\">Valor t\u00edpico<\/th>\n<\/tr>\n<\/thead>\n<tbody data-start=\"1330\" data-end=\"1517\">\n<tr data-start=\"1330\" data-end=\"1367\">\n<td data-start=\"1330\" data-end=\"1343\" data-col-size=\"sm\">Tipo de fibra<\/td>\n<td data-start=\"1343\" data-end=\"1367\" data-col-size=\"sm\">Modo \u00fanico 9\/125 \u00b5m<\/td>\n<\/tr>\n<tr data-start=\"1368\" data-end=\"1389\">\n<td data-start=\"1368\" data-end=\"1382\" data-col-size=\"sm\">Tipo de polon\u00eas<\/td>\n<td data-start=\"1382\" data-end=\"1389\" data-col-size=\"sm\">UPC<\/td>\n<\/tr>\n<tr data-start=\"1390\" data-end=\"1420\">\n<td data-start=\"1390\" data-end=\"1407\" data-col-size=\"sm\">Perda de inser\u00e7\u00e3o<\/td>\n<td data-col-size=\"sm\" data-start=\"1407\" data-end=\"1420\">\u2264 0,30 dB<\/td>\n<\/tr>\n<tr data-start=\"1421\" data-end=\"1446\">\n<td data-start=\"1421\" data-end=\"1435\" data-col-size=\"sm\">Perda de retorno<\/td>\n<td data-col-size=\"sm\" data-start=\"1435\" data-end=\"1446\">\u2265 50 dB<\/td>\n<\/tr>\n<tr data-start=\"1447\" data-end=\"1479\">\n<td data-start=\"1447\" data-end=\"1461\" data-col-size=\"sm\">Comprimentos de onda<\/td>\n<td data-start=\"1461\" data-end=\"1479\" data-col-size=\"sm\">1310 \/ 1550 nm<\/td>\n<\/tr>\n<tr data-start=\"1480\" data-end=\"1517\">\n<td data-start=\"1480\" data-end=\"1493\" data-col-size=\"sm\">Durabilidade<\/td>\n<td data-start=\"1493\" data-end=\"1517\" data-col-size=\"sm\">\u2265 1000 ciclos de acoplamento<\/td>\n<\/tr>\n<\/tbody>\n<\/table>\n<\/div>\n<\/div>\n<p data-start=\"1519\" data-end=\"1611\">Esses valores garantem <strong data-start=\"1539\" data-end=\"1569\">transmiss\u00e3o de sinal est\u00e1vel<\/strong> para <strong data-start=\"1574\" data-end=\"1610\">FTTH, telecomunica\u00e7\u00f5es e redes de dados<\/strong>.<\/p>\n<hr data-start=\"1613\" data-end=\"1616\" \/>\n<h3 data-start=\"1618\" data-end=\"1641\">Projeto mec\u00e2nico<\/h3>\n<div class=\"TyagGW_tableContainer\">\n<div class=\"group TyagGW_tableWrapper flex flex-col-reverse w-fit\" tabindex=\"-1\">\n<table class=\"w-fit min-w-(--thread-content-width)\" data-start=\"1643\" data-end=\"1947\">\n<thead data-start=\"1643\" data-end=\"1670\">\n<tr data-start=\"1643\" data-end=\"1670\">\n<th class=\"\" data-start=\"1643\" data-end=\"1653\" data-col-size=\"sm\">Recurso<\/th>\n<th class=\"\" data-start=\"1653\" data-end=\"1670\" data-col-size=\"sm\">Especifica\u00e7\u00e3o<\/th>\n<\/tr>\n<\/thead>\n<tbody data-start=\"1698\" data-end=\"1947\">\n<tr data-start=\"1698\" data-end=\"1729\">\n<td data-start=\"1698\" data-end=\"1715\" data-col-size=\"sm\">Tipo de conector<\/td>\n<td data-start=\"1715\" data-end=\"1729\" data-col-size=\"sm\">LC Simplex<\/td>\n<\/tr>\n<tr data-start=\"1730\" data-end=\"1756\">\n<td data-start=\"1730\" data-end=\"1747\" data-col-size=\"sm\">Di\u00e2metro do cabo<\/td>\n<td data-start=\"1747\" data-end=\"1756\" data-col-size=\"sm\">2,0 mm<\/td>\n<\/tr>\n<tr data-start=\"1757\" data-end=\"1794\">\n<td data-start=\"1757\" data-end=\"1767\" data-col-size=\"sm\">Ponteira<\/td>\n<td data-start=\"1767\" data-end=\"1794\" data-col-size=\"sm\">Cer\u00e2mica de zirc\u00f4nia de 1,25 mm<\/td>\n<\/tr>\n<tr data-start=\"1795\" data-end=\"1838\">\n<td data-start=\"1795\" data-end=\"1802\" data-col-size=\"sm\">Bota<\/td>\n<td data-start=\"1802\" data-end=\"1838\" data-col-size=\"sm\">Al\u00edvio de tens\u00e3o curto e de baixo perfil<\/td>\n<\/tr>\n<tr data-start=\"1839\" data-end=\"1873\">\n<td data-start=\"1839\" data-end=\"1857\" data-col-size=\"sm\">Sistema de travamento<\/td>\n<td data-start=\"1857\" data-end=\"1873\" data-col-size=\"sm\">LC push-pull<\/td>\n<\/tr>\n<tr data-start=\"1874\" data-end=\"1916\">\n<td data-start=\"1874\" data-end=\"1898\" data-col-size=\"sm\">Temperatura operacional<\/td>\n<td data-start=\"1898\" data-end=\"1916\" data-col-size=\"sm\">-40\u00b0C a +75\u00b0C<\/td>\n<\/tr>\n<tr data-start=\"1917\" data-end=\"1947\">\n<td data-start=\"1917\" data-end=\"1936\" data-col-size=\"sm\">Resist\u00eancia \u00e0 tra\u00e7\u00e3o<\/td>\n<td data-start=\"1936\" data-end=\"1947\" data-col-size=\"sm\">\u2265 100 N<\/td>\n<\/tr>\n<\/tbody>\n<\/table>\n<\/div>\n<\/div>\n<p data-start=\"1949\" data-end=\"2058\">O <strong data-start=\"1953\" data-end=\"1967\">bota curta<\/strong> permite que o conector se encaixe confortavelmente no <strong data-start=\"2011\" data-end=\"2057\">pain\u00e9is de patch e gaiolas de transceptores lotados<\/strong>.<\/p>\n<hr data-start=\"2060\" data-end=\"2063\" \/>\n<h3 data-start=\"2065\" data-end=\"2091\">Aplica\u00e7\u00f5es t\u00edpicas<\/h3>\n<p data-start=\"2093\" data-end=\"2121\">Esse conector \u00e9 ideal para:<\/p>\n<ul data-start=\"2123\" data-end=\"2315\">\n<li data-start=\"2123\" data-end=\"2152\">\n<p data-start=\"2125\" data-end=\"2152\">Pain\u00e9is de patch de alta densidade<\/p>\n<\/li>\n<li data-start=\"2153\" data-end=\"2183\">\n<p data-start=\"2155\" data-end=\"2183\">Patch cords LC para data center<\/p>\n<\/li>\n<li data-start=\"2184\" data-end=\"2212\">\n<p data-start=\"2186\" data-end=\"2212\">Quadros de distribui\u00e7\u00e3o FTTH<\/p>\n<\/li>\n<li data-start=\"2213\" data-end=\"2245\">\n<p data-start=\"2215\" data-end=\"2245\">Switches e roteadores de rede<\/p>\n<\/li>\n<li data-start=\"2246\" data-end=\"2281\">\n<p data-start=\"2248\" data-end=\"2281\">Conex\u00f5es do transceptor \u00f3ptico<\/p>\n<\/li>\n<li data-start=\"2282\" data-end=\"2315\">\n<p data-start=\"2284\" data-end=\"2315\">Equipamentos de teste e monitoramento<\/p>\n<\/li>\n<\/ul>\n<hr data-start=\"2317\" data-end=\"2320\" \/>\n<h2 data-start=\"2322\" data-end=\"2343\">Perguntas e respostas profissionais<\/h2>\n<p data-start=\"2345\" data-end=\"2513\"><strong data-start=\"2345\" data-end=\"2393\">P1: Uma bota curta reduz a resist\u00eancia do cabo?<\/strong><br data-start=\"2393\" data-end=\"2396\" \/>N\u00e3o. A bota curta ainda oferece <strong data-start=\"2430\" data-end=\"2456\">al\u00edvio de tens\u00e3o adequado<\/strong> para patch cords internos, melhorando a efici\u00eancia do espa\u00e7o.<\/p>\n<hr data-start=\"2515\" data-end=\"2518\" \/>\n<p data-start=\"2520\" data-end=\"2649\"><strong data-start=\"2520\" data-end=\"2569\">P2: Isso pode ser usado em adaptadores LC padr\u00e3o?<\/strong><br data-start=\"2569\" data-end=\"2572\" \/>Sim. \u00c9 <strong data-start=\"2583\" data-end=\"2603\">totalmente compat\u00edvel<\/strong> com todos os adaptadores e pain\u00e9is LC UPC padr\u00e3o.<\/p>\n<hr data-start=\"2651\" data-end=\"2654\" \/>\n<p data-start=\"2656\" data-end=\"2838\"><strong data-start=\"2656\" data-end=\"2711\">P3: Quando devo escolher um conector LC de inicializa\u00e7\u00e3o curta?<\/strong><br data-start=\"2711\" data-end=\"2714\" \/>Quando estiver trabalhando com <strong data-start=\"2740\" data-end=\"2792\">racks lotados, prateleiras de fibra ou dispositivos compactos<\/strong> onde as botas padr\u00e3o s\u00e3o dif\u00edceis de gerenciar.<\/p>","protected":false},"excerpt":{"rendered":"<h3 data-start=\"216\" data-end=\"277\">Projetado para espa\u00e7os apertados e pain\u00e9is de fibra de alta densidade<\/h3>\n<p data-start=\"279\" data-end=\"647\">O <strong data-start=\"283\" data-end=\"333\">Conector Simplex LC UPC de 2,0 mm com bota curta<\/strong> foi projetado para <strong data-start=\"352\" data-end=\"435\">ambientes de fibra onde o espa\u00e7o \u00e9 limitado, mas o desempenho n\u00e3o pode ser comprometido<\/strong>.<br data-start=\"436\" data-end=\"439\" \/>Ao substituir a bota de al\u00edvio de tens\u00e3o longa padr\u00e3o por uma bota de al\u00edvio de tens\u00e3o <strong data-start=\"496\" data-end=\"518\">bota curta compacta<\/strong>, esse conector permite <strong data-start=\"542\" data-end=\"584\">roteamento mais f\u00e1cil e maior densidade de portas<\/strong> em <strong data-start=\"588\" data-end=\"646\">Racks ODF, patch panels, switches e m\u00f3dulos \u00f3pticos<\/strong>.<\/p>\n<p data-start=\"649\" data-end=\"818\">Ele mant\u00e9m o mesmo <strong data-start=\"671\" data-end=\"721\">desempenho \u00f3ptico e confiabilidade mec\u00e2nica<\/strong> como um conector LC UPC padr\u00e3o, ao mesmo tempo em que oferece <strong data-start=\"769\" data-end=\"817\">melhor espa\u00e7o livre atr\u00e1s de adaptadores e m\u00f3dulos<\/strong>.<\/p>","protected":false},"featured_media":911,"comment_status":"open","ping_status":"closed","template":"","meta":[],"product_brand":[],"product_cat":[50],"product_tag":[],"class_list":{"0":"post-910","1":"product","2":"type-product","3":"status-publish","4":"has-post-thumbnail","6":"product_cat-lc-simplex-connectors-single-modemultimode","8":"first","9":"instock","10":"shipping-taxable","11":"product-type-simple"},"_links":{"self":[{"href":"https:\/\/www.fenxifiber.com\/pt\/wp-json\/wp\/v2\/product\/910","targetHints":{"allow":["GET"]}}],"collection":[{"href":"https:\/\/www.fenxifiber.com\/pt\/wp-json\/wp\/v2\/product"}],"about":[{"href":"https:\/\/www.fenxifiber.com\/pt\/wp-json\/wp\/v2\/types\/product"}],"replies":[{"embeddable":true,"href":"https:\/\/www.fenxifiber.com\/pt\/wp-json\/wp\/v2\/comments?post=910"}],"wp:featuredmedia":[{"embeddable":true,"href":"https:\/\/www.fenxifiber.com\/pt\/wp-json\/wp\/v2\/media\/911"}],"wp:attachment":[{"href":"https:\/\/www.fenxifiber.com\/pt\/wp-json\/wp\/v2\/media?parent=910"}],"wp:term":[{"taxonomy":"product_brand","embeddable":true,"href":"https:\/\/www.fenxifiber.com\/pt\/wp-json\/wp\/v2\/product_brand?post=910"},{"taxonomy":"product_cat","embeddable":true,"href":"https:\/\/www.fenxifiber.com\/pt\/wp-json\/wp\/v2\/product_cat?post=910"},{"taxonomy":"product_tag","embeddable":true,"href":"https:\/\/www.fenxifiber.com\/pt\/wp-json\/wp\/v2\/product_tag?post=910"}],"curies":[{"name":"wp","href":"https:\/\/api.w.org\/{rel}","templated":true}]}}