{"id":912,"date":"2026-02-04T03:16:46","date_gmt":"2026-02-04T03:16:46","guid":{"rendered":"https:\/\/www.fenxifiber.com\/?post_type=product&#038;p=912"},"modified":"2026-02-05T02:27:53","modified_gmt":"2026-02-05T02:27:53","slug":"lc-upc-2-0mm-simplex-multimodo","status":"publish","type":"product","link":"https:\/\/www.fenxifiber.com\/pt\/product\/lc-upc-2-0mm-simplex-multimode\/","title":{"rendered":"Conector de fibra multimodo simplex LC UPC de 2,0 mm"},"content":{"rendered":"<h3 data-start=\"786\" data-end=\"839\">Por que 2,0 mm \u00e9 o padr\u00e3o para jumpers multimodo<\/h3>\n<div class=\"TyagGW_tableContainer\">\n<div class=\"group TyagGW_tableWrapper flex flex-col-reverse w-fit\" tabindex=\"-1\">\n<table class=\"w-fit min-w-(--thread-content-width)\" data-start=\"841\" data-end=\"1021\">\n<thead data-start=\"841\" data-end=\"877\">\n<tr data-start=\"841\" data-end=\"877\">\n<th class=\"\" data-start=\"841\" data-end=\"854\" data-col-size=\"sm\">Tamanho do cabo<\/th>\n<th class=\"\" data-start=\"854\" data-end=\"877\" data-col-size=\"sm\">Aplica\u00e7\u00e3o t\u00edpica<\/th>\n<\/tr>\n<\/thead>\n<tbody data-start=\"913\" data-end=\"1021\">\n<tr data-start=\"913\" data-end=\"943\">\n<td data-start=\"913\" data-end=\"921\" data-col-size=\"sm\">0,9 mm<\/td>\n<td data-start=\"921\" data-end=\"943\" data-col-size=\"sm\">Pigtails multimodo<\/td>\n<\/tr>\n<tr data-start=\"944\" data-end=\"985\">\n<td data-start=\"944\" data-end=\"956\" data-col-size=\"sm\"><strong data-start=\"946\" data-end=\"955\">2,0 mm<\/strong><\/td>\n<td data-start=\"956\" data-end=\"985\" data-col-size=\"sm\"><strong data-start=\"958\" data-end=\"983\">Patch cords multimodo<\/strong><\/td>\n<\/tr>\n<tr data-start=\"986\" data-end=\"1021\">\n<td data-start=\"986\" data-end=\"994\" data-col-size=\"sm\">3,0 mm<\/td>\n<td data-col-size=\"sm\" data-start=\"994\" data-end=\"1021\">Cabos robustos ou para uso externo<\/td>\n<\/tr>\n<\/tbody>\n<\/table>\n<\/div>\n<\/div>\n<p data-start=\"1023\" data-end=\"1187\">O <strong data-start=\"1027\" data-end=\"1042\">Cabo de 2,0 mm<\/strong> oferece o equil\u00edbrio ideal entre <strong data-start=\"1078\" data-end=\"1114\">flexibilidade e resist\u00eancia \u00e0 tra\u00e7\u00e3o<\/strong>, o que o torna perfeito para <strong data-start=\"1138\" data-end=\"1186\">conex\u00f5es de rack para rack e de dispositivo para painel<\/strong>.<\/p>\n<hr data-start=\"1189\" data-end=\"1192\" \/>\n<h3 data-start=\"1194\" data-end=\"1229\">Desempenho \u00f3ptico multimodo<\/h3>\n<div class=\"TyagGW_tableContainer\">\n<div class=\"group TyagGW_tableWrapper flex flex-col-reverse w-fit\" tabindex=\"-1\">\n<table class=\"w-fit min-w-(--thread-content-width)\" data-start=\"1231\" data-end=\"1570\">\n<thead data-start=\"1231\" data-end=\"1260\">\n<tr data-start=\"1231\" data-end=\"1260\">\n<th class=\"\" data-start=\"1231\" data-end=\"1243\" data-col-size=\"sm\">Par\u00e2metro<\/th>\n<th class=\"\" data-start=\"1243\" data-end=\"1260\" data-col-size=\"md\">Valor t\u00edpico<\/th>\n<\/tr>\n<\/thead>\n<tbody data-start=\"1290\" data-end=\"1570\">\n<tr data-start=\"1290\" data-end=\"1350\">\n<td data-start=\"1290\" data-end=\"1303\" data-col-size=\"sm\">Tipo de fibra<\/td>\n<td data-start=\"1303\" data-end=\"1350\" data-col-size=\"md\">Multimodo 50\/125 \u00b5m (OM2 \/ OM3 \/ OM4 \/ OM5)<\/td>\n<\/tr>\n<tr data-start=\"1351\" data-end=\"1372\">\n<td data-start=\"1351\" data-end=\"1365\" data-col-size=\"sm\">Tipo de polon\u00eas<\/td>\n<td data-start=\"1365\" data-end=\"1372\" data-col-size=\"md\">UPC<\/td>\n<\/tr>\n<tr data-start=\"1373\" data-end=\"1403\">\n<td data-start=\"1373\" data-end=\"1390\" data-col-size=\"sm\">Perda de inser\u00e7\u00e3o<\/td>\n<td data-start=\"1390\" data-end=\"1403\" data-col-size=\"md\">\u2264 0,30 dB<\/td>\n<\/tr>\n<tr data-start=\"1404\" data-end=\"1429\">\n<td data-start=\"1404\" data-end=\"1418\" data-col-size=\"sm\">Perda de retorno<\/td>\n<td data-start=\"1418\" data-end=\"1429\" data-col-size=\"md\">\u2265 35 dB<\/td>\n<\/tr>\n<tr data-start=\"1430\" data-end=\"1474\">\n<td data-start=\"1430\" data-end=\"1454\" data-col-size=\"sm\">Comprimentos de onda operacionais<\/td>\n<td data-start=\"1454\" data-end=\"1474\" data-col-size=\"md\">850 nm \/ 1300 nm<\/td>\n<\/tr>\n<tr data-start=\"1475\" data-end=\"1538\">\n<td data-start=\"1475\" data-end=\"1498\" data-col-size=\"sm\">Taxas de dados suportadas<\/td>\n<td data-start=\"1498\" data-end=\"1538\" data-col-size=\"md\">10G \/ 25G \/ 40G \/ 100G (curto alcance)<\/td>\n<\/tr>\n<tr data-start=\"1539\" data-end=\"1570\">\n<td data-start=\"1539\" data-end=\"1553\" data-col-size=\"sm\">Vida de acasalamento<\/td>\n<td data-start=\"1553\" data-end=\"1570\" data-col-size=\"md\">\u2265 1000 ciclos<\/td>\n<\/tr>\n<\/tbody>\n<\/table>\n<\/div>\n<\/div>\n<p data-start=\"1572\" data-end=\"1668\">Essas especifica\u00e7\u00f5es garantem <strong data-start=\"1600\" data-end=\"1633\">transmiss\u00e3o est\u00e1vel e de baixa perda<\/strong> para redes multimodo de alta velocidade.<\/p>\n<hr data-start=\"1670\" data-end=\"1673\" \/>\n<h3 data-start=\"1675\" data-end=\"1708\">Estrutura de conectores e cabos<\/h3>\n<div class=\"TyagGW_tableContainer\">\n<div class=\"group TyagGW_tableWrapper flex flex-col-reverse w-fit\" tabindex=\"-1\">\n<table class=\"w-fit min-w-(--thread-content-width)\" data-start=\"1710\" data-end=\"2009\">\n<thead data-start=\"1710\" data-end=\"1737\">\n<tr data-start=\"1710\" data-end=\"1737\">\n<th class=\"\" data-start=\"1710\" data-end=\"1720\" data-col-size=\"sm\">Recurso<\/th>\n<th class=\"\" data-start=\"1720\" data-end=\"1737\" data-col-size=\"sm\">Especifica\u00e7\u00e3o<\/th>\n<\/tr>\n<\/thead>\n<tbody data-start=\"1765\" data-end=\"2009\">\n<tr data-start=\"1765\" data-end=\"1796\">\n<td data-start=\"1765\" data-end=\"1782\" data-col-size=\"sm\">Tipo de conector<\/td>\n<td data-col-size=\"sm\" data-start=\"1782\" data-end=\"1796\">LC Simplex<\/td>\n<\/tr>\n<tr data-start=\"1797\" data-end=\"1823\">\n<td data-start=\"1797\" data-end=\"1814\" data-col-size=\"sm\">Di\u00e2metro do cabo<\/td>\n<td data-col-size=\"sm\" data-start=\"1814\" data-end=\"1823\">2,0 mm<\/td>\n<\/tr>\n<tr data-start=\"1824\" data-end=\"1861\">\n<td data-start=\"1824\" data-end=\"1834\" data-col-size=\"sm\">Ponteira<\/td>\n<td data-start=\"1834\" data-end=\"1861\" data-col-size=\"sm\">Cer\u00e2mica de zirc\u00f4nia de 1,25 mm<\/td>\n<\/tr>\n<tr data-start=\"1862\" data-end=\"1900\">\n<td data-start=\"1862\" data-end=\"1869\" data-col-size=\"sm\">Bota<\/td>\n<td data-start=\"1869\" data-end=\"1900\" data-col-size=\"sm\">Bota de al\u00edvio de tens\u00e3o padr\u00e3o<\/td>\n<\/tr>\n<tr data-start=\"1901\" data-end=\"1935\">\n<td data-start=\"1901\" data-end=\"1919\" data-col-size=\"sm\">Sistema de travamento<\/td>\n<td data-start=\"1919\" data-end=\"1935\" data-col-size=\"sm\">LC push-pull<\/td>\n<\/tr>\n<tr data-start=\"1936\" data-end=\"1978\">\n<td data-start=\"1936\" data-end=\"1960\" data-col-size=\"sm\">Temperatura operacional<\/td>\n<td data-start=\"1960\" data-end=\"1978\" data-col-size=\"sm\">-40\u00b0C a +75\u00b0C<\/td>\n<\/tr>\n<tr data-start=\"1979\" data-end=\"2009\">\n<td data-start=\"1979\" data-end=\"1998\" data-col-size=\"sm\">Resist\u00eancia \u00e0 tra\u00e7\u00e3o<\/td>\n<td data-col-size=\"sm\" data-start=\"1998\" data-end=\"2009\">\u2265 100 N<\/td>\n<\/tr>\n<\/tbody>\n<\/table>\n<\/div>\n<\/div>\n<p data-start=\"2011\" data-end=\"2115\">O <strong data-start=\"2015\" data-end=\"2045\">jaqueta e bota refor\u00e7adas<\/strong> proteger a fibra de <strong data-start=\"2069\" data-end=\"2114\">flex\u00e3o e tra\u00e7\u00e3o durante a aplica\u00e7\u00e3o di\u00e1ria de remendos<\/strong>.<\/p>\n<hr data-start=\"2117\" data-end=\"2120\" \/>\n<h3 data-start=\"2122\" data-end=\"2148\">Aplica\u00e7\u00f5es t\u00edpicas<\/h3>\n<p data-start=\"2150\" data-end=\"2198\">Esse conector multimodo LC \u00e9 comumente usado em:<\/p>\n<ul data-start=\"2200\" data-end=\"2402\">\n<li data-start=\"2200\" data-end=\"2227\">\n<p data-start=\"2202\" data-end=\"2227\">Patch cords de data center<\/p>\n<\/li>\n<li data-start=\"2228\" data-end=\"2275\">\n<p data-start=\"2230\" data-end=\"2275\">Links de switch para switch e de switch para servidor<\/p>\n<\/li>\n<li data-start=\"2276\" data-end=\"2309\">\n<p data-start=\"2278\" data-end=\"2309\">Redes LAN e SAN empresariais<\/p>\n<\/li>\n<li data-start=\"2310\" data-end=\"2345\">\n<p data-start=\"2312\" data-end=\"2345\">Conex\u00f5es do transceptor \u00f3ptico<\/p>\n<\/li>\n<li data-start=\"2346\" data-end=\"2372\">\n<p data-start=\"2348\" data-end=\"2372\">Jumpers de teste multimodo<\/p>\n<\/li>\n<li data-start=\"2373\" data-end=\"2402\">\n<p data-start=\"2375\" data-end=\"2402\">Estruturas de distribui\u00e7\u00e3o de fibra<\/p>\n<\/li>\n<\/ul>","protected":false},"excerpt":{"rendered":"<h3 data-start=\"236\" data-end=\"299\">Um conector confi\u00e1vel para patch cords multimodo de alta velocidade<\/h3>\n<p data-start=\"301\" data-end=\"640\">O <strong data-start=\"305\" data-end=\"349\">Conector multimodo Simplex LC UPC de 2,0 mm<\/strong> foi projetado para <strong data-start=\"366\" data-end=\"397\">cabos de conex\u00e3o de fibra multimodo<\/strong> usado em <strong data-start=\"406\" data-end=\"464\">data centers, redes corporativas e salas de equipamentos<\/strong>.<br data-start=\"465\" data-end=\"468\" \/>Ele combina o <strong data-start=\"484\" data-end=\"510\">formato LC compacto<\/strong> com um <strong data-start=\"518\" data-end=\"542\">revestimento dur\u00e1vel de 2,0 mm<\/strong>, fornecendo tanto <strong data-start=\"559\" data-end=\"605\">precis\u00e3o \u00f3ptica e estabilidade mec\u00e2nica<\/strong> para opera\u00e7\u00e3o plug-and-play di\u00e1ria.<\/p>\n<p data-start=\"642\" data-end=\"779\">Esse conector \u00e9 amplamente usado para construir <strong data-start=\"681\" data-end=\"725\">Jumpers multimodo LC-LC, LC-SC e LC-FC<\/strong> para <strong data-start=\"730\" data-end=\"778\">Links Ethernet 10G, 25G e 100G de curto alcance<\/strong>.<\/p>","protected":false},"featured_media":913,"comment_status":"open","ping_status":"closed","template":"","meta":[],"product_brand":[],"product_cat":[50],"product_tag":[],"class_list":{"0":"post-912","1":"product","2":"type-product","3":"status-publish","4":"has-post-thumbnail","6":"product_cat-lc-simplex-connectors-single-modemultimode","8":"first","9":"instock","10":"shipping-taxable","11":"product-type-simple"},"_links":{"self":[{"href":"https:\/\/www.fenxifiber.com\/pt\/wp-json\/wp\/v2\/product\/912","targetHints":{"allow":["GET"]}}],"collection":[{"href":"https:\/\/www.fenxifiber.com\/pt\/wp-json\/wp\/v2\/product"}],"about":[{"href":"https:\/\/www.fenxifiber.com\/pt\/wp-json\/wp\/v2\/types\/product"}],"replies":[{"embeddable":true,"href":"https:\/\/www.fenxifiber.com\/pt\/wp-json\/wp\/v2\/comments?post=912"}],"wp:featuredmedia":[{"embeddable":true,"href":"https:\/\/www.fenxifiber.com\/pt\/wp-json\/wp\/v2\/media\/913"}],"wp:attachment":[{"href":"https:\/\/www.fenxifiber.com\/pt\/wp-json\/wp\/v2\/media?parent=912"}],"wp:term":[{"taxonomy":"product_brand","embeddable":true,"href":"https:\/\/www.fenxifiber.com\/pt\/wp-json\/wp\/v2\/product_brand?post=912"},{"taxonomy":"product_cat","embeddable":true,"href":"https:\/\/www.fenxifiber.com\/pt\/wp-json\/wp\/v2\/product_cat?post=912"},{"taxonomy":"product_tag","embeddable":true,"href":"https:\/\/www.fenxifiber.com\/pt\/wp-json\/wp\/v2\/product_tag?post=912"}],"curies":[{"name":"wp","href":"https:\/\/api.w.org\/{rel}","templated":true}]}}