{"id":914,"date":"2026-02-04T03:18:08","date_gmt":"2026-02-04T03:18:08","guid":{"rendered":"https:\/\/www.fenxifiber.com\/?post_type=product&#038;p=914"},"modified":"2026-02-05T02:28:21","modified_gmt":"2026-02-05T02:28:21","slug":"lc-upc-3-0mm-simplex-singlemode","status":"publish","type":"product","link":"https:\/\/www.fenxifiber.com\/pt\/product\/lc-upc-3-0mm-simplex-singlemode\/","title":{"rendered":"Conector de fibra monomodo simplex LC UPC de 3,0 mm"},"content":{"rendered":"<h3 data-start=\"775\" data-end=\"821\">Por que 3,0 mm \u00e9 usado para cabos de fibra robustos<\/h3>\n<div class=\"TyagGW_tableContainer\">\n<div class=\"group TyagGW_tableWrapper flex flex-col-reverse w-fit\" tabindex=\"-1\">\n<table class=\"w-fit min-w-(--thread-content-width)\" data-start=\"823\" data-end=\"1069\">\n<thead data-start=\"823\" data-end=\"872\">\n<tr data-start=\"823\" data-end=\"872\">\n<th class=\"\" data-start=\"823\" data-end=\"840\" data-col-size=\"sm\">Di\u00e2metro do cabo<\/th>\n<th class=\"\" data-start=\"840\" data-end=\"857\" data-col-size=\"sm\">N\u00edvel de for\u00e7a<\/th>\n<th class=\"\" data-start=\"857\" data-end=\"872\" data-col-size=\"sm\">Uso t\u00edpico<\/th>\n<\/tr>\n<\/thead>\n<tbody data-start=\"922\" data-end=\"1069\">\n<tr data-start=\"922\" data-end=\"965\">\n<td data-start=\"922\" data-end=\"930\" data-col-size=\"sm\">0,9 mm<\/td>\n<td data-start=\"930\" data-end=\"936\" data-col-size=\"sm\">Baixa<\/td>\n<td data-col-size=\"sm\" data-start=\"936\" data-end=\"965\">Pigtails e fibra interna<\/td>\n<\/tr>\n<tr data-start=\"966\" data-end=\"1005\">\n<td data-start=\"966\" data-end=\"974\" data-col-size=\"sm\">2,0 mm<\/td>\n<td data-start=\"974\" data-end=\"983\" data-col-size=\"sm\">M\u00e9dio<\/td>\n<td data-start=\"983\" data-end=\"1005\" data-col-size=\"sm\">Patch cords internos<\/td>\n<\/tr>\n<tr data-start=\"1006\" data-end=\"1069\">\n<td data-start=\"1006\" data-end=\"1018\" data-col-size=\"sm\"><strong data-start=\"1008\" data-end=\"1017\">3,0 mm<\/strong><\/td>\n<td data-start=\"1018\" data-end=\"1029\" data-col-size=\"sm\"><strong data-start=\"1020\" data-end=\"1028\">Alta<\/strong><\/td>\n<td data-start=\"1029\" data-end=\"1069\" data-col-size=\"sm\"><strong data-start=\"1031\" data-end=\"1067\">Patch cords industriais e externos<\/strong><\/td>\n<\/tr>\n<\/tbody>\n<\/table>\n<\/div>\n<\/div>\n<p data-start=\"1071\" data-end=\"1161\">O <strong data-start=\"1075\" data-end=\"1091\">Jaqueta de 3,0 mm<\/strong> protege a fibra de <strong data-start=\"1116\" data-end=\"1160\">tritura\u00e7\u00e3o, vibra\u00e7\u00e3o e tra\u00e7\u00e3o repetida<\/strong>.<\/p>\n<hr data-start=\"1163\" data-end=\"1166\" \/>\n<h3 data-start=\"1168\" data-end=\"1193\">Desempenho \u00f3ptico<\/h3>\n<div class=\"TyagGW_tableContainer\">\n<div class=\"group TyagGW_tableWrapper flex flex-col-reverse w-fit\" tabindex=\"-1\">\n<table class=\"w-fit min-w-(--thread-content-width)\" data-start=\"1195\" data-end=\"1470\">\n<thead data-start=\"1195\" data-end=\"1224\">\n<tr data-start=\"1195\" data-end=\"1224\">\n<th class=\"\" data-start=\"1195\" data-end=\"1207\" data-col-size=\"sm\">Par\u00e2metro<\/th>\n<th class=\"\" data-start=\"1207\" data-end=\"1224\" data-col-size=\"sm\">Valor t\u00edpico<\/th>\n<\/tr>\n<\/thead>\n<tbody data-start=\"1254\" data-end=\"1470\">\n<tr data-start=\"1254\" data-end=\"1291\">\n<td data-start=\"1254\" data-end=\"1267\" data-col-size=\"sm\">Tipo de fibra<\/td>\n<td data-start=\"1267\" data-end=\"1291\" data-col-size=\"sm\">Modo \u00fanico 9\/125 \u00b5m<\/td>\n<\/tr>\n<tr data-start=\"1292\" data-end=\"1313\">\n<td data-start=\"1292\" data-end=\"1306\" data-col-size=\"sm\">Tipo de polon\u00eas<\/td>\n<td data-start=\"1306\" data-end=\"1313\" data-col-size=\"sm\">UPC<\/td>\n<\/tr>\n<tr data-start=\"1314\" data-end=\"1344\">\n<td data-start=\"1314\" data-end=\"1331\" data-col-size=\"sm\">Perda de inser\u00e7\u00e3o<\/td>\n<td data-start=\"1331\" data-end=\"1344\" data-col-size=\"sm\">\u2264 0,30 dB<\/td>\n<\/tr>\n<tr data-start=\"1345\" data-end=\"1370\">\n<td data-start=\"1345\" data-end=\"1359\" data-col-size=\"sm\">Perda de retorno<\/td>\n<td data-start=\"1359\" data-end=\"1370\" data-col-size=\"sm\">\u2265 50 dB<\/td>\n<\/tr>\n<tr data-start=\"1371\" data-end=\"1403\">\n<td data-start=\"1371\" data-end=\"1385\" data-col-size=\"sm\">Comprimentos de onda<\/td>\n<td data-start=\"1385\" data-end=\"1403\" data-col-size=\"sm\">1310 \/ 1550 nm<\/td>\n<\/tr>\n<tr data-start=\"1404\" data-end=\"1432\">\n<td data-start=\"1404\" data-end=\"1420\" data-col-size=\"sm\">Repetibilidade<\/td>\n<td data-start=\"1420\" data-end=\"1432\" data-col-size=\"sm\">\u2264 0,1 dB<\/td>\n<\/tr>\n<tr data-start=\"1433\" data-end=\"1470\">\n<td data-start=\"1433\" data-end=\"1446\" data-col-size=\"sm\">Durabilidade<\/td>\n<td data-start=\"1446\" data-end=\"1470\" data-col-size=\"sm\">\u2265 1000 ciclos de acoplamento<\/td>\n<\/tr>\n<\/tbody>\n<\/table>\n<\/div>\n<\/div>\n<p data-start=\"1472\" data-end=\"1552\">Isso garante <strong data-start=\"1485\" data-end=\"1510\">qualidade de sinal est\u00e1vel<\/strong> para <strong data-start=\"1515\" data-end=\"1551\">FTTH, telecomunica\u00e7\u00f5es e links de backbone<\/strong>.<\/p>\n<hr data-start=\"1554\" data-end=\"1557\" \/>\n<h3 data-start=\"1559\" data-end=\"1582\">Projeto mec\u00e2nico<\/h3>\n<div class=\"TyagGW_tableContainer\">\n<div class=\"group TyagGW_tableWrapper flex flex-col-reverse w-fit\" tabindex=\"-1\">\n<table class=\"w-fit min-w-(--thread-content-width)\" data-start=\"1584\" data-end=\"1886\">\n<thead data-start=\"1584\" data-end=\"1611\">\n<tr data-start=\"1584\" data-end=\"1611\">\n<th class=\"\" data-start=\"1584\" data-end=\"1594\" data-col-size=\"sm\">Recurso<\/th>\n<th class=\"\" data-start=\"1594\" data-end=\"1611\" data-col-size=\"sm\">Especifica\u00e7\u00e3o<\/th>\n<\/tr>\n<\/thead>\n<tbody data-start=\"1639\" data-end=\"1886\">\n<tr data-start=\"1639\" data-end=\"1670\">\n<td data-start=\"1639\" data-end=\"1656\" data-col-size=\"sm\">Tipo de conector<\/td>\n<td data-start=\"1656\" data-end=\"1670\" data-col-size=\"sm\">LC Simplex<\/td>\n<\/tr>\n<tr data-start=\"1671\" data-end=\"1697\">\n<td data-start=\"1671\" data-end=\"1688\" data-col-size=\"sm\">Di\u00e2metro do cabo<\/td>\n<td data-col-size=\"sm\" data-start=\"1688\" data-end=\"1697\">3,0 mm<\/td>\n<\/tr>\n<tr data-start=\"1698\" data-end=\"1735\">\n<td data-start=\"1698\" data-end=\"1708\" data-col-size=\"sm\">Ponteira<\/td>\n<td data-start=\"1708\" data-end=\"1735\" data-col-size=\"sm\">Cer\u00e2mica de zirc\u00f4nia de 1,25 mm<\/td>\n<\/tr>\n<tr data-start=\"1736\" data-end=\"1777\">\n<td data-start=\"1736\" data-end=\"1743\" data-col-size=\"sm\">Bota<\/td>\n<td data-start=\"1743\" data-end=\"1777\" data-col-size=\"sm\">Al\u00edvio de tens\u00e3o longo e refor\u00e7ado<\/td>\n<\/tr>\n<tr data-start=\"1778\" data-end=\"1812\">\n<td data-start=\"1778\" data-end=\"1796\" data-col-size=\"sm\">Sistema de travamento<\/td>\n<td data-col-size=\"sm\" data-start=\"1796\" data-end=\"1812\">LC push-pull<\/td>\n<\/tr>\n<tr data-start=\"1813\" data-end=\"1855\">\n<td data-start=\"1813\" data-end=\"1837\" data-col-size=\"sm\">Temperatura operacional<\/td>\n<td data-col-size=\"sm\" data-start=\"1837\" data-end=\"1855\">-40\u00b0C a +75\u00b0C<\/td>\n<\/tr>\n<tr data-start=\"1856\" data-end=\"1886\">\n<td data-start=\"1856\" data-end=\"1875\" data-col-size=\"sm\">Resist\u00eancia \u00e0 tra\u00e7\u00e3o<\/td>\n<td data-col-size=\"sm\" data-start=\"1875\" data-end=\"1886\">\u2265 120 N<\/td>\n<\/tr>\n<\/tbody>\n<\/table>\n<\/div>\n<\/div>\n<p data-start=\"1888\" data-end=\"1983\">O <strong data-start=\"1892\" data-end=\"1922\">bota longa e jaqueta grossa<\/strong> absorvem o estresse e protegem o n\u00facleo da fibra contra microflex\u00f5es.<\/p>\n<hr data-start=\"1985\" data-end=\"1988\" \/>\n<h3 data-start=\"1990\" data-end=\"2016\">Aplica\u00e7\u00f5es t\u00edpicas<\/h3>\n<p data-start=\"2018\" data-end=\"2060\">Esse conector LC de 3,0 mm \u00e9 amplamente utilizado em:<\/p>\n<ul data-start=\"2062\" data-end=\"2247\">\n<li data-start=\"2062\" data-end=\"2087\">\n<p data-start=\"2064\" data-end=\"2087\">Patch cords de queda FTTH<\/p>\n<\/li>\n<li data-start=\"2088\" data-end=\"2116\">\n<p data-start=\"2090\" data-end=\"2116\">Gabinetes de fibra para uso externo<\/p>\n<\/li>\n<li data-start=\"2117\" data-end=\"2142\">\n<p data-start=\"2119\" data-end=\"2142\">Esta\u00e7\u00f5es r\u00e1dio-base de telecomunica\u00e7\u00f5es<\/p>\n<\/li>\n<li data-start=\"2143\" data-end=\"2178\">\n<p data-start=\"2145\" data-end=\"2178\">Links de fibra Ethernet industrial<\/p>\n<\/li>\n<li data-start=\"2179\" data-end=\"2210\">\n<p data-start=\"2181\" data-end=\"2210\">Gabinetes de distribui\u00e7\u00e3o de fibra<\/p>\n<\/li>\n<li data-start=\"2211\" data-end=\"2247\">\n<p data-start=\"2213\" data-end=\"2247\">Cabos de teste de campo e manuten\u00e7\u00e3o<\/p>\n<\/li>\n<\/ul>","protected":false},"excerpt":{"rendered":"<h3 data-start=\"210\" data-end=\"277\">Projetado para links de fibra robustos e patch cords prontos para uso externo<\/h3>\n<p data-start=\"279\" data-end=\"588\">O <strong data-start=\"283\" data-end=\"329\">Conector monomodo Simplex LC UPC de 3,0 mm<\/strong> foi desenvolvido para <strong data-start=\"343\" data-end=\"433\">patch cords de fibra que precisam resistir a pux\u00f5es, dobras e condi\u00e7\u00f5es de instala\u00e7\u00e3o adversas<\/strong>.<br data-start=\"434\" data-end=\"437\" \/>Com sua <strong data-start=\"446\" data-end=\"496\">revestimento espesso de 3,0 mm e bota longa de al\u00edvio de tens\u00e3o<\/strong>, ela fornece <strong data-start=\"510\" data-end=\"544\">prote\u00e7\u00e3o mec\u00e2nica superior<\/strong> em compara\u00e7\u00e3o com os conectores LC padr\u00e3o de 2,0 mm.<\/p>\n<p data-start=\"590\" data-end=\"768\">Isso o torna ideal para <strong data-start=\"614\" data-end=\"703\">gabinetes de telecomunica\u00e7\u00f5es, cabos drop FTTH, gabinetes externos e redes de fibra industrial<\/strong>, onde a durabilidade do cabo \u00e9 t\u00e3o importante quanto a qualidade \u00f3ptica.<\/p>","protected":false},"featured_media":915,"comment_status":"open","ping_status":"closed","template":"","meta":[],"product_brand":[],"product_cat":[50],"product_tag":[],"class_list":{"0":"post-914","1":"product","2":"type-product","3":"status-publish","4":"has-post-thumbnail","6":"product_cat-lc-simplex-connectors-single-modemultimode","8":"first","9":"instock","10":"shipping-taxable","11":"product-type-simple"},"_links":{"self":[{"href":"https:\/\/www.fenxifiber.com\/pt\/wp-json\/wp\/v2\/product\/914","targetHints":{"allow":["GET"]}}],"collection":[{"href":"https:\/\/www.fenxifiber.com\/pt\/wp-json\/wp\/v2\/product"}],"about":[{"href":"https:\/\/www.fenxifiber.com\/pt\/wp-json\/wp\/v2\/types\/product"}],"replies":[{"embeddable":true,"href":"https:\/\/www.fenxifiber.com\/pt\/wp-json\/wp\/v2\/comments?post=914"}],"wp:featuredmedia":[{"embeddable":true,"href":"https:\/\/www.fenxifiber.com\/pt\/wp-json\/wp\/v2\/media\/915"}],"wp:attachment":[{"href":"https:\/\/www.fenxifiber.com\/pt\/wp-json\/wp\/v2\/media?parent=914"}],"wp:term":[{"taxonomy":"product_brand","embeddable":true,"href":"https:\/\/www.fenxifiber.com\/pt\/wp-json\/wp\/v2\/product_brand?post=914"},{"taxonomy":"product_cat","embeddable":true,"href":"https:\/\/www.fenxifiber.com\/pt\/wp-json\/wp\/v2\/product_cat?post=914"},{"taxonomy":"product_tag","embeddable":true,"href":"https:\/\/www.fenxifiber.com\/pt\/wp-json\/wp\/v2\/product_tag?post=914"}],"curies":[{"name":"wp","href":"https:\/\/api.w.org\/{rel}","templated":true}]}}