{"id":916,"date":"2026-02-04T03:19:09","date_gmt":"2026-02-04T03:19:09","guid":{"rendered":"https:\/\/www.fenxifiber.com\/?post_type=product&#038;p=916"},"modified":"2026-02-05T02:28:47","modified_gmt":"2026-02-05T02:28:47","slug":"lc-upc-3-0mm-simplex-multimodo","status":"publish","type":"product","link":"https:\/\/www.fenxifiber.com\/pt\/product\/lc-upc-3-0mm-simplex-multimode\/","title":{"rendered":"Conector de fibra multimodo simplex LC UPC de 3,0 mm"},"content":{"rendered":"<h3 data-start=\"845\" data-end=\"889\">Por que escolher 3,0 mm para jumpers multimodo<\/h3>\n<div class=\"TyagGW_tableContainer\">\n<div class=\"group TyagGW_tableWrapper flex flex-col-reverse w-fit\" tabindex=\"-1\">\n<table class=\"w-fit min-w-(--thread-content-width)\" data-start=\"891\" data-end=\"1145\">\n<thead data-start=\"891\" data-end=\"944\">\n<tr data-start=\"891\" data-end=\"944\">\n<th class=\"\" data-start=\"891\" data-end=\"908\" data-col-size=\"sm\">Di\u00e2metro do cabo<\/th>\n<th class=\"\" data-start=\"908\" data-end=\"921\" data-col-size=\"sm\">Durabilidade<\/th>\n<th class=\"\" data-start=\"921\" data-end=\"944\" data-col-size=\"sm\">Ambiente t\u00edpico<\/th>\n<\/tr>\n<\/thead>\n<tbody data-start=\"999\" data-end=\"1145\">\n<tr data-start=\"999\" data-end=\"1035\">\n<td data-start=\"999\" data-end=\"1007\" data-col-size=\"sm\">0,9 mm<\/td>\n<td data-start=\"1007\" data-end=\"1013\" data-col-size=\"sm\">Baixa<\/td>\n<td data-start=\"1013\" data-end=\"1035\" data-col-size=\"sm\">Pigtails, emenda<\/td>\n<\/tr>\n<tr data-start=\"1036\" data-end=\"1077\">\n<td data-start=\"1036\" data-end=\"1044\" data-col-size=\"sm\">2,0 mm<\/td>\n<td data-start=\"1044\" data-end=\"1053\" data-col-size=\"sm\">M\u00e9dio<\/td>\n<td data-start=\"1053\" data-end=\"1077\" data-col-size=\"sm\">Patch cords padr\u00e3o<\/td>\n<\/tr>\n<tr data-start=\"1078\" data-end=\"1145\">\n<td data-start=\"1078\" data-end=\"1090\" data-col-size=\"sm\"><strong data-start=\"1080\" data-end=\"1089\">3,0 mm<\/strong><\/td>\n<td data-start=\"1090\" data-end=\"1101\" data-col-size=\"sm\"><strong data-start=\"1092\" data-end=\"1100\">Alta<\/strong><\/td>\n<td data-start=\"1101\" data-end=\"1145\" data-col-size=\"sm\"><strong data-start=\"1103\" data-end=\"1143\">Racks de alto tr\u00e1fego, locais industriais<\/strong><\/td>\n<\/tr>\n<\/tbody>\n<\/table>\n<\/div>\n<\/div>\n<p data-start=\"1147\" data-end=\"1238\">O <strong data-start=\"1151\" data-end=\"1169\">jaqueta mais grossa<\/strong> protege as fibras de <strong data-start=\"1191\" data-end=\"1237\">flex\u00e3o, vibra\u00e7\u00e3o e pux\u00f5es acidentais<\/strong>.<\/p>\n<hr data-start=\"1240\" data-end=\"1243\" \/>\n<h3 data-start=\"1245\" data-end=\"1280\">Desempenho \u00f3ptico multimodo<\/h3>\n<div class=\"TyagGW_tableContainer\">\n<div class=\"group TyagGW_tableWrapper flex flex-col-reverse w-fit\" tabindex=\"-1\">\n<table class=\"w-fit min-w-(--thread-content-width)\" data-start=\"1282\" data-end=\"1653\">\n<thead data-start=\"1282\" data-end=\"1311\">\n<tr data-start=\"1282\" data-end=\"1311\">\n<th class=\"\" data-start=\"1282\" data-end=\"1294\" data-col-size=\"sm\">Par\u00e2metro<\/th>\n<th class=\"\" data-start=\"1294\" data-end=\"1311\" data-col-size=\"sm\">Valor t\u00edpico<\/th>\n<\/tr>\n<\/thead>\n<tbody data-start=\"1341\" data-end=\"1653\">\n<tr data-start=\"1341\" data-end=\"1389\">\n<td data-start=\"1341\" data-end=\"1354\" data-col-size=\"sm\">Tipo de fibra<\/td>\n<td data-col-size=\"sm\" data-start=\"1354\" data-end=\"1389\">Multimodo OM2 \/ OM3 \/ OM4 \/ OM5<\/td>\n<\/tr>\n<tr data-start=\"1390\" data-end=\"1440\">\n<td data-start=\"1390\" data-end=\"1408\" data-col-size=\"sm\">N\u00facleo \/ Revestimento<\/td>\n<td data-col-size=\"sm\" data-start=\"1408\" data-end=\"1440\">50 \/ 125 \u00b5m ou 62,5 \/ 125 \u00b5m<\/td>\n<\/tr>\n<tr data-start=\"1441\" data-end=\"1462\">\n<td data-start=\"1441\" data-end=\"1455\" data-col-size=\"sm\">Tipo de polon\u00eas<\/td>\n<td data-col-size=\"sm\" data-start=\"1455\" data-end=\"1462\">UPC<\/td>\n<\/tr>\n<tr data-start=\"1463\" data-end=\"1493\">\n<td data-start=\"1463\" data-end=\"1480\" data-col-size=\"sm\">Perda de inser\u00e7\u00e3o<\/td>\n<td data-start=\"1480\" data-end=\"1493\" data-col-size=\"sm\">\u2264 0,30 dB<\/td>\n<\/tr>\n<tr data-start=\"1494\" data-end=\"1519\">\n<td data-start=\"1494\" data-end=\"1508\" data-col-size=\"sm\">Perda de retorno<\/td>\n<td data-col-size=\"sm\" data-start=\"1508\" data-end=\"1519\">\u2265 35 dB<\/td>\n<\/tr>\n<tr data-start=\"1520\" data-end=\"1551\">\n<td data-start=\"1520\" data-end=\"1534\" data-col-size=\"sm\">Comprimentos de onda<\/td>\n<td data-col-size=\"sm\" data-start=\"1534\" data-end=\"1551\">850 \/ 1300 nm<\/td>\n<\/tr>\n<tr data-start=\"1552\" data-end=\"1615\">\n<td data-start=\"1552\" data-end=\"1575\" data-col-size=\"sm\">Taxas de dados suportadas<\/td>\n<td data-start=\"1575\" data-end=\"1615\" data-col-size=\"sm\">10G \/ 25G \/ 40G \/ 100G (curto alcance)<\/td>\n<\/tr>\n<tr data-start=\"1616\" data-end=\"1653\">\n<td data-start=\"1616\" data-end=\"1629\" data-col-size=\"sm\">Durabilidade<\/td>\n<td data-start=\"1629\" data-end=\"1653\" data-col-size=\"sm\">\u2265 1000 ciclos de acoplamento<\/td>\n<\/tr>\n<\/tbody>\n<\/table>\n<\/div>\n<\/div>\n<p data-start=\"1655\" data-end=\"1733\">Essas especifica\u00e7\u00f5es garantem <strong data-start=\"1674\" data-end=\"1701\">qualidade de sinal confi\u00e1vel<\/strong> mesmo em ambientes exigentes.<\/p>\n<hr data-start=\"1735\" data-end=\"1738\" \/>\n<h3 data-start=\"1740\" data-end=\"1769\">Constru\u00e7\u00e3o mec\u00e2nica<\/h3>\n<div class=\"TyagGW_tableContainer\">\n<div class=\"group TyagGW_tableWrapper flex flex-col-reverse w-fit\" tabindex=\"-1\">\n<table class=\"w-fit min-w-(--thread-content-width)\" data-start=\"1771\" data-end=\"2073\">\n<thead data-start=\"1771\" data-end=\"1798\">\n<tr data-start=\"1771\" data-end=\"1798\">\n<th class=\"\" data-start=\"1771\" data-end=\"1781\" data-col-size=\"sm\">Recurso<\/th>\n<th class=\"\" data-start=\"1781\" data-end=\"1798\" data-col-size=\"sm\">Especifica\u00e7\u00e3o<\/th>\n<\/tr>\n<\/thead>\n<tbody data-start=\"1826\" data-end=\"2073\">\n<tr data-start=\"1826\" data-end=\"1857\">\n<td data-start=\"1826\" data-end=\"1843\" data-col-size=\"sm\">Tipo de conector<\/td>\n<td data-start=\"1843\" data-end=\"1857\" data-col-size=\"sm\">LC Simplex<\/td>\n<\/tr>\n<tr data-start=\"1858\" data-end=\"1884\">\n<td data-start=\"1858\" data-end=\"1875\" data-col-size=\"sm\">Di\u00e2metro do cabo<\/td>\n<td data-start=\"1875\" data-end=\"1884\" data-col-size=\"sm\">3,0 mm<\/td>\n<\/tr>\n<tr data-start=\"1885\" data-end=\"1922\">\n<td data-start=\"1885\" data-end=\"1895\" data-col-size=\"sm\">Ponteira<\/td>\n<td data-start=\"1895\" data-end=\"1922\" data-col-size=\"sm\">Cer\u00e2mica de zirc\u00f4nia de 1,25 mm<\/td>\n<\/tr>\n<tr data-start=\"1923\" data-end=\"1964\">\n<td data-start=\"1923\" data-end=\"1930\" data-col-size=\"sm\">Bota<\/td>\n<td data-start=\"1930\" data-end=\"1964\" data-col-size=\"sm\">Al\u00edvio de tens\u00e3o longo e refor\u00e7ado<\/td>\n<\/tr>\n<tr data-start=\"1965\" data-end=\"1999\">\n<td data-start=\"1965\" data-end=\"1983\" data-col-size=\"sm\">Sistema de travamento<\/td>\n<td data-start=\"1983\" data-end=\"1999\" data-col-size=\"sm\">LC push-pull<\/td>\n<\/tr>\n<tr data-start=\"2000\" data-end=\"2042\">\n<td data-start=\"2000\" data-end=\"2024\" data-col-size=\"sm\">Temperatura operacional<\/td>\n<td data-start=\"2024\" data-end=\"2042\" data-col-size=\"sm\">-40\u00b0C a +75\u00b0C<\/td>\n<\/tr>\n<tr data-start=\"2043\" data-end=\"2073\">\n<td data-start=\"2043\" data-end=\"2062\" data-col-size=\"sm\">Resist\u00eancia \u00e0 tra\u00e7\u00e3o<\/td>\n<td data-start=\"2062\" data-end=\"2073\" data-col-size=\"sm\">\u2265 120 N<\/td>\n<\/tr>\n<\/tbody>\n<\/table>\n<\/div>\n<\/div>\n<p data-start=\"2075\" data-end=\"2195\">O <strong data-start=\"2079\" data-end=\"2115\">bota refor\u00e7ada e jaqueta grossa<\/strong> evitam microdobras e estresse mec\u00e2nico que podem degradar os sinais multimodo.<\/p>\n<hr data-start=\"2197\" data-end=\"2200\" \/>\n<h3 data-start=\"2202\" data-end=\"2228\">Aplica\u00e7\u00f5es t\u00edpicas<\/h3>\n<p data-start=\"2230\" data-end=\"2282\">Esse conector LC multimodo de 3,0 mm \u00e9 amplamente utilizado em:<\/p>\n<ul data-start=\"2284\" data-end=\"2480\">\n<li data-start=\"2284\" data-end=\"2316\">\n<p data-start=\"2286\" data-end=\"2316\">Jumpers de backbone do data center<\/p>\n<\/li>\n<li data-start=\"2317\" data-end=\"2353\">\n<p data-start=\"2319\" data-end=\"2353\">Links multimodo de comutador para comutador<\/p>\n<\/li>\n<li data-start=\"2354\" data-end=\"2392\">\n<p data-start=\"2356\" data-end=\"2392\">Redes de fibra Ethernet industriais<\/p>\n<\/li>\n<li data-start=\"2393\" data-end=\"2425\">\n<p data-start=\"2395\" data-end=\"2425\">Arm\u00e1rios e racks para equipamentos<\/p>\n<\/li>\n<li data-start=\"2426\" data-end=\"2450\">\n<p data-start=\"2428\" data-end=\"2450\">Cabos de teste multimodo<\/p>\n<\/li>\n<li data-start=\"2451\" data-end=\"2480\">\n<p data-start=\"2453\" data-end=\"2480\">Estruturas de distribui\u00e7\u00e3o de fibra<\/p>\n<\/li>\n<\/ul>","protected":false},"excerpt":{"rendered":"<h3 data-start=\"226\" data-end=\"290\">Criado para links multimodo de alta velocidade em ambientes dif\u00edceis<\/h3>\n<p data-start=\"292\" data-end=\"669\">O <strong data-start=\"296\" data-end=\"340\">Conector multimodo Simplex LC UPC de 3,0 mm<\/strong> foi projetado para <strong data-start=\"357\" data-end=\"426\">patch cords de fibra multimodo que precisam de prote\u00e7\u00e3o mec\u00e2nica extra<\/strong>.<br data-start=\"427\" data-end=\"430\" \/>Embora os cabos de 2,0 mm sejam comuns em racks padr\u00e3o, o <strong data-start=\"483\" data-end=\"499\">Jaqueta de 3,0 mm<\/strong> fornece <strong data-start=\"509\" data-end=\"583\">maior for\u00e7a de tra\u00e7\u00e3o, melhor resist\u00eancia a esmagamento e vida \u00fatil mais longa<\/strong>, o que o torna ideal para <strong data-start=\"605\" data-end=\"668\">data centers ocupados, gabinetes industriais e salas de equipamentos<\/strong>.<\/p>\n<p data-start=\"671\" data-end=\"838\">Com <strong data-start=\"676\" data-end=\"701\">Virolas polidas UPC<\/strong> e <strong data-start=\"706\" data-end=\"739\">compatibilidade com fibra multimodo<\/strong>, esse conector \u00e9 compat\u00edvel com <strong data-start=\"765\" data-end=\"812\">transmiss\u00e3o \u00f3ptica de curto alcance e alta velocidade<\/strong> com excelente estabilidade.<\/p>","protected":false},"featured_media":917,"comment_status":"open","ping_status":"closed","template":"","meta":[],"product_brand":[],"product_cat":[50],"product_tag":[],"class_list":{"0":"post-916","1":"product","2":"type-product","3":"status-publish","4":"has-post-thumbnail","6":"product_cat-lc-simplex-connectors-single-modemultimode","8":"first","9":"instock","10":"shipping-taxable","11":"product-type-simple"},"_links":{"self":[{"href":"https:\/\/www.fenxifiber.com\/pt\/wp-json\/wp\/v2\/product\/916","targetHints":{"allow":["GET"]}}],"collection":[{"href":"https:\/\/www.fenxifiber.com\/pt\/wp-json\/wp\/v2\/product"}],"about":[{"href":"https:\/\/www.fenxifiber.com\/pt\/wp-json\/wp\/v2\/types\/product"}],"replies":[{"embeddable":true,"href":"https:\/\/www.fenxifiber.com\/pt\/wp-json\/wp\/v2\/comments?post=916"}],"wp:featuredmedia":[{"embeddable":true,"href":"https:\/\/www.fenxifiber.com\/pt\/wp-json\/wp\/v2\/media\/917"}],"wp:attachment":[{"href":"https:\/\/www.fenxifiber.com\/pt\/wp-json\/wp\/v2\/media?parent=916"}],"wp:term":[{"taxonomy":"product_brand","embeddable":true,"href":"https:\/\/www.fenxifiber.com\/pt\/wp-json\/wp\/v2\/product_brand?post=916"},{"taxonomy":"product_cat","embeddable":true,"href":"https:\/\/www.fenxifiber.com\/pt\/wp-json\/wp\/v2\/product_cat?post=916"},{"taxonomy":"product_tag","embeddable":true,"href":"https:\/\/www.fenxifiber.com\/pt\/wp-json\/wp\/v2\/product_tag?post=916"}],"curies":[{"name":"wp","href":"https:\/\/api.w.org\/{rel}","templated":true}]}}