{"id":918,"date":"2026-02-04T03:21:16","date_gmt":"2026-02-04T03:21:16","guid":{"rendered":"https:\/\/www.fenxifiber.com\/?post_type=product&#038;p=918"},"modified":"2026-02-05T02:14:10","modified_gmt":"2026-02-05T02:14:10","slug":"fc-apc-2-0-3-0mm-ajustavel","status":"publish","type":"product","link":"https:\/\/www.fenxifiber.com\/pt\/product\/fc-apc-2-0-3-0mm-adjustable\/","title":{"rendered":"Conector de fibra \u00f3ptica ajust\u00e1vel FC APC 2,0\/3,0 mm"},"content":{"rendered":"<h2 data-start=\"1143\" data-end=\"1160\">Principais recursos<\/h2>\n<ul data-start=\"1162\" data-end=\"1943\">\n<li data-start=\"1162\" data-end=\"1297\">\n<p data-start=\"1164\" data-end=\"1297\"><strong data-start=\"1164\" data-end=\"1207\">Op\u00e7\u00f5es de bota ajust\u00e1vel de 2,0 mm \/ 3,0 mm<\/strong> - compat\u00edvel com os di\u00e2metros padr\u00e3o dos cabos de fibra.<\/p>\n<\/li>\n<li data-start=\"1298\" data-end=\"1434\">\n<p data-start=\"1300\" data-end=\"1434\"><strong data-start=\"1300\" data-end=\"1340\">Polimento de contato f\u00edsico angular (APC)<\/strong> - desempenho superior de perda de retorno (&gt; 60 dB t\u00edpico).<\/p>\n<\/li>\n<li data-start=\"1435\" data-end=\"1532\">\n<p data-start=\"1437\" data-end=\"1532\"><strong data-start=\"1437\" data-end=\"1459\">Baixa perda de inser\u00e7\u00e3o<\/strong> para otimizar o rendimento do sinal.<\/p>\n<\/li>\n<li data-start=\"1533\" data-end=\"1635\">\n<p data-start=\"1535\" data-end=\"1635\"><strong data-start=\"1535\" data-end=\"1565\">Virola de zirc\u00f4nia de precis\u00e3o<\/strong> para um alinhamento preciso da fibra.<\/p>\n<\/li>\n<li data-start=\"1636\" data-end=\"1743\">\n<p data-start=\"1638\" data-end=\"1743\"><strong data-start=\"1638\" data-end=\"1669\">Porca de acoplamento met\u00e1lica rosqueada<\/strong> para um envolvimento robusto com a conex\u00e3o.<\/p>\n<\/li>\n<li data-start=\"1744\" data-end=\"1844\">\n<p data-start=\"1746\" data-end=\"1844\"><strong data-start=\"1746\" data-end=\"1782\">Ampla faixa de temperatura operacional<\/strong> para resili\u00eancia em campo.<\/p>\n<\/li>\n<li data-start=\"1845\" data-end=\"1943\">\n<p data-start=\"1847\" data-end=\"1943\"><strong data-start=\"1847\" data-end=\"1871\">Cores opcionais da bota<\/strong> para corresponder aos ambientes de implementa\u00e7\u00e3o.<\/p>\n<\/li>\n<\/ul>\n<hr data-start=\"1945\" data-end=\"1948\" \/>\n<h2 data-start=\"1950\" data-end=\"1979\">Especifica\u00e7\u00f5es t\u00e9cnicas<\/h2>\n<h3 data-start=\"1981\" data-end=\"2004\">Desempenho \u00f3ptico<\/h3>\n<div class=\"TyagGW_tableContainer\">\n<div class=\"group TyagGW_tableWrapper flex flex-col-reverse w-fit\" tabindex=\"-1\">\n<table class=\"w-fit min-w-(--thread-content-width)\" data-start=\"2006\" data-end=\"2251\">\n<thead data-start=\"2006\" data-end=\"2035\">\n<tr data-start=\"2006\" data-end=\"2035\">\n<th class=\"\" data-start=\"2006\" data-end=\"2018\" data-col-size=\"sm\">Par\u00e2metro<\/th>\n<th class=\"\" data-start=\"2018\" data-end=\"2035\" data-col-size=\"sm\">Valor t\u00edpico<\/th>\n<\/tr>\n<\/thead>\n<tbody data-start=\"2067\" data-end=\"2251\">\n<tr data-start=\"2067\" data-end=\"2103\">\n<td data-start=\"2067\" data-end=\"2090\" data-col-size=\"sm\">Perda de inser\u00e7\u00e3o (APC)<\/td>\n<td data-start=\"2090\" data-end=\"2103\" data-col-size=\"sm\">\u2264 0,25 dB<\/td>\n<\/tr>\n<tr data-start=\"2104\" data-end=\"2135\">\n<td data-start=\"2104\" data-end=\"2124\" data-col-size=\"sm\">Perda de retorno (APC)<\/td>\n<td data-col-size=\"sm\" data-start=\"2124\" data-end=\"2135\">\u2265 60 dB<\/td>\n<\/tr>\n<tr data-start=\"2136\" data-end=\"2179\">\n<td data-start=\"2136\" data-end=\"2159\" data-col-size=\"sm\">Comprimento de onda operacional<\/td>\n<td data-col-size=\"sm\" data-start=\"2159\" data-end=\"2179\">1310 nm, 1550 nm<\/td>\n<\/tr>\n<tr data-start=\"2180\" data-end=\"2219\">\n<td data-start=\"2180\" data-end=\"2193\" data-col-size=\"sm\">Modo de fibra<\/td>\n<td data-start=\"2193\" data-end=\"2219\" data-col-size=\"sm\">Modo \u00fanico (9\/125 \u00b5m)<\/td>\n<\/tr>\n<tr data-start=\"2220\" data-end=\"2251\">\n<td data-start=\"2220\" data-end=\"2233\" data-col-size=\"sm\">Durabilidade<\/td>\n<td data-col-size=\"sm\" data-start=\"2233\" data-end=\"2251\">&gt; 1000 acasalamentos<\/td>\n<\/tr>\n<\/tbody>\n<\/table>\n<\/div>\n<\/div>\n<p data-start=\"2253\" data-end=\"2363\"><em data-start=\"2253\" data-end=\"2325\">(Dados representativos dos valores t\u00edpicos do setor para conectores FC APC)<\/em><\/p>\n<h3 data-start=\"2365\" data-end=\"2395\">Mec\u00e2nica e ambiental<\/h3>\n<div class=\"TyagGW_tableContainer\">\n<div class=\"group TyagGW_tableWrapper flex flex-col-reverse w-fit\" tabindex=\"-1\">\n<table class=\"w-fit min-w-(--thread-content-width)\" data-start=\"2397\" data-end=\"2680\">\n<thead data-start=\"2397\" data-end=\"2424\">\n<tr data-start=\"2397\" data-end=\"2424\">\n<th class=\"\" data-start=\"2397\" data-end=\"2407\" data-col-size=\"sm\">Recurso<\/th>\n<th class=\"\" data-start=\"2407\" data-end=\"2424\" data-col-size=\"sm\">Especifica\u00e7\u00e3o<\/th>\n<\/tr>\n<\/thead>\n<tbody data-start=\"2454\" data-end=\"2680\">\n<tr data-start=\"2454\" data-end=\"2490\">\n<td data-start=\"2454\" data-end=\"2471\" data-col-size=\"sm\">Di\u00e2metro do cabo<\/td>\n<td data-col-size=\"sm\" data-start=\"2471\" data-end=\"2490\">2,0 mm \/ 3,0 mm<\/td>\n<\/tr>\n<tr data-start=\"2491\" data-end=\"2532\">\n<td data-start=\"2491\" data-end=\"2510\" data-col-size=\"sm\">Material do ferrolho<\/td>\n<td data-start=\"2510\" data-end=\"2532\" data-col-size=\"sm\">Cer\u00e2mica (Zirc\u00f4nia)<\/td>\n<\/tr>\n<tr data-start=\"2533\" data-end=\"2577\">\n<td data-start=\"2533\" data-end=\"2557\" data-col-size=\"sm\">Temperatura operacional<\/td>\n<td data-col-size=\"sm\" data-start=\"2557\" data-end=\"2577\">-40 \u00b0C a +80 \u00b0C<\/td>\n<\/tr>\n<tr data-start=\"2578\" data-end=\"2614\">\n<td data-start=\"2578\" data-end=\"2595\" data-col-size=\"sm\">Estilo de acoplamento<\/td>\n<td data-start=\"2595\" data-end=\"2614\" data-col-size=\"sm\">Porca FC rosqueada<\/td>\n<\/tr>\n<tr data-start=\"2615\" data-end=\"2680\">\n<td data-start=\"2615\" data-end=\"2639\" data-col-size=\"sm\">Cores da capa do conector<\/td>\n<td data-start=\"2639\" data-end=\"2680\" data-col-size=\"sm\">Verde (APC padr\u00e3o), outros opcionais<\/td>\n<\/tr>\n<\/tbody>\n<\/table>\n<\/div>\n<\/div>\n<p data-start=\"2682\" data-end=\"2783\"><em data-start=\"2682\" data-end=\"2743\">(Conformidade com os padr\u00f5es do setor e toler\u00e2ncias ambientais)<\/em><\/p>\n<hr data-start=\"2785\" data-end=\"2788\" \/>\n<h2 data-start=\"2790\" data-end=\"2815\">Aplica\u00e7\u00f5es t\u00edpicas<\/h2>\n<ul data-start=\"2817\" data-end=\"3413\">\n<li data-start=\"2817\" data-end=\"2946\">\n<p data-start=\"2819\" data-end=\"2946\"><strong data-start=\"2819\" data-end=\"2850\">Redes de telecomunica\u00e7\u00f5es<\/strong> - transmiss\u00e3o de sinal em alta velocidade com baixa reflex\u00e3o.<\/p>\n<\/li>\n<li data-start=\"2947\" data-end=\"3074\">\n<p data-start=\"2949\" data-end=\"3074\"><strong data-start=\"2949\" data-end=\"2975\">Implanta\u00e7\u00f5es de PON \/ FTTH<\/strong> - conex\u00f5es de acesso por fibra que exigem confiabilidade robusta.<\/p>\n<\/li>\n<li data-start=\"3075\" data-end=\"3172\">\n<p data-start=\"3077\" data-end=\"3172\"><strong data-start=\"3077\" data-end=\"3093\">Sistemas CATV<\/strong> - distribui\u00e7\u00e3o de sinais de longa dist\u00e2ncia.<\/p>\n<\/li>\n<li data-start=\"3173\" data-end=\"3298\">\n<p data-start=\"3175\" data-end=\"3298\"><strong data-start=\"3175\" data-end=\"3202\">Infraestrutura de LAN\/WAN<\/strong> - pain\u00e9is de patch e passagens de fibra em redes corporativas.<\/p>\n<\/li>\n<li data-start=\"3299\" data-end=\"3413\">\n<p data-start=\"3301\" data-end=\"3413\"><strong data-start=\"3301\" data-end=\"3344\">Interfaces de equipamentos de teste e medi\u00e7\u00e3o<\/strong> - alinhamento \u00f3ptico preciso.<\/p>\n<\/li>\n<\/ul>\n<hr data-start=\"3415\" data-end=\"3418\" \/>\n<h2 data-start=\"3420\" data-end=\"3439\">Perguntas e respostas profissionais<\/h2>\n<p data-start=\"3441\" data-end=\"3810\"><strong data-start=\"3441\" data-end=\"3492\">P1: O que significa APC e por que isso \u00e9 importante?<\/strong><br data-start=\"3492\" data-end=\"3495\" \/><strong data-start=\"3495\" data-end=\"3502\">A1:<\/strong> APC significa <em data-start=\"3518\" data-end=\"3543\">Contato f\u00edsico angular<\/em>, O polimento de extremidade de fibra \u00e9 um tipo de polimento de extremidade de fibra em que a extremidade do ferrolho \u00e9 angulada (normalmente 8\u00b0). Isso reduz a reflex\u00e3o traseira e melhora a perda de retorno, o que \u00e9 fundamental para sistemas monomodo de alto desempenho e redes de alta largura de banda.<\/p>\n<p data-start=\"3812\" data-end=\"4115\"><strong data-start=\"3812\" data-end=\"3879\">P2: Os conectores FC APC podem ser usados em implementa\u00e7\u00f5es de fibra ao ar livre?<\/strong><br data-start=\"3879\" data-end=\"3882\" \/><strong data-start=\"3882\" data-end=\"3889\">A2:<\/strong> Sim. Os conectores FC APC com acoplamento met\u00e1lico refor\u00e7ado e ampla faixa de temperatura s\u00e3o adequados para ambientes industriais e externos protegidos quando adequadamente alojados e com al\u00edvio de tens\u00e3o.<\/p>\n<p data-start=\"4117\" data-end=\"4440\"><strong data-start=\"4117\" data-end=\"4173\">P3: Qual \u00e9 a diferen\u00e7a entre FC\/APC e FC\/UPC?<\/strong><br data-start=\"4173\" data-end=\"4176\" \/><strong data-start=\"4176\" data-end=\"4183\">A3:<\/strong> Ambos s\u00e3o conectores FC; o APC tem um polimento angular que proporciona uma perda de retorno muito maior (normalmente \u2265 60 dB) do que o UPC (\u2264 55 dB), tornando o APC melhor para sistemas sens\u00edveis \u00e0 reflex\u00e3o. Eles s\u00e3o <strong data-start=\"4372\" data-end=\"4379\">n\u00e3o<\/strong> diretamente compat\u00edvel.<\/p>","protected":false},"excerpt":{"rendered":"<h2 data-start=\"115\" data-end=\"136\">Vis\u00e3o geral do produto<\/h2>\n<p data-start=\"138\" data-end=\"730\">O <strong data-start=\"142\" data-end=\"183\">Conector ajust\u00e1vel FC APC 2,0\/3,0 mm<\/strong> \u00e9 um conector de fibra \u00f3ptica de engenharia de precis\u00e3o projetado para aplica\u00e7\u00f5es monomodo de alto desempenho em sistemas modernos de comunica\u00e7\u00e3o \u00f3ptica. Desenvolvido para ambientes exigentes, como redes de telecomunica\u00e7\u00f5es, redes \u00f3pticas passivas (PON), CATV e implanta\u00e7\u00e3o de FTTx, esse conector oferece integridade de sinal confi\u00e1vel, baixa perda de inser\u00e7\u00e3o e excelente perda de retorno para links de fibra cr\u00edticos. \u00c9 a op\u00e7\u00e3o perfeita para clientes que buscam desempenho \u00f3ptico superior com op\u00e7\u00f5es de instala\u00e7\u00e3o flex\u00edveis.<\/p>\n<p data-start=\"732\" data-end=\"1136\">Constru\u00eddo com uma rosca <strong data-start=\"754\" data-end=\"780\">FC (conector de ponteira)<\/strong> Com um design de alta qualidade, esse produto oferece um acoplamento mec\u00e2nico seguro que resiste \u00e0 vibra\u00e7\u00e3o e ao estresse mec\u00e2nico, o que o torna ideal tanto para instala\u00e7\u00f5es em campo quanto para ambientes de rede controlados. O <strong data-start=\"967\" data-end=\"1000\">APC (Contato F\u00edsico Angular)<\/strong> O polimento garante alta perda de retorno, reduzindo a retrorreflex\u00e3o e maximizando a qualidade da transmiss\u00e3o.<\/p>","protected":false},"featured_media":919,"comment_status":"open","ping_status":"closed","template":"","meta":[],"product_brand":[],"product_cat":[34],"product_tag":[],"class_list":{"0":"post-918","1":"product","2":"type-product","3":"status-publish","4":"has-post-thumbnail","6":"product_cat-fc-connector","8":"first","9":"instock","10":"shipping-taxable","11":"product-type-simple"},"_links":{"self":[{"href":"https:\/\/www.fenxifiber.com\/pt\/wp-json\/wp\/v2\/product\/918","targetHints":{"allow":["GET"]}}],"collection":[{"href":"https:\/\/www.fenxifiber.com\/pt\/wp-json\/wp\/v2\/product"}],"about":[{"href":"https:\/\/www.fenxifiber.com\/pt\/wp-json\/wp\/v2\/types\/product"}],"replies":[{"embeddable":true,"href":"https:\/\/www.fenxifiber.com\/pt\/wp-json\/wp\/v2\/comments?post=918"}],"wp:featuredmedia":[{"embeddable":true,"href":"https:\/\/www.fenxifiber.com\/pt\/wp-json\/wp\/v2\/media\/919"}],"wp:attachment":[{"href":"https:\/\/www.fenxifiber.com\/pt\/wp-json\/wp\/v2\/media?parent=918"}],"wp:term":[{"taxonomy":"product_brand","embeddable":true,"href":"https:\/\/www.fenxifiber.com\/pt\/wp-json\/wp\/v2\/product_brand?post=918"},{"taxonomy":"product_cat","embeddable":true,"href":"https:\/\/www.fenxifiber.com\/pt\/wp-json\/wp\/v2\/product_cat?post=918"},{"taxonomy":"product_tag","embeddable":true,"href":"https:\/\/www.fenxifiber.com\/pt\/wp-json\/wp\/v2\/product_tag?post=918"}],"curies":[{"name":"wp","href":"https:\/\/api.w.org\/{rel}","templated":true}]}}