{"id":922,"date":"2026-02-04T03:23:22","date_gmt":"2026-02-04T03:23:22","guid":{"rendered":"https:\/\/www.fenxifiber.com\/?post_type=product&#038;p=922"},"modified":"2026-02-05T02:15:51","modified_gmt":"2026-02-05T02:15:51","slug":"fc-apc-2-0-3-0mm-nao-ajustavel","status":"publish","type":"product","link":"https:\/\/www.fenxifiber.com\/pt\/product\/fc-apc-2-0-3-0mm-non-adjustable\/","title":{"rendered":"Conector de fibra \u00f3ptica n\u00e3o ajust\u00e1vel FC APC 2,0\/3,0 mm"},"content":{"rendered":"<h2 data-start=\"1097\" data-end=\"1114\">Principais recursos<\/h2>\n<ul data-start=\"1116\" data-end=\"1888\">\n<li data-start=\"1116\" data-end=\"1237\">\n<p data-start=\"1118\" data-end=\"1237\"><strong data-start=\"1118\" data-end=\"1163\">Bota fixa n\u00e3o ajust\u00e1vel de 2,0 mm \/ 3,0 mm<\/strong> para revestimentos de cabos de fibra padr\u00e3o.<\/p>\n<\/li>\n<li data-start=\"1238\" data-end=\"1349\">\n<p data-start=\"1240\" data-end=\"1349\"><strong data-start=\"1240\" data-end=\"1261\">Polimento angular APC<\/strong> para um desempenho superior de perda de retorno (\u2265 60 dB).<\/p>\n<\/li>\n<li data-start=\"1350\" data-end=\"1452\">\n<p data-start=\"1352\" data-end=\"1452\"><strong data-start=\"1352\" data-end=\"1374\">Baixa perda de inser\u00e7\u00e3o<\/strong> t\u00edpico para aplica\u00e7\u00f5es de modo \u00fanico.<\/p>\n<\/li>\n<li data-start=\"1453\" data-end=\"1558\">\n<p data-start=\"1455\" data-end=\"1558\"><strong data-start=\"1455\" data-end=\"1484\">Virola de cer\u00e2mica de precis\u00e3o<\/strong> garante o alinhamento preciso das fibras.<\/p>\n<\/li>\n<li data-start=\"1559\" data-end=\"1680\">\n<p data-start=\"1561\" data-end=\"1680\"><strong data-start=\"1561\" data-end=\"1592\">Porca de acoplamento met\u00e1lica rosqueada<\/strong> oferece conex\u00f5es seguras e resistentes \u00e0 vibra\u00e7\u00e3o.<\/p>\n<\/li>\n<li data-start=\"1681\" data-end=\"1785\">\n<p data-start=\"1683\" data-end=\"1785\"><strong data-start=\"1683\" data-end=\"1716\">Compat\u00edvel com ISO9001:2015 e RoHS<\/strong> fabrica\u00e7\u00e3o e materiais.<\/p>\n<\/li>\n<li data-start=\"1786\" data-end=\"1888\">\n<p data-start=\"1788\" data-end=\"1888\"><strong data-start=\"1788\" data-end=\"1812\">V\u00e1rias cores de botas<\/strong> dispon\u00edveis para identifica\u00e7\u00e3o da rede.<\/p>\n<\/li>\n<\/ul>\n<hr data-start=\"1890\" data-end=\"1893\" \/>\n<h2 data-start=\"1895\" data-end=\"1924\">Especifica\u00e7\u00f5es t\u00e9cnicas<\/h2>\n<h3 data-start=\"1926\" data-end=\"1949\">Desempenho \u00f3ptico<\/h3>\n<div class=\"TyagGW_tableContainer\">\n<div class=\"group TyagGW_tableWrapper flex flex-col-reverse w-fit\" tabindex=\"-1\">\n<table class=\"w-fit min-w-(--thread-content-width)\" data-start=\"1951\" data-end=\"2207\">\n<thead data-start=\"1951\" data-end=\"1980\">\n<tr data-start=\"1951\" data-end=\"1980\">\n<th class=\"align-top\" data-start=\"1951\" data-end=\"1963\" data-col-size=\"sm\">Par\u00e2metro<\/th>\n<th class=\"align-top\" data-start=\"1963\" data-end=\"1980\" data-col-size=\"sm\">Valor t\u00edpico<\/th>\n<\/tr>\n<\/thead>\n<tbody data-start=\"2012\" data-end=\"2207\">\n<tr data-start=\"2012\" data-end=\"2048\">\n<td data-start=\"2012\" data-end=\"2035\" data-col-size=\"sm\">Perda de inser\u00e7\u00e3o (APC)<\/td>\n<td data-start=\"2035\" data-end=\"2048\" data-col-size=\"sm\">\u2264 0,25 dB<\/td>\n<\/tr>\n<tr data-start=\"2049\" data-end=\"2080\">\n<td data-start=\"2049\" data-end=\"2069\" data-col-size=\"sm\">Perda de retorno (APC)<\/td>\n<td data-start=\"2069\" data-end=\"2080\" data-col-size=\"sm\">\u2265 60 dB<\/td>\n<\/tr>\n<tr data-start=\"2081\" data-end=\"2120\">\n<td data-start=\"2081\" data-end=\"2094\" data-col-size=\"sm\">Modo de fibra<\/td>\n<td data-start=\"2094\" data-end=\"2120\" data-col-size=\"sm\">Modo \u00fanico (9\/125 \u00b5m)<\/td>\n<\/tr>\n<tr data-start=\"2121\" data-end=\"2165\">\n<td data-start=\"2121\" data-end=\"2144\" data-col-size=\"sm\">Comprimento de onda operacional<\/td>\n<td data-start=\"2144\" data-end=\"2165\" data-col-size=\"sm\">1310 nm \/ 1550 nm<\/td>\n<\/tr>\n<tr data-start=\"2166\" data-end=\"2207\">\n<td data-start=\"2166\" data-end=\"2185\" data-col-size=\"sm\">Material do ferrolho<\/td>\n<td data-start=\"2185\" data-end=\"2207\" data-col-size=\"sm\">Cer\u00e2mica (Zirc\u00f4nia)<\/td>\n<\/tr>\n<\/tbody>\n<\/table>\n<\/div>\n<\/div>\n<p data-start=\"2209\" data-end=\"2319\"><em data-start=\"2209\" data-end=\"2279\">Valores t\u00edpicos do setor para conectores FC\/APC com botas de 2,0\/3,0 mm.<\/em><\/p>\n<h3 data-start=\"2321\" data-end=\"2351\">Mec\u00e2nica e ambiental<\/h3>\n<div class=\"TyagGW_tableContainer\">\n<div class=\"group TyagGW_tableWrapper flex flex-col-reverse w-fit\" tabindex=\"-1\">\n<table class=\"w-fit min-w-(--thread-content-width)\" data-start=\"2353\" data-end=\"2620\">\n<thead data-start=\"2353\" data-end=\"2380\">\n<tr data-start=\"2353\" data-end=\"2380\">\n<th class=\"align-top\" data-start=\"2353\" data-end=\"2363\" data-col-size=\"sm\">Recurso<\/th>\n<th class=\"align-top\" data-start=\"2363\" data-end=\"2380\" data-col-size=\"sm\">Especifica\u00e7\u00e3o<\/th>\n<\/tr>\n<\/thead>\n<tbody data-start=\"2410\" data-end=\"2620\">\n<tr data-start=\"2410\" data-end=\"2445\">\n<td data-start=\"2410\" data-end=\"2426\" data-col-size=\"sm\">Di\u00e2metro da bota<\/td>\n<td data-start=\"2426\" data-end=\"2445\" data-col-size=\"sm\">2,0 mm \/ 3,0 mm<\/td>\n<\/tr>\n<tr data-start=\"2446\" data-end=\"2488\">\n<td data-start=\"2446\" data-end=\"2470\" data-col-size=\"sm\">Temperatura operacional<\/td>\n<td data-start=\"2470\" data-end=\"2488\" data-col-size=\"sm\">-40\u00b0C a +85\u00b0C<\/td>\n<\/tr>\n<tr data-start=\"2489\" data-end=\"2528\">\n<td data-start=\"2489\" data-end=\"2506\" data-col-size=\"sm\">Estilo de acoplamento<\/td>\n<td data-start=\"2506\" data-end=\"2528\" data-col-size=\"sm\">Porca met\u00e1lica rosqueada<\/td>\n<\/tr>\n<tr data-start=\"2529\" data-end=\"2582\">\n<td data-start=\"2529\" data-end=\"2551\" data-col-size=\"sm\">Conformidade padr\u00e3o<\/td>\n<td data-start=\"2551\" data-end=\"2582\" data-col-size=\"sm\">IEC 61754-13 \/ ISO9001:2015<\/td>\n<\/tr>\n<tr data-start=\"2583\" data-end=\"2620\">\n<td data-start=\"2583\" data-end=\"2596\" data-col-size=\"sm\">Durabilidade<\/td>\n<td data-start=\"2596\" data-end=\"2620\" data-col-size=\"sm\">\u2265 1000 ciclos de acoplamento<\/td>\n<\/tr>\n<\/tbody>\n<\/table>\n<\/div>\n<\/div>\n<p data-start=\"2622\" data-end=\"2746\"><em data-start=\"2622\" data-end=\"2706\">Representa as expectativas de desempenho padr\u00e3o para conectores FC\/APC n\u00e3o ajust\u00e1veis.<\/em><\/p>\n<hr data-start=\"2748\" data-end=\"2751\" \/>\n<h2 data-start=\"2753\" data-end=\"2778\">Aplica\u00e7\u00f5es t\u00edpicas<\/h2>\n<ul data-start=\"2780\" data-end=\"3446\">\n<li data-start=\"2780\" data-end=\"2913\">\n<p data-start=\"2782\" data-end=\"2913\"><strong data-start=\"2782\" data-end=\"2813\">Redes de telecomunica\u00e7\u00f5es<\/strong> - Termina\u00e7\u00f5es confi\u00e1veis para redes de longa dist\u00e2ncia e metropolitanas.<\/p>\n<\/li>\n<li data-start=\"2914\" data-end=\"3040\">\n<p data-start=\"2916\" data-end=\"3040\"><strong data-start=\"2916\" data-end=\"2941\">Implanta\u00e7\u00e3o de PON \/ FTTH<\/strong> - Conex\u00f5es de acesso \u00f3ptico est\u00e1veis com baixa reflex\u00e3o.<\/p>\n<\/li>\n<li data-start=\"3041\" data-end=\"3172\">\n<p data-start=\"3043\" data-end=\"3172\"><strong data-start=\"3043\" data-end=\"3071\">Sistemas CATV \/ banda larga<\/strong> - Conectores de alta perda de retorno que suportam a integridade do sinal.<\/p>\n<\/li>\n<li data-start=\"3173\" data-end=\"3306\">\n<p data-start=\"3175\" data-end=\"3306\"><strong data-start=\"3175\" data-end=\"3203\">Infraestrutura de LAN e WAN<\/strong> - Patch panels, quadros de distribui\u00e7\u00e3o e termina\u00e7\u00f5es de fibra.<\/p>\n<\/li>\n<li data-start=\"3307\" data-end=\"3446\">\n<p data-start=\"3309\" data-end=\"3446\"><strong data-start=\"3309\" data-end=\"3352\">Interfaces de equipamentos de teste e medi\u00e7\u00e3o<\/strong> - Alinhamento \u00f3ptico preciso em testes de laborat\u00f3rio e de campo.<\/p>\n<\/li>\n<\/ul>\n<hr data-start=\"3448\" data-end=\"3451\" \/>\n<h2 data-start=\"3453\" data-end=\"3472\">Perguntas e respostas profissionais<\/h2>\n<p data-start=\"3474\" data-end=\"3850\"><strong data-start=\"3474\" data-end=\"3543\">Q1: Por que escolher um conector n\u00e3o ajust\u00e1vel em vez de um ajust\u00e1vel?<\/strong><br data-start=\"3543\" data-end=\"3546\" \/><strong data-start=\"3546\" data-end=\"3553\">A1:<\/strong> Os conectores n\u00e3o ajust\u00e1veis s\u00e3o otimizados na f\u00e1brica com dimens\u00f5es fixas que eliminam a necessidade de ajuste em campo, garantindo desempenho \u00f3ptico consistente, montagem mais r\u00e1pida e controle de qualidade mais f\u00e1cil na produ\u00e7\u00e3o de grandes volumes ou em montagens de cabos padronizados.<\/p>\n<p data-start=\"3852\" data-end=\"4202\"><strong data-start=\"3852\" data-end=\"3897\">P2: O que \u00e9 APC e por que ele \u00e9 ben\u00e9fico?<\/strong><br data-start=\"3897\" data-end=\"3900\" \/><strong data-start=\"3900\" data-end=\"3907\">A2:<\/strong> APC significa <em data-start=\"3923\" data-end=\"3948\">Contato f\u00edsico angular<\/em>. A superf\u00edcie da extremidade do ferrolho \u00e9 polida em um \u00e2ngulo (geralmente 8\u00b0), reduzindo significativamente a reflex\u00e3o traseira e melhorando a perda de retorno, o que \u00e9 fundamental para redes monomodo de alto desempenho e links \u00f3pticos sens\u00edveis.<\/p>\n<p data-start=\"4204\" data-end=\"4562\"><strong data-start=\"4204\" data-end=\"4296\">P3: Os conectores FC APC com botas de 2,0\/3,0 mm s\u00e3o compat\u00edveis com os cabos de telecomunica\u00e7\u00f5es padr\u00e3o?<\/strong><br data-start=\"4296\" data-end=\"4299\" \/><strong data-start=\"4299\" data-end=\"4306\">A3:<\/strong> Sim - os conectores FC APC que suportam di\u00e2metros de 2,0 mm e 3,0 mm s\u00e3o projetados para combinar com as jaquetas de cabos de fibra t\u00edpicos de telecomunica\u00e7\u00f5es e corporativos, oferecendo acoplamento seguro e desempenho robusto em uma ampla faixa de temperatura.<\/p>","protected":false},"excerpt":{"rendered":"<h2 data-start=\"107\" data-end=\"128\">Vis\u00e3o geral do produto<\/h2>\n<p data-start=\"130\" data-end=\"684\">O <strong data-start=\"134\" data-end=\"175\"><span class=\"entity-underline hover:entity-accent inline cursor-pointer align-baseline\"><span class=\"whitespace-normal\">Conector de inicializa\u00e7\u00e3o FC APC monomodo de 3,0 mm<\/span><\/span><\/strong> \u00e9 um conector de fibra \u00f3ptica n\u00e3o ajust\u00e1vel fabricado com precis\u00e3o e projetado para implanta\u00e7\u00f5es exigentes de comunica\u00e7\u00e3o \u00f3ptica monomodo. Projetado com um <strong data-start=\"335\" data-end=\"368\">Di\u00e2metro da bota de 2,0 mm \/ 3,0 mm<\/strong>, Esse conector oferece desempenho \u00f3ptico est\u00e1vel e alta perda de retorno por meio de <strong data-start=\"450\" data-end=\"498\">Polimento do ferrolho APC (contato f\u00edsico angular)<\/strong>, o que o torna uma excelente op\u00e7\u00e3o para <strong data-start=\"534\" data-end=\"645\">redes de telecomunica\u00e7\u00f5es, sistemas PON\/FTTH, CATV, infraestruturas LAN\/WAN e interfaces de equipamentos de teste<\/strong>.<\/p>\n<p data-start=\"686\" data-end=\"1090\">Ao contr\u00e1rio dos conectores ajust\u00e1veis, a vers\u00e3o n\u00e3o ajust\u00e1vel vem otimizada de f\u00e1brica com dimens\u00f5es fixas, proporcionando alinhamento de acoplamento consistente e caracter\u00edsticas \u00f3pticas repet\u00edveis sem a necessidade de ajuste em campo. Seu corpo met\u00e1lico robusto com acoplamento rosqueado garante um encaixe mec\u00e2nico seguro, ideal para ambientes de instala\u00e7\u00e3o e opera\u00e7\u00f5es de longo prazo.<\/p>","protected":false},"featured_media":923,"comment_status":"open","ping_status":"closed","template":"","meta":[],"product_brand":[],"product_cat":[34],"product_tag":[],"class_list":{"0":"post-922","1":"product","2":"type-product","3":"status-publish","4":"has-post-thumbnail","6":"product_cat-fc-connector","8":"first","9":"instock","10":"shipping-taxable","11":"product-type-simple"},"_links":{"self":[{"href":"https:\/\/www.fenxifiber.com\/pt\/wp-json\/wp\/v2\/product\/922","targetHints":{"allow":["GET"]}}],"collection":[{"href":"https:\/\/www.fenxifiber.com\/pt\/wp-json\/wp\/v2\/product"}],"about":[{"href":"https:\/\/www.fenxifiber.com\/pt\/wp-json\/wp\/v2\/types\/product"}],"replies":[{"embeddable":true,"href":"https:\/\/www.fenxifiber.com\/pt\/wp-json\/wp\/v2\/comments?post=922"}],"wp:featuredmedia":[{"embeddable":true,"href":"https:\/\/www.fenxifiber.com\/pt\/wp-json\/wp\/v2\/media\/923"}],"wp:attachment":[{"href":"https:\/\/www.fenxifiber.com\/pt\/wp-json\/wp\/v2\/media?parent=922"}],"wp:term":[{"taxonomy":"product_brand","embeddable":true,"href":"https:\/\/www.fenxifiber.com\/pt\/wp-json\/wp\/v2\/product_brand?post=922"},{"taxonomy":"product_cat","embeddable":true,"href":"https:\/\/www.fenxifiber.com\/pt\/wp-json\/wp\/v2\/product_cat?post=922"},{"taxonomy":"product_tag","embeddable":true,"href":"https:\/\/www.fenxifiber.com\/pt\/wp-json\/wp\/v2\/product_tag?post=922"}],"curies":[{"name":"wp","href":"https:\/\/api.w.org\/{rel}","templated":true}]}}