{"id":926,"date":"2026-02-04T03:25:34","date_gmt":"2026-02-04T03:25:34","guid":{"rendered":"https:\/\/www.fenxifiber.com\/?post_type=product&#038;p=926"},"modified":"2026-02-05T02:17:12","modified_gmt":"2026-02-05T02:17:12","slug":"fc-pc-0-9mm-ajustavel","status":"publish","type":"product","link":"https:\/\/www.fenxifiber.com\/pt\/product\/fc-pc-0-9mm-adjustable\/","title":{"rendered":"Conector de fibra \u00f3ptica FC PC 0,9 mm ajust\u00e1vel"},"content":{"rendered":"<h2 data-start=\"867\" data-end=\"884\">Principais recursos<\/h2>\n<ul data-start=\"886\" data-end=\"1439\">\n<li data-start=\"886\" data-end=\"963\">\n<p data-start=\"888\" data-end=\"963\"><strong data-start=\"888\" data-end=\"918\">Suporte de buffer apertado de 0,9 mm<\/strong> - Projetado para cabos de fibra internos compactos<\/p>\n<\/li>\n<li data-start=\"964\" data-end=\"1044\">\n<p data-start=\"966\" data-end=\"1044\"><strong data-start=\"966\" data-end=\"998\">PC (contato f\u00edsico) Polon\u00eas<\/strong> - Contato de fibra plano para baixa perda de inser\u00e7\u00e3o<\/p>\n<\/li>\n<li data-start=\"1045\" data-end=\"1139\">\n<p data-start=\"1047\" data-end=\"1139\"><strong data-start=\"1047\" data-end=\"1076\">Design de virola ajust\u00e1vel<\/strong> - Permite o controle fino da altura da fibra e da geometria da extremidade<\/p>\n<\/li>\n<li data-start=\"1140\" data-end=\"1214\">\n<p data-start=\"1142\" data-end=\"1214\"><strong data-start=\"1142\" data-end=\"1177\">Ponteira de Zirc\u00f4nia de Alta Precis\u00e3o<\/strong> - Garante o alinhamento preciso das fibras<\/p>\n<\/li>\n<li data-start=\"1215\" data-end=\"1294\">\n<p data-start=\"1217\" data-end=\"1294\"><strong data-start=\"1217\" data-end=\"1241\">Acoplamento roscado FC<\/strong> - Excelente estabilidade mec\u00e2nica e repetibilidade<\/p>\n<\/li>\n<li data-start=\"1295\" data-end=\"1365\">\n<p data-start=\"1297\" data-end=\"1365\"><strong data-start=\"1297\" data-end=\"1322\">Desempenho de longa dura\u00e7\u00e3o<\/strong> - Classificado para mais de 1.000 ciclos de acoplamento<\/p>\n<\/li>\n<li data-start=\"1366\" data-end=\"1439\">\n<p data-start=\"1368\" data-end=\"1439\"><strong data-start=\"1368\" data-end=\"1396\">Materiais em conformidade com a RoHS<\/strong> - Fabrica\u00e7\u00e3o ecologicamente correta<\/p>\n<\/li>\n<\/ul>\n<hr data-start=\"1441\" data-end=\"1444\" \/>\n<h2 data-start=\"1446\" data-end=\"1470\">Desempenho \u00f3ptico<\/h2>\n<div class=\"TyagGW_tableContainer\">\n<div class=\"group TyagGW_tableWrapper flex flex-col-reverse w-fit\" tabindex=\"-1\">\n<table class=\"w-fit min-w-(--thread-content-width)\" data-start=\"1472\" data-end=\"1749\">\n<thead data-start=\"1472\" data-end=\"1501\">\n<tr data-start=\"1472\" data-end=\"1501\">\n<th class=\"\" data-start=\"1472\" data-end=\"1484\" data-col-size=\"sm\">Par\u00e2metro<\/th>\n<th class=\"\" data-start=\"1484\" data-end=\"1501\" data-col-size=\"sm\">Valor t\u00edpico<\/th>\n<\/tr>\n<\/thead>\n<tbody data-start=\"1530\" data-end=\"1749\">\n<tr data-start=\"1530\" data-end=\"1569\">\n<td data-start=\"1530\" data-end=\"1543\" data-col-size=\"sm\">Tipo de fibra<\/td>\n<td data-start=\"1543\" data-end=\"1569\" data-col-size=\"sm\">Modo \u00fanico (9\/125 \u00b5m)<\/td>\n<\/tr>\n<tr data-start=\"1570\" data-end=\"1609\">\n<td data-start=\"1570\" data-end=\"1584\" data-col-size=\"sm\">Tipo de polon\u00eas<\/td>\n<td data-start=\"1584\" data-end=\"1609\" data-col-size=\"sm\">PC (contato f\u00edsico)<\/td>\n<\/tr>\n<tr data-start=\"1610\" data-end=\"1640\">\n<td data-start=\"1610\" data-end=\"1627\" data-col-size=\"sm\">Perda de inser\u00e7\u00e3o<\/td>\n<td data-start=\"1627\" data-end=\"1640\" data-col-size=\"sm\">\u2264 0,30 dB<\/td>\n<\/tr>\n<tr data-start=\"1641\" data-end=\"1666\">\n<td data-start=\"1641\" data-end=\"1655\" data-col-size=\"sm\">Perda de retorno<\/td>\n<td data-start=\"1655\" data-end=\"1666\" data-col-size=\"sm\">\u2265 45 dB<\/td>\n<\/tr>\n<tr data-start=\"1667\" data-end=\"1711\">\n<td data-start=\"1667\" data-end=\"1690\" data-col-size=\"sm\">Comprimento de onda operacional<\/td>\n<td data-col-size=\"sm\" data-start=\"1690\" data-end=\"1711\">1310 nm \/ 1550 nm<\/td>\n<\/tr>\n<tr data-start=\"1712\" data-end=\"1749\">\n<td data-start=\"1712\" data-end=\"1732\" data-col-size=\"sm\">Durabilidade do acoplamento<\/td>\n<td data-col-size=\"sm\" data-start=\"1732\" data-end=\"1749\">\u2265 1000 ciclos<\/td>\n<\/tr>\n<\/tbody>\n<\/table>\n<\/div>\n<\/div>\n<hr data-start=\"1751\" data-end=\"1754\" \/>\n<h2 data-start=\"1756\" data-end=\"1787\">Mec\u00e2nica e ambiental<\/h2>\n<div class=\"TyagGW_tableContainer\">\n<div class=\"group TyagGW_tableWrapper flex flex-col-reverse w-fit\" tabindex=\"-1\">\n<table class=\"w-fit min-w-(--thread-content-width)\" data-start=\"1789\" data-end=\"2113\">\n<thead data-start=\"1789\" data-end=\"1813\">\n<tr data-start=\"1789\" data-end=\"1813\">\n<th class=\"\" data-start=\"1789\" data-end=\"1796\" data-col-size=\"sm\">Item<\/th>\n<th class=\"\" data-start=\"1796\" data-end=\"1813\" data-col-size=\"sm\">Especifica\u00e7\u00e3o<\/th>\n<\/tr>\n<\/thead>\n<tbody data-start=\"1840\" data-end=\"2113\">\n<tr data-start=\"1840\" data-end=\"1877\">\n<td data-start=\"1840\" data-end=\"1857\" data-col-size=\"sm\">Tipo de conector<\/td>\n<td data-start=\"1857\" data-end=\"1877\" data-col-size=\"sm\">FC PC Ajust\u00e1vel<\/td>\n<\/tr>\n<tr data-start=\"1878\" data-end=\"1904\">\n<td data-start=\"1878\" data-end=\"1894\" data-col-size=\"sm\">Di\u00e2metro da bota<\/td>\n<td data-start=\"1894\" data-end=\"1904\" data-col-size=\"sm\">0,9 mm<\/td>\n<\/tr>\n<tr data-start=\"1905\" data-end=\"1944\">\n<td data-start=\"1905\" data-end=\"1924\" data-col-size=\"sm\">Material do ferrolho<\/td>\n<td data-start=\"1924\" data-end=\"1944\" data-col-size=\"sm\">Cer\u00e2mica de zirc\u00f4nia<\/td>\n<\/tr>\n<tr data-start=\"1945\" data-end=\"1990\">\n<td data-start=\"1945\" data-end=\"1966\" data-col-size=\"sm\">Mecanismo de acoplamento<\/td>\n<td data-start=\"1966\" data-end=\"1990\" data-col-size=\"sm\">Parafuso de metal com rosca<\/td>\n<\/tr>\n<tr data-start=\"1991\" data-end=\"2037\">\n<td data-start=\"1991\" data-end=\"2009\" data-col-size=\"sm\">Tipo de ajuste<\/td>\n<td data-start=\"2009\" data-end=\"2037\" data-col-size=\"sm\">Ajuste axial do ferrolho<\/td>\n<\/tr>\n<tr data-start=\"2038\" data-end=\"2082\">\n<td data-start=\"2038\" data-end=\"2062\" data-col-size=\"sm\">Temperatura operacional<\/td>\n<td data-start=\"2062\" data-end=\"2082\" data-col-size=\"sm\">-40 \u00b0C a +75 \u00b0C<\/td>\n<\/tr>\n<tr data-start=\"2083\" data-end=\"2113\">\n<td data-start=\"2083\" data-end=\"2102\" data-col-size=\"sm\">Resist\u00eancia \u00e0 tra\u00e7\u00e3o<\/td>\n<td data-start=\"2102\" data-end=\"2113\" data-col-size=\"sm\">\u2265 200 N<\/td>\n<\/tr>\n<\/tbody>\n<\/table>\n<\/div>\n<\/div>\n<hr data-start=\"2115\" data-end=\"2118\" \/>\n<h2 data-start=\"2120\" data-end=\"2145\">Aplica\u00e7\u00f5es t\u00edpicas<\/h2>\n<ul data-start=\"2147\" data-end=\"2392\">\n<li data-start=\"2147\" data-end=\"2201\">\n<p data-start=\"2149\" data-end=\"2201\"><strong data-start=\"2149\" data-end=\"2199\">Backbone de telecomunica\u00e7\u00f5es e redes de acesso<\/strong><\/p>\n<\/li>\n<li data-start=\"2202\" data-end=\"2232\">\n<p data-start=\"2204\" data-end=\"2232\"><strong data-start=\"2204\" data-end=\"2230\">Links de fibra FTTH e PON<\/strong><\/p>\n<\/li>\n<li data-start=\"2233\" data-end=\"2277\">\n<p data-start=\"2235\" data-end=\"2277\"><strong data-start=\"2235\" data-end=\"2275\">Pigtails e patch cords de fibra \u00f3ptica<\/strong><\/p>\n<\/li>\n<li data-start=\"2278\" data-end=\"2320\">\n<p data-start=\"2280\" data-end=\"2320\"><strong data-start=\"2280\" data-end=\"2318\">Quadros ODF e pain\u00e9is de distribui\u00e7\u00e3o<\/strong><\/p>\n<\/li>\n<li data-start=\"2321\" data-end=\"2357\">\n<p data-start=\"2323\" data-end=\"2357\"><strong data-start=\"2323\" data-end=\"2355\">Equipamentos de teste e medi\u00e7\u00e3o<\/strong><\/p>\n<\/li>\n<li data-start=\"2358\" data-end=\"2392\">\n<p data-start=\"2360\" data-end=\"2392\"><strong data-start=\"2360\" data-end=\"2390\">Sistemas de CATV e banda larga<\/strong><\/p>\n<\/li>\n<\/ul>\n<hr data-start=\"2394\" data-end=\"2397\" \/>\n<h2 data-start=\"2399\" data-end=\"2451\">Por que escolher um conector FC PC ajust\u00e1vel de 0,9 mm?<\/h2>\n<p data-start=\"2453\" data-end=\"2534\">Em compara\u00e7\u00e3o com os conectores n\u00e3o ajust\u00e1veis, o <strong data-start=\"2498\" data-end=\"2524\">FC PC ajust\u00e1vel de 0,9 mm<\/strong> fornece:<\/p>\n<ul data-start=\"2536\" data-end=\"2721\">\n<li data-start=\"2536\" data-end=\"2579\">\n<p data-start=\"2538\" data-end=\"2579\"><strong data-start=\"2538\" data-end=\"2577\">Controle mais preciso da face final da fibra<\/strong><\/p>\n<\/li>\n<li data-start=\"2580\" data-end=\"2627\">\n<p data-start=\"2582\" data-end=\"2627\"><strong data-start=\"2582\" data-end=\"2625\">Melhor consist\u00eancia nos resultados do polimento<\/strong><\/p>\n<\/li>\n<li data-start=\"2628\" data-end=\"2671\">\n<p data-start=\"2630\" data-end=\"2671\"><strong data-start=\"2630\" data-end=\"2669\">Menor perda de inser\u00e7\u00e3o entre lotes<\/strong><\/p>\n<\/li>\n<li data-start=\"2672\" data-end=\"2721\">\n<p data-start=\"2674\" data-end=\"2721\"><strong data-start=\"2674\" data-end=\"2719\">Maior rendimento na produ\u00e7\u00e3o de montagem de cabos<\/strong><\/p>\n<\/li>\n<\/ul>\n<p data-start=\"2723\" data-end=\"2834\">Isso o torna especialmente adequado para <strong data-start=\"2761\" data-end=\"2833\">fabricantes profissionais de fibra \u00f3ptica e montagens de cabos de alta qualidade<\/strong>.<\/p>\n<hr data-start=\"2836\" data-end=\"2839\" \/>\n<h2 data-start=\"2841\" data-end=\"2862\">Perguntas e respostas profissionais<\/h2>\n<p data-start=\"2864\" data-end=\"3156\"><strong data-start=\"2864\" data-end=\"2924\">P1: Qual \u00e9 a vantagem de um conector FC ajust\u00e1vel?<\/strong><br data-start=\"2924\" data-end=\"2927\" \/><strong data-start=\"2927\" data-end=\"2933\">A:<\/strong> O design ajust\u00e1vel permite que o ferrolho seja posicionado com precis\u00e3o durante a montagem e o polimento, garantindo <strong data-start=\"3042\" data-end=\"3092\">geometria ideal da protrus\u00e3o da fibra e da face final<\/strong>, o que leva a <strong data-start=\"3109\" data-end=\"3155\">menor perda e desempenho mais consistente<\/strong>.<\/p>\n<hr data-start=\"3158\" data-end=\"3161\" \/>\n<p data-start=\"3163\" data-end=\"3384\"><strong data-start=\"3163\" data-end=\"3203\">P2: O FC PC \u00e9 compat\u00edvel com o FC APC?<\/strong><br data-start=\"3203\" data-end=\"3206\" \/><strong data-start=\"3206\" data-end=\"3212\">A:<\/strong> N\u00e3o. <strong data-start=\"3217\" data-end=\"3240\">FC PC (polimento plano)<\/strong> e <strong data-start=\"3245\" data-end=\"3271\">FC APC (polimento em \u00e2ngulo)<\/strong> Os conectores n\u00e3o devem ser acoplados entre si, pois isso pode causar <strong data-start=\"3331\" data-end=\"3383\">alta perda de inser\u00e7\u00e3o e poss\u00edveis danos ao ferrolho<\/strong>.<\/p>\n<hr data-start=\"3386\" data-end=\"3389\" \/>\n<p data-start=\"3391\" data-end=\"3628\"><strong data-start=\"3391\" data-end=\"3455\">P3: Por que 0,9 mm \u00e9 comumente usado para pigtails e patch cords?<\/strong><br data-start=\"3455\" data-end=\"3458\" \/><strong data-start=\"3458\" data-end=\"3464\">A:<\/strong> <strong data-start=\"3465\" data-end=\"3493\">Fibra de buffer apertado de 0,9 mm<\/strong> \u00e9 flex\u00edvel, compacto e ideal para uso em ambientes internos, o que o torna perfeito para <strong data-start=\"3564\" data-end=\"3627\">pigtails de fibra, patch cords e interconex\u00f5es de equipamentos<\/strong>.<\/p>","protected":false},"excerpt":{"rendered":"<h2 data-start=\"121\" data-end=\"142\">Vis\u00e3o geral do produto<\/h2>\n<p data-start=\"144\" data-end=\"640\">O <strong data-start=\"148\" data-end=\"196\">Conector de fibra \u00f3ptica FC PC 0,9 mm ajust\u00e1vel<\/strong> \u00e9 projetado para termina\u00e7\u00e3o de alta precis\u00e3o de <strong data-start=\"243\" data-end=\"289\">fibras monomodo com buffer apertado (0,9 mm)<\/strong> usado em telecomunica\u00e7\u00f5es, FTTH, CATV e equipamentos de teste.<br data-start=\"349\" data-end=\"352\" \/>Ao combinar um <strong data-start=\"367\" data-end=\"414\">Ponteira polida plana PC (contato f\u00edsico)<\/strong> com um <strong data-start=\"423\" data-end=\"455\">estrutura de virola ajust\u00e1vel<\/strong>, Esse conector permite que instaladores e fabricantes <strong data-start=\"511\" data-end=\"567\">ajuste fino da protrus\u00e3o da fibra e da geometria da extremidade<\/strong>, A tecnologia de conex\u00e3o de fibra de vidro \u00e9 uma das mais avan\u00e7adas do mundo, alcan\u00e7ando desempenho \u00f3ptico ideal e qualidade consistente do conector.<\/p>\n<p data-start=\"642\" data-end=\"860\">Com sua <strong data-start=\"651\" data-end=\"681\">acoplamento met\u00e1lico FC com rosca<\/strong>, O conector fornece <strong data-start=\"706\" data-end=\"744\">acoplamento seguro e resistente \u00e0 vibra\u00e7\u00e3o<\/strong>, tornando-o altamente adequado para escrit\u00f3rios centrais, quadros ODF, instrumentos de laborat\u00f3rio e sistemas \u00f3pticos industriais.<\/p>","protected":false},"featured_media":927,"comment_status":"open","ping_status":"closed","template":"","meta":[],"product_brand":[],"product_cat":[34],"product_tag":[],"class_list":{"0":"post-926","1":"product","2":"type-product","3":"status-publish","4":"has-post-thumbnail","6":"product_cat-fc-connector","8":"first","9":"instock","10":"shipping-taxable","11":"product-type-simple"},"_links":{"self":[{"href":"https:\/\/www.fenxifiber.com\/pt\/wp-json\/wp\/v2\/product\/926","targetHints":{"allow":["GET"]}}],"collection":[{"href":"https:\/\/www.fenxifiber.com\/pt\/wp-json\/wp\/v2\/product"}],"about":[{"href":"https:\/\/www.fenxifiber.com\/pt\/wp-json\/wp\/v2\/types\/product"}],"replies":[{"embeddable":true,"href":"https:\/\/www.fenxifiber.com\/pt\/wp-json\/wp\/v2\/comments?post=926"}],"wp:featuredmedia":[{"embeddable":true,"href":"https:\/\/www.fenxifiber.com\/pt\/wp-json\/wp\/v2\/media\/927"}],"wp:attachment":[{"href":"https:\/\/www.fenxifiber.com\/pt\/wp-json\/wp\/v2\/media?parent=926"}],"wp:term":[{"taxonomy":"product_brand","embeddable":true,"href":"https:\/\/www.fenxifiber.com\/pt\/wp-json\/wp\/v2\/product_brand?post=926"},{"taxonomy":"product_cat","embeddable":true,"href":"https:\/\/www.fenxifiber.com\/pt\/wp-json\/wp\/v2\/product_cat?post=926"},{"taxonomy":"product_tag","embeddable":true,"href":"https:\/\/www.fenxifiber.com\/pt\/wp-json\/wp\/v2\/product_tag?post=926"}],"curies":[{"name":"wp","href":"https:\/\/api.w.org\/{rel}","templated":true}]}}