{"id":931,"date":"2026-02-04T03:27:48","date_gmt":"2026-02-04T03:27:48","guid":{"rendered":"https:\/\/www.fenxifiber.com\/?post_type=product&#038;p=931"},"modified":"2026-02-05T02:18:49","modified_gmt":"2026-02-05T02:18:49","slug":"fc-pc-2-0-3-0mm-ajustavel","status":"publish","type":"product","link":"https:\/\/www.fenxifiber.com\/pt\/product\/fc-pc-2-0-3-0mm-adjustable\/","title":{"rendered":"Conector de fibra \u00f3ptica ajust\u00e1vel FC PC 2,0\/3,0 mm"},"content":{"rendered":"<h3 data-start=\"782\" data-end=\"826\">Por que escolher um conector FC ajust\u00e1vel?<\/h3>\n<p data-start=\"828\" data-end=\"1011\">Em montagens de fibra de alta qualidade, at\u00e9 mesmo alguns m\u00edcrons de altura da fibra podem afetar a perda \u00f3ptica.<br data-start=\"921\" data-end=\"924\" \/>\u00c9 por isso que os conectores ajust\u00e1veis s\u00e3o preferidos em <strong data-start=\"974\" data-end=\"1010\">fabrica\u00e7\u00e3o profissional de cabos<\/strong>.<\/p>\n<p data-start=\"1013\" data-end=\"1059\">Com esse conector FC PC ajust\u00e1vel, voc\u00ea pode:<\/p>\n<ul data-start=\"1061\" data-end=\"1216\">\n<li data-start=\"1061\" data-end=\"1106\">\n<p data-start=\"1063\" data-end=\"1106\">Controle preciso da posi\u00e7\u00e3o da extremidade da fibra<\/p>\n<\/li>\n<li data-start=\"1107\" data-end=\"1143\">\n<p data-start=\"1109\" data-end=\"1143\">Obter melhores resultados de polimento<\/p>\n<\/li>\n<li data-start=\"1144\" data-end=\"1179\">\n<p data-start=\"1146\" data-end=\"1179\">Reduzir a varia\u00e7\u00e3o da perda de inser\u00e7\u00e3o<\/p>\n<\/li>\n<li data-start=\"1180\" data-end=\"1216\">\n<p data-start=\"1182\" data-end=\"1216\">Melhorar o rendimento na produ\u00e7\u00e3o em massa<\/p>\n<\/li>\n<\/ul>\n<p data-start=\"1218\" data-end=\"1378\">Isso \u00e9 especialmente valioso para empresas como <strong data-start=\"1265\" data-end=\"1321\">Tecnologia Optoeletr\u00f4nica Co. de Changzhou Fenxi, Ltd.<\/strong>, onde <strong data-start=\"1329\" data-end=\"1370\">qualidade est\u00e1vel e alto volume de produ\u00e7\u00e3o<\/strong> assunto.<\/p>\n<hr data-start=\"1380\" data-end=\"1383\" \/>\n<h3 data-start=\"1385\" data-end=\"1435\">Compat\u00edvel com cabos de fibra de 2,0 mm e 3,0 mm<\/h3>\n<div class=\"TyagGW_tableContainer\">\n<div class=\"group TyagGW_tableWrapper flex flex-col-reverse w-fit\" tabindex=\"-1\">\n<table class=\"w-fit min-w-(--thread-content-width)\" data-start=\"1437\" data-end=\"1600\">\n<thead data-start=\"1437\" data-end=\"1469\">\n<tr data-start=\"1437\" data-end=\"1469\">\n<th class=\"\" data-start=\"1437\" data-end=\"1454\" data-col-size=\"sm\">Di\u00e2metro do cabo<\/th>\n<th class=\"\" data-start=\"1454\" data-end=\"1469\" data-col-size=\"sm\">Uso t\u00edpico<\/th>\n<\/tr>\n<\/thead>\n<tbody data-start=\"1501\" data-end=\"1600\">\n<tr data-start=\"1501\" data-end=\"1551\">\n<td data-start=\"1501\" data-end=\"1513\" data-col-size=\"sm\"><strong data-start=\"1503\" data-end=\"1512\">2,0 mm<\/strong><\/td>\n<td data-col-size=\"sm\" data-start=\"1513\" data-end=\"1551\">Patch cords internos, jumpers de dispositivo<\/td>\n<\/tr>\n<tr data-start=\"1552\" data-end=\"1600\">\n<td data-start=\"1552\" data-end=\"1564\" data-col-size=\"sm\"><strong data-start=\"1554\" data-end=\"1563\">3,0 mm<\/strong><\/td>\n<td data-col-size=\"sm\" data-start=\"1564\" data-end=\"1600\">Patch cords de telecomunica\u00e7\u00f5es e backbone<\/td>\n<\/tr>\n<\/tbody>\n<\/table>\n<\/div>\n<\/div>\n<p data-start=\"1602\" data-end=\"1688\">Um design de conector suporta ambos os tamanhos, facilitando muito o estoque e a produ\u00e7\u00e3o.<\/p>\n<hr data-start=\"1690\" data-end=\"1693\" \/>\n<h3 data-start=\"1695\" data-end=\"1720\">Desempenho \u00f3ptico<\/h3>\n<div class=\"TyagGW_tableContainer\">\n<div class=\"group TyagGW_tableWrapper flex flex-col-reverse w-fit\" tabindex=\"-1\">\n<table class=\"w-fit min-w-(--thread-content-width)\" data-start=\"1722\" data-end=\"1993\">\n<thead data-start=\"1722\" data-end=\"1751\">\n<tr data-start=\"1722\" data-end=\"1751\">\n<th class=\"\" data-start=\"1722\" data-end=\"1734\" data-col-size=\"sm\">Par\u00e2metro<\/th>\n<th class=\"\" data-start=\"1734\" data-end=\"1751\" data-col-size=\"sm\">Valor t\u00edpico<\/th>\n<\/tr>\n<\/thead>\n<tbody data-start=\"1780\" data-end=\"1993\">\n<tr data-start=\"1780\" data-end=\"1819\">\n<td data-start=\"1780\" data-end=\"1793\" data-col-size=\"sm\">Tipo de fibra<\/td>\n<td data-start=\"1793\" data-end=\"1819\" data-col-size=\"sm\">Modo \u00fanico (9\/125 \u00b5m)<\/td>\n<\/tr>\n<tr data-start=\"1820\" data-end=\"1859\">\n<td data-start=\"1820\" data-end=\"1834\" data-col-size=\"sm\">Tipo de polon\u00eas<\/td>\n<td data-start=\"1834\" data-end=\"1859\" data-col-size=\"sm\">PC (contato f\u00edsico)<\/td>\n<\/tr>\n<tr data-start=\"1860\" data-end=\"1890\">\n<td data-start=\"1860\" data-end=\"1877\" data-col-size=\"sm\">Perda de inser\u00e7\u00e3o<\/td>\n<td data-col-size=\"sm\" data-start=\"1877\" data-end=\"1890\">\u2264 0,30 dB<\/td>\n<\/tr>\n<tr data-start=\"1891\" data-end=\"1916\">\n<td data-start=\"1891\" data-end=\"1905\" data-col-size=\"sm\">Perda de retorno<\/td>\n<td data-col-size=\"sm\" data-start=\"1905\" data-end=\"1916\">\u2265 45 dB<\/td>\n<\/tr>\n<tr data-start=\"1917\" data-end=\"1961\">\n<td data-start=\"1917\" data-end=\"1940\" data-col-size=\"sm\">Comprimento de onda operacional<\/td>\n<td data-start=\"1940\" data-end=\"1961\" data-col-size=\"sm\">1310 nm \/ 1550 nm<\/td>\n<\/tr>\n<tr data-start=\"1962\" data-end=\"1993\">\n<td data-start=\"1962\" data-end=\"1976\" data-col-size=\"sm\">Vida de acasalamento<\/td>\n<td data-start=\"1976\" data-end=\"1993\" data-col-size=\"sm\">\u2265 1000 ciclos<\/td>\n<\/tr>\n<\/tbody>\n<\/table>\n<\/div>\n<\/div>\n<p data-start=\"1995\" data-end=\"2082\">Esses valores atendem aos requisitos de <strong data-start=\"2033\" data-end=\"2081\">redes de fibra para telecomunica\u00e7\u00f5es, FTTH e empresas<\/strong>.<\/p>\n<hr data-start=\"2084\" data-end=\"2087\" \/>\n<h3 data-start=\"2089\" data-end=\"2128\">Projeto mec\u00e2nico e ambiental<\/h3>\n<div class=\"TyagGW_tableContainer\">\n<div class=\"group TyagGW_tableWrapper flex flex-col-reverse w-fit\" tabindex=\"-1\">\n<table class=\"w-fit min-w-(--thread-content-width)\" data-start=\"2130\" data-end=\"2450\">\n<thead data-start=\"2130\" data-end=\"2154\">\n<tr data-start=\"2130\" data-end=\"2154\">\n<th class=\"\" data-start=\"2130\" data-end=\"2137\" data-col-size=\"sm\">Item<\/th>\n<th class=\"\" data-start=\"2137\" data-end=\"2154\" data-col-size=\"sm\">Especifica\u00e7\u00e3o<\/th>\n<\/tr>\n<\/thead>\n<tbody data-start=\"2180\" data-end=\"2450\">\n<tr data-start=\"2180\" data-end=\"2217\">\n<td data-start=\"2180\" data-end=\"2197\" data-col-size=\"sm\">Tipo de conector<\/td>\n<td data-start=\"2197\" data-end=\"2217\" data-col-size=\"sm\">FC PC Ajust\u00e1vel<\/td>\n<\/tr>\n<tr data-start=\"2218\" data-end=\"2248\">\n<td data-start=\"2218\" data-end=\"2231\" data-col-size=\"sm\">Tamanho do cabo<\/td>\n<td data-start=\"2231\" data-end=\"2248\" data-col-size=\"sm\">2,0 mm \/ 3,0 mm<\/td>\n<\/tr>\n<tr data-start=\"2249\" data-end=\"2288\">\n<td data-start=\"2249\" data-end=\"2268\" data-col-size=\"sm\">Material do ferrolho<\/td>\n<td data-start=\"2268\" data-end=\"2288\" data-col-size=\"sm\">Cer\u00e2mica de zirc\u00f4nia<\/td>\n<\/tr>\n<tr data-start=\"2289\" data-end=\"2329\">\n<td data-start=\"2289\" data-end=\"2305\" data-col-size=\"sm\">Tipo de acoplamento<\/td>\n<td data-start=\"2305\" data-end=\"2329\" data-col-size=\"sm\">Parafuso de metal com rosca<\/td>\n<\/tr>\n<tr data-start=\"2330\" data-end=\"2376\">\n<td data-start=\"2330\" data-end=\"2348\" data-col-size=\"sm\">Tipo de ajuste<\/td>\n<td data-start=\"2348\" data-end=\"2376\" data-col-size=\"sm\">Ajuste da virola axial<\/td>\n<\/tr>\n<tr data-start=\"2377\" data-end=\"2419\">\n<td data-start=\"2377\" data-end=\"2401\" data-col-size=\"sm\">Temperatura operacional<\/td>\n<td data-start=\"2401\" data-end=\"2419\" data-col-size=\"sm\">-40\u00b0C a +75\u00b0C<\/td>\n<\/tr>\n<tr data-start=\"2420\" data-end=\"2450\">\n<td data-start=\"2420\" data-end=\"2439\" data-col-size=\"sm\">Resist\u00eancia \u00e0 tra\u00e7\u00e3o<\/td>\n<td data-start=\"2439\" data-end=\"2450\" data-col-size=\"sm\">\u2265 200 N<\/td>\n<\/tr>\n<\/tbody>\n<\/table>\n<\/div>\n<\/div>\n<p data-start=\"2452\" data-end=\"2609\">O <strong data-start=\"2456\" data-end=\"2480\">acoplamento FC rosqueado<\/strong> garante excelente resist\u00eancia \u00e0 vibra\u00e7\u00e3o, tornando esse conector adequado para <strong data-start=\"2559\" data-end=\"2608\">racks, gabinetes e locais de telecomunica\u00e7\u00f5es industriais<\/strong>.<\/p>\n<hr data-start=\"2611\" data-end=\"2614\" \/>\n<h3 data-start=\"2616\" data-end=\"2642\">Aplica\u00e7\u00f5es t\u00edpicas<\/h3>\n<p data-start=\"2644\" data-end=\"2677\">Esse conector \u00e9 amplamente utilizado em:<\/p>\n<ul data-start=\"2679\" data-end=\"2886\">\n<li data-start=\"2679\" data-end=\"2712\">\n<p data-start=\"2681\" data-end=\"2712\">Redes de telecomunica\u00e7\u00f5es e backbone<\/p>\n<\/li>\n<li data-start=\"2713\" data-end=\"2739\">\n<p data-start=\"2715\" data-end=\"2739\">Implanta\u00e7\u00f5es de FTTH e PON<\/p>\n<\/li>\n<li data-start=\"2740\" data-end=\"2774\">\n<p data-start=\"2742\" data-end=\"2774\">Patch cords e pigtails de fibra<\/p>\n<\/li>\n<li data-start=\"2775\" data-end=\"2812\">\n<p data-start=\"2777\" data-end=\"2812\">Quadros de distribui\u00e7\u00e3o \u00f3ptica (ODF)<\/p>\n<\/li>\n<li data-start=\"2813\" data-end=\"2843\">\n<p data-start=\"2815\" data-end=\"2843\">Sistemas de CATV e banda larga<\/p>\n<\/li>\n<li data-start=\"2844\" data-end=\"2886\">\n<p data-start=\"2846\" data-end=\"2886\">Equipamentos \u00f3pticos de teste e medi\u00e7\u00e3o<\/p>\n<\/li>\n<\/ul>\n<hr data-start=\"2888\" data-end=\"2891\" \/>\n<h2 data-start=\"2893\" data-end=\"2914\">Perguntas e respostas profissionais<\/h2>\n<p data-start=\"2916\" data-end=\"3149\"><strong data-start=\"2916\" data-end=\"2974\">Q1: Qual \u00e9 a vantagem da estrutura ajust\u00e1vel?<\/strong><br data-start=\"2974\" data-end=\"2977\" \/>Ele permite que a posi\u00e7\u00e3o da ponteira seja ajustada com precis\u00e3o durante o polimento e a montagem, proporcionando <strong data-start=\"3063\" data-end=\"3108\">melhor controle da geometria da extremidade da fibra<\/strong> e <strong data-start=\"3113\" data-end=\"3148\">desempenho \u00f3ptico mais est\u00e1vel<\/strong>.<\/p>\n<hr data-start=\"3151\" data-end=\"3154\" \/>\n<p data-start=\"3156\" data-end=\"3363\"><strong data-start=\"3156\" data-end=\"3199\">P2: O FC PC \u00e9 adequado para sistemas FTTH?<\/strong><br data-start=\"3199\" data-end=\"3202\" \/>Sim. Os conectores FC PC s\u00e3o amplamente usados em <strong data-start=\"3243\" data-end=\"3285\">FTTH, telecomunica\u00e7\u00f5es e redes corporativas<\/strong> onde <strong data-start=\"3292\" data-end=\"3349\">baixa perda de inser\u00e7\u00e3o e conex\u00e3o mec\u00e2nica confi\u00e1vel<\/strong> s\u00e3o necess\u00e1rios.<\/p>\n<hr data-start=\"3365\" data-end=\"3368\" \/>\n<p data-start=\"3370\" data-end=\"3550\"><strong data-start=\"3370\" data-end=\"3406\">P3: O FC PC pode se conectar ao FC APC?<\/strong><br data-start=\"3406\" data-end=\"3409\" \/>N\u00e3o. O PC e o APC t\u00eam geometria de face final diferente. Eles devem <strong data-start=\"3470\" data-end=\"3497\">nunca ser\u00e3o acasalados juntos<\/strong>, pois isso causa alta perda e pode danificar as ponteiras.<\/p>","protected":false},"excerpt":{"rendered":"<h3 data-start=\"147\" data-end=\"203\">Um conector projetado para precis\u00e3o e flexibilidade<\/h3>\n<p data-start=\"205\" data-end=\"426\">O <strong data-start=\"209\" data-end=\"261\">Conector de fibra \u00f3ptica ajust\u00e1vel FC PC 2,0\/3,0 mm<\/strong> foi desenvolvido para fabricantes e instaladores de rede que precisam de <strong data-start=\"321\" data-end=\"383\">alinhamento preciso da fibra e desempenho \u00f3ptico consistente<\/strong> ao terminar cabos de fibra de modo \u00fanico.<\/p>\n<p data-start=\"428\" data-end=\"775\">Ele suporta tanto <strong data-start=\"445\" data-end=\"480\">Fibras encamisadas de 2,0 mm e 3,0 mm<\/strong>, o que o torna ideal para <strong data-start=\"502\" data-end=\"562\">patch cords de telecomunica\u00e7\u00f5es, pigtails e conjuntos de cabos FTTH<\/strong>. O <strong data-start=\"568\" data-end=\"623\">Virola de cer\u00e2mica polida plana PC (Physical Contact)<\/strong> garante baixa perda de inser\u00e7\u00e3o, enquanto o <strong data-start=\"662\" data-end=\"694\">estrutura de virola ajust\u00e1vel<\/strong> permite o controle preciso da protrus\u00e3o da fibra e da geometria da extremidade durante a produ\u00e7\u00e3o.<\/p>","protected":false},"featured_media":932,"comment_status":"open","ping_status":"closed","template":"","meta":[],"product_brand":[],"product_cat":[34],"product_tag":[],"class_list":{"0":"post-931","1":"product","2":"type-product","3":"status-publish","4":"has-post-thumbnail","6":"product_cat-fc-connector","8":"first","9":"instock","10":"shipping-taxable","11":"product-type-simple"},"_links":{"self":[{"href":"https:\/\/www.fenxifiber.com\/pt\/wp-json\/wp\/v2\/product\/931","targetHints":{"allow":["GET"]}}],"collection":[{"href":"https:\/\/www.fenxifiber.com\/pt\/wp-json\/wp\/v2\/product"}],"about":[{"href":"https:\/\/www.fenxifiber.com\/pt\/wp-json\/wp\/v2\/types\/product"}],"replies":[{"embeddable":true,"href":"https:\/\/www.fenxifiber.com\/pt\/wp-json\/wp\/v2\/comments?post=931"}],"wp:featuredmedia":[{"embeddable":true,"href":"https:\/\/www.fenxifiber.com\/pt\/wp-json\/wp\/v2\/media\/932"}],"wp:attachment":[{"href":"https:\/\/www.fenxifiber.com\/pt\/wp-json\/wp\/v2\/media?parent=931"}],"wp:term":[{"taxonomy":"product_brand","embeddable":true,"href":"https:\/\/www.fenxifiber.com\/pt\/wp-json\/wp\/v2\/product_brand?post=931"},{"taxonomy":"product_cat","embeddable":true,"href":"https:\/\/www.fenxifiber.com\/pt\/wp-json\/wp\/v2\/product_cat?post=931"},{"taxonomy":"product_tag","embeddable":true,"href":"https:\/\/www.fenxifiber.com\/pt\/wp-json\/wp\/v2\/product_tag?post=931"}],"curies":[{"name":"wp","href":"https:\/\/api.w.org\/{rel}","templated":true}]}}