{"id":933,"date":"2026-02-04T03:28:48","date_gmt":"2026-02-04T03:28:48","guid":{"rendered":"https:\/\/www.fenxifiber.com\/?post_type=product&#038;p=933"},"modified":"2026-02-05T02:19:46","modified_gmt":"2026-02-05T02:19:46","slug":"componentes-a-granel-do-cabo-drop-fc-pc-2-0-3-0mm","status":"publish","type":"product","link":"https:\/\/www.fenxifiber.com\/pt\/product\/fc-pc-2-0-3-0mm-drop-cable-bulk-components\/","title":{"rendered":"Componentes a granel do cabo de queda FC PC 2.0\/3.0 mm"},"content":{"rendered":"<h3 data-start=\"765\" data-end=\"823\">Por que os \u201ccomponentes em massa\u201d s\u00e3o importantes nas f\u00e1bricas de cabos drop<\/h3>\n<p data-start=\"825\" data-end=\"996\">Nas linhas de produ\u00e7\u00e3o de FTTH, o conector em si \u00e9 apenas a metade da hist\u00f3ria.<br data-start=\"895\" data-end=\"898\" \/>O que realmente determina o rendimento, a velocidade e o desempenho de longo prazo \u00e9 o <strong data-start=\"968\" data-end=\"995\">componente definido atr\u00e1s dele<\/strong>.<\/p>\n<p data-start=\"998\" data-end=\"1052\">Esses componentes FC PC a granel s\u00e3o projetados para oferecer:<\/p>\n<ul data-start=\"1054\" data-end=\"1256\">\n<li data-start=\"1054\" data-end=\"1099\">\n<p data-start=\"1056\" data-end=\"1099\">Posicionamento est\u00e1vel da fibra durante o polimento<\/p>\n<\/li>\n<li data-start=\"1100\" data-end=\"1157\">\n<p data-start=\"1102\" data-end=\"1157\">Al\u00edvio de tens\u00e3o confi\u00e1vel em cabos de 2,0 mm e 3,0 mm<\/p>\n<\/li>\n<li data-start=\"1158\" data-end=\"1208\">\n<p data-start=\"1160\" data-end=\"1208\">Ajuste mec\u00e2nico consistente em grandes lotes<\/p>\n<\/li>\n<li data-start=\"1209\" data-end=\"1256\">\n<p data-start=\"1211\" data-end=\"1256\">Montagem automatizada ou semiautomatizada sem problemas<\/p>\n<\/li>\n<\/ul>\n<p data-start=\"1258\" data-end=\"1382\">\u00c9 por isso que eles s\u00e3o amplamente utilizados por fabricantes profissionais como <strong data-start=\"1326\" data-end=\"1382\">Tecnologia Optoeletr\u00f4nica Co. de Changzhou Fenxi, Ltd.<\/strong><\/p>\n<hr data-start=\"1384\" data-end=\"1387\" \/>\n<h3 data-start=\"1389\" data-end=\"1438\">Projetado para cabos drop FTTH de 2,0 mm e 3,0 mm<\/h3>\n<div class=\"TyagGW_tableContainer\">\n<div class=\"group TyagGW_tableWrapper flex flex-col-reverse w-fit\" tabindex=\"-1\">\n<table class=\"w-fit min-w-(--thread-content-width)\" data-start=\"1440\" data-end=\"1637\">\n<thead data-start=\"1440\" data-end=\"1468\">\n<tr data-start=\"1440\" data-end=\"1468\">\n<th class=\"\" data-start=\"1440\" data-end=\"1453\" data-col-size=\"sm\">Tipo de cabo<\/th>\n<th class=\"\" data-start=\"1453\" data-end=\"1468\" data-col-size=\"md\">Uso t\u00edpico<\/th>\n<\/tr>\n<\/thead>\n<tbody data-start=\"1498\" data-end=\"1637\">\n<tr data-start=\"1498\" data-end=\"1563\">\n<td data-start=\"1498\" data-end=\"1521\" data-col-size=\"sm\"><strong data-start=\"1500\" data-end=\"1520\">Cabo de queda de 2,0 mm<\/strong><\/td>\n<td data-col-size=\"md\" data-start=\"1521\" data-end=\"1563\">FTTH interno, tomadas de parede, jumpers ONT<\/td>\n<\/tr>\n<tr data-start=\"1564\" data-end=\"1637\">\n<td data-start=\"1564\" data-end=\"1587\" data-col-size=\"sm\"><strong data-start=\"1566\" data-end=\"1586\">Cabo de queda de 3,0 mm<\/strong><\/td>\n<td data-start=\"1587\" data-end=\"1637\" data-col-size=\"md\">FTTH externo, entrada do edif\u00edcio, backbone at\u00e9 a resid\u00eancia<\/td>\n<\/tr>\n<\/tbody>\n<\/table>\n<\/div>\n<\/div>\n<p data-start=\"1639\" data-end=\"1749\">O mesmo sistema de componentes suporta ambos, reduzindo <strong data-start=\"1689\" data-end=\"1748\">mudan\u00e7as de ferramentas, complexidade de estoque e custo de produ\u00e7\u00e3o<\/strong>.<\/p>\n<hr data-start=\"1751\" data-end=\"1754\" \/>\n<h3 data-start=\"1756\" data-end=\"1797\">Objetivos de design \u00f3ptico e mec\u00e2nico<\/h3>\n<div class=\"TyagGW_tableContainer\">\n<div class=\"group TyagGW_tableWrapper flex flex-col-reverse w-fit\" tabindex=\"-1\">\n<table class=\"w-fit min-w-(--thread-content-width)\" data-start=\"1799\" data-end=\"2061\">\n<thead data-start=\"1799\" data-end=\"1833\">\n<tr data-start=\"1799\" data-end=\"1833\">\n<th class=\"\" data-start=\"1799\" data-end=\"1811\" data-col-size=\"sm\">Par\u00e2metro<\/th>\n<th class=\"\" data-start=\"1811\" data-end=\"1833\" data-col-size=\"sm\">Desempenho da meta<\/th>\n<\/tr>\n<\/thead>\n<tbody data-start=\"1865\" data-end=\"2061\">\n<tr data-start=\"1865\" data-end=\"1891\">\n<td data-start=\"1865\" data-end=\"1882\" data-col-size=\"sm\">Tipo de conector<\/td>\n<td data-start=\"1882\" data-end=\"1891\" data-col-size=\"sm\">FC PC<\/td>\n<\/tr>\n<tr data-start=\"1892\" data-end=\"1929\">\n<td data-start=\"1892\" data-end=\"1905\" data-col-size=\"sm\">Modo de fibra<\/td>\n<td data-start=\"1905\" data-end=\"1929\" data-col-size=\"sm\">Modo \u00fanico 9\/125 \u00b5m<\/td>\n<\/tr>\n<tr data-start=\"1930\" data-end=\"1960\">\n<td data-start=\"1930\" data-end=\"1947\" data-col-size=\"sm\">Perda de inser\u00e7\u00e3o<\/td>\n<td data-start=\"1947\" data-end=\"1960\" data-col-size=\"sm\">\u2264 0,30 dB<\/td>\n<\/tr>\n<tr data-start=\"1961\" data-end=\"1986\">\n<td data-start=\"1961\" data-end=\"1975\" data-col-size=\"sm\">Perda de retorno<\/td>\n<td data-start=\"1975\" data-end=\"1986\" data-col-size=\"sm\">\u2265 45 dB<\/td>\n<\/tr>\n<tr data-start=\"1987\" data-end=\"2017\">\n<td data-start=\"1987\" data-end=\"1997\" data-col-size=\"sm\">Ponteira<\/td>\n<td data-start=\"1997\" data-end=\"2017\" data-col-size=\"sm\">Cer\u00e2mica de zirc\u00f4nia<\/td>\n<\/tr>\n<tr data-start=\"2018\" data-end=\"2061\">\n<td data-start=\"2018\" data-end=\"2031\" data-col-size=\"sm\">Cabo de a\u00e7o<\/td>\n<td data-start=\"2031\" data-end=\"2061\" data-col-size=\"sm\">Crimpagem de alta resist\u00eancia + bota<\/td>\n<\/tr>\n<\/tbody>\n<\/table>\n<\/div>\n<\/div>\n<p data-start=\"2063\" data-end=\"2203\">Esses componentes s\u00e3o projetados para atender <strong data-start=\"2101\" data-end=\"2133\">padr\u00f5es FTTH de n\u00edvel de telecomunica\u00e7\u00e3o<\/strong>, garantindo um desempenho est\u00e1vel desde a f\u00e1brica at\u00e9 a casa do cliente.<\/p>\n<hr data-start=\"2205\" data-end=\"2208\" \/>\n<h3 data-start=\"2210\" data-end=\"2249\">O que est\u00e1 inclu\u00eddo no bulk set?<\/h3>\n<div class=\"TyagGW_tableContainer\">\n<div class=\"group TyagGW_tableWrapper flex flex-col-reverse w-fit\" tabindex=\"-1\">\n<table class=\"w-fit min-w-(--thread-content-width)\" data-start=\"2251\" data-end=\"2584\">\n<thead data-start=\"2251\" data-end=\"2275\">\n<tr data-start=\"2251\" data-end=\"2275\">\n<th class=\"\" data-start=\"2251\" data-end=\"2263\" data-col-size=\"sm\">Componente<\/th>\n<th class=\"\" data-start=\"2263\" data-end=\"2275\" data-col-size=\"sm\">Fun\u00e7\u00e3o<\/th>\n<\/tr>\n<\/thead>\n<tbody data-start=\"2300\" data-end=\"2584\">\n<tr data-start=\"2300\" data-end=\"2350\">\n<td data-start=\"2300\" data-end=\"2316\" data-col-size=\"sm\">Corpo met\u00e1lico FC<\/td>\n<td data-col-size=\"sm\" data-start=\"2316\" data-end=\"2350\">Fornece interface FC com rosca<\/td>\n<\/tr>\n<tr data-start=\"2351\" data-end=\"2408\">\n<td data-start=\"2351\" data-end=\"2369\" data-col-size=\"sm\">Virola de cer\u00e2mica<\/td>\n<td data-col-size=\"sm\" data-start=\"2369\" data-end=\"2408\">Alinhamento da fibra e contato \u00f3ptico<\/td>\n<\/tr>\n<tr data-start=\"2409\" data-end=\"2466\">\n<td data-start=\"2409\" data-end=\"2424\" data-col-size=\"sm\">Luva de crimpagem<\/td>\n<td data-col-size=\"sm\" data-start=\"2424\" data-end=\"2466\">Trava a capa do cabo e o membro de resist\u00eancia<\/td>\n<\/tr>\n<tr data-start=\"2467\" data-end=\"2526\">\n<td data-start=\"2467\" data-end=\"2486\" data-col-size=\"sm\">Bota (2,0\/3,0 mm)<\/td>\n<td data-col-size=\"sm\" data-start=\"2486\" data-end=\"2526\">Al\u00edvio de tens\u00e3o e prote\u00e7\u00e3o contra flex\u00e3o<\/td>\n<\/tr>\n<tr data-start=\"2527\" data-end=\"2584\">\n<td data-start=\"2527\" data-end=\"2545\" data-col-size=\"sm\">Suporte interno<\/td>\n<td data-col-size=\"sm\" data-start=\"2545\" data-end=\"2584\">Controla a posi\u00e7\u00e3o da fibra e do ferrolho<\/td>\n<\/tr>\n<\/tbody>\n<\/table>\n<\/div>\n<\/div>\n<p data-start=\"2586\" data-end=\"2670\">Juntos, eles formam um <strong data-start=\"2608\" data-end=\"2645\">Sistema completo de termina\u00e7\u00e3o de PC FC<\/strong> para a montagem do cabo de descida.<\/p>\n<hr data-start=\"2672\" data-end=\"2675\" \/>\n<h3 data-start=\"2677\" data-end=\"2714\">Onde esses componentes s\u00e3o usados<\/h3>\n<p data-start=\"2716\" data-end=\"2755\">Essas pe\u00e7as a granel s\u00e3o amplamente aplicadas em:<\/p>\n<ul data-start=\"2757\" data-end=\"2935\">\n<li data-start=\"2757\" data-end=\"2786\">\n<p data-start=\"2759\" data-end=\"2786\">F\u00e1bricas de cabos drop FTTH<\/p>\n<\/li>\n<li data-start=\"2787\" data-end=\"2824\">\n<p data-start=\"2789\" data-end=\"2824\">Linhas de produ\u00e7\u00e3o de cabos de conex\u00e3o de fibra<\/p>\n<\/li>\n<li data-start=\"2825\" data-end=\"2861\">\n<p data-start=\"2827\" data-end=\"2861\">Cabos pr\u00e9-conectorizados para telecomunica\u00e7\u00f5es<\/p>\n<\/li>\n<li data-start=\"2862\" data-end=\"2894\">\n<p data-start=\"2864\" data-end=\"2894\">Conjunto de jumper de fibra interna<\/p>\n<\/li>\n<li data-start=\"2895\" data-end=\"2935\">\n<p data-start=\"2897\" data-end=\"2935\">PON e sistemas de cabos de rede de acesso<\/p>\n<\/li>\n<\/ul>\n<p data-start=\"2937\" data-end=\"3029\">Eles s\u00e3o ideais para qualquer empresa que precise de <strong data-start=\"2979\" data-end=\"3028\">cabos FC PC drop de alto volume e qualidade est\u00e1vel<\/strong>.<\/p>\n<hr data-start=\"3031\" data-end=\"3034\" \/>\n<h2 data-start=\"3036\" data-end=\"3057\">Perguntas e respostas profissionais<\/h2>\n<p data-start=\"3059\" data-end=\"3241\"><strong data-start=\"3059\" data-end=\"3128\">Q1: Esses componentes s\u00e3o para conectores acabados ou para montagem?<\/strong><br data-start=\"3128\" data-end=\"3131\" \/>S\u00e3o elas <strong data-start=\"3140\" data-end=\"3167\">pe\u00e7as a granel para montagem<\/strong>. Eles s\u00e3o usados pelas f\u00e1bricas para construir <strong data-start=\"3205\" data-end=\"3240\">Conectores FC PC em cabos drop<\/strong>.<\/p>\n<hr data-start=\"3243\" data-end=\"3246\" \/>\n<p data-start=\"3248\" data-end=\"3405\"><strong data-start=\"3248\" data-end=\"3306\">P2: Eles podem ser usados com cabos de 2,0 mm e 3,0 mm?<\/strong><br data-start=\"3306\" data-end=\"3309\" \/>Sim. A bota e as pe\u00e7as de crimpagem s\u00e3o projetadas para suportar <strong data-start=\"3363\" data-end=\"3404\">cabos de queda FTTH de 2,0 mm e 3,0 mm<\/strong>.<\/p>\n<hr data-start=\"3407\" data-end=\"3410\" \/>\n<p data-start=\"3412\" data-end=\"3633\"><strong data-start=\"3412\" data-end=\"3470\">Q3: Eles s\u00e3o adequados para linhas de produ\u00e7\u00e3o automatizadas?<\/strong><br data-start=\"3470\" data-end=\"3473\" \/>Sim. Os componentes s\u00e3o projetados com <strong data-start=\"3511\" data-end=\"3536\">toler\u00e2ncias consistentes<\/strong>, tornando-os compat\u00edveis com <strong data-start=\"3566\" data-end=\"3632\">Equipamento de termina\u00e7\u00e3o de fibra semiautom\u00e1tico e totalmente autom\u00e1tico<\/strong>.<\/p>","protected":false},"excerpt":{"rendered":"<h3 data-start=\"135\" data-end=\"177\">Criado para a produ\u00e7\u00e3o de cabos drop FTTH<\/h3>\n<p data-start=\"179\" data-end=\"394\">O <strong data-start=\"183\" data-end=\"229\">Componentes a granel do cabo de queda FC PC 2.0\/3.0 mm<\/strong> n\u00e3o s\u00e3o conectores simples - eles s\u00e3o <strong data-start=\"267\" data-end=\"305\">pe\u00e7as de termina\u00e7\u00e3o de n\u00edvel industrial<\/strong> projetado especificamente para <strong data-start=\"332\" data-end=\"393\">produ\u00e7\u00e3o em massa de cabos drop FTTH e patch cords de fibra<\/strong>.<\/p>\n<p data-start=\"396\" data-end=\"758\">Em vez de se concentrar em um \u00fanico conector, este produto \u00e9 um <strong data-start=\"459\" data-end=\"492\">solu\u00e7\u00e3o completa de termina\u00e7\u00e3o<\/strong> para montagens de cabos drop FC PC, abrangendo <strong data-start=\"535\" data-end=\"609\">virolas, corpos, botas, pe\u00e7as de crimpagem e estruturas de alinhamento interno<\/strong>. Ele permite que os fabricantes criem <strong data-start=\"644\" data-end=\"677\">Extremidades de fibra FC PC de alta qualidade<\/strong> em cabos drop de 2,0 mm e 3,0 mm com <strong data-start=\"714\" data-end=\"757\">alta consist\u00eancia e baixa taxa de rejei\u00e7\u00e3o<\/strong>.<\/p>","protected":false},"featured_media":934,"comment_status":"open","ping_status":"closed","template":"","meta":[],"product_brand":[],"product_cat":[34],"product_tag":[],"class_list":{"0":"post-933","1":"product","2":"type-product","3":"status-publish","4":"has-post-thumbnail","6":"product_cat-fc-connector","8":"first","9":"instock","10":"shipping-taxable","11":"product-type-simple"},"_links":{"self":[{"href":"https:\/\/www.fenxifiber.com\/pt\/wp-json\/wp\/v2\/product\/933","targetHints":{"allow":["GET"]}}],"collection":[{"href":"https:\/\/www.fenxifiber.com\/pt\/wp-json\/wp\/v2\/product"}],"about":[{"href":"https:\/\/www.fenxifiber.com\/pt\/wp-json\/wp\/v2\/types\/product"}],"replies":[{"embeddable":true,"href":"https:\/\/www.fenxifiber.com\/pt\/wp-json\/wp\/v2\/comments?post=933"}],"wp:featuredmedia":[{"embeddable":true,"href":"https:\/\/www.fenxifiber.com\/pt\/wp-json\/wp\/v2\/media\/934"}],"wp:attachment":[{"href":"https:\/\/www.fenxifiber.com\/pt\/wp-json\/wp\/v2\/media?parent=933"}],"wp:term":[{"taxonomy":"product_brand","embeddable":true,"href":"https:\/\/www.fenxifiber.com\/pt\/wp-json\/wp\/v2\/product_brand?post=933"},{"taxonomy":"product_cat","embeddable":true,"href":"https:\/\/www.fenxifiber.com\/pt\/wp-json\/wp\/v2\/product_cat?post=933"},{"taxonomy":"product_tag","embeddable":true,"href":"https:\/\/www.fenxifiber.com\/pt\/wp-json\/wp\/v2\/product_tag?post=933"}],"curies":[{"name":"wp","href":"https:\/\/api.w.org\/{rel}","templated":true}]}}