{"id":935,"date":"2026-02-04T03:29:50","date_gmt":"2026-02-04T03:29:50","guid":{"rendered":"https:\/\/www.fenxifiber.com\/?post_type=product&#038;p=935"},"modified":"2026-02-05T02:20:37","modified_gmt":"2026-02-05T02:20:37","slug":"ponteira-1-0x1-4mm","status":"publish","type":"product","link":"https:\/\/www.fenxifiber.com\/pt\/product\/ferrule-1-0x1-4mm\/","title":{"rendered":"Ponteira de cer\u00e2mica de 1,0\u00d71,4 mm para conectores de fibra \u00f3ptica"},"content":{"rendered":"<h3 data-start=\"737\" data-end=\"767\">Por que 1,0 \u00d7 1,4 mm \u00e9 importante<\/h3>\n<p data-start=\"769\" data-end=\"947\">O <strong data-start=\"773\" data-end=\"794\">Furo interno de 1,0 mm<\/strong> foi projetado para <strong data-start=\"811\" data-end=\"836\">Fibra com revestimento de 125 \u03bcm<\/strong>, enquanto o <strong data-start=\"848\" data-end=\"873\">Di\u00e2metro externo de 1,4 mm<\/strong> garante a compatibilidade com luvas de ponteira e corpos de conectores padr\u00e3o.<\/p>\n<p data-start=\"949\" data-end=\"972\">Essa geometria fornece:<\/p>\n<ul data-start=\"974\" data-end=\"1111\">\n<li data-start=\"974\" data-end=\"1000\">\n<p data-start=\"976\" data-end=\"1000\">Centraliza\u00e7\u00e3o est\u00e1vel da fibra<\/p>\n<\/li>\n<li data-start=\"1001\" data-end=\"1021\">\n<p data-start=\"1003\" data-end=\"1021\">Baixa excentricidade<\/p>\n<\/li>\n<li data-start=\"1022\" data-end=\"1056\">\n<p data-start=\"1024\" data-end=\"1056\">Excelente repetibilidade de acoplamento<\/p>\n<\/li>\n<li data-start=\"1057\" data-end=\"1111\">\n<p data-start=\"1059\" data-end=\"1111\">Compatibilidade com a maioria das carca\u00e7as de conectores de telecomunica\u00e7\u00f5es<\/p>\n<\/li>\n<\/ul>\n<p data-start=\"1113\" data-end=\"1214\">\u00c9 por isso que esse formato de virola se tornou um <strong data-start=\"1164\" data-end=\"1213\">padr\u00e3o do setor para conectores de fibra \u00fanica<\/strong>.<\/p>\n<hr data-start=\"1216\" data-end=\"1219\" \/>\n<h3 data-start=\"1221\" data-end=\"1249\">Design dimensional chave<\/h3>\n<div class=\"TyagGW_tableContainer\">\n<div class=\"group TyagGW_tableWrapper flex flex-col-reverse w-fit\" tabindex=\"-1\">\n<table class=\"w-fit min-w-(--thread-content-width)\" data-start=\"1251\" data-end=\"1536\">\n<thead data-start=\"1251\" data-end=\"1275\">\n<tr data-start=\"1251\" data-end=\"1275\">\n<th class=\"\" data-start=\"1251\" data-end=\"1263\" data-col-size=\"sm\">Dimens\u00e3o<\/th>\n<th class=\"\" data-start=\"1263\" data-end=\"1275\" data-col-size=\"sm\">Fun\u00e7\u00e3o<\/th>\n<\/tr>\n<\/thead>\n<tbody data-start=\"1300\" data-end=\"1536\">\n<tr data-start=\"1300\" data-end=\"1347\">\n<td data-start=\"1300\" data-end=\"1318\" data-col-size=\"sm\"><strong data-start=\"1302\" data-end=\"1317\">Furo de 1,0 mm<\/strong><\/td>\n<td data-col-size=\"sm\" data-start=\"1318\" data-end=\"1347\">Mant\u00e9m a fibra e o ep\u00f3xi<\/td>\n<\/tr>\n<tr data-start=\"1348\" data-end=\"1405\">\n<td data-start=\"1348\" data-end=\"1364\" data-col-size=\"sm\"><strong data-start=\"1350\" data-end=\"1363\">1,4 mm de di\u00e2metro externo<\/strong><\/td>\n<td data-col-size=\"sm\" data-start=\"1364\" data-end=\"1405\">Encaixa-se em compartimentos de conectores padr\u00e3o<\/td>\n<\/tr>\n<tr data-start=\"1406\" data-end=\"1470\">\n<td data-start=\"1406\" data-end=\"1427\" data-col-size=\"sm\"><strong data-start=\"1408\" data-end=\"1426\">Comprimento do ferrolho<\/strong><\/td>\n<td data-start=\"1427\" data-end=\"1470\" data-col-size=\"sm\">Controla o polimento e a protrus\u00e3o da fibra<\/td>\n<\/tr>\n<tr data-start=\"1471\" data-end=\"1536\">\n<td data-start=\"1471\" data-end=\"1495\" data-col-size=\"sm\"><strong data-start=\"1473\" data-end=\"1494\">Geometria da face final<\/strong><\/td>\n<td data-start=\"1495\" data-end=\"1536\" data-col-size=\"sm\">Determina o desempenho do PC \/ UPC \/ APC<\/td>\n<\/tr>\n<\/tbody>\n<\/table>\n<\/div>\n<\/div>\n<p data-start=\"1538\" data-end=\"1654\">Essa estrutura permite que o ferrolho suporte <strong data-start=\"1583\" data-end=\"1619\">Tipos de polimento PC, UPC e APC<\/strong> dependendo do design do conector.<\/p>\n<hr data-start=\"1656\" data-end=\"1659\" \/>\n<h3 data-start=\"1661\" data-end=\"1709\">Metas de desempenho \u00f3ptico e mec\u00e2nico<\/h3>\n<div class=\"TyagGW_tableContainer\">\n<div class=\"group TyagGW_tableWrapper flex flex-col-reverse w-fit\" tabindex=\"-1\">\n<table class=\"w-fit min-w-(--thread-content-width)\" data-start=\"1711\" data-end=\"1954\">\n<thead data-start=\"1711\" data-end=\"1740\">\n<tr data-start=\"1711\" data-end=\"1740\">\n<th class=\"\" data-start=\"1711\" data-end=\"1723\" data-col-size=\"sm\">Par\u00e2metro<\/th>\n<th class=\"\" data-start=\"1723\" data-end=\"1740\" data-col-size=\"sm\">Faixa t\u00edpica<\/th>\n<\/tr>\n<\/thead>\n<tbody data-start=\"1769\" data-end=\"1954\">\n<tr data-start=\"1769\" data-end=\"1795\">\n<td data-start=\"1769\" data-end=\"1785\" data-col-size=\"sm\">Concentricidade<\/td>\n<td data-start=\"1785\" data-end=\"1795\" data-col-size=\"sm\">\u2264 1 \u03bcm<\/td>\n<\/tr>\n<tr data-start=\"1796\" data-end=\"1831\">\n<td data-start=\"1796\" data-end=\"1819\" data-col-size=\"sm\">Toler\u00e2ncia do furo interno<\/td>\n<td data-start=\"1819\" data-end=\"1831\" data-col-size=\"sm\">\u00b1 0,5 \u03bcm<\/td>\n<\/tr>\n<tr data-start=\"1832\" data-end=\"1877\">\n<td data-start=\"1832\" data-end=\"1864\" data-col-size=\"sm\">Protrus\u00e3o da fibra ap\u00f3s o polimento<\/td>\n<td data-start=\"1864\" data-end=\"1877\" data-col-size=\"sm\">0 ~ 50 nm<\/td>\n<\/tr>\n<tr data-start=\"1878\" data-end=\"1911\">\n<td data-start=\"1878\" data-end=\"1898\" data-col-size=\"sm\">Dureza do material<\/td>\n<td data-start=\"1898\" data-end=\"1911\" data-col-size=\"sm\">\u2265 1200 HV<\/td>\n<\/tr>\n<tr data-start=\"1912\" data-end=\"1954\">\n<td data-start=\"1912\" data-end=\"1930\" data-col-size=\"sm\">Resist\u00eancia ao desgaste<\/td>\n<td data-start=\"1930\" data-end=\"1954\" data-col-size=\"sm\">&gt; 1000 ciclos de acasalamento<\/td>\n<\/tr>\n<\/tbody>\n<\/table>\n<\/div>\n<\/div>\n<p data-start=\"1956\" data-end=\"2079\">Esses valores s\u00e3o essenciais para manter <strong data-start=\"1998\" data-end=\"2043\">baixa perda de inser\u00e7\u00e3o e perda de retorno est\u00e1vel<\/strong> durante a vida \u00fatil do conector.<\/p>\n<hr data-start=\"2081\" data-end=\"2084\" \/>\n<h3 data-start=\"2086\" data-end=\"2120\">Por que a cer\u00e2mica de zirc\u00f4nia \u00e9 usada<\/h3>\n<p data-start=\"2122\" data-end=\"2178\">A cer\u00e2mica de zirc\u00f4nia n\u00e3o foi escolhida por acaso.<br data-start=\"2165\" data-end=\"2168\" \/>Ele oferece:<\/p>\n<ul data-start=\"2180\" data-end=\"2305\">\n<li data-start=\"2180\" data-end=\"2207\">\n<p data-start=\"2182\" data-end=\"2207\">Dureza extremamente alta<\/p>\n<\/li>\n<li data-start=\"2208\" data-end=\"2233\">\n<p data-start=\"2210\" data-end=\"2233\">Baixa expans\u00e3o t\u00e9rmica<\/p>\n<\/li>\n<li data-start=\"2234\" data-end=\"2269\">\n<p data-start=\"2236\" data-end=\"2269\">Excelente capacidade de polimento da superf\u00edcie<\/p>\n<\/li>\n<li data-start=\"2270\" data-end=\"2305\">\n<p data-start=\"2272\" data-end=\"2305\">Estabilidade dimensional de longo prazo<\/p>\n<\/li>\n<\/ul>\n<p data-start=\"2307\" data-end=\"2419\">Isso garante que, uma vez que a fibra esteja alinhada e polida, ela permane\u00e7a alinhada, mesmo ap\u00f3s milhares de inser\u00e7\u00f5es.<\/p>\n<hr data-start=\"2421\" data-end=\"2424\" \/>\n<h3 data-start=\"2426\" data-end=\"2458\">Onde esse ferrolho \u00e9 usado<\/h3>\n<p data-start=\"2460\" data-end=\"2506\">A ponteira de 1,0 \u00d7 1,4 mm \u00e9 comumente encontrada em:<\/p>\n<ul data-start=\"2508\" data-end=\"2658\">\n<li data-start=\"2508\" data-end=\"2537\">\n<p data-start=\"2510\" data-end=\"2537\">Conectores de fibra \u00f3ptica FC<\/p>\n<\/li>\n<li data-start=\"2538\" data-end=\"2562\">\n<p data-start=\"2540\" data-end=\"2562\">Conectores SC e ST<\/p>\n<\/li>\n<li data-start=\"2563\" data-end=\"2587\">\n<p data-start=\"2565\" data-end=\"2587\">Pigtails de fibra \u00f3ptica<\/p>\n<\/li>\n<li data-start=\"2588\" data-end=\"2603\">\n<p data-start=\"2590\" data-end=\"2603\">Patch cords<\/p>\n<\/li>\n<li data-start=\"2604\" data-end=\"2634\">\n<p data-start=\"2606\" data-end=\"2634\">FTTH e equipamentos de telecomunica\u00e7\u00f5es<\/p>\n<\/li>\n<li data-start=\"2635\" data-end=\"2658\">\n<p data-start=\"2637\" data-end=\"2658\">Cabos de teste \u00f3ptico<\/p>\n<\/li>\n<\/ul>\n<p data-start=\"2660\" data-end=\"2757\">\u00c9 um <strong data-start=\"2668\" data-end=\"2686\">componente principal<\/strong> por tr\u00e1s de quase todos os conectores \u00f3pticos de fibra \u00fanica nas redes modernas.<\/p>\n<hr data-start=\"2759\" data-end=\"2762\" \/>\n<h2 data-start=\"2764\" data-end=\"2785\">Perguntas e respostas profissionais<\/h2>\n<p data-start=\"2787\" data-end=\"3017\"><strong data-start=\"2787\" data-end=\"2839\">P1: Esse ferrolho pode ser usado para conectores APC?<\/strong><br data-start=\"2839\" data-end=\"2842\" \/>Sim. O mesmo ferrolho de 1,0 \u00d7 1,4 mm pode ser usado para <strong data-start=\"2893\" data-end=\"2912\">PC, UPC ou APC<\/strong> polimento. A diferen\u00e7a vem do <strong data-start=\"2954\" data-end=\"2994\">\u00e2ngulo da face final e processo de polimento<\/strong>, e n\u00e3o o tamanho do ferrolho.<\/p>\n<hr data-start=\"3019\" data-end=\"3022\" \/>\n<p data-start=\"3024\" data-end=\"3263\"><strong data-start=\"3024\" data-end=\"3066\">P2: Por que a concentricidade \u00e9 t\u00e3o importante?<\/strong><br data-start=\"3066\" data-end=\"3069\" \/>Como o n\u00facleo da fibra tem apenas cerca de <strong data-start=\"3106\" data-end=\"3124\">9 m\u00edcrons de largura<\/strong>. Se o furo do ferrolho estiver descentralizado, os n\u00facleos da fibra n\u00e3o se alinhar\u00e3o quando dois conectores forem acoplados, aumentando a <strong data-start=\"3229\" data-end=\"3262\">perda de inser\u00e7\u00e3o e reflex\u00e3o<\/strong>.<\/p>\n<hr data-start=\"3265\" data-end=\"3268\" \/>\n<p data-start=\"3270\" data-end=\"3483\"><strong data-start=\"3270\" data-end=\"3330\">P3: Esse ferrolho \u00e9 compat\u00edvel com o polimento autom\u00e1tico?<\/strong><br data-start=\"3330\" data-end=\"3333\" \/>Sim. Esse tamanho de ponteira foi projetado para <strong data-start=\"3372\" data-end=\"3442\">Dispositivos de polimento padr\u00e3o e m\u00e1quinas autom\u00e1ticas de polimento de fibras<\/strong>, tornando-o adequado para a produ\u00e7\u00e3o em massa.<\/p>","protected":false},"excerpt":{"rendered":"<h3 data-start=\"127\" data-end=\"185\">Uma pe\u00e7a de precis\u00e3o que determina todo o link \u00f3ptico<\/h3>\n<p data-start=\"187\" data-end=\"395\">O <strong data-start=\"191\" data-end=\"223\">Virola de cer\u00e2mica de 1,0 \u00d7 1,4 mm<\/strong> \u00e9 um dos menores componentes em um conector de fibra \u00f3ptica, mas tamb\u00e9m \u00e9 o que mais determina a <strong data-start=\"340\" data-end=\"394\">perda \u00f3ptica, perda de retorno e estabilidade de longo prazo<\/strong>.<\/p>\n<p data-start=\"397\" data-end=\"730\">Esse tamanho de virola \u00e9 amplamente utilizado em <strong data-start=\"433\" data-end=\"481\">FC, SC, ST e outros conectores de fibra \u00fanica<\/strong>, fornecendo um <strong data-start=\"495\" data-end=\"521\">canal de alta precis\u00e3o<\/strong> que mant\u00e9m a fibra \u00f3ptica exatamente no eixo \u00f3ptico. Mesmo um desvio de poucos m\u00edcrons nesse ponto pode causar uma perda significativa de sinal, raz\u00e3o pela qual essa pe\u00e7a \u00e9 fabricada com toler\u00e2ncias extremamente r\u00edgidas.<\/p>","protected":false},"featured_media":936,"comment_status":"open","ping_status":"closed","template":"","meta":[],"product_brand":[],"product_cat":[34],"product_tag":[],"class_list":{"0":"post-935","1":"product","2":"type-product","3":"status-publish","4":"has-post-thumbnail","6":"product_cat-fc-connector","8":"first","9":"instock","10":"shipping-taxable","11":"product-type-simple"},"_links":{"self":[{"href":"https:\/\/www.fenxifiber.com\/pt\/wp-json\/wp\/v2\/product\/935","targetHints":{"allow":["GET"]}}],"collection":[{"href":"https:\/\/www.fenxifiber.com\/pt\/wp-json\/wp\/v2\/product"}],"about":[{"href":"https:\/\/www.fenxifiber.com\/pt\/wp-json\/wp\/v2\/types\/product"}],"replies":[{"embeddable":true,"href":"https:\/\/www.fenxifiber.com\/pt\/wp-json\/wp\/v2\/comments?post=935"}],"wp:featuredmedia":[{"embeddable":true,"href":"https:\/\/www.fenxifiber.com\/pt\/wp-json\/wp\/v2\/media\/936"}],"wp:attachment":[{"href":"https:\/\/www.fenxifiber.com\/pt\/wp-json\/wp\/v2\/media?parent=935"}],"wp:term":[{"taxonomy":"product_brand","embeddable":true,"href":"https:\/\/www.fenxifiber.com\/pt\/wp-json\/wp\/v2\/product_brand?post=935"},{"taxonomy":"product_cat","embeddable":true,"href":"https:\/\/www.fenxifiber.com\/pt\/wp-json\/wp\/v2\/product_cat?post=935"},{"taxonomy":"product_tag","embeddable":true,"href":"https:\/\/www.fenxifiber.com\/pt\/wp-json\/wp\/v2\/product_tag?post=935"}],"curies":[{"name":"wp","href":"https:\/\/api.w.org\/{rel}","templated":true}]}}