{"id":36,"date":"2026-01-14T01:43:26","date_gmt":"2026-01-14T01:43:26","guid":{"rendered":"https:\/\/www.fenxifiber.com\/?page_id=36"},"modified":"2026-01-15T02:17:36","modified_gmt":"2026-01-15T02:17:36","slug":"hakkimizda","status":"publish","type":"page","link":"https:\/\/www.fenxifiber.com\/tr\/about-us\/","title":{"rendered":"Hakk\u0131m\u0131zda"},"content":{"rendered":"<div data-elementor-type=\"wp-page\" data-elementor-id=\"36\" class=\"elementor elementor-36\" data-elementor-post-type=\"page\">\n\t\t\t\t<div class=\"elementor-element elementor-element-3b2907d5 e-flex e-con-boxed e-con e-parent\" data-id=\"3b2907d5\" data-element_type=\"container\" data-e-type=\"container\" data-settings=\"{&quot;background_background&quot;:&quot;classic&quot;}\">\n\t\t\t\t\t<div class=\"e-con-inner\">\n\t\t\t\t<div class=\"elementor-element elementor-element-fb6968 animated-slow elementor-invisible elementor-widget elementor-widget-heading\" data-id=\"fb6968\" data-element_type=\"widget\" data-e-type=\"widget\" data-settings=\"{&quot;_animation&quot;:&quot;slideInUp&quot;}\" data-widget_type=\"heading.default\">\n\t\t\t\t\t<h2 class=\"elementor-heading-title elementor-size-default\">Gelece\u011fe Ba\u011flan\u0131yoruz<\/h2>\t\t\t\t<\/div>\n\t\t\t\t<div class=\"elementor-element elementor-element-1e984b01 animated-slow elementor-invisible elementor-widget elementor-widget-heading\" data-id=\"1e984b01\" data-element_type=\"widget\" data-e-type=\"widget\" data-settings=\"{&quot;_animation&quot;:&quot;slideInUp&quot;}\" data-widget_type=\"heading.default\">\n\t\t\t\t\t<h1 class=\"elementor-heading-title elementor-size-default\">hakkimizda<\/h1>\t\t\t\t<\/div>\n\t\t<div class=\"elementor-element elementor-element-5885960f e-con-full e-flex e-con e-child\" data-id=\"5885960f\" data-element_type=\"container\" data-e-type=\"container\">\n\t\t<div class=\"elementor-element elementor-element-65f1be24 e-con-full e-flex e-con e-child\" data-id=\"65f1be24\" data-element_type=\"container\" data-e-type=\"container\">\n\t\t\t\t<div class=\"elementor-element elementor-element-7e2d2775 elementor-blockquote--skin-quotation elementor-blockquote--align-center elementor-widget elementor-widget-blockquote\" data-id=\"7e2d2775\" data-element_type=\"widget\" data-e-type=\"widget\" data-widget_type=\"blockquote.default\">\n\t\t\t\t\t\t\t<blockquote class=\"elementor-blockquote\">\n\t\t\t<p class=\"elementor-blockquote__content\">\n\t\t\t\tChangzhou Fenxi Optoelektronik Technology Co, Ltd.\t\t\t<\/p>\n\t\t\t\t\t<\/blockquote>\n\t\t\t\t\t\t<\/div>\n\t\t\t\t<div class=\"elementor-element elementor-element-174a5941 elementor-widget elementor-widget-text-editor\" data-id=\"174a5941\" data-element_type=\"widget\" data-e-type=\"widget\" data-widget_type=\"text-editor.default\">\n\t\t\t\t\t\t\t\t\t<p>Changzhou Fenxi Optoelectronics Technology Co, Ltd optik ileti\u015fim sekt\u00f6r\u00fcnde geli\u015fmekte olan bir kurulu\u015ftur. Optik ileti\u015fim \u00fcr\u00fcnlerinin Ar-Ge, \u00fcretim ve sat\u0131\u015f\u0131na odaklanarak, bir grup \u00fcst d\u00fczey \u00fcr\u00fcn Ar-Ge uzman\u0131n\u0131n yan\u0131 s\u0131ra yurti\u00e7i ve yurtd\u0131\u015f\u0131ndan deneyimli \u00fcretim ve kalite y\u00f6netimi personelini bir araya getirmi\u015ftir.<\/p><p>\u015eirketin i\u015fi esas olarak telekom\u00fcnikasyon operasyonu, sistem entegrasyonu, eve kadar fiber, fiber iletimi ve di\u011fer alanlar\u0131 kapsamaktad\u0131r. Esas olarak fiber optik konekt\u00f6r bile\u015fenleri, fiber optik ba\u011flant\u0131 kablolar\u0131, fiber optik pigtailler, \u015ferit pigtailler, z\u0131rhl\u0131 fiber optik ba\u011flant\u0131 kablolar\u0131, fiber optik adapt\u00f6rler, fiber optik h\u0131zl\u0131 konekt\u00f6rler, PLC fiber optik ay\u0131r\u0131c\u0131lar, FBT fiber optik ay\u0131r\u0131c\u0131lar, 12 \u00e7ekirdekli fiber optik kasetler, ODF fiber optik da\u011f\u0131t\u0131m \u00e7er\u00e7eveleri, fiber optik sonland\u0131rma kutular\u0131, fiber optik ek kapaklar\u0131 ve a\u011f ba\u011flant\u0131 kablolar\u0131 dahil olmak \u00fczere \u00e7e\u015fitli \u00f6zellik ve modellerde optik ileti\u015fim \u00fcr\u00fcnleri \u00fcretmektedir.<\/p><p>Y\u00fcksek kaliteli \u00fcr\u00fcnler, tercihli fiyatlar ve m\u00fckemmel hizmetler ilkesine ba\u011fl\u0131 kalarak, Changzhou Fenxi Optoelektronik Technology Co, Ltd ortak geli\u015fme aramak ve birlikte parlak umutlar yaratmak i\u00e7in t\u00fcm sekt\u00f6rlerle i\u00e7tenlikle i\u015fbirli\u011fi yapmaya isteklidir.<\/p>\t\t\t\t\t\t\t\t<\/div>\n\t\t\t\t<\/div>\n\t\t\t\t<\/div>\n\t\t\t\t\t<\/div>\n\t\t\t\t<\/div>\n\t\t\t\t<\/div>","protected":false},"excerpt":{"rendered":"<p>Connecting the Future about us Changzhou Fenxi Optoelectronics Technology Co., Ltd. Changzhou Fenxi Optoelectronics Technology Co., Ltd. is an emerging enterprise in the optical communication industry. It has brought together a group of senior product R&amp;D professionals as well as experienced production and quality management personnel from home and abroad, focusing on the R&amp;D, production [&hellip;]<\/p>\n","protected":false},"author":1,"featured_media":0,"parent":0,"menu_order":0,"comment_status":"closed","ping_status":"closed","template":"","meta":{"footnotes":""},"class_list":["post-36","page","type-page","status-publish","hentry"],"_links":{"self":[{"href":"https:\/\/www.fenxifiber.com\/tr\/wp-json\/wp\/v2\/pages\/36","targetHints":{"allow":["GET"]}}],"collection":[{"href":"https:\/\/www.fenxifiber.com\/tr\/wp-json\/wp\/v2\/pages"}],"about":[{"href":"https:\/\/www.fenxifiber.com\/tr\/wp-json\/wp\/v2\/types\/page"}],"author":[{"embeddable":true,"href":"https:\/\/www.fenxifiber.com\/tr\/wp-json\/wp\/v2\/users\/1"}],"replies":[{"embeddable":true,"href":"https:\/\/www.fenxifiber.com\/tr\/wp-json\/wp\/v2\/comments?post=36"}],"version-history":[{"count":16,"href":"https:\/\/www.fenxifiber.com\/tr\/wp-json\/wp\/v2\/pages\/36\/revisions"}],"predecessor-version":[{"id":197,"href":"https:\/\/www.fenxifiber.com\/tr\/wp-json\/wp\/v2\/pages\/36\/revisions\/197"}],"wp:attachment":[{"href":"https:\/\/www.fenxifiber.com\/tr\/wp-json\/wp\/v2\/media?parent=36"}],"curies":[{"name":"wp","href":"https:\/\/api.w.org\/{rel}","templated":true}]}}