{"id":398,"date":"2026-01-28T01:03:32","date_gmt":"2026-01-28T01:03:32","guid":{"rendered":"https:\/\/www.fenxifiber.com\/?post_type=product&#038;p=398"},"modified":"2026-01-28T01:13:07","modified_gmt":"2026-01-28T01:13:07","slug":"fiber-optik-ekleme-tepsisi-fc-apc-12core-ureticisi","status":"publish","type":"product","link":"https:\/\/www.fenxifiber.com\/tr\/product\/fiber-optic-splice-tray-fc-apc-12core-manufacturer\/","title":{"rendered":"Fiber Optik Ekleme Tepsisi FC\/APC-12core \u00dcretici"},"content":{"rendered":"<p><strong>Optimize Edilmi\u015f Fiber Y\u00f6netimi ve Korumas\u0131<\/strong><\/p>\n<p>12 \u00e7ekirdekli ekleme tepsisi, Optik Da\u011f\u0131t\u0131m \u00c7er\u00e7eveleri (ODF), fiber sonland\u0131rma kutular\u0131 ve ekleme kapaklar\u0131 i\u00e7indeki fiber ekleme \u00f6zelliklerini geni\u015fletmek i\u00e7in tasarlanm\u0131\u015ft\u0131r. \u00d6zellikle FC\/APC adapt\u00f6rlerini bar\u0131nd\u0131rarak kritik sinyal iletimi i\u00e7in d\u00fc\u015f\u00fck ekleme kayb\u0131 ve y\u00fcksek geri d\u00f6n\u00fc\u015f kayb\u0131 sa\u011flar. Tepsi, fiberin minimum b\u00fck\u00fclme yar\u0131\u00e7ap\u0131n\u0131 koruyarak sinyal zay\u0131flamas\u0131n\u0131 ve fiziksel hasar\u0131 \u00f6nleyen hassas bir d\u00fczene sahiptir. \u0130stiflenebilir tasar\u0131m\u0131, \u00f6l\u00e7eklenebilir a\u011f geni\u015flemesine olanak tan\u0131yarak b\u00fcy\u00fcyen Eve Kadar Fiber (FTTH) altyap\u0131lar\u0131 i\u00e7in idealdir.<\/p>\n<p><strong>Teknik \u00d6zellikler<\/strong><\/p>\n<p>Ekleme tepsilerimiz, zorlu ortamlarda g\u00fcvenilirlik sa\u011flayan y\u00fcksek kaliteli alev geciktirici malzemeler kullan\u0131larak \u00fcretilmi\u015ftir. A\u015fa\u011f\u0131da bu \u00fcr\u00fcn i\u00e7in standart teknik parametreler verilmi\u015ftir:<\/p>\n<table>\n<thead>\n<tr>\n<th>Parametre<\/th>\n<th>\u015eartname<\/th>\n<\/tr>\n<\/thead>\n<tbody>\n<tr>\n<td><strong>\u00dcr\u00fcn Ad\u0131<\/strong><\/td>\n<td>Fiber Optik Ekleme Tepsisi FC\/APC-12core<\/td>\n<\/tr>\n<tr>\n<td><strong>Malzeme<\/strong><\/td>\n<td>Y\u00fcksek mukavemetli ABS \/ PC (Alev Geciktirici)<\/td>\n<\/tr>\n<tr>\n<td><strong>Kapasite<\/strong><\/td>\n<td>12 \u00c7ekirdek (Maks)<\/td>\n<\/tr>\n<tr>\n<td><strong>Adapt\u00f6r Aray\u00fcz\u00fc<\/strong><\/td>\n<td>FC\/APC (\u00d6nceden Yuval\u0131 veya Y\u00fckl\u00fc)<\/td>\n<\/tr>\n<tr>\n<td><strong>Renk<\/strong><\/td>\n<td>Beyaz \/ Gri \/ Siyah<\/td>\n<\/tr>\n<tr>\n<td><strong>\u00c7al\u0131\u015fma S\u0131cakl\u0131\u011f\u0131<\/strong><\/td>\n<td>-40\u00b0C ila +85\u00b0C<\/td>\n<\/tr>\n<tr>\n<td><strong>Depolama S\u0131cakl\u0131\u011f\u0131<\/strong><\/td>\n<td>-40\u00b0C ila +85\u00b0C<\/td>\n<\/tr>\n<tr>\n<td><strong>Atmosferik Bas\u0131n\u00e7<\/strong><\/td>\n<td>70kPa ila 106kPa<\/td>\n<\/tr>\n<tr>\n<td><strong>Ba\u011f\u0131l Nem<\/strong><\/td>\n<td>\u226485% (+30\u00b0C)<\/td>\n<\/tr>\n<tr>\n<td><strong>Boyutlar (L<em>W<\/em>H)<\/strong><\/td>\n<td>Standart 12 \u00e7ekirdekli Tepsi Boyutu (\u00d6zelle\u015ftirilebilir)<\/td>\n<\/tr>\n<\/tbody>\n<\/table>\n<p><strong>\u00c7ok Y\u00f6nl\u00fc Uygulama Senaryolar\u0131<\/strong><\/p>\n<p>Bu \u00fcr\u00fcn optik ileti\u015fim end\u00fcstrisinde yayg\u0131n olarak kullan\u0131lmaktad\u0131r. Temel bir bile\u015fen olarak hizmet eder:<\/p>\n<ul>\n<li><strong>Optik Fiber Da\u011f\u0131t\u0131m \u00c7er\u00e7eveleri (ODF):<\/strong>\u00a0D\u00fczenli ekleme ve yamalama i\u015flemlerini kolayla\u015ft\u0131r\u0131r.<\/li>\n<li><strong>Fiber Optik Patch Paneller:<\/strong>\u00a0Gelen ve giden kablolar\u0131n y\u00f6netilmesi.<\/li>\n<li><strong>Fiber Sonland\u0131rma Kutular\u0131:<\/strong>\u00a0FTTx projelerinde g\u00fcvenli fiber sonland\u0131rman\u0131n sa\u011flanmas\u0131.<\/li>\n<li><strong>Veri Merkezleri ve Sunucu Odalar\u0131:<\/strong>\u00a0Y\u00fcksek yo\u011funluklu kablolama sistemlerini destekler.<\/li>\n<\/ul>\n<p><strong>Neden Fenxi Optoelectronics'i Se\u00e7melisiniz?<\/strong><\/p>\n<p>Fenxi Optoelektronik Teknolojisi bir tedarik\u00e7iden daha fazlas\u0131d\u0131r; optik ileti\u015fimde stratejik orta\u011f\u0131n\u0131z\u0131z.<\/p>\n<ul>\n<li><strong>Ar-Ge M\u00fckemmelli\u011fi:<\/strong>\u00a0Tasar\u0131mlar\u0131m\u0131z\u0131n en son end\u00fcstri standartlar\u0131n\u0131 kar\u015f\u0131lamas\u0131n\u0131 sa\u011flamak i\u00e7in \u00fcst d\u00fczey \u00fcr\u00fcn Ar-Ge uzmanlar\u0131n\u0131 bir araya getiriyoruz.<\/li>\n<li><strong>Kalite G\u00fcvencesi:<\/strong>\u00a0Deneyimli kalite y\u00f6netimi personelimiz, hammadde tedarikinden nihai \u00fcretime kadar s\u0131k\u0131 kalite kontrol\u00fc uygulamaktad\u0131r.<\/li>\n<li><strong>Kapsaml\u0131 Portf\u00f6y:<\/strong>\u00a0Fiber ba\u011flant\u0131 kablolar\u0131ndan karma\u015f\u0131k PLC ay\u0131r\u0131c\u0131lara ve ek kapaklar\u0131na kadar, k\u00fcresel entegrat\u00f6rler i\u00e7in tek noktadan tedarik \u00e7\u00f6z\u00fcm\u00fc sunuyoruz.<\/li>\n<\/ul>","protected":false},"excerpt":{"rendered":"<p><strong>Giri\u015f<\/strong><\/p>\n<p>Fenxi Optoelectronics Technology olarak, y\u00fcksek performansl\u0131 optik ileti\u015fim \u00e7\u00f6z\u00fcmleri sunma konusunda uzman\u0131z. Bizim\u00a0<strong>Fiber Optik Ekleme Tepsisi FC\/APC-12core<\/strong>\u00a0fiber f\u00fczyon ekleme i\u00e7in \u00fcst\u00fcn koruma ve organizasyon sa\u011flamak \u00fczere tasarlanm\u0131\u015ft\u0131r. Dayan\u0131kl\u0131l\u0131k ve kullan\u0131m kolayl\u0131\u011f\u0131 i\u00e7in tasarlanan bu ekleme tepsisi, y\u00fcksek yo\u011funluklu fiber a\u011flar\u0131 y\u00f6neten telekom\u00fcnikasyon operat\u00f6rleri ve sistem entegrat\u00f6rleri i\u00e7in \u00f6nemli bir bile\u015fendir.<\/p>","protected":false},"featured_media":399,"comment_status":"open","ping_status":"closed","template":"","meta":[],"product_brand":[],"product_cat":[26],"product_tag":[],"class_list":{"0":"post-398","1":"product","2":"type-product","3":"status-publish","4":"has-post-thumbnail","6":"product_cat-fiber-optic-splice-tray","8":"first","9":"instock","10":"shipping-taxable","11":"product-type-simple"},"_links":{"self":[{"href":"https:\/\/www.fenxifiber.com\/tr\/wp-json\/wp\/v2\/product\/398","targetHints":{"allow":["GET"]}}],"collection":[{"href":"https:\/\/www.fenxifiber.com\/tr\/wp-json\/wp\/v2\/product"}],"about":[{"href":"https:\/\/www.fenxifiber.com\/tr\/wp-json\/wp\/v2\/types\/product"}],"replies":[{"embeddable":true,"href":"https:\/\/www.fenxifiber.com\/tr\/wp-json\/wp\/v2\/comments?post=398"}],"wp:featuredmedia":[{"embeddable":true,"href":"https:\/\/www.fenxifiber.com\/tr\/wp-json\/wp\/v2\/media\/399"}],"wp:attachment":[{"href":"https:\/\/www.fenxifiber.com\/tr\/wp-json\/wp\/v2\/media?parent=398"}],"wp:term":[{"taxonomy":"product_brand","embeddable":true,"href":"https:\/\/www.fenxifiber.com\/tr\/wp-json\/wp\/v2\/product_brand?post=398"},{"taxonomy":"product_cat","embeddable":true,"href":"https:\/\/www.fenxifiber.com\/tr\/wp-json\/wp\/v2\/product_cat?post=398"},{"taxonomy":"product_tag","embeddable":true,"href":"https:\/\/www.fenxifiber.com\/tr\/wp-json\/wp\/v2\/product_tag?post=398"}],"curies":[{"name":"wp","href":"https:\/\/api.w.org\/{rel}","templated":true}]}}