{"id":464,"date":"2026-01-29T06:01:39","date_gmt":"2026-01-29T06:01:39","guid":{"rendered":"https:\/\/www.fenxifiber.com\/?post_type=product&#038;p=464"},"modified":"2026-02-03T00:52:29","modified_gmt":"2026-02-03T00:52:29","slug":"fiber-optik-ayirici-sc-apc-12-yuksek-performansli-fttx-unitesi","status":"publish","type":"product","link":"https:\/\/www.fenxifiber.com\/tr\/product\/fiber-optical-splitter-sc-apc-12-high-performance-fttx-unit\/","title":{"rendered":"Fiber Optik B\u00f6l\u00fcc\u00fc SC\/APC-1*2: Y\u00fcksek Performansl\u0131 FTTx \u00dcnitesi"},"content":{"rendered":"<p><strong>\u00dcst\u00fcn Optik Performans ve Kararl\u0131l\u0131k<\/strong><\/p>\n<p>1\u00d72 Optik B\u00f6l\u00fcc\u00fcm\u00fcz, \u00f6zel bant geni\u015fli\u011fi gereksinimlerinize ba\u011fl\u0131 olarak geli\u015fmi\u015f d\u00fczlemsel \u0131\u015f\u0131k dalgas\u0131 devresi (PLC) teknolojisini veya hassas Sigortal\u0131 Bikonik Konik (FBT) i\u015flemlerini kullan\u0131r. \u00dcnite, y\u00fcksek dereceli\u00a0<strong>SC\/APC (A\u00e7\u0131l\u0131 Fiziksel Temas)<\/strong>\u00a0konekt\u00f6rler. 8 derecelik a\u00e7\u0131l\u0131 cila, geri yans\u0131may\u0131 \u00f6nemli \u00f6l\u00e7\u00fcde azaltarak 60dB'den daha y\u00fcksek bir Geri D\u00f6n\u00fc\u015f Kayb\u0131 sa\u011flar. Bu \u00f6zellik, analog video sinyallerinin ve y\u00fcksek h\u0131zl\u0131 verilerin iletimi i\u00e7in kritik \u00f6nem ta\u015f\u0131r ve a\u011f\u0131n\u0131z\u0131n zorlu \u00e7evre ko\u015fullar\u0131nda bile kararl\u0131 kalmas\u0131n\u0131 sa\u011flar.<\/p>\n<p><strong>Temel Teknik \u00d6zellikler<\/strong><\/p>\n<p>G\u00fcvenilirlik, Fenxi Optoelectronics'in \u00f6z\u00fcd\u00fcr. \u00dcr\u00fcnlerimiz deneyimli personel taraf\u0131ndan y\u00f6netilen s\u0131k\u0131 kalite kontrol protokollerinden ge\u00e7mektedir. A\u015fa\u011f\u0131da 1*2 SC\/APC Splitter'\u0131m\u0131z\u0131n standart teknik parametreleri yer almaktad\u0131r ve profesyonel s\u0131n\u0131f bile\u015fenler i\u00e7in mevcut end\u00fcstri kriterlerini yans\u0131tmaktad\u0131r.<\/p>\n<table>\n<thead>\n<tr>\n<th>\u00dcr\u00fcn Ad\u0131<\/th>\n<th>Fiber Optik B\u00f6l\u00fcc\u00fc SC\/APC-1*2<\/th>\n<\/tr>\n<\/thead>\n<tbody>\n<tr>\n<td>Konekt\u00f6r Tipi<\/td>\n<td>SC\/UPC, SC\/APC, FC\/UPC, FC\/APC, LC\/UPC, LC\/APC, ST\/UPC<\/td>\n<\/tr>\n<tr>\n<td>Renk<\/td>\n<td>Sar\u0131\/beyaz\/renk<\/td>\n<\/tr>\n<tr>\n<td>Bant Geni\u015fli\u011fi<\/td>\n<td>\u00b140nm<\/td>\n<\/tr>\n<tr>\n<td>Gerilim Dayan\u0131m\u0131<\/td>\n<td>\u2265200N<\/td>\n<\/tr>\n<tr>\n<td>Dalga Uzunlu\u011fu<\/td>\n<td>1310nm-1490nm-1550nm\/850nm<\/td>\n<\/tr>\n<tr>\n<td>Dayan\u0131kl\u0131l\u0131k<\/td>\n<td>\u22651000 kez<\/td>\n<\/tr>\n<tr>\n<td>Malzeme<\/td>\n<td>LSZH<\/td>\n<\/tr>\n<tr>\n<td>Ekleme Kayb\u0131<\/td>\n<td>\\<\/td>\n<\/tr>\n<tr>\n<td>Geri D\u00f6n\u00fc\u015f Kayb\u0131<\/td>\n<td>UPC&gt;50dB, APC&gt;60dB<\/td>\n<\/tr>\n<\/tbody>\n<\/table>\n<p><strong>A\u011f Mimarisinde \u00c7ok Y\u00f6nl\u00fc Uygulamalar<\/strong><\/p>\n<p>Optik B\u00f6l\u00fcc\u00fc SC\/APC-1*2 kompakt ve \u00e7ok y\u00f6nl\u00fc olmas\u0131 sayesinde Fenxi Optoelectronics taraf\u0131ndan y\u00f6netilen \u00e7e\u015fitli da\u011f\u0131t\u0131m senaryolar\u0131 i\u00e7in idealdir. \u0130ster entegre olsun\u00a0<strong>12 \u00e7ekirdekli fiber optik kasetler<\/strong>, i\u00e7ine yerle\u015ftirilmi\u015f\u00a0<strong>ODF fiber optik da\u011f\u0131t\u0131m \u00e7er\u00e7eveleri<\/strong>, veya konu\u015fland\u0131r\u0131lm\u0131\u015f\u00a0<strong>fiber optik sonland\u0131rma kutular\u0131<\/strong>, bu ay\u0131r\u0131c\u0131 tutarl\u0131 bir ba\u011flant\u0131 sa\u011flar.<\/p>\n<p>\u00d6zellikle a\u015fa\u011f\u0131dakiler i\u00e7in optimize edilmi\u015ftir:<\/p>\n<ul>\n<li><strong>Eve Kadar Fiber (FTTH):<\/strong>\u00a0Y\u00fcksek verimlilikle \u201cson mil\u201d ba\u011flant\u0131s\u0131n\u0131n sa\u011flanmas\u0131.<\/li>\n<li><strong>Pasif Optik LAN (POL):<\/strong>\u00a0Kurumsal a\u011f yap\u0131lar\u0131n\u0131n d\u00fczenlenmesi.<\/li>\n<li><strong>CATV A\u011flar\u0131:<\/strong>\u00a0Sinyal bozulmas\u0131 olmadan y\u00fcksek kaliteli video iletimi sa\u011flar.<\/li>\n<\/ul>\n<p><strong>Neden Fenxi Optoelectronics'i Se\u00e7melisiniz?<\/strong><\/p>\n<p>Optik ileti\u015fim end\u00fcstrisinde y\u00fckselen bir g\u00fc\u00e7 olarak Fenxi, yerel \u00e7evikli\u011fi uluslararas\u0131 kalite standartlar\u0131yla birle\u015ftiriyor. Biz sadece bile\u015fen tedarik etmiyoruz; telekom\u00fcnikasyon operasyonlar\u0131n\u0131za sorunsuz bir \u015fekilde entegre olan \u00e7\u00f6z\u00fcmler sunuyoruz. Optik teknolojinin \u00f6n saflar\u0131n\u0131 temsil eden bir ba\u011flant\u0131 i\u00e7in Optik B\u00f6l\u00fcc\u00fc SC\/APC-1*2 \u00fcr\u00fcn\u00fcm\u00fcz\u00fc se\u00e7in.<\/p>","protected":false},"excerpt":{"rendered":"<p><strong>Fenxi'nin Hassas M\u00fchendisli\u011fi ile Sinyal Da\u011f\u0131t\u0131m\u0131n\u0131 Optimize Etme<\/strong><\/p>\n<p>H\u0131zla geli\u015fen telekom\u00fcnikasyon ortam\u0131nda sinyal b\u00fct\u00fcnl\u00fc\u011f\u00fc \u00e7ok \u00f6nemlidir. Fenxi Optoelektronik Teknolojisi\u00a0<strong>Optik B\u00f6l\u00fcc\u00fc SC\/APC-1*2<\/strong>, FTTx, GPON ve EPON a\u011flar\u0131nda \u00fcst\u00fcn performans i\u00e7in tasarlanm\u0131\u015f \u00f6nde gelen bir pasif optik bile\u015fen. K\u0131demli Ar-Ge uzmanlar\u0131ndan olu\u015fan ekibimiz taraf\u0131ndan tasarlanan bu ay\u0131r\u0131c\u0131, modern fiber iletim sistemlerinin zorlu taleplerini kar\u015f\u0131layarak minimum kay\u0131pla tek tip sinyal da\u011f\u0131t\u0131m\u0131 sa\u011flar.<\/p>","protected":false},"featured_media":465,"comment_status":"open","ping_status":"closed","template":"","meta":[],"product_brand":[],"product_cat":[28],"product_tag":[],"class_list":{"0":"post-464","1":"product","2":"type-product","3":"status-publish","4":"has-post-thumbnail","6":"product_cat-fiber-optic-splitter","8":"first","9":"instock","10":"shipping-taxable","11":"product-type-simple"},"_links":{"self":[{"href":"https:\/\/www.fenxifiber.com\/tr\/wp-json\/wp\/v2\/product\/464","targetHints":{"allow":["GET"]}}],"collection":[{"href":"https:\/\/www.fenxifiber.com\/tr\/wp-json\/wp\/v2\/product"}],"about":[{"href":"https:\/\/www.fenxifiber.com\/tr\/wp-json\/wp\/v2\/types\/product"}],"replies":[{"embeddable":true,"href":"https:\/\/www.fenxifiber.com\/tr\/wp-json\/wp\/v2\/comments?post=464"}],"wp:featuredmedia":[{"embeddable":true,"href":"https:\/\/www.fenxifiber.com\/tr\/wp-json\/wp\/v2\/media\/465"}],"wp:attachment":[{"href":"https:\/\/www.fenxifiber.com\/tr\/wp-json\/wp\/v2\/media?parent=464"}],"wp:term":[{"taxonomy":"product_brand","embeddable":true,"href":"https:\/\/www.fenxifiber.com\/tr\/wp-json\/wp\/v2\/product_brand?post=464"},{"taxonomy":"product_cat","embeddable":true,"href":"https:\/\/www.fenxifiber.com\/tr\/wp-json\/wp\/v2\/product_cat?post=464"},{"taxonomy":"product_tag","embeddable":true,"href":"https:\/\/www.fenxifiber.com\/tr\/wp-json\/wp\/v2\/product_tag?post=464"}],"curies":[{"name":"wp","href":"https:\/\/api.w.org\/{rel}","templated":true}]}}