{"id":470,"date":"2026-01-29T06:29:59","date_gmt":"2026-01-29T06:29:59","guid":{"rendered":"https:\/\/www.fenxifiber.com\/?post_type=product&#038;p=470"},"modified":"2026-02-03T00:57:46","modified_gmt":"2026-02-03T00:57:46","slug":"fiber-optik-ayirici-sc-apc-116-ftth-aglari-icin-guvenilir-plc-ayirici","status":"publish","type":"product","link":"https:\/\/www.fenxifiber.com\/tr\/product\/fiber-optical-splitter-sc-apc-116-reliable-plc-splitter-for-ftth-networks\/","title":{"rendered":"Fiber Optik B\u00f6l\u00fcc\u00fc SC\/APC-1*16: FTTH A\u011flar\u0131 i\u00e7in G\u00fcvenilir PLC B\u00f6l\u00fcc\u00fc"},"content":{"rendered":"<h3>Temel \u00d6zellikler ve Avantajlar<\/h3>\n<p class=\"ds-markdown-paragraph\">Bu ay\u0131r\u0131c\u0131, d\u00fc\u015f\u00fck ekleme kayb\u0131 ve t\u00fcm kanallarda m\u00fckemmel homojenlik sunan, y\u00fcksek stabiliteye sahip kompakt bir tasar\u0131ma sahiptir. SC\/APC aray\u00fcz\u00fc, geri d\u00f6n\u00fc\u015f kayb\u0131n\u0131 azaltarak y\u00fcksek h\u0131zl\u0131 a\u011flarda \u00fcst\u00fcn performans sa\u011flar, bu da onu uzun mesafeli iletim ve FTTH da\u011f\u0131t\u0131mlar\u0131 i\u00e7in m\u00fckemmel hale getirir. Sa\u011flam yap\u0131s\u0131 \u00e7e\u015fitli \u00e7evre ko\u015fullar\u0131nda dayan\u0131kl\u0131l\u0131\u011f\u0131 desteklerken, tak ve \u00e7al\u0131\u015ft\u0131r uyumlulu\u011fu kurulum ve bak\u0131m\u0131 basitle\u015ftirir.<\/p>\n<h3>Teknik \u00d6zellikler<\/h3>\n<p class=\"ds-markdown-paragraph\">A\u015fa\u011f\u0131da, Optik Ay\u0131r\u0131c\u0131 SC\/APC-1*16 i\u00e7in end\u00fcstri standartlar\u0131na ve en son \u00fcretim verilerine dayal\u0131 olarak ger\u00e7ek zamanl\u0131 test edilmi\u015f teknik \u00f6zellikler yer almaktad\u0131r:<\/p>\n<div class=\"ds-scroll-area _1210dd7 c03cafe9\">\n<div class=\"ds-scroll-area__gutters\">\n<div class=\"ds-scroll-area__horizontal-gutter\"><\/div>\n<div class=\"ds-scroll-area__vertical-gutter\"><\/div>\n<\/div>\n<table>\n<thead>\n<tr>\n<th>\u00dcr\u00fcn Ad\u0131<\/th>\n<th>Fiber Optik B\u00f6l\u00fcc\u00fc SC\/APC-1*16<\/th>\n<\/tr>\n<\/thead>\n<tbody>\n<tr>\n<td>Konekt\u00f6r Tipi<\/td>\n<td>SC\/UPC, SC\/APC, FC\/UPC, FC\/APC, LC\/UPC, LC\/APC, ST\/UPC<\/td>\n<\/tr>\n<tr>\n<td>Renk<\/td>\n<td>Sar\u0131\/beyaz\/renk<\/td>\n<\/tr>\n<tr>\n<td>Bant Geni\u015fli\u011fi<\/td>\n<td>\u00b140nm<\/td>\n<\/tr>\n<tr>\n<td>Gerilim Dayan\u0131m\u0131<\/td>\n<td>\u2265200N<\/td>\n<\/tr>\n<tr>\n<td>Dalga Uzunlu\u011fu<\/td>\n<td>1310nm-1490nm-1550nm\/850nm<\/td>\n<\/tr>\n<tr>\n<td>Dayan\u0131kl\u0131l\u0131k<\/td>\n<td>\u22651000 kez<\/td>\n<\/tr>\n<tr>\n<td>Malzeme<\/td>\n<td>LSZH<\/td>\n<\/tr>\n<tr>\n<td>Ekleme Kayb\u0131<\/td>\n<td>\\<\/td>\n<\/tr>\n<tr>\n<td>Geri D\u00f6n\u00fc\u015f Kayb\u0131<\/td>\n<td>UPC&gt;50dB, APC&gt;60dB<\/td>\n<\/tr>\n<\/tbody>\n<\/table>\n<\/div>\n<p class=\"ds-markdown-paragraph\">Veriler, Fenxi Optoelectronics'in optik ay\u0131r\u0131c\u0131lar i\u00e7in ITU-T ve IEC standartlar\u0131na uygunlu\u011fu sa\u011flayan 2023 kalite denetimlerinden elde edilmi\u015ftir.<\/p>\n<h3>Uygulamalar<\/h3>\n<p class=\"ds-markdown-paragraph\">Bu ay\u0131r\u0131c\u0131, telekom\u00fcnikasyon operasyonlar\u0131nda, sistem entegrasyon projelerinde, FTTH a\u011flar\u0131nda, fiber iletim sistemlerinde ve ODF fiber optik da\u011f\u0131t\u0131m \u00e7er\u00e7evelerinde yayg\u0131n olarak kullan\u0131lmaktad\u0131r. A\u011f y\u00fckseltmeleri, konut geni\u015f bant da\u011f\u0131t\u0131mlar\u0131 ve end\u00fcstriyel izleme gibi senaryolarda verimli sinyal b\u00f6lme sa\u011flar ve sinyal b\u00fct\u00fcnl\u00fc\u011f\u00fcnden \u00f6d\u00fcn vermeden y\u00fcksek yo\u011funluklu ba\u011flant\u0131y\u0131 destekler.<\/p>\n<p>Optik ileti\u015fim end\u00fcstrisinde lider bir yenilik\u00e7i olan Fenxi Optoelectronics Technology, modern telekom\u00fcnikasyon ve eve kadar fiber (FTTH) uygulamalar\u0131 i\u00e7in tasarlanm\u0131\u015f y\u00fcksek performansl\u0131 bir PLC (Planar Lightwave Circuit) fiber optik ay\u0131r\u0131c\u0131 olan Optik Ay\u0131r\u0131c\u0131 SC\/APC-1*16'y\u0131 sunar. \u00dcst d\u00fczey Ar-Ge uzmanlar\u0131ndan olu\u015fan ekibimiz taraf\u0131ndan hassasiyetle tasarlanan bu ay\u0131r\u0131c\u0131, \u00f6l\u00e7eklenebilir a\u011f geni\u015fletmelerini ve sa\u011flam sistem entegrasyonlar\u0131n\u0131 destekleyerek minimum kay\u0131pla optimum sinyal da\u011f\u0131t\u0131m\u0131 sa\u011flar.<\/p>\n<h3>Neden Fenxi Optoelectronics'i Se\u00e7melisiniz?<\/h3>\n<p class=\"ds-markdown-paragraph\">Optik ileti\u015fim \u00fcr\u00fcnleri Ar-Ge ve \u00fcretimindeki uzmanl\u0131\u011f\u0131m\u0131zdan yararlanan Fenxi Optoelectronics, titiz kalite kontrol ve ger\u00e7ek zamanl\u0131 performans verilerine sahip ay\u0131r\u0131c\u0131lar sunar. \u0130novasyona ve m\u00fc\u015fteri odakl\u0131 \u00e7\u00f6z\u00fcmlere odaklanmam\u0131z, Optik B\u00f6l\u00fcc\u00fc SC\/APC-1*16'n\u0131n g\u00fcvenilir, gelece\u011fe d\u00f6n\u00fck a\u011f bile\u015fenlerine y\u00f6nelik k\u00fcresel talebi kar\u015f\u0131lamas\u0131n\u0131 sa\u011flar. Optik altyap\u0131n\u0131z\u0131 en son teknolojiyle geli\u015ftirmek i\u00e7in bizimle i\u015f ortakl\u0131\u011f\u0131 yap\u0131n.<\/p>\n<p class=\"ds-markdown-paragraph\">\u00d6zetle, Optik B\u00f6l\u00fcc\u00fc SC\/APC-1*16, Fenxi Optoelectronics'in m\u00fckemmellik taahh\u00fcd\u00fcyle desteklenen optik a\u011flar\u0131 geni\u015fletmek i\u00e7in uygun maliyetli ve verimli bir \u00e7\u00f6z\u00fcm sunar. Sorunsuz ba\u011flant\u0131 ve \u00fcst\u00fcn performans i\u00e7in bu \u00fcr\u00fcn\u00fc bir sonraki projenize entegre etmek \u00fczere bug\u00fcn bize ula\u015f\u0131n.<\/p>","protected":false},"excerpt":{"rendered":"<h3>\u00dcr\u00fcne Genel Bak\u0131\u015f<\/h3>\n<p class=\"ds-markdown-paragraph\">Optik B\u00f6l\u00fcc\u00fc SC\/APC-1*16, bir giri\u015f optik sinyalini e\u015fit yo\u011funlukta 16 \u00e7\u0131k\u0131\u015f sinyaline b\u00f6len, d\u00fc\u015f\u00fck geri yans\u0131ma ve g\u00fcvenli ba\u011flant\u0131lar i\u00e7in SC\/APC konekt\u00f6rlerini kullanan pasif bir optik bile\u015fendir. Yo\u011fun dalga boyu b\u00f6lmeli \u00e7o\u011fullama (DWDM) ortamlar\u0131 i\u00e7in ideal olan bu bile\u015fen, telekom\u00fcnikasyon, veri merkezleri ve geni\u015f bant eri\u015fim projelerinde bant geni\u015fli\u011fi verimlili\u011fini ve a\u011f g\u00fcvenilirli\u011fini art\u0131r\u0131r.<\/p>","protected":false},"featured_media":471,"comment_status":"open","ping_status":"closed","template":"","meta":[],"product_brand":[],"product_cat":[28],"product_tag":[],"class_list":{"0":"post-470","1":"product","2":"type-product","3":"status-publish","4":"has-post-thumbnail","6":"product_cat-fiber-optic-splitter","8":"first","9":"instock","10":"shipping-taxable","11":"product-type-simple"},"_links":{"self":[{"href":"https:\/\/www.fenxifiber.com\/tr\/wp-json\/wp\/v2\/product\/470","targetHints":{"allow":["GET"]}}],"collection":[{"href":"https:\/\/www.fenxifiber.com\/tr\/wp-json\/wp\/v2\/product"}],"about":[{"href":"https:\/\/www.fenxifiber.com\/tr\/wp-json\/wp\/v2\/types\/product"}],"replies":[{"embeddable":true,"href":"https:\/\/www.fenxifiber.com\/tr\/wp-json\/wp\/v2\/comments?post=470"}],"wp:featuredmedia":[{"embeddable":true,"href":"https:\/\/www.fenxifiber.com\/tr\/wp-json\/wp\/v2\/media\/471"}],"wp:attachment":[{"href":"https:\/\/www.fenxifiber.com\/tr\/wp-json\/wp\/v2\/media?parent=470"}],"wp:term":[{"taxonomy":"product_brand","embeddable":true,"href":"https:\/\/www.fenxifiber.com\/tr\/wp-json\/wp\/v2\/product_brand?post=470"},{"taxonomy":"product_cat","embeddable":true,"href":"https:\/\/www.fenxifiber.com\/tr\/wp-json\/wp\/v2\/product_cat?post=470"},{"taxonomy":"product_tag","embeddable":true,"href":"https:\/\/www.fenxifiber.com\/tr\/wp-json\/wp\/v2\/product_tag?post=470"}],"curies":[{"name":"wp","href":"https:\/\/api.w.org\/{rel}","templated":true}]}}