{"id":478,"date":"2026-01-29T07:13:44","date_gmt":"2026-01-29T07:13:44","guid":{"rendered":"https:\/\/www.fenxifiber.com\/?post_type=product&#038;p=478"},"modified":"2026-02-03T03:53:01","modified_gmt":"2026-02-03T03:53:01","slug":"olceklenebilir-ftth-dagitimi-icin-fiber-optik-ayirici-sc-apc-28","status":"publish","type":"product","link":"https:\/\/www.fenxifiber.com\/tr\/product\/fiber-optical-splitter-sc-apc-28-for-scalable-ftth-deployment\/","title":{"rendered":"\u00d6l\u00e7eklenebilir FTTH Da\u011f\u0131t\u0131m\u0131 i\u00e7in Fiber Optik B\u00f6l\u00fcc\u00fc SC\/APC-2*8"},"content":{"rendered":"<h2>Esnek A\u011f Mimarisi i\u00e7in Tasarland\u0131<\/h2>\n<p>Modern eri\u015fim a\u011flar\u0131, karma\u015f\u0131k d\u00fczenlere ve gelecekteki geni\u015flemelere uyum sa\u011flayabilen bile\u015fenler gerektirir. 2\u00d78 ay\u0131r\u0131c\u0131 yap\u0131s\u0131, a\u011f tasar\u0131mc\u0131lar\u0131n\u0131n trafi\u011fi dengelemesine, fiber kullan\u0131m\u0131n\u0131 optimize etmesine ve eri\u015fim katman\u0131nda da\u011f\u0131t\u0131m\u0131 basitle\u015ftirmesine olanak tan\u0131r.<\/p>\n<p>Temel tasar\u0131m avantajlar\u0131 \u015funlard\u0131r:<\/p>\n<ul>\n<li><strong>\u00c7ift Besleyici Deste\u011fi<\/strong><br \/>\nEri\u015fim ve toplama a\u011flar\u0131nda yedek yollar veya y\u00fck payla\u015f\u0131m tasar\u0131mlar\u0131 i\u00e7in idealdir.<\/li>\n<li><strong>SC\/APC D\u00fc\u015f\u00fck Yans\u0131ma Aray\u00fcz\u00fc<\/strong><br \/>\n8 derecelik a\u00e7\u0131l\u0131 cila, geri yans\u0131may\u0131 en aza indirerek y\u00fcksek h\u0131zl\u0131 veri ve video hizmetleri i\u00e7in iletim kalitesini art\u0131r\u0131r.<\/li>\n<li><strong>Y\u00fcksek Yo\u011funluklu Uyumluluk<\/strong><br \/>\nKompakt yap\u0131, ODF fiber optik da\u011f\u0131t\u0131m \u00e7er\u00e7evelerine, fiber optik ek kapaklar\u0131na ve sonland\u0131rma kutular\u0131na kolay kurulum sa\u011flar.<\/li>\n<\/ul>\n<h2>Teknik Parametreler<\/h2>\n<p>A\u015fa\u011f\u0131daki teknik veriler, ta\u015f\u0131y\u0131c\u0131 ve kurumsal a\u011flarda kullan\u0131lan PLC tabanl\u0131 optik ay\u0131r\u0131c\u0131lar i\u00e7in mevcut end\u00fcstri standartlar\u0131n\u0131 yans\u0131tmaktad\u0131r.<\/p>\n<table>\n<thead>\n<tr>\n<th>\u00dcr\u00fcn Ad\u0131<\/th>\n<th>Fiber Optik B\u00f6l\u00fcc\u00fc SC\/APC-2*8<\/th>\n<\/tr>\n<\/thead>\n<tbody>\n<tr>\n<td>Konekt\u00f6r Tipi<\/td>\n<td>SC\/UPC, SC\/APC, FC\/UPC, FC\/APC, LC\/UPC, LC\/APC, ST\/UPC<\/td>\n<\/tr>\n<tr>\n<td>Renk<\/td>\n<td>Sar\u0131\/beyaz\/renk<\/td>\n<\/tr>\n<tr>\n<td>Bant Geni\u015fli\u011fi<\/td>\n<td>\u00b140nm<\/td>\n<\/tr>\n<tr>\n<td>Gerilim Dayan\u0131m\u0131<\/td>\n<td>\u2265200N<\/td>\n<\/tr>\n<tr>\n<td>Dalga Uzunlu\u011fu<\/td>\n<td>1310nm-1490nm-1550nm\/850nm<\/td>\n<\/tr>\n<tr>\n<td>Dayan\u0131kl\u0131l\u0131k<\/td>\n<td>\u22651000 kez<\/td>\n<\/tr>\n<tr>\n<td>Malzeme<\/td>\n<td>LSZH<\/td>\n<\/tr>\n<tr>\n<td>Ekleme Kayb\u0131<\/td>\n<td>\\<\/td>\n<\/tr>\n<tr>\n<td>Geri D\u00f6n\u00fc\u015f Kayb\u0131<\/td>\n<td>UPC&gt;50dB, APC&gt;60dB<\/td>\n<\/tr>\n<\/tbody>\n<\/table>\n<p><em>T\u00fcm de\u011ferler, yayg\u0131n olarak benimsenen telekom s\u0131n\u0131f\u0131 optik ay\u0131r\u0131c\u0131 \u00f6zellikleriyle uyumludur.<\/em><\/p>\n<h2>Tipik Uygulamalar<\/h2>\n<p>Bu\u00a0<strong>Optik B\u00f6l\u00fcc\u00fc SC\/APC-2*8<\/strong>\u00a0dahil olmak \u00fczere \u00e7ok \u00e7e\u015fitli optik ileti\u015fim senaryolar\u0131 i\u00e7in uygundur:<\/p>\n<ul>\n<li><strong>FTTH ve FTTB eri\u015fim a\u011flar\u0131<\/strong><\/li>\n<li><strong>Telekom\u00fcnikasyon operat\u00f6r\u00fc da\u011f\u0131t\u0131m katmanlar\u0131<\/strong><\/li>\n<li><strong>Sistem entegrasyonu ve altyap\u0131 y\u00fckseltmeleri<\/strong><\/li>\n<li><strong>Esnek dallanma gerektiren fiber iletim a\u011flar\u0131<\/strong><\/li>\n<\/ul>\n<p>Fenxi'nin fiber optik ba\u011flant\u0131 kablolar\u0131, ODF da\u011f\u0131t\u0131m \u00e7er\u00e7eveleri ve 12 \u00e7ekirdekli fiber optik kasetleriyle birlikte kullan\u0131ld\u0131\u011f\u0131nda, g\u00fcvenilir ve \u00f6l\u00e7eklenebilir bir pasif optik \u00e7\u00f6z\u00fcm olu\u015fturur.<\/p>\n<h2>Kalite ve \u00dcretim G\u00fcvencesi<\/h2>\n<p>Fenxi Optoelectronics Technology, hem yerel hem de uluslararas\u0131 pazarlardan deneyimli Ar-Ge m\u00fchendislerini ve kalite y\u00f6netimi uzmanlar\u0131n\u0131 bir araya getirmektedir. Her optik ay\u0131r\u0131c\u0131, end\u00fcstri standartlar\u0131na uygunlu\u011fu sa\u011flamak i\u00e7in titiz performans testlerinden ge\u00e7irilerek m\u00fc\u015fterilerin istikrarl\u0131 a\u011f \u00e7al\u0131\u015fmas\u0131 ve daha az bak\u0131m gereksinimi elde etmesine yard\u0131mc\u0131 olur.<\/p>","protected":false},"excerpt":{"rendered":"<h2>\u00dcr\u00fcn Tan\u0131t\u0131m\u0131<\/h2>\n<p>Bu\u00a0<strong>Optik B\u00f6l\u00fcc\u00fc SC\/APC-2*8<\/strong>\u00a0Fenxi Optoelectronics Technology taraf\u0131ndan \u00f6l\u00e7eklenebilir fiber eri\u015fim a\u011flar\u0131na y\u00f6nelik artan talebi kar\u015f\u0131lamak \u00fczere geli\u015ftirilen y\u00fcksek kapasiteli bir pasif optik bile\u015fendir. \u0130le tasarlanm\u0131\u015ft\u0131r\u00a0<strong>iki giri\u015f portu ve sekiz \u00e7\u0131k\u0131\u015f portu<\/strong>, Bu ay\u0131r\u0131c\u0131, FTTH, FTTB ve PON sistemlerinde esnek a\u011f topolojilerini destekleyen \u00e7ift besleyici fiberden verimli sinyal da\u011f\u0131t\u0131m\u0131 sa\u011flar.<\/p>\n<p>Geli\u015fmi\u015f PLC \u00fcretim teknolojisini s\u0131k\u0131 kalite y\u00f6netimiyle birle\u015ftiren Fenxi, telekom s\u0131n\u0131f\u0131 uygulamalar i\u00e7in istikrarl\u0131 optik performans ve uzun vadeli g\u00fcvenilirlik sa\u011flar.<\/p>","protected":false},"featured_media":622,"comment_status":"open","ping_status":"closed","template":"","meta":[],"product_brand":[],"product_cat":[28],"product_tag":[],"class_list":{"0":"post-478","1":"product","2":"type-product","3":"status-publish","4":"has-post-thumbnail","6":"product_cat-fiber-optic-splitter","8":"first","9":"instock","10":"shipping-taxable","11":"product-type-simple"},"_links":{"self":[{"href":"https:\/\/www.fenxifiber.com\/tr\/wp-json\/wp\/v2\/product\/478","targetHints":{"allow":["GET"]}}],"collection":[{"href":"https:\/\/www.fenxifiber.com\/tr\/wp-json\/wp\/v2\/product"}],"about":[{"href":"https:\/\/www.fenxifiber.com\/tr\/wp-json\/wp\/v2\/types\/product"}],"replies":[{"embeddable":true,"href":"https:\/\/www.fenxifiber.com\/tr\/wp-json\/wp\/v2\/comments?post=478"}],"wp:featuredmedia":[{"embeddable":true,"href":"https:\/\/www.fenxifiber.com\/tr\/wp-json\/wp\/v2\/media\/622"}],"wp:attachment":[{"href":"https:\/\/www.fenxifiber.com\/tr\/wp-json\/wp\/v2\/media?parent=478"}],"wp:term":[{"taxonomy":"product_brand","embeddable":true,"href":"https:\/\/www.fenxifiber.com\/tr\/wp-json\/wp\/v2\/product_brand?post=478"},{"taxonomy":"product_cat","embeddable":true,"href":"https:\/\/www.fenxifiber.com\/tr\/wp-json\/wp\/v2\/product_cat?post=478"},{"taxonomy":"product_tag","embeddable":true,"href":"https:\/\/www.fenxifiber.com\/tr\/wp-json\/wp\/v2\/product_tag?post=478"}],"curies":[{"name":"wp","href":"https:\/\/api.w.org\/{rel}","templated":true}]}}