{"id":480,"date":"2026-01-29T07:19:15","date_gmt":"2026-01-29T07:19:15","guid":{"rendered":"https:\/\/www.fenxifiber.com\/?post_type=product&#038;p=480"},"modified":"2026-02-03T01:00:37","modified_gmt":"2026-02-03T01:00:37","slug":"yuksek-yogunluklu-erisim-icin-fiber-optik-ayirici-sc-apc-216","status":"publish","type":"product","link":"https:\/\/www.fenxifiber.com\/tr\/product\/fiber-optical-splitter-sc-apc-216-for-high-density-access\/","title":{"rendered":"Y\u00fcksek Yo\u011funluklu Eri\u015fim i\u00e7in Fiber Optik B\u00f6l\u00fcc\u00fc SC\/APC-2*16"},"content":{"rendered":"<h2>B\u00fcy\u00fck \u00d6l\u00e7ekli A\u011f Geni\u015flemesi i\u00e7in Tasarland\u0131<\/h2>\n<p>Fiber a\u011flar\u0131n \u00f6l\u00e7e\u011fi b\u00fcy\u00fcmeye devam ettik\u00e7e, verimli sinyal da\u011f\u0131t\u0131m\u0131 giderek daha \u00f6nemli hale gelmektedir. 2\u00d716 ay\u0131r\u0131c\u0131 mimarisi, operat\u00f6rlerin a\u011f topolojisini basitle\u015ftirirken fiber kaynak t\u00fcketimini azaltmas\u0131na olanak tan\u0131r.<\/p>\n<p>Ana tasar\u0131m \u00f6zellikleri \u015funlard\u0131r:<\/p>\n<ul>\n<li><strong>Y\u00fcksek B\u00f6lme Oran\u0131 \u00d6zelli\u011fi<\/strong><br \/>\nDa\u011f\u0131t\u0131m birimi ba\u015f\u0131na 16 adede kadar kullan\u0131c\u0131 u\u00e7 noktas\u0131n\u0131 destekler, yo\u011fun konut veya ticari alanlar i\u00e7in idealdir.<\/li>\n<li><strong>SC\/APC Konekt\u00f6r Aray\u00fcz\u00fc<\/strong><br \/>\nA\u00e7\u0131l\u0131 fiziksel temas parlatma, \u00f6zellikle GPON ve EPON sistemlerinde geri d\u00f6n\u00fc\u015f kayb\u0131n\u0131 en aza indirir ve sinyal kararl\u0131l\u0131\u011f\u0131n\u0131 art\u0131r\u0131r.<\/li>\n<li><strong>Yerden Tasarruf Sa\u011flayan Yap\u0131<\/strong><br \/>\nODF fiber optik da\u011f\u0131t\u0131m \u00e7er\u00e7evelerine, fiber optik sonland\u0131rma kutular\u0131na ve ekleme kapaklar\u0131na kurulum i\u00e7in uygundur.<\/li>\n<\/ul>\n<h2>Optik ve Mekanik \u00d6zellikler<\/h2>\n<p>Geli\u015fmi\u015f PLC teknolojisi kullan\u0131larak \u00fcretilen Optik B\u00f6l\u00fcc\u00fc SC\/APC-2*16, telekom operat\u00f6rleri taraf\u0131ndan kullan\u0131lan pasif optik bile\u015fenler i\u00e7in mevcut end\u00fcstri standartlar\u0131n\u0131 kar\u015f\u0131lar.<\/p>\n<table>\n<thead>\n<tr>\n<th>\u00dcr\u00fcn Ad\u0131<\/th>\n<th>Fiber Optik B\u00f6l\u00fcc\u00fc SC\/APC-2*16<\/th>\n<\/tr>\n<\/thead>\n<tbody>\n<tr>\n<td>Konekt\u00f6r Tipi<\/td>\n<td>SC\/UPC, SC\/APC, FC\/UPC, FC\/APC, LC\/UPC, LC\/APC, ST\/UPC<\/td>\n<\/tr>\n<tr>\n<td>Renk<\/td>\n<td>Sar\u0131\/beyaz\/renk<\/td>\n<\/tr>\n<tr>\n<td>Bant Geni\u015fli\u011fi<\/td>\n<td>\u00b140nm<\/td>\n<\/tr>\n<tr>\n<td>Gerilim Dayan\u0131m\u0131<\/td>\n<td>\u2265200N<\/td>\n<\/tr>\n<tr>\n<td>Dalga Uzunlu\u011fu<\/td>\n<td>1310nm-1490nm-1550nm\/850nm<\/td>\n<\/tr>\n<tr>\n<td>Dayan\u0131kl\u0131l\u0131k<\/td>\n<td>\u22651000 kez<\/td>\n<\/tr>\n<tr>\n<td>Malzeme<\/td>\n<td>LSZH<\/td>\n<\/tr>\n<tr>\n<td>Ekleme Kayb\u0131<\/td>\n<td>\\<\/td>\n<\/tr>\n<tr>\n<td>Geri D\u00f6n\u00fc\u015f Kayb\u0131<\/td>\n<td>UPC&gt;50dB, APC&gt;60dB<\/td>\n<\/tr>\n<\/tbody>\n<\/table>\n<p><em>Performans de\u011ferleri, yayg\u0131n olarak kabul edilen telekom s\u0131n\u0131f\u0131 PLC ay\u0131r\u0131c\u0131 \u00f6zellikleriyle uyumludur.<\/em><\/p>\n<h2>Tipik Da\u011f\u0131t\u0131m Senaryolar\u0131<\/h2>\n<p>Bu\u00a0<strong>Optik B\u00f6l\u00fcc\u00fc SC\/APC-2*16<\/strong>\u00a0dahil olmak \u00fczere a\u011f yo\u011funlu\u011fu ve \u00f6l\u00e7eklenebilirli\u011fin \u00f6nemli oldu\u011fu ortamlar i\u00e7in optimize edilmi\u015ftir:<\/p>\n<ul>\n<li><strong>FTTH eri\u015fim a\u011flar\u0131<\/strong>\u00a0y\u00fcksek binalarda<\/li>\n<li><strong>Telekom\u00fcnikasyon operat\u00f6r\u00fc da\u011f\u0131t\u0131m d\u00fc\u011f\u00fcmleri<\/strong><\/li>\n<li><strong>Fiber iletim ve birle\u015ftirme noktalar\u0131<\/strong><\/li>\n<li><strong>Sistem entegrasyon projeleri<\/strong>\u00a0y\u00fcksek port say\u0131s\u0131 gerektiren<\/li>\n<\/ul>\n<p>Fenxi'nin fiber optik ba\u011flant\u0131 kablolar\u0131, 12 \u00e7ekirdekli fiber optik kasetleri ve ODF da\u011f\u0131t\u0131m \u00e7er\u00e7eveleri ile birlikte kullan\u0131ld\u0131\u011f\u0131nda, eksiksiz ve verimli bir pasif optik a\u011f \u00e7\u00f6z\u00fcm\u00fc olu\u015fturmaya yard\u0131mc\u0131 olur.<\/p>\n<h2>Fenxi \u00dcretim ve Kalite G\u00fcvencesi<\/h2>\n<p>Fenxi Optoelectronics Technology, uluslararas\u0131 \u00fcretim standartlar\u0131n\u0131 deneyimli kalite y\u00f6netim ekipleriyle birle\u015ftirir. Her optik ay\u0131r\u0131c\u0131, teslimattan \u00f6nce optik performans, \u00e7evresel kararl\u0131l\u0131k ve mekanik g\u00fcvenilirlik a\u00e7\u0131s\u0131ndan test edilerek t\u00fcm a\u011f ya\u015fam d\u00f6ng\u00fcs\u00fc boyunca tutarl\u0131 kalite ve g\u00fcvenilir \u00e7al\u0131\u015fma sa\u011flar.<\/p>","protected":false},"excerpt":{"rendered":"<h2>Y\u00fcksek Kapasiteli Optik Da\u011f\u0131t\u0131m \u00c7\u00f6z\u00fcm\u00fc<\/h2>\n<p>Bu\u00a0<strong>Optik B\u00f6l\u00fcc\u00fc SC\/APC-2*16<\/strong>\u00a0Fenxi Optoelectronics Technology taraf\u0131ndan b\u00fcy\u00fck \u00f6l\u00e7ekli fiber eri\u015fim a\u011flar\u0131 i\u00e7in geli\u015ftirilen ta\u015f\u0131y\u0131c\u0131 s\u0131n\u0131f\u0131 bir pasif optik bile\u015fendir. \u0130le\u00a0<strong>iki giri\u015f portu ve on alt\u0131 \u00e7\u0131k\u0131\u015f portu<\/strong>, Bu ay\u0131r\u0131c\u0131, istikrarl\u0131 optik performans\u0131 korurken a\u011f kapsama alan\u0131n\u0131 verimli bir \u015fekilde geni\u015fletmek i\u00e7in tasarlanm\u0131\u015ft\u0131r. FTTH projelerinde, telekom eri\u015fim katmanlar\u0131nda ve y\u00fcksek ba\u011flant\u0131 noktas\u0131 yo\u011funlu\u011funun gerekli oldu\u011fu fiber iletim sistemlerinde yayg\u0131n olarak kullan\u0131lmaktad\u0131r.<\/p>\n<p>Fenxi'nin deneyimli Ar-Ge ekibi ve s\u0131k\u0131 \u00fcretim kalite kontrol\u00fc ile desteklenen splitter, modern PON altyap\u0131lar\u0131 i\u00e7in uzun vadeli g\u00fcvenilirlik sa\u011flar.<\/p>","protected":false},"featured_media":481,"comment_status":"open","ping_status":"closed","template":"","meta":[],"product_brand":[],"product_cat":[28],"product_tag":[],"class_list":{"0":"post-480","1":"product","2":"type-product","3":"status-publish","4":"has-post-thumbnail","6":"product_cat-fiber-optic-splitter","8":"first","9":"instock","10":"shipping-taxable","11":"product-type-simple"},"_links":{"self":[{"href":"https:\/\/www.fenxifiber.com\/tr\/wp-json\/wp\/v2\/product\/480","targetHints":{"allow":["GET"]}}],"collection":[{"href":"https:\/\/www.fenxifiber.com\/tr\/wp-json\/wp\/v2\/product"}],"about":[{"href":"https:\/\/www.fenxifiber.com\/tr\/wp-json\/wp\/v2\/types\/product"}],"replies":[{"embeddable":true,"href":"https:\/\/www.fenxifiber.com\/tr\/wp-json\/wp\/v2\/comments?post=480"}],"wp:featuredmedia":[{"embeddable":true,"href":"https:\/\/www.fenxifiber.com\/tr\/wp-json\/wp\/v2\/media\/481"}],"wp:attachment":[{"href":"https:\/\/www.fenxifiber.com\/tr\/wp-json\/wp\/v2\/media?parent=480"}],"wp:term":[{"taxonomy":"product_brand","embeddable":true,"href":"https:\/\/www.fenxifiber.com\/tr\/wp-json\/wp\/v2\/product_brand?post=480"},{"taxonomy":"product_cat","embeddable":true,"href":"https:\/\/www.fenxifiber.com\/tr\/wp-json\/wp\/v2\/product_cat?post=480"},{"taxonomy":"product_tag","embeddable":true,"href":"https:\/\/www.fenxifiber.com\/tr\/wp-json\/wp\/v2\/product_tag?post=480"}],"curies":[{"name":"wp","href":"https:\/\/api.w.org\/{rel}","templated":true}]}}