{"id":486,"date":"2026-01-29T08:03:09","date_gmt":"2026-01-29T08:03:09","guid":{"rendered":"https:\/\/www.fenxifiber.com\/?post_type=product&#038;p=486"},"modified":"2026-02-03T01:13:06","modified_gmt":"2026-02-03T01:13:06","slug":"fiber-optik-ayirici-sc-apc-12-ftth-fttx-icin-yuksek-hassasiyetli-1x2-plc-ayirici","status":"publish","type":"product","link":"https:\/\/www.fenxifiber.com\/tr\/product\/fiber-optical-splitter-sc-apc-12-high-precision-1x2-plc-splitter-for-ftth-fttx\/","title":{"rendered":"Fiber Optik B\u00f6l\u00fcc\u00fc SC\/APC-1*2 - FTTH ve FTTx i\u00e7in Y\u00fcksek Hassasiyetli 1\u00d72 PLC B\u00f6l\u00fcc\u00fc"},"content":{"rendered":"<p>Modern fiber eri\u015fim a\u011flar\u0131nda \u00f6nemli bir bile\u015fen olan\u00a0<strong>Optik B\u00f6l\u00fcc\u00fc SC\/APC-1*2<\/strong>\u00a0Fenxi Optoelectronics Technology'den FTTH, FTTx, CATV ve PON sistemlerinde kararl\u0131, d\u00fc\u015f\u00fck kay\u0131pl\u0131 sinyal da\u011f\u0131t\u0131m\u0131 i\u00e7in tasarlanm\u0131\u015ft\u0131r. SC\/APC konnekt\u00f6rleri ve 1\u00d72 PLC b\u00f6lme yap\u0131s\u0131 ile \u00fcretilen bu \u00fcr\u00fcn, merkez ofislerden m\u00fc\u015fteri tesislerine kadar m\u00fckemmel optik performans, g\u00fcvenilirlik ve da\u011f\u0131t\u0131m kolayl\u0131\u011f\u0131 sa\u011flar.<\/p>\n<hr \/>\n<h2>\u00dcr\u00fcne Genel Bak\u0131\u015f<\/h2>\n<p>Bu 1 \u00d7 2 SC \/ APC PLC optik ay\u0131r\u0131c\u0131, bir giri\u015f optik sinyalini minimum ekleme kayb\u0131 ve 1260-1650 nm dalga boyu aral\u0131\u011f\u0131n\u0131n tamam\u0131nda y\u00fcksek stabilite ile iki dengeli \u00e7\u0131k\u0131\u015fa b\u00f6ler. \u015eunlar i\u00e7in uygundur:<\/p>\n<ul>\n<li><strong>Telekom operat\u00f6rleri ve \u0130SS'ler<\/strong>\u00a0GPON\/EPON a\u011flar\u0131n\u0131n konu\u015fland\u0131r\u0131lmas\u0131<\/li>\n<li><strong>FTTH\/FTTB\/FTTO<\/strong>\u00a0eri\u015fim senaryolar\u0131<\/li>\n<li><strong>Pasif optik LAN'lar (POL)<\/strong>\u00a0ve kamp\u00fcs a\u011flar\u0131<\/li>\n<li><strong>CATV ve video g\u00f6zetimi<\/strong>\u00a0i\u0307leti\u0307m si\u0307stemleri\u0307<\/li>\n<\/ul>\n<p>Ay\u0131r\u0131c\u0131, farkl\u0131 m\u00fchendislik ortamlar\u0131na ve kurulum tercihlerine uyacak \u015fekilde \u00e7\u0131plak fiber, bloksuz, \u00e7elik boru, mini mod\u00fcl, tepsi ve rafa monte ODF formlar\u0131nda mevcuttur.<\/p>\n<hr \/>\n<h2>Teknik \u00d6zellikler (Tipik De\u011ferler)<\/h2>\n<p>A\u015fa\u011f\u0131daki tabloda standart bir tek mod i\u00e7in tipik teknik parametreler \u00f6zetlenmektedir\u00a0<strong>Optik B\u00f6l\u00fcc\u00fc SC\/APC-1*2<\/strong>\u00a0GPON\/EPON FTTH uygulamalar\u0131nda kullan\u0131l\u0131r. De\u011ferler, SC\/APC konnekt\u00f6rl\u00fc 1\u00d72 PLC ay\u0131r\u0131c\u0131lar i\u00e7in ana ak\u0131m end\u00fcstri verilerine dayanmaktad\u0131r.<\/p>\n<table>\n<thead>\n<tr>\n<th>\u00dcr\u00fcn Ad\u0131<\/th>\n<th>Fiber Optik B\u00f6l\u00fcc\u00fc SC\/APC-1*2<\/th>\n<\/tr>\n<\/thead>\n<tbody>\n<tr>\n<td>Konekt\u00f6r Tipi<\/td>\n<td>SC\/UPC, SC\/APC, FC\/UPC, FC\/APC, LC\/UPC, LC\/APC, ST\/UPC<\/td>\n<\/tr>\n<tr>\n<td>Renk<\/td>\n<td>Sar\u0131\/beyaz\/renk<\/td>\n<\/tr>\n<tr>\n<td>Bant Geni\u015fli\u011fi<\/td>\n<td>\u00b140nm<\/td>\n<\/tr>\n<tr>\n<td>Gerilim Dayan\u0131m\u0131<\/td>\n<td>\u2265200N<\/td>\n<\/tr>\n<tr>\n<td>Dalga Uzunlu\u011fu<\/td>\n<td>1310nm-1490nm-1550nm\/850nm<\/td>\n<\/tr>\n<tr>\n<td>Dayan\u0131kl\u0131l\u0131k<\/td>\n<td>\u22651000 kez<\/td>\n<\/tr>\n<tr>\n<td>Malzeme<\/td>\n<td>LSZH<\/td>\n<\/tr>\n<tr>\n<td>Ekleme Kayb\u0131<\/td>\n<td>\\<\/td>\n<\/tr>\n<tr>\n<td>Geri D\u00f6n\u00fc\u015f Kayb\u0131<\/td>\n<td>UPC&gt;50dB, APC&gt;60dB<\/td>\n<\/tr>\n<\/tbody>\n<\/table>\n<p><em>Not: Belirli de\u011ferler, standart end\u00fcstri aral\u0131klar\u0131 dahilinde proje gereksinimlerine g\u00f6re \u00f6zelle\u015ftirilebilir.<\/em><\/p>\n<hr \/>\n<h2>Uygulama Senaryolar\u0131<\/h2>\n<ol>\n<li><strong>FTTH\/FTTx Eri\u015fim A\u011flar\u0131<\/strong>\n<ul>\n<li>Tek bir besleyici fiber sinyalini iki damla fibere da\u011f\u0131tma<\/li>\n<li>\u00c7ok konutlu birimler (MDU'lar), k\u00fc\u00e7\u00fck i\u015fletmeler ve ev kullan\u0131c\u0131lar\u0131 i\u00e7in ideal<\/li>\n<\/ul>\n<\/li>\n<li><strong>PON Merkez Ofis ve D\u0131\u015f Mekan Dolaplar\u0131<\/strong>\n<ul>\n<li>ODF da\u011f\u0131t\u0131m \u00e7er\u00e7evelerine, splitter kasetlerine ve d\u0131\u015f mekan dolaplar\u0131na kolayca entegre olur<\/li>\n<li>GPON\/EPON, XG(S)-PON ve di\u011fer PON mimarilerini destekler<\/li>\n<\/ul>\n<\/li>\n<li><strong>Kurumsal ve Kamp\u00fcs A\u011flar\u0131<\/strong>\n<ul>\n<li>Fiber kullan\u0131m\u0131n\u0131 optimize etmek i\u00e7in pasif optik LAN'larda (POL) kullan\u0131l\u0131r<\/li>\n<li>B\u00f6l\u00fcnm\u00fc\u015f noktalarda aktif g\u00fc\u00e7 t\u00fcketimi olmadan esnek a\u011f geni\u015flemesi sa\u011flar<\/li>\n<\/ul>\n<\/li>\n<li><strong>CATV &amp; Video G\u00f6zetim<\/strong>\n<ul>\n<li>HD video iletimi ve izleme sistemleri i\u00e7in kararl\u0131, d\u00fc\u015f\u00fck kay\u0131pl\u0131 sinyal b\u00f6lme<\/li>\n<\/ul>\n<\/li>\n<\/ol>\n<hr \/>\n<h2>M\u00fchendislik ve Da\u011f\u0131t\u0131m i\u00e7in Avantajlar<\/h2>\n<ul>\n<li><strong>H\u0131zl\u0131 kurulum:<\/strong>\u00a0SC\/APC ba\u011flant\u0131l\u0131 \u00e7\u0131k\u0131\u015flar saha kurulumunu ve bak\u0131m\u0131 basitle\u015ftirir<\/li>\n<li><strong>Azalt\u0131lm\u0131\u015f \u0130\u015fletme ve Bak\u0131m maliyetleri:<\/strong>\u00a0G\u00fc\u00e7 t\u00fcketimi olmayan ve uzun \u00f6m\u00fcrl\u00fc pasif tasar\u0131m<\/li>\n<li><strong>Y\u00fcksek uyumluluk:<\/strong>\u00a0standart optik da\u011f\u0131t\u0131m \u00e7er\u00e7eveleri, ek kapaklar\u0131, sonland\u0131rma kutular\u0131 ve mevcut SC\/APC kablolama altyap\u0131s\u0131 ile tamamen uyumludur<\/li>\n<li><strong>Kompakt form fakt\u00f6r\u00fc:<\/strong>\u00a0duvara monte kutular ve dire\u011fe monte kapaklar gibi s\u0131n\u0131rl\u0131 alanl\u0131 ortamlarda y\u00fcksek yo\u011funluklu kablolama sa\u011flar<\/li>\n<\/ul>\n<hr \/>\n<h2>\u00d6zelle\u015ftirme Se\u00e7enekleri<\/h2>\n<p>Fenxi Optoelectronics Technology, a\u015fa\u011f\u0131dakiler i\u00e7in OEM\/ODM hizmetleri sunmaktad\u0131r\u00a0<strong>Optik B\u00f6l\u00fcc\u00fc SC\/APC-1*2<\/strong>, dahil olmak \u00fczere:<\/p>\n<ul>\n<li>\u00d6zel pigtail uzunlu\u011fu ve fiber tipi (G.652.D, G.657.A1\/A2)<\/li>\n<li>Farkl\u0131 ambalajlar (\u00e7\u0131plak fiber, mini mod\u00fcl, tepsi tipi, 19\u2033 raf montaj\u0131)<\/li>\n<li>B\u00fcy\u00fck projeler i\u00e7in etiketleme, renk kodlama ve seri numaras\u0131 y\u00f6netimi<\/li>\n<li>E\u015fle\u015fen aksesuarlar: fiber sonland\u0131rma kutular\u0131, ek kapaklar\u0131, ODF \u00e7er\u00e7eveleri, patch cordlar ve pigtailler<\/li>\n<\/ul>","protected":false},"excerpt":{"rendered":"<h2>Temel \u00d6zellikler<\/h2>\n<ul>\n<li><strong>Konekt\u00f6r tipi:<\/strong>\u00a0SC\/APC (d\u00fc\u015f\u00fck yans\u0131ma a\u00e7\u0131l\u0131 cila)<\/li>\n<li><strong>Konfig\u00fcrasyon:<\/strong>\u00a01\u00d72 PLC ay\u0131r\u0131c\u0131, e\u015fit g\u00fc\u00e7 da\u011f\u0131l\u0131m\u0131<\/li>\n<li><strong>D\u00fc\u015f\u00fck ekleme kayb\u0131 ve y\u00fcksek homojenlik<\/strong>\u00a0istikrarl\u0131 kullan\u0131c\u0131 deneyimi i\u00e7in<\/li>\n<li><strong>M\u00fckemmel geri d\u00f6n\u00fc\u015f kayb\u0131<\/strong>\u00a0geri yans\u0131may\u0131 ve sistem g\u00fcr\u00fclt\u00fcs\u00fcn\u00fc azaltmak i\u00e7in<\/li>\n<li><strong>Geni\u015f \u00e7al\u0131\u015fma dalga boyu:<\/strong>\u00a01260-1650 nm (tam bant PON deste\u011fi)<\/li>\n<li><strong>Y\u00fcksek g\u00fcvenilirlik:<\/strong>\u00a0Telcordia GR-1209\/1221 uyumlu tasar\u0131m konseptleri<\/li>\n<li><strong>Esnek kurulum:<\/strong>\u00a0ek yeri kapamalar\u0131, sonland\u0131rma kutular\u0131, ODF \u00e7er\u00e7eveleri ve kasetler i\u00e7in uygundur<\/li>\n<\/ul>","protected":false},"featured_media":487,"comment_status":"open","ping_status":"closed","template":"","meta":[],"product_brand":[],"product_cat":[28],"product_tag":[],"class_list":{"0":"post-486","1":"product","2":"type-product","3":"status-publish","4":"has-post-thumbnail","6":"product_cat-fiber-optic-splitter","8":"first","9":"instock","10":"shipping-taxable","11":"product-type-simple"},"_links":{"self":[{"href":"https:\/\/www.fenxifiber.com\/tr\/wp-json\/wp\/v2\/product\/486","targetHints":{"allow":["GET"]}}],"collection":[{"href":"https:\/\/www.fenxifiber.com\/tr\/wp-json\/wp\/v2\/product"}],"about":[{"href":"https:\/\/www.fenxifiber.com\/tr\/wp-json\/wp\/v2\/types\/product"}],"replies":[{"embeddable":true,"href":"https:\/\/www.fenxifiber.com\/tr\/wp-json\/wp\/v2\/comments?post=486"}],"wp:featuredmedia":[{"embeddable":true,"href":"https:\/\/www.fenxifiber.com\/tr\/wp-json\/wp\/v2\/media\/487"}],"wp:attachment":[{"href":"https:\/\/www.fenxifiber.com\/tr\/wp-json\/wp\/v2\/media?parent=486"}],"wp:term":[{"taxonomy":"product_brand","embeddable":true,"href":"https:\/\/www.fenxifiber.com\/tr\/wp-json\/wp\/v2\/product_brand?post=486"},{"taxonomy":"product_cat","embeddable":true,"href":"https:\/\/www.fenxifiber.com\/tr\/wp-json\/wp\/v2\/product_cat?post=486"},{"taxonomy":"product_tag","embeddable":true,"href":"https:\/\/www.fenxifiber.com\/tr\/wp-json\/wp\/v2\/product_tag?post=486"}],"curies":[{"name":"wp","href":"https:\/\/api.w.org\/{rel}","templated":true}]}}