{"id":546,"date":"2026-02-03T01:33:16","date_gmt":"2026-02-03T01:33:16","guid":{"rendered":"https:\/\/www.fenxifiber.com\/?post_type=product&#038;p=546"},"modified":"2026-02-04T01:06:05","modified_gmt":"2026-02-04T01:06:05","slug":"mpo-mpo-om3-8-cekirdek-12-cekirdek","status":"publish","type":"product","link":"https:\/\/www.fenxifiber.com\/tr\/product\/mpo-mpo-om3-8core-12core\/","title":{"rendered":"MPO-MPO-OM3-8 \u00e7ekirdekli\/12 \u00e7ekirdekli Fiber Optik Yama Kablosu"},"content":{"rendered":"<h3 data-start=\"872\" data-end=\"892\"><strong data-start=\"876\" data-end=\"892\">Temel Avantajlar<\/strong><\/h3>\n<ul data-start=\"894\" data-end=\"2124\">\n<li data-start=\"894\" data-end=\"1142\">\n<p data-start=\"896\" data-end=\"1142\"><strong data-start=\"896\" data-end=\"934\">Y\u00fcksek H\u0131zl\u0131 A\u011flar i\u00e7in Optimize Edilmi\u015ftir:<\/strong> Lazerle optimize edilmi\u015f OM3 \u00e7ok modlu fiber, d\u00fc\u015f\u00fck zay\u0131flama ve end\u00fcstri standard\u0131 mesafelere kadar g\u00fcvenilir iletim ile 10 GbE, 40 GbE ve 100 GbE uygulamalar\u0131n\u0131 destekler.<\/p>\n<\/li>\n<li data-start=\"1143\" data-end=\"1330\">\n<p data-start=\"1145\" data-end=\"1330\"><strong data-start=\"1145\" data-end=\"1176\">Y\u00fcksek Lif Yo\u011funlu\u011fu Se\u00e7enekleri:<\/strong> \u0130le kullan\u0131labilir <strong data-start=\"1192\" data-end=\"1215\">8 \u00e7ekirdek veya 12 \u00e7ekirdek<\/strong> tek bir kompakt g\u00f6vdede, b\u00fcy\u00fcyen a\u011flar i\u00e7in \u00f6l\u00e7eklenebilir ba\u011flant\u0131 sa\u011flar.<\/p>\n<\/li>\n<li data-start=\"1331\" data-end=\"1553\">\n<p data-start=\"1333\" data-end=\"1553\"><strong data-start=\"1333\" data-end=\"1369\">\u00d6nceden sonland\u0131r\u0131lm\u0131\u015f ve Fabrika Testli:<\/strong> 100% ekleme kayb\u0131, geri d\u00f6n\u00fc\u015f kayb\u0131 ve kanal performans\u0131 i\u00e7in parlat\u0131lm\u0131\u015f ve test edilmi\u015ftir - tutarl\u0131 kalite ve tak ve \u00e7al\u0131\u015ft\u0131r kurulum sa\u011flar.<\/p>\n<\/li>\n<li data-start=\"1554\" data-end=\"1776\">\n<p data-start=\"1556\" data-end=\"1776\"><strong data-start=\"1556\" data-end=\"1587\">D\u00fc\u015f\u00fck Kay\u0131p, Y\u00fcksek Geri D\u00f6n\u00fc\u015f Kayb\u0131:<\/strong> Daha iyi sinyal performans\u0131 i\u00e7in d\u00fc\u015f\u00fck ekleme kayb\u0131 (genellikle \u2264 0,35 dB) ve y\u00fcksek geri d\u00f6n\u00fc\u015f kayb\u0131 ile tipik \u00e7ok modlu performans\u0131 a\u015facak \u015fekilde tasarlanm\u0131\u015ft\u0131r.<\/p>\n<\/li>\n<li data-start=\"1777\" data-end=\"1963\">\n<p data-start=\"1779\" data-end=\"1963\"><strong data-start=\"1779\" data-end=\"1802\">LSZH veya PVC Ceket:<\/strong> Veri merkezi ve i\u00e7 mekan kablolama ortamlar\u0131nda g\u00fcvenlik i\u00e7in D\u00fc\u015f\u00fck Dumanl\u0131 S\u0131f\u0131r Halojen (LSZH) veya PVC k\u0131l\u0131f se\u00e7enekleri.<\/p>\n<\/li>\n<li data-start=\"1964\" data-end=\"2124\">\n<p data-start=\"1966\" data-end=\"2124\"><strong data-start=\"1966\" data-end=\"1996\">Esnek Polarite Deste\u011fi:<\/strong> \u00c7e\u015fitli a\u011f topolojilerine uymas\u0131 i\u00e7in Tip A, B veya C polarite konfig\u00fcrasyonlar\u0131nda mevcuttur.<\/p>\n<\/li>\n<\/ul>\n<h3 data-start=\"2126\" data-end=\"2158\"><strong data-start=\"2130\" data-end=\"2158\">Teknik \u00d6zellikler<\/strong><\/h3>\n<div class=\"TyagGW_tableContainer\">\n<div class=\"group TyagGW_tableWrapper flex flex-col-reverse w-fit\" tabindex=\"-1\">\n<table class=\"w-fit min-w-(--thread-content-width)\" data-start=\"2160\" data-end=\"2687\">\n<thead data-start=\"2160\" data-end=\"2187\">\n<tr data-start=\"2160\" data-end=\"2187\">\n<th class=\"\" data-start=\"2160\" data-end=\"2170\" data-col-size=\"sm\">\u00d6zellik<\/th>\n<th class=\"\" data-start=\"2170\" data-end=\"2187\" data-col-size=\"md\">\u015eartname<\/th>\n<\/tr>\n<\/thead>\n<tbody data-start=\"2215\" data-end=\"2687\">\n<tr data-start=\"2215\" data-end=\"2257\">\n<td data-start=\"2215\" data-end=\"2228\" data-col-size=\"sm\">Elyaf Tipi<\/td>\n<td data-start=\"2228\" data-end=\"2257\" data-col-size=\"md\">\u00c7ok Modlu OM3 (50\/125 \u00b5m)<\/td>\n<\/tr>\n<tr data-start=\"2258\" data-end=\"2293\">\n<td data-start=\"2258\" data-end=\"2271\" data-col-size=\"sm\">\u00c7ekirdek Say\u0131s\u0131<\/td>\n<td data-start=\"2271\" data-end=\"2293\" data-col-size=\"md\">8 \u00e7ekirdek \/ 12 \u00e7ekirdek<\/td>\n<\/tr>\n<tr data-start=\"2294\" data-end=\"2336\">\n<td data-start=\"2294\" data-end=\"2306\" data-col-size=\"sm\">Konekt\u00f6r<\/td>\n<td data-col-size=\"md\" data-start=\"2306\" data-end=\"2336\">MPO'dan MPO'ya (kad\u0131n\/kad\u0131n)<\/td>\n<\/tr>\n<tr data-start=\"2337\" data-end=\"2382\">\n<td data-start=\"2337\" data-end=\"2349\" data-col-size=\"sm\">Parlatma<\/td>\n<td data-start=\"2349\" data-end=\"2382\" data-col-size=\"md\">PC\/UPC standart; APC iste\u011fe ba\u011fl\u0131<\/td>\n<\/tr>\n<tr data-start=\"2383\" data-end=\"2407\">\n<td data-start=\"2383\" data-end=\"2392\" data-col-size=\"sm\">Ceket<\/td>\n<td data-start=\"2392\" data-end=\"2407\" data-col-size=\"md\">LSZH veya PVC<\/td>\n<\/tr>\n<tr data-start=\"2408\" data-end=\"2438\">\n<td data-start=\"2408\" data-end=\"2419\" data-col-size=\"sm\">\u00c7ap<\/td>\n<td data-col-size=\"md\" data-start=\"2419\" data-end=\"2438\">Tipik ~3,0 mm<\/td>\n<\/tr>\n<tr data-start=\"2439\" data-end=\"2508\">\n<td data-start=\"2439\" data-end=\"2456\" data-col-size=\"sm\">Ekleme Kayb\u0131<\/td>\n<td data-col-size=\"md\" data-start=\"2456\" data-end=\"2508\">\u2264 0,35 dB (standart); \u2264 0,20 dB (elit\/d\u00fc\u015f\u00fck kay\u0131p)<\/td>\n<\/tr>\n<tr data-start=\"2509\" data-end=\"2544\">\n<td data-start=\"2509\" data-end=\"2523\" data-col-size=\"sm\">Geri D\u00f6n\u00fc\u015f Kayb\u0131<\/td>\n<td data-start=\"2523\" data-end=\"2544\" data-col-size=\"md\">\u2265 35 dB veya daha iyi<\/td>\n<\/tr>\n<tr data-start=\"2545\" data-end=\"2583\">\n<td data-start=\"2545\" data-end=\"2562\" data-col-size=\"sm\">\u00c7al\u0131\u015fma S\u0131cakl\u0131\u011f\u0131<\/td>\n<td data-col-size=\"md\" data-start=\"2562\" data-end=\"2583\">~-10 \u00b0C ila +70 \u00b0C<\/td>\n<\/tr>\n<tr data-start=\"2584\" data-end=\"2687\">\n<td data-start=\"2584\" data-end=\"2596\" data-col-size=\"sm\">Standartlar<\/td>\n<td data-start=\"2596\" data-end=\"2648\" data-col-size=\"md\">IEC-61754-7, EIA\/TIA-604-5, RoHS, REACH uyumlu<\/td>\n<\/tr>\n<\/tbody>\n<\/table>\n<\/div>\n<\/div>\n<h3 data-start=\"2689\" data-end=\"2717\"><strong data-start=\"2693\" data-end=\"2717\">Tipik Uygulamalar<\/strong><\/h3>\n<ul data-start=\"2719\" data-end=\"3120\">\n<li data-start=\"2719\" data-end=\"2820\">\n<p data-start=\"2721\" data-end=\"2820\">Y\u00fcksek yo\u011funluklu <strong data-start=\"2734\" data-end=\"2750\">veri\u0307 merkezleri\u0307<\/strong> ve telekom omurga kablolamas\u0131.<\/p>\n<\/li>\n<li data-start=\"2821\" data-end=\"2915\">\n<p data-start=\"2823\" data-end=\"2915\"><strong data-start=\"2823\" data-end=\"2855\">Y\u00fcksek h\u0131zl\u0131 Ethernet a\u011flar\u0131<\/strong> (10G \/ 40G \/ 100G).<\/p>\n<\/li>\n<li data-start=\"2916\" data-end=\"3019\">\n<p data-start=\"2918\" data-end=\"3019\"><strong data-start=\"2918\" data-end=\"2950\">Depolama Alan\u0131 A\u011flar\u0131 (SAN'lar)<\/strong> ve Fiber Kanal sistemleri.<\/p>\n<\/li>\n<li data-start=\"3020\" data-end=\"3120\">\n<p data-start=\"3022\" data-end=\"3120\"><strong data-start=\"3022\" data-end=\"3041\">Paralel optikler<\/strong> ve QSFP\/SFP+ al\u0131c\u0131-verici ba\u011flant\u0131lar\u0131.<\/p>\n<\/li>\n<\/ul>\n<h3 data-start=\"3122\" data-end=\"3165\"><strong data-start=\"3126\" data-end=\"3165\">Neden Bu MPO\/MTP Yama Kablosunu Se\u00e7melisiniz?<\/strong><\/h3>\n<p data-start=\"3167\" data-end=\"3650\">G\u00fcvenilirlik ve performans i\u00e7in tasarlanan MPO-MPO-OM3-8core\/12core patch cord, y\u00fcksek yo\u011funluklu fiber altyap\u0131 i\u00e7in uygun maliyetli bir \u00e7\u00f6z\u00fcm sunar. \u00d6nceden sonland\u0131r\u0131lm\u0131\u015f yap\u0131s\u0131 kurulum s\u00fcresinden tasarruf sa\u011flar, insan hatas\u0131n\u0131 azalt\u0131r ve \u00e7ekirdek say\u0131lar\u0131 ve kablo uzunluklar\u0131 aras\u0131nda e\u015fit performans sa\u011flar. D\u00fc\u015f\u00fck kay\u0131p ve y\u00fcksek geri d\u00f6n\u00fc\u015f kayb\u0131 performans dereceleri se\u00e7enekleriyle bu yama kablosu, zorlu a\u011f gereksinimlerini \u00f6d\u00fcn vermeden kar\u015f\u0131lar.<\/p>\n<hr data-start=\"3652\" data-end=\"3655\" \/>\n<h2 data-start=\"3657\" data-end=\"3680\"><strong data-start=\"3660\" data-end=\"3680\">Profesyonel Soru-Cevap<\/strong><\/h2>\n<p data-start=\"3682\" data-end=\"4109\"><strong data-start=\"3682\" data-end=\"3760\">S1: 8 \u00e7ekirdekli ve 12 \u00e7ekirdekli OM3 MPO ba\u011flant\u0131 kablolar\u0131 aras\u0131ndaki fark nedir?<\/strong><br data-start=\"3760\" data-end=\"3763\" \/>A1: Temel fark, \u015ferit tertibat\u0131ndaki optik fiber say\u0131s\u0131d\u0131r. <strong data-start=\"3842\" data-end=\"3852\">8 \u00e7ekirdekli<\/strong> genellikle sadece sekiz fiberin gerekli oldu\u011fu belirli 40G\/100G uygulamalar\u0131 i\u00e7in kullan\u0131l\u0131rken <strong data-start=\"3946\" data-end=\"3957\">12 \u00e7ekirdekli<\/strong> tam fiber kapasitesini ve standart MPO konfig\u00fcrasyonlar\u0131n\u0131 destekleyerek daha fazla \u00f6l\u00e7eklenebilirlik ve gelece\u011fe d\u00f6n\u00fckl\u00fck sa\u011flar.<\/p>\n<p data-start=\"4111\" data-end=\"4419\"><strong data-start=\"4111\" data-end=\"4166\">S2: OM3 fiber neden veri merkezlerinde yayg\u0131n olarak kullan\u0131l\u0131r?<\/strong><br data-start=\"4166\" data-end=\"4169\" \/>A2: OM3 fiber <strong data-start=\"4186\" data-end=\"4205\">lazer i\u0307\u00e7i\u0307n opti\u0307mi\u0307ze edi\u0307lmi\u0307\u015f<\/strong> \u00c7ok modlu iletim i\u00e7in, azalt\u0131lm\u0131\u015f modal da\u011f\u0131l\u0131m ile k\u0131sa ve orta mesafelerde y\u00fcksek h\u0131zl\u0131 Ethernet i\u00e7in g\u00fcvenilir destek sunar - modern veri merkezi ba\u011flant\u0131lar\u0131 i\u00e7in idealdir.<\/p>\n<p data-start=\"4421\" data-end=\"4773\"><strong data-start=\"4421\" data-end=\"4483\">S3: Ekleme kayb\u0131 ne anlama gelir ve neden \u00f6nemlidir?<\/strong><br data-start=\"4483\" data-end=\"4486\" \/>A3: Ekleme kayb\u0131, \u0131\u015f\u0131k ba\u011flant\u0131 kablosu ve konekt\u00f6rlerden ge\u00e7erken kaybolan sinyal g\u00fcc\u00fcn\u00fc \u00f6l\u00e7er. Daha d\u00fc\u015f\u00fck ekleme kayb\u0131 (\u00f6rne\u011fin, \u2264 0,35 dB), \u00f6zellikle y\u00fcksek h\u0131zl\u0131 uygulamalarda daha g\u00fc\u00e7l\u00fc sinyal b\u00fct\u00fcnl\u00fc\u011f\u00fc ve daha y\u00fcksek a\u011f performans\u0131 sa\u011flar.<\/p>\n<p data-start=\"4775\" data-end=\"5074\"><strong data-start=\"4775\" data-end=\"4839\">S4: Polarite tipleri (A\/B\/C) MPO patch cord kullan\u0131m\u0131n\u0131 nas\u0131l etkiler?<\/strong><br data-start=\"4839\" data-end=\"4842\" \/>A4: Polarite a\u015fa\u011f\u0131dakileri tan\u0131mlar <strong data-start=\"4867\" data-end=\"4890\">fiber e\u015fleme s\u0131ras\u0131<\/strong> konekt\u00f6rler aras\u0131nda. Do\u011fru polarite tipinin se\u00e7ilmesi, karma\u015f\u0131k MPO a\u011flar\u0131nda uygun sinyal hizalamas\u0131n\u0131 sa\u011flayarak potansiyel ba\u011flant\u0131 hatalar\u0131n\u0131 azalt\u0131r.<\/p>","protected":false},"excerpt":{"rendered":"<p>Bu <strong data-start=\"335\" data-end=\"363\">MPO-MPO-OM3-8core\/12core<\/strong> y\u00fcksek performansl\u0131, fabrikada sonland\u0131r\u0131lm\u0131\u015f bir <strong data-start=\"406\" data-end=\"440\">MPO\/MTP fiber optik ba\u011flant\u0131 kablosu<\/strong> Modern y\u00fcksek yo\u011funluklu veri merkezi a\u011flar\u0131 ve kurumsal omurga uygulamalar\u0131 i\u00e7in tasarlanm\u0131\u015ft\u0131r. \u0130le in\u015fa edilmi\u015ftir <strong data-start=\"546\" data-end=\"597\">lazer i\u00e7in optimize edilmi\u015f OM3 \u00e7ok modlu fiber (50\/125 \u00b5m)<\/strong>, Bu kablo, ola\u011fan\u00fcst\u00fc sinyal b\u00fct\u00fcnl\u00fc\u011f\u00fc, d\u00fc\u015f\u00fck ekleme kayb\u0131 ve k\u0131sa eri\u015fimli, y\u00fcksek trafikli ortamlarda g\u00fcvenilir ba\u011flant\u0131 sa\u011flar - bu da onu 40G \/ 100G Ethernet, Fiber Kanal, InfiniBand ve di\u011fer y\u00fcksek h\u0131zl\u0131 ba\u011flant\u0131lar i\u00e7in ideal hale getirir.<\/p>","protected":false},"featured_media":547,"comment_status":"open","ping_status":"closed","template":"","meta":[],"product_brand":[],"product_cat":[42],"product_tag":[],"class_list":{"0":"post-546","1":"product","2":"type-product","3":"status-publish","4":"has-post-thumbnail","6":"product_cat-mpo-mtp-fiber-optic-patch-cord","8":"first","9":"instock","10":"shipping-taxable","11":"product-type-simple"},"_links":{"self":[{"href":"https:\/\/www.fenxifiber.com\/tr\/wp-json\/wp\/v2\/product\/546","targetHints":{"allow":["GET"]}}],"collection":[{"href":"https:\/\/www.fenxifiber.com\/tr\/wp-json\/wp\/v2\/product"}],"about":[{"href":"https:\/\/www.fenxifiber.com\/tr\/wp-json\/wp\/v2\/types\/product"}],"replies":[{"embeddable":true,"href":"https:\/\/www.fenxifiber.com\/tr\/wp-json\/wp\/v2\/comments?post=546"}],"wp:featuredmedia":[{"embeddable":true,"href":"https:\/\/www.fenxifiber.com\/tr\/wp-json\/wp\/v2\/media\/547"}],"wp:attachment":[{"href":"https:\/\/www.fenxifiber.com\/tr\/wp-json\/wp\/v2\/media?parent=546"}],"wp:term":[{"taxonomy":"product_brand","embeddable":true,"href":"https:\/\/www.fenxifiber.com\/tr\/wp-json\/wp\/v2\/product_brand?post=546"},{"taxonomy":"product_cat","embeddable":true,"href":"https:\/\/www.fenxifiber.com\/tr\/wp-json\/wp\/v2\/product_cat?post=546"},{"taxonomy":"product_tag","embeddable":true,"href":"https:\/\/www.fenxifiber.com\/tr\/wp-json\/wp\/v2\/product_tag?post=546"}],"curies":[{"name":"wp","href":"https:\/\/api.w.org\/{rel}","templated":true}]}}