{"id":548,"date":"2026-02-03T01:38:34","date_gmt":"2026-02-03T01:38:34","guid":{"rendered":"https:\/\/www.fenxifiber.com\/?post_type=product&#038;p=548"},"modified":"2026-02-04T01:07:28","modified_gmt":"2026-02-04T01:07:28","slug":"mpo-lc-om3-om4-12core","status":"publish","type":"product","link":"https:\/\/www.fenxifiber.com\/tr\/product\/mpo-lc-om3-om4-12core\/","title":{"rendered":"MPO-LC-OM3\/OM4-12Core Veri Merkezi Fiber Patch Kablo"},"content":{"rendered":"<h3 data-start=\"786\" data-end=\"818\"><strong data-start=\"790\" data-end=\"818\">Ana \u00d6zellikler ve Faydalar<\/strong><\/h3>\n<ul data-start=\"820\" data-end=\"2158\">\n<li data-start=\"820\" data-end=\"1093\">\n<p data-start=\"822\" data-end=\"1093\"><strong data-start=\"822\" data-end=\"855\">Y\u00fcksek H\u0131zl\u0131 \u00c7ok Modlu Destek:<\/strong> \u0130le in\u015fa edilmi\u015ftir <strong data-start=\"873\" data-end=\"897\">OM3 veya OM4 50\/125 \u00b5m<\/strong> 10G, 40G ve 100G Ethernet ve \u00f6tesi i\u00e7in m\u00fckemmel performans sa\u011flayan \u00e7ok modlu fiber. OM4, OM3 ile kar\u015f\u0131la\u015ft\u0131r\u0131ld\u0131\u011f\u0131nda geli\u015fmi\u015f bant geni\u015fli\u011fi ve mesafe sunar.<\/p>\n<\/li>\n<li data-start=\"1094\" data-end=\"1344\">\n<p data-start=\"1096\" data-end=\"1344\"><strong data-start=\"1096\" data-end=\"1126\">MPO - LC Breakout Tasar\u0131m\u0131:<\/strong> Bir ucu y\u00fcksek yo\u011funluklu <strong data-start=\"1166\" data-end=\"1198\">MPO\/MTP \u00e7oklu fiber konekt\u00f6r<\/strong> ve di\u011feri ile <strong data-start=\"1218\" data-end=\"1238\">12 LC konekt\u00f6r<\/strong>, al\u0131c\u0131-vericilere ve patch panellere fan-out da\u011f\u0131t\u0131m\u0131n\u0131 basitle\u015ftirir.<\/p>\n<\/li>\n<li data-start=\"1345\" data-end=\"1596\">\n<p data-start=\"1347\" data-end=\"1596\"><strong data-start=\"1347\" data-end=\"1389\">D\u00fc\u015f\u00fck Ekleme Kayb\u0131 ve Y\u00fcksek Geri D\u00f6n\u00fc\u015f Kayb\u0131:<\/strong> MPO'da \u2264 0,3 - 0,35 dB ve LC'de \u2264 0,3 dB kadar d\u00fc\u015f\u00fck tipik ekleme kayb\u0131 de\u011ferleri, kararl\u0131 iletim i\u00e7in g\u00fc\u00e7l\u00fc geri d\u00f6n\u00fc\u015f kayb\u0131 ile minimum sinyal bozulmas\u0131 sa\u011flar.<\/p>\n<\/li>\n<li data-start=\"1597\" data-end=\"1793\">\n<p data-start=\"1599\" data-end=\"1793\"><strong data-start=\"1599\" data-end=\"1629\">Fabrikada Test Edilmi\u015f ve G\u00fcvenilir:<\/strong> Her kablo hassas bir \u015fekilde monte edilir ve sevkiyattan \u00f6nce optik performans a\u00e7\u0131s\u0131ndan 100% test edilerek g\u00fcvenilir saha sonu\u00e7lar\u0131 elde edilir.<\/p>\n<\/li>\n<li data-start=\"1794\" data-end=\"1955\">\n<p data-start=\"1796\" data-end=\"1955\"><strong data-start=\"1796\" data-end=\"1824\">Esnek Ceket Se\u00e7enekleri:<\/strong> \u0130\u00e7inde mevcut <strong data-start=\"1838\" data-end=\"1871\">LSZH (D\u00fc\u015f\u00fck Dumanl\u0131 S\u0131f\u0131r Halojen)<\/strong> g\u00fcvenli i\u00e7 mekan kullan\u0131m\u0131 i\u00e7in veya izin verilen yerlerde PVC.<\/p>\n<\/li>\n<li data-start=\"1956\" data-end=\"2158\">\n<p data-start=\"1958\" data-end=\"2158\"><strong data-start=\"1958\" data-end=\"1988\">Polarite ve \u00d6zel Se\u00e7enekler:<\/strong> End\u00fcstri standard\u0131 polarite konfig\u00fcrasyonlar\u0131n\u0131 (Tip A\/B\/C) destekler ve uzunluk, k\u0131l\u0131f tipi ve konekt\u00f6r cilas\u0131 olarak \u00f6zelle\u015ftirilebilir.<\/p>\n<\/li>\n<\/ul>\n<h3 data-start=\"2160\" data-end=\"2192\"><strong data-start=\"2164\" data-end=\"2192\">Teknik \u00d6zellikler<\/strong><\/h3>\n<div class=\"TyagGW_tableContainer\">\n<div class=\"group TyagGW_tableWrapper flex flex-col-reverse w-fit\" tabindex=\"-1\">\n<table class=\"w-fit min-w-(--thread-content-width)\" data-start=\"2194\" data-end=\"2716\">\n<thead data-start=\"2194\" data-end=\"2221\">\n<tr data-start=\"2194\" data-end=\"2221\">\n<th class=\"align-top\" data-start=\"2194\" data-end=\"2204\" data-col-size=\"sm\">\u00d6zellik<\/th>\n<th class=\"align-top\" data-start=\"2204\" data-end=\"2221\" data-col-size=\"sm\">\u015eartname<\/th>\n<\/tr>\n<\/thead>\n<tbody data-start=\"2250\" data-end=\"2716\">\n<tr data-start=\"2250\" data-end=\"2302\">\n<td data-start=\"2250\" data-end=\"2267\" data-col-size=\"sm\"><strong data-start=\"2252\" data-end=\"2266\">Elyaf Tipi<\/strong><\/td>\n<td data-start=\"2267\" data-end=\"2302\" data-col-size=\"sm\">\u00c7ok Modlu OM3 \/ OM4 (50\/125 \u00b5m)<\/td>\n<\/tr>\n<tr data-start=\"2303\" data-end=\"2333\">\n<td data-start=\"2303\" data-end=\"2320\" data-col-size=\"sm\"><strong data-start=\"2305\" data-end=\"2319\">\u00c7ekirdek Say\u0131s\u0131<\/strong><\/td>\n<td data-start=\"2320\" data-end=\"2333\" data-col-size=\"sm\">12 lif<\/td>\n<\/tr>\n<tr data-start=\"2334\" data-end=\"2376\">\n<td data-start=\"2334\" data-end=\"2352\" data-col-size=\"sm\"><strong data-start=\"2336\" data-end=\"2351\">Konekt\u00f6r A<\/strong><\/td>\n<td data-start=\"2352\" data-end=\"2376\" data-col-size=\"sm\">MPO\/MTP (\u00e7oklu fiber)<\/td>\n<\/tr>\n<tr data-start=\"2377\" data-end=\"2417\">\n<td data-start=\"2377\" data-end=\"2395\" data-col-size=\"sm\"><strong data-start=\"2379\" data-end=\"2394\">Konekt\u00f6r B<\/strong><\/td>\n<td data-start=\"2395\" data-end=\"2417\" data-col-size=\"sm\">12 \u00d7 LC konekt\u00f6rler<\/td>\n<\/tr>\n<tr data-start=\"2418\" data-end=\"2484\">\n<td data-start=\"2418\" data-end=\"2446\" data-col-size=\"sm\"><strong data-start=\"2420\" data-end=\"2445\">Ekleme Kayb\u0131 (tip)<\/strong><\/td>\n<td data-start=\"2446\" data-end=\"2484\" data-col-size=\"sm\">MPO \u2264 0,30 - 0,35 dB, LC \u2264 0,30 dB<\/td>\n<\/tr>\n<tr data-start=\"2485\" data-end=\"2538\">\n<td data-start=\"2485\" data-end=\"2503\" data-col-size=\"sm\"><strong data-start=\"2487\" data-end=\"2502\">Geri D\u00f6n\u00fc\u015f Kayb\u0131<\/strong><\/td>\n<td data-start=\"2503\" data-end=\"2538\" data-col-size=\"sm\">\u2265 30 dB (\u00e7ok modlu performans)<\/td>\n<\/tr>\n<tr data-start=\"2539\" data-end=\"2566\">\n<td data-start=\"2539\" data-end=\"2552\" data-col-size=\"sm\"><strong data-start=\"2541\" data-end=\"2551\">Ceket<\/strong><\/td>\n<td data-start=\"2552\" data-end=\"2566\" data-col-size=\"sm\">LSZH \/ PVC<\/td>\n<\/tr>\n<tr data-start=\"2567\" data-end=\"2613\">\n<td data-start=\"2567\" data-end=\"2594\" data-col-size=\"sm\"><strong data-start=\"2569\" data-end=\"2593\">Kablo D\u0131\u015f \u00c7ap\u0131<\/strong><\/td>\n<td data-start=\"2594\" data-end=\"2613\" data-col-size=\"sm\">~3 mm (tipik)<\/td>\n<\/tr>\n<tr data-start=\"2614\" data-end=\"2656\">\n<td data-start=\"2614\" data-end=\"2636\" data-col-size=\"sm\"><strong data-start=\"2616\" data-end=\"2635\">\u00c7al\u0131\u015fma S\u0131cakl\u0131\u011f\u0131.<\/strong><\/td>\n<td data-start=\"2636\" data-end=\"2656\" data-col-size=\"sm\">-10 \u00b0C ila +70 \u00b0C<\/td>\n<\/tr>\n<tr data-start=\"2657\" data-end=\"2716\">\n<td data-start=\"2657\" data-end=\"2673\" data-col-size=\"sm\"><strong data-start=\"2659\" data-end=\"2672\">Standartlar<\/strong><\/td>\n<td data-start=\"2673\" data-end=\"2716\" data-col-size=\"sm\">RoHS, EIA\/TIA, IEC, Telcordia uyumlu<\/td>\n<\/tr>\n<\/tbody>\n<\/table>\n<\/div>\n<\/div>\n<blockquote data-start=\"2718\" data-end=\"2891\">\n<p data-start=\"2720\" data-end=\"2891\"><strong data-start=\"2720\" data-end=\"2729\">Not:<\/strong> OM4 fiber (mor k\u0131l\u0131f) tipik olarak e\u015fde\u011fer uygulamalar i\u00e7in OM3'ten (aqua) daha y\u00fcksek bant geni\u015fli\u011fi ve daha uzun eri\u015fim sa\u011flar.<\/p>\n<\/blockquote>\n<h3 data-start=\"2893\" data-end=\"2921\"><strong data-start=\"2897\" data-end=\"2921\">Tipik Uygulamalar<\/strong><\/h3>\n<ul data-start=\"2923\" data-end=\"3528\">\n<li data-start=\"2923\" data-end=\"3072\">\n<p data-start=\"2925\" data-end=\"3072\"><strong data-start=\"2925\" data-end=\"2954\">Veri Merkezi Ba\u011flant\u0131s\u0131:<\/strong> Y\u00fcksek yo\u011funluklu sunucu raf ba\u011flant\u0131lar\u0131, \u00e7apraz ba\u011flant\u0131lar ve patch paneller i\u00e7in m\u00fckemmeldir.<\/p>\n<\/li>\n<li data-start=\"3073\" data-end=\"3232\">\n<p data-start=\"3075\" data-end=\"3232\"><strong data-start=\"3075\" data-end=\"3103\">Paralel Optik Sistemler:<\/strong> 40G\/100G \u00e7ok modlu a\u011flarda QSFP+ ve QSFP28 al\u0131c\u0131-vericileriyle sorunsuz bir \u015fekilde entegre olur.<\/p>\n<\/li>\n<li data-start=\"3233\" data-end=\"3377\">\n<p data-start=\"3235\" data-end=\"3377\"><strong data-start=\"3235\" data-end=\"3269\">SAN ve Bulut Altyap\u0131lar\u0131:<\/strong> Kurumsal depolama ve sanalla\u015ft\u0131r\u0131lm\u0131\u015f a\u011f ortamlar\u0131n\u0131 destekler.<\/p>\n<\/li>\n<li data-start=\"3378\" data-end=\"3528\">\n<p data-start=\"3380\" data-end=\"3528\"><strong data-start=\"3380\" data-end=\"3403\">Yap\u0131sal Kablolama:<\/strong> Yatay veya ekipman kabinlerinde LC koparma ile MPO omurga kablolamas\u0131 i\u00e7in idealdir.<\/p>\n<\/li>\n<\/ul>\n<h3 data-start=\"3530\" data-end=\"3573\"><strong data-start=\"3534\" data-end=\"3573\">Neden Bu MPO-LC Patch Kabloyu Se\u00e7melisiniz?<\/strong><\/h3>\n<p data-start=\"3575\" data-end=\"4018\">Bu <strong data-start=\"3580\" data-end=\"3619\">12 damarl\u0131 MPO-LC \u00e7ok modlu yama kablosu<\/strong> performans, g\u00fcvenilirlik ve da\u011f\u0131t\u0131m kolayl\u0131\u011f\u0131 i\u00e7in tasarlanm\u0131\u015ft\u0131r. Y\u00fcksek yo\u011funluklu MPO sonland\u0131rmas\u0131 raf karma\u015fas\u0131n\u0131 azalt\u0131r ve hava ak\u0131\u015f\u0131n\u0131 iyile\u015ftirirken, 12-LC kesme, bireysel a\u011f ba\u011flant\u0131 noktalar\u0131na ba\u011flant\u0131lar\u0131 optimize eder. Tamamen fabrikada test edilmi\u015f ve end\u00fcstri standartlar\u0131yla uyumlu olan bu \u00fcr\u00fcn, y\u00fcksek h\u0131zl\u0131 a\u011flar\u0131 y\u00fckseltmek veya geni\u015fletmek i\u00e7in uygun maliyetli bir \u00e7\u00f6z\u00fcmd\u00fcr.<\/p>\n<hr data-start=\"4020\" data-end=\"4023\" \/>\n<h2 data-start=\"4025\" data-end=\"4048\"><strong data-start=\"4028\" data-end=\"4048\">Profesyonel Soru-Cevap<\/strong><\/h2>\n<p data-start=\"4050\" data-end=\"4349\"><strong data-start=\"4050\" data-end=\"4119\">S1: Bu ba\u011flant\u0131 kablosundaki OM3 ve OM4 aras\u0131ndaki fark nedir?<\/strong><br data-start=\"4119\" data-end=\"4122\" \/><strong data-start=\"4122\" data-end=\"4128\">A:<\/strong> OM3 ve OM4'\u00fcn her ikisi de 50\/125 \u00b5m \u00e7ok modlu fiberlerdir, ancak OM4 daha y\u00fcksek modal bant geni\u015fli\u011fi sunar ve OM3'e k\u0131yasla y\u00fcksek veri h\u0131zlar\u0131nda (\u00f6rn. 100G) daha uzun iletim mesafelerini destekler.<\/p>\n<p data-start=\"4351\" data-end=\"4682\"><strong data-start=\"4351\" data-end=\"4427\">S2: Neden d\u00fcz bir MPO hatt\u0131 yerine MPO - LC kesme kablosu kullan\u0131l\u0131yor?<\/strong><br data-start=\"4427\" data-end=\"4430\" \/><strong data-start=\"4430\" data-end=\"4436\">A:<\/strong> MPO-LC koparma tasar\u0131m\u0131, tek bir multifiber kablonun al\u0131c\u0131-vericilerde ve patch panellerde yayg\u0131n olarak kullan\u0131lan ayr\u0131 LC konekt\u00f6rlerine yay\u0131lmas\u0131n\u0131 sa\u011flayarak ek koparma donan\u0131m\u0131 ihtiyac\u0131n\u0131 azalt\u0131r.<\/p>\n<p data-start=\"4684\" data-end=\"4990\"><strong data-start=\"4684\" data-end=\"4756\">S3: MPO kablolamada polarite ne anlama gelir ve neden \u00f6nemlidir?<\/strong><br data-start=\"4756\" data-end=\"4759\" \/><strong data-start=\"4759\" data-end=\"4765\">A:<\/strong> Polarite, fiberlerin kablonun bir ucundan di\u011ferine nas\u0131l e\u015flendi\u011fini tan\u0131mlar. Do\u011fru polaritenin se\u00e7ilmesi, aktif ekipman ba\u011flant\u0131s\u0131 i\u00e7in \u00e7ok \u00f6nemli olan uygun sinyal e\u015fle\u015fmesini sa\u011flar.<\/p>\n<p data-start=\"4992\" data-end=\"5262\"><strong data-start=\"4992\" data-end=\"5046\">S4: OM3 ve OM4 fiberleri ayn\u0131 ba\u011flant\u0131da kar\u0131\u015ft\u0131rabilir miyim?<\/strong><br data-start=\"5046\" data-end=\"5049\" \/><strong data-start=\"5049\" data-end=\"5055\">A:<\/strong> Evet - OM3 ve OM4 uyumludur \u00e7\u00fcnk\u00fc her ikisi de 50\/125 \u00b5m \u00e7ok modlu fiber kullan\u0131r, ancak ba\u011flant\u0131 performans\u0131 tipik olarak daha d\u00fc\u015f\u00fck s\u0131n\u0131f fiberin kapasitesiyle s\u0131n\u0131rl\u0131 olacakt\u0131r.<\/p>","protected":false},"excerpt":{"rendered":"<p data-start=\"248\" data-end=\"784\">Bu <strong data-start=\"252\" data-end=\"277\">MPO-LC-OM3\/OM4-12core<\/strong> yama kablosu geli\u015fmi\u015f, y\u00fcksek performansl\u0131 bir <strong data-start=\"322\" data-end=\"363\">MPO - LC \u00e7ok modlu fiber optik kablo<\/strong> g\u00fcn\u00fcm\u00fcz\u00fcn zorlu veri merkezi, kurumsal ve telekom a\u011flar\u0131 i\u00e7in tasarlanm\u0131\u015ft\u0131r. Hassas sonland\u0131r\u0131lm\u0131\u015f konnekt\u00f6rler ve optimize edilmi\u015f OM3\/OM4 \u00e7ok modlu fiber ile \u00fcretilen bu tertibat, y\u00fcksek yo\u011funluklu ortamlarda verimli, d\u00fc\u015f\u00fck kay\u0131pl\u0131 iletim sa\u011flar. 12 fiberli konfig\u00fcrasyonu, modern 40.GbE ve 100.GbE uygulamalar\u0131 i\u00e7in ideal olan paralel optikleri ve fan-out ba\u011flant\u0131s\u0131n\u0131 destekler.<\/p>\n<h3 data-start=\"786\" data-end=\"818\"><\/h3>","protected":false},"featured_media":549,"comment_status":"open","ping_status":"closed","template":"","meta":[],"product_brand":[],"product_cat":[42],"product_tag":[],"class_list":{"0":"post-548","1":"product","2":"type-product","3":"status-publish","4":"has-post-thumbnail","6":"product_cat-mpo-mtp-fiber-optic-patch-cord","8":"first","9":"instock","10":"shipping-taxable","11":"product-type-simple"},"_links":{"self":[{"href":"https:\/\/www.fenxifiber.com\/tr\/wp-json\/wp\/v2\/product\/548","targetHints":{"allow":["GET"]}}],"collection":[{"href":"https:\/\/www.fenxifiber.com\/tr\/wp-json\/wp\/v2\/product"}],"about":[{"href":"https:\/\/www.fenxifiber.com\/tr\/wp-json\/wp\/v2\/types\/product"}],"replies":[{"embeddable":true,"href":"https:\/\/www.fenxifiber.com\/tr\/wp-json\/wp\/v2\/comments?post=548"}],"wp:featuredmedia":[{"embeddable":true,"href":"https:\/\/www.fenxifiber.com\/tr\/wp-json\/wp\/v2\/media\/549"}],"wp:attachment":[{"href":"https:\/\/www.fenxifiber.com\/tr\/wp-json\/wp\/v2\/media?parent=548"}],"wp:term":[{"taxonomy":"product_brand","embeddable":true,"href":"https:\/\/www.fenxifiber.com\/tr\/wp-json\/wp\/v2\/product_brand?post=548"},{"taxonomy":"product_cat","embeddable":true,"href":"https:\/\/www.fenxifiber.com\/tr\/wp-json\/wp\/v2\/product_cat?post=548"},{"taxonomy":"product_tag","embeddable":true,"href":"https:\/\/www.fenxifiber.com\/tr\/wp-json\/wp\/v2\/product_tag?post=548"}],"curies":[{"name":"wp","href":"https:\/\/api.w.org\/{rel}","templated":true}]}}