{"id":550,"date":"2026-02-03T01:42:03","date_gmt":"2026-02-03T01:42:03","guid":{"rendered":"https:\/\/www.fenxifiber.com\/?post_type=product&#038;p=550"},"modified":"2026-02-04T01:08:36","modified_gmt":"2026-02-04T01:08:36","slug":"mpo-lc-om5-12core","status":"publish","type":"product","link":"https:\/\/www.fenxifiber.com\/tr\/product\/mpo-lc-om5-12core\/","title":{"rendered":"MPO-LC-OM5-12Core Geni\u015f Bant \u00c7ok Modlu Fiber Ba\u011flant\u0131 Kablosu"},"content":{"rendered":"<h3 data-start=\"854\" data-end=\"876\"><strong data-start=\"858\" data-end=\"876\">Temel Avantajlar<\/strong><\/h3>\n<ul data-start=\"878\" data-end=\"1720\">\n<li data-start=\"878\" data-end=\"1078\">\n<p data-start=\"880\" data-end=\"1078\"><strong data-start=\"880\" data-end=\"913\">Geni\u015f Bant \u00c7ok Modlu Teknoloji<\/strong><br data-start=\"913\" data-end=\"916\" \/>OM5 fiber, tek bir \u00e7ok modlu fiber \u00fczerinden birden fazla dalga boyunu destekleyerek <strong data-start=\"998\" data-end=\"1019\">SWDM iletimi<\/strong> ve OM3 ve OM4 ile kar\u015f\u0131la\u015ft\u0131r\u0131ld\u0131\u011f\u0131nda fiber ba\u015f\u0131na daha y\u00fcksek veri h\u0131zlar\u0131.<\/p>\n<\/li>\n<li data-start=\"1080\" data-end=\"1242\">\n<p data-start=\"1082\" data-end=\"1242\"><strong data-start=\"1082\" data-end=\"1114\">12-Fiber Y\u00fcksek Yo\u011funluklu Tasar\u0131m<\/strong><br data-start=\"1114\" data-end=\"1117\" \/>Tek bir MPO aray\u00fcz\u00fc 12 fiber ta\u015f\u0131yarak kablolama hacmini \u00f6nemli \u00f6l\u00e7\u00fcde azalt\u0131r ve y\u00fcksek yo\u011funluklu raflarda hava ak\u0131\u015f\u0131n\u0131 iyile\u015ftirir.<\/p>\n<\/li>\n<li data-start=\"1244\" data-end=\"1388\">\n<p data-start=\"1246\" data-end=\"1388\"><strong data-start=\"1246\" data-end=\"1280\">MPO - LC Fan-Out Mimarisi<\/strong><br data-start=\"1280\" data-end=\"1283\" \/>MPO ana kablolar\u0131n\u0131 QSFP+, QSFP28 ve gelecekteki SWDM al\u0131c\u0131-vericilerindeki standart LC ba\u011flant\u0131 noktalar\u0131na do\u011frudan ba\u011flar.<\/p>\n<\/li>\n<li data-start=\"1390\" data-end=\"1558\">\n<p data-start=\"1392\" data-end=\"1558\"><strong data-start=\"1392\" data-end=\"1422\">D\u00fc\u015f\u00fck Kay\u0131p, Y\u00fcksek G\u00fcvenilirlik<\/strong><br data-start=\"1422\" data-end=\"1425\" \/>Hassas cilal\u0131 konekt\u00f6rler ve fabrika testleri, d\u00fc\u015f\u00fck ekleme kayb\u0131, istikrarl\u0131 optik performans ve uzun vadeli g\u00fcvenilirlik sa\u011flar.<\/p>\n<\/li>\n<li data-start=\"1560\" data-end=\"1720\">\n<p data-start=\"1562\" data-end=\"1720\"><strong data-start=\"1562\" data-end=\"1593\">Gelece\u011fe Haz\u0131r Altyap\u0131<\/strong><br data-start=\"1593\" data-end=\"1596\" \/>OM5 \u015funlar i\u00e7in tasarlanm\u0131\u015ft\u0131r <strong data-start=\"1618\" data-end=\"1677\">400G ve gelecekteki \u00e7ok dalga boylu \u00e7ok modlu uygulamalar<\/strong>, Bu da onu veri merkezi y\u00fckseltmeleri i\u00e7in ideal hale getirir.<\/p>\n<\/li>\n<\/ul>\n<hr data-start=\"1722\" data-end=\"1725\" \/>\n<h3 data-start=\"1727\" data-end=\"1759\"><strong data-start=\"1731\" data-end=\"1759\">Teknik \u00d6zellikler<\/strong><\/h3>\n<div class=\"TyagGW_tableContainer\">\n<div class=\"group TyagGW_tableWrapper flex flex-col-reverse w-fit\" tabindex=\"-1\">\n<table class=\"w-fit min-w-(--thread-content-width)\" data-start=\"1761\" data-end=\"2256\">\n<thead data-start=\"1761\" data-end=\"1794\">\n<tr data-start=\"1761\" data-end=\"1794\">\n<th class=\"\" data-start=\"1761\" data-end=\"1773\" data-col-size=\"sm\">Parametre<\/th>\n<th class=\"\" data-start=\"1773\" data-end=\"1794\" data-col-size=\"sm\">MPO-LC-OM5-12Core<\/th>\n<\/tr>\n<\/thead>\n<tbody data-start=\"1823\" data-end=\"2256\">\n<tr data-start=\"1823\" data-end=\"1874\">\n<td data-start=\"1823\" data-end=\"1836\" data-col-size=\"sm\">Elyaf Tipi<\/td>\n<td data-start=\"1836\" data-end=\"1874\" data-col-size=\"sm\">OM5 Geni\u015f Bant \u00c7ok Modlu (50\/125 \u00b5m)<\/td>\n<\/tr>\n<tr data-start=\"1875\" data-end=\"1901\">\n<td data-start=\"1875\" data-end=\"1888\" data-col-size=\"sm\">\u00c7ekirdek Say\u0131s\u0131<\/td>\n<td data-start=\"1888\" data-end=\"1901\" data-col-size=\"sm\">12 lif<\/td>\n<\/tr>\n<tr data-start=\"1902\" data-end=\"1940\">\n<td data-start=\"1902\" data-end=\"1916\" data-col-size=\"sm\">Konekt\u00f6r A<\/td>\n<td data-start=\"1916\" data-end=\"1940\" data-col-size=\"sm\">MPO \/ MTP (12 fiber)<\/td>\n<\/tr>\n<tr data-start=\"1941\" data-end=\"1977\">\n<td data-start=\"1941\" data-end=\"1955\" data-col-size=\"sm\">Konekt\u00f6r B<\/td>\n<td data-start=\"1955\" data-end=\"1977\" data-col-size=\"sm\">12 \u00d7 LC konekt\u00f6rler<\/td>\n<\/tr>\n<tr data-start=\"1978\" data-end=\"2034\">\n<td data-start=\"1978\" data-end=\"2002\" data-col-size=\"sm\">\u00c7al\u0131\u015fma Dalga Boylar\u0131<\/td>\n<td data-col-size=\"sm\" data-start=\"2002\" data-end=\"2034\">850-953 nm (SWDM uyumlu)<\/td>\n<\/tr>\n<tr data-start=\"2035\" data-end=\"2087\">\n<td data-start=\"2035\" data-end=\"2052\" data-col-size=\"sm\">Ekleme Kayb\u0131<\/td>\n<td data-col-size=\"sm\" data-start=\"2052\" data-end=\"2087\">\u2264 0,35 dB (MPO), \u2264 0,30 dB (LC)<\/td>\n<\/tr>\n<tr data-start=\"2088\" data-end=\"2113\">\n<td data-start=\"2088\" data-end=\"2102\" data-col-size=\"sm\">Geri D\u00f6n\u00fc\u015f Kayb\u0131<\/td>\n<td data-col-size=\"sm\" data-start=\"2102\" data-end=\"2113\">\u2265 30 dB<\/td>\n<\/tr>\n<tr data-start=\"2114\" data-end=\"2143\">\n<td data-start=\"2114\" data-end=\"2128\" data-col-size=\"sm\">Ceket Tipi<\/td>\n<td data-col-size=\"sm\" data-start=\"2128\" data-end=\"2143\">LSZH veya PVC<\/td>\n<\/tr>\n<tr data-start=\"2144\" data-end=\"2172\">\n<td data-start=\"2144\" data-end=\"2161\" data-col-size=\"sm\">Kablo \u00c7ap\u0131<\/td>\n<td data-col-size=\"sm\" data-start=\"2161\" data-end=\"2172\">~3.0 mm<\/td>\n<\/tr>\n<tr data-start=\"2173\" data-end=\"2217\">\n<td data-start=\"2173\" data-end=\"2197\" data-col-size=\"sm\">\u00c7al\u0131\u015fma S\u0131cakl\u0131\u011f\u0131<\/td>\n<td data-col-size=\"sm\" data-start=\"2197\" data-end=\"2217\">-10 \u00b0C ila +70 \u00b0C<\/td>\n<\/tr>\n<tr data-start=\"2218\" data-end=\"2256\">\n<td data-start=\"2218\" data-end=\"2231\" data-col-size=\"sm\">Uyumluluk<\/td>\n<td data-col-size=\"sm\" data-start=\"2231\" data-end=\"2256\">IEC, TIA, RoHS, REACH<\/td>\n<\/tr>\n<\/tbody>\n<\/table>\n<\/div>\n<\/div>\n<hr data-start=\"2258\" data-end=\"2261\" \/>\n<h3 data-start=\"2263\" data-end=\"2291\"><strong data-start=\"2267\" data-end=\"2291\">Tipik Uygulamalar<\/strong><\/h3>\n<ul data-start=\"2293\" data-end=\"2542\">\n<li data-start=\"2293\" data-end=\"2338\">\n<p data-start=\"2295\" data-end=\"2338\"><strong data-start=\"2295\" data-end=\"2336\">400G ve Yeni Nesil Veri Merkezleri<\/strong><\/p>\n<\/li>\n<li data-start=\"2339\" data-end=\"2378\">\n<p data-start=\"2341\" data-end=\"2378\"><strong data-start=\"2341\" data-end=\"2376\">SWDM \u00c7ok Modlu Optik A\u011flar<\/strong><\/p>\n<\/li>\n<li data-start=\"2379\" data-end=\"2434\">\n<p data-start=\"2381\" data-end=\"2434\"><strong data-start=\"2381\" data-end=\"2432\">LC Ekipman Ba\u011flant\u0131lar\u0131na Y\u00fcksek Yo\u011funluklu MPO Omurga<\/strong><\/p>\n<\/li>\n<li data-start=\"2435\" data-end=\"2499\">\n<p data-start=\"2437\" data-end=\"2499\"><strong data-start=\"2437\" data-end=\"2497\">Bulut, Yapay Zeka ve Y\u00fcksek Performansl\u0131 Hesaplama (HPC) K\u00fcmeleri<\/strong><\/p>\n<\/li>\n<li data-start=\"2500\" data-end=\"2542\">\n<p data-start=\"2502\" data-end=\"2542\"><strong data-start=\"2502\" data-end=\"2542\">Kurumsal ve Kolokasyon Tesisleri<\/strong><\/p>\n<\/li>\n<\/ul>\n<hr data-start=\"2544\" data-end=\"2547\" \/>\n<h3 data-start=\"2549\" data-end=\"2586\"><strong data-start=\"2553\" data-end=\"2586\">Neden MPO-LC-OM5-12Core'u Se\u00e7melisiniz?<\/strong><\/h3>\n<p data-start=\"2588\" data-end=\"3012\">Tek bir dalga boyuna dayanan geleneksel OM3 ve OM4 kablolar\u0131n\u0131n aksine, <strong data-start=\"2660\" data-end=\"2682\">OM5 geni\u015f bant fiber<\/strong> birden fazla dalga boyunun ayn\u0131 fiber \u00fczerinden seyahat etmesini sa\u011flar. Bu, a\u011f operat\u00f6rlerinin daha fazla fiber kurmadan kapasiteyi art\u0131rmas\u0131na olanak tan\u0131r. Bu <strong data-start=\"2830\" data-end=\"2851\">MPO-LC-OM5-12Core<\/strong> MPO trunk altyap\u0131s\u0131ndan LC tabanl\u0131 ekipmana temiz ve verimli bir yol sa\u011flarken a\u011f\u0131n\u0131z\u0131 a\u015fa\u011f\u0131dakiler i\u00e7in haz\u0131rlar <strong data-start=\"2971\" data-end=\"3011\">daha y\u00fcksek h\u0131zl\u0131 ve SWDM tabanl\u0131 y\u00fckseltmeler<\/strong>.<\/p>\n<p data-start=\"3014\" data-end=\"3137\">Kurulu\u015flar i\u00e7in ideal bir \u00e7\u00f6z\u00fcmd\u00fcr <strong data-start=\"3066\" data-end=\"3113\">\u00f6l\u00e7eklenebilir, gelece\u011fe d\u00f6n\u00fck fiber altyap\u0131<\/strong> modern veri merkezlerinde.<\/p>\n<hr data-start=\"3139\" data-end=\"3142\" \/>\n<h2 data-start=\"3144\" data-end=\"3167\"><strong data-start=\"3147\" data-end=\"3167\">Profesyonel Soru-Cevap<\/strong><\/h2>\n<p data-start=\"3169\" data-end=\"3394\"><strong data-start=\"3169\" data-end=\"3216\">S1: OM5'i OM3 ve OM4'ten daha iyi yapan nedir?<\/strong><br data-start=\"3216\" data-end=\"3219\" \/>OM5, SWDM i\u00e7in birden fazla dalga boyunu (850-953 nm) destekler ve birka\u00e7 veri kanal\u0131n\u0131n tek bir fiber \u00fczerinde \u00e7al\u0131\u015fmas\u0131na olanak tan\u0131r. OM3 ve OM4 yaln\u0131zca 850 nm'de tek dalga boylu iletimi destekler.<\/p>\n<p data-start=\"3396\" data-end=\"3619\"><strong data-start=\"3396\" data-end=\"3462\">S2: MPO-LC-OM5 kablolar\u0131 standart OM4 ekipman\u0131yla kullan\u0131labilir mi?<\/strong><br data-start=\"3462\" data-end=\"3465\" \/>Evet. OM5, OM4 ve OM3 ile tamamen geriye d\u00f6n\u00fck uyumludur. Standart 850 nm al\u0131c\u0131-vericilerle \u00e7al\u0131\u015f\u0131rken, daha y\u00fcksek kapasite i\u00e7in SWDM optiklerini de destekler.<\/p>\n<p data-start=\"3621\" data-end=\"3816\"><strong data-start=\"3621\" data-end=\"3675\">S3: MPO'dan LC'ye ge\u00e7i\u015fin amac\u0131 nedir?<\/strong><br data-start=\"3675\" data-end=\"3678\" \/>Y\u00fcksek yo\u011funluklu bir MPO trunk'\u0131n ekstra patch paneller veya d\u00f6n\u00fc\u015ft\u00fcrme kablolar\u0131 olmadan do\u011frudan LC tabanl\u0131 anahtar veya sunucu portlar\u0131na ba\u011flanmas\u0131n\u0131 sa\u011flar.<\/p>\n<p data-start=\"3818\" data-end=\"4030\"><strong data-start=\"3818\" data-end=\"3860\">S4: OM5 400G a\u011flar\u0131 i\u00e7in uygun mudur?<\/strong><br data-start=\"3860\" data-end=\"3863\" \/>Evet. OM5 \u00f6zellikle a\u015fa\u011f\u0131dakileri desteklemek i\u00e7in tasarlanm\u0131\u015ft\u0131r <strong data-start=\"3908\" data-end=\"3979\">\u00e7ok dalga boylu \u00e7ok modlu 400G ve gelece\u011fin y\u00fcksek h\u0131zl\u0131 optik ba\u011flant\u0131lar\u0131<\/strong>, Bu da onu yeni nesil veri merkezleri i\u00e7in ideal hale getiriyor.<\/p>","protected":false},"excerpt":{"rendered":"<p data-start=\"62\" data-end=\"552\">Bu <strong data-start=\"66\" data-end=\"87\">MPO-LC-OM5-12Core<\/strong> yeni nesil bir <strong data-start=\"109\" data-end=\"165\">geni\u015f bant \u00e7ok modlu fiber (WBMMF) ara ba\u011flant\u0131 kablosu<\/strong> y\u00fcksek h\u0131zl\u0131, y\u00fcksek yo\u011funluklu veri merkezi ve kurumsal a\u011flar i\u00e7in tasarlanm\u0131\u015ft\u0131r. \u0130le in\u015fa edilmi\u015ftir <strong data-start=\"252\" data-end=\"275\">OM5 50\/125 \u00b5m fiber<\/strong>, Bu kablo hem geleneksel \u00e7ok modlu dalga boylar\u0131n\u0131 (850 nm) hem de <strong data-start=\"350\" data-end=\"399\">k\u0131sa dalga boyu b\u00f6lmeli \u00e7o\u011fullama (SWDM)<\/strong> 850 nm'den 953 nm'ye kadar, tek bir fiber ba\u011flant\u0131n\u0131n birden fazla paralel kanal ta\u015f\u0131mas\u0131na ve daha fazla fiber eklemeden bant geni\u015fli\u011fini \u00f6nemli \u00f6l\u00e7\u00fcde art\u0131rmas\u0131na olanak tan\u0131r.<\/p>\n<p data-start=\"554\" data-end=\"847\">Bir ucun sonland\u0131r\u0131lmas\u0131 ile <strong data-start=\"583\" data-end=\"613\">12 fiber MPO\/MTP konnekt\u00f6r<\/strong> ve di\u011fer ucu da <strong data-start=\"648\" data-end=\"668\">12 LC konekt\u00f6r<\/strong>, MPO-LC-OM5-12Core, y\u00fcksek yo\u011funluklu MPO omurga g\u00f6vdeleri ile anahtarlarda, sunucularda ve depolama ekipmanlar\u0131nda kullan\u0131lan standart LC tabanl\u0131 al\u0131c\u0131-vericiler aras\u0131nda sorunsuz ba\u011flant\u0131 sa\u011flar.<\/p>","protected":false},"featured_media":551,"comment_status":"open","ping_status":"closed","template":"","meta":[],"product_brand":[],"product_cat":[42],"product_tag":[],"class_list":{"0":"post-550","1":"product","2":"type-product","3":"status-publish","4":"has-post-thumbnail","6":"product_cat-mpo-mtp-fiber-optic-patch-cord","8":"first","9":"instock","10":"shipping-taxable","11":"product-type-simple"},"_links":{"self":[{"href":"https:\/\/www.fenxifiber.com\/tr\/wp-json\/wp\/v2\/product\/550","targetHints":{"allow":["GET"]}}],"collection":[{"href":"https:\/\/www.fenxifiber.com\/tr\/wp-json\/wp\/v2\/product"}],"about":[{"href":"https:\/\/www.fenxifiber.com\/tr\/wp-json\/wp\/v2\/types\/product"}],"replies":[{"embeddable":true,"href":"https:\/\/www.fenxifiber.com\/tr\/wp-json\/wp\/v2\/comments?post=550"}],"wp:featuredmedia":[{"embeddable":true,"href":"https:\/\/www.fenxifiber.com\/tr\/wp-json\/wp\/v2\/media\/551"}],"wp:attachment":[{"href":"https:\/\/www.fenxifiber.com\/tr\/wp-json\/wp\/v2\/media?parent=550"}],"wp:term":[{"taxonomy":"product_brand","embeddable":true,"href":"https:\/\/www.fenxifiber.com\/tr\/wp-json\/wp\/v2\/product_brand?post=550"},{"taxonomy":"product_cat","embeddable":true,"href":"https:\/\/www.fenxifiber.com\/tr\/wp-json\/wp\/v2\/product_cat?post=550"},{"taxonomy":"product_tag","embeddable":true,"href":"https:\/\/www.fenxifiber.com\/tr\/wp-json\/wp\/v2\/product_tag?post=550"}],"curies":[{"name":"wp","href":"https:\/\/api.w.org\/{rel}","templated":true}]}}