{"id":552,"date":"2026-02-03T01:46:56","date_gmt":"2026-02-03T01:46:56","guid":{"rendered":"https:\/\/www.fenxifiber.com\/?post_type=product&#038;p=552"},"modified":"2026-02-04T01:09:07","modified_gmt":"2026-02-04T01:09:07","slug":"mpo-sc-om3-om4-12core","status":"publish","type":"product","link":"https:\/\/www.fenxifiber.com\/tr\/product\/mpo-sc-om3-om4-12core\/","title":{"rendered":"MPO-SC-OM3\/OM4-12Core \u00c7ok Modlu Fiber Optik Yama Kablosu"},"content":{"rendered":"<h3 data-start=\"770\" data-end=\"801\"><strong data-start=\"774\" data-end=\"801\">Temel \u00d6zellikler ve Avantajlar<\/strong><\/h3>\n<ul data-start=\"803\" data-end=\"1591\">\n<li data-start=\"803\" data-end=\"992\">\n<p data-start=\"805\" data-end=\"992\"><strong data-start=\"805\" data-end=\"840\">OM3 \/ OM4 \u00c7ok Modlu Performans<\/strong><br data-start=\"840\" data-end=\"843\" \/>10G, 40G ve 100G Ethernet, Fiber Kanal ve InfiniBand uygulamalar\u0131n\u0131 destekler. OM4, OM3 ile kar\u015f\u0131la\u015ft\u0131r\u0131ld\u0131\u011f\u0131nda daha geni\u015f eri\u015fim ve daha y\u00fcksek bant geni\u015fli\u011fi sunar.<\/p>\n<\/li>\n<li data-start=\"994\" data-end=\"1142\">\n<p data-start=\"996\" data-end=\"1142\"><strong data-start=\"996\" data-end=\"1027\">12 \u00c7ekirdekli Y\u00fcksek Yo\u011funluklu Tasar\u0131m<\/strong><br data-start=\"1027\" data-end=\"1030\" \/>12 fiberi tek bir MPO aray\u00fcz\u00fcne entegre ederek kablo hacmini \u00f6nemli \u00f6l\u00e7\u00fcde azalt\u0131r ve raf hava ak\u0131\u015f\u0131n\u0131 iyile\u015ftirir.<\/p>\n<\/li>\n<li data-start=\"1144\" data-end=\"1304\">\n<p data-start=\"1146\" data-end=\"1304\"><strong data-start=\"1146\" data-end=\"1180\">MPO'dan SC'ye Fan-Out Mimarisi<\/strong><br data-start=\"1180\" data-end=\"1183\" \/>Kolay ekipman ve patch panel entegrasyonu i\u00e7in y\u00fcksek yo\u011funluklu MPO omurga ba\u011flant\u0131lar\u0131n\u0131 ayr\u0131 SC portlar\u0131na d\u00f6n\u00fc\u015ft\u00fcr\u00fcr.<\/p>\n<\/li>\n<li data-start=\"1306\" data-end=\"1461\">\n<p data-start=\"1308\" data-end=\"1461\"><strong data-start=\"1308\" data-end=\"1347\">D\u00fc\u015f\u00fck Ekleme Kayb\u0131 ve Y\u00fcksek Kararl\u0131l\u0131k<\/strong><br data-start=\"1347\" data-end=\"1350\" \/>Hassas cilal\u0131 konnekt\u00f6rler ve fabrika testleri, tutarl\u0131 sinyal kalitesi ve uzun vadeli g\u00fcvenilirlik sa\u011flar.<\/p>\n<\/li>\n<li data-start=\"1463\" data-end=\"1591\">\n<p data-start=\"1465\" data-end=\"1591\"><strong data-start=\"1465\" data-end=\"1495\">Tak ve \u00c7al\u0131\u015ft\u0131r Kurulum<\/strong><br data-start=\"1495\" data-end=\"1498\" \/>\u00d6nceden sonland\u0131r\u0131lm\u0131\u015f ve test edilmi\u015f tertibatlar, sahada sonland\u0131rma hatalar\u0131n\u0131 ve da\u011f\u0131t\u0131m s\u00fcresini en aza indirir.<\/p>\n<\/li>\n<\/ul>\n<hr data-start=\"1593\" data-end=\"1596\" \/>\n<h3 data-start=\"1598\" data-end=\"1630\"><strong data-start=\"1602\" data-end=\"1630\">Teknik \u00d6zellikler<\/strong><\/h3>\n<div class=\"TyagGW_tableContainer\">\n<div class=\"group TyagGW_tableWrapper flex flex-col-reverse w-fit\" tabindex=\"-1\">\n<table class=\"w-fit min-w-(--thread-content-width)\" data-start=\"1632\" data-end=\"2096\">\n<thead data-start=\"1632\" data-end=\"1669\">\n<tr data-start=\"1632\" data-end=\"1669\">\n<th class=\"\" data-start=\"1632\" data-end=\"1644\" data-col-size=\"sm\">Parametre<\/th>\n<th class=\"\" data-start=\"1644\" data-end=\"1669\" data-col-size=\"sm\">MPO-SC-OM3\/OM4-12Core<\/th>\n<\/tr>\n<\/thead>\n<tbody data-start=\"1698\" data-end=\"2096\">\n<tr data-start=\"1698\" data-end=\"1747\">\n<td data-start=\"1698\" data-end=\"1711\" data-col-size=\"sm\">Elyaf Tipi<\/td>\n<td data-col-size=\"sm\" data-start=\"1711\" data-end=\"1747\">OM3 veya OM4 \u00c7ok Modlu (50\/125 \u00b5m)<\/td>\n<\/tr>\n<tr data-start=\"1748\" data-end=\"1774\">\n<td data-start=\"1748\" data-end=\"1761\" data-col-size=\"sm\">\u00c7ekirdek Say\u0131s\u0131<\/td>\n<td data-col-size=\"sm\" data-start=\"1761\" data-end=\"1774\">12 lif<\/td>\n<\/tr>\n<tr data-start=\"1775\" data-end=\"1813\">\n<td data-start=\"1775\" data-end=\"1789\" data-col-size=\"sm\">Konekt\u00f6r A<\/td>\n<td data-col-size=\"sm\" data-start=\"1789\" data-end=\"1813\">MPO \/ MTP (12 fiber)<\/td>\n<\/tr>\n<tr data-start=\"1814\" data-end=\"1850\">\n<td data-start=\"1814\" data-end=\"1828\" data-col-size=\"sm\">Konekt\u00f6r B<\/td>\n<td data-col-size=\"sm\" data-start=\"1828\" data-end=\"1850\">12 \u00d7 SC konekt\u00f6rler<\/td>\n<\/tr>\n<tr data-start=\"1851\" data-end=\"1874\">\n<td data-start=\"1851\" data-end=\"1864\" data-col-size=\"sm\">Dalga boyu<\/td>\n<td data-col-size=\"sm\" data-start=\"1864\" data-end=\"1874\">850 nm<\/td>\n<\/tr>\n<tr data-start=\"1875\" data-end=\"1927\">\n<td data-start=\"1875\" data-end=\"1892\" data-col-size=\"sm\">Ekleme Kayb\u0131<\/td>\n<td data-col-size=\"sm\" data-start=\"1892\" data-end=\"1927\">\u2264 0,35 dB (MPO), \u2264 0,30 dB (SC)<\/td>\n<\/tr>\n<tr data-start=\"1928\" data-end=\"1953\">\n<td data-start=\"1928\" data-end=\"1942\" data-col-size=\"sm\">Geri D\u00f6n\u00fc\u015f Kayb\u0131<\/td>\n<td data-col-size=\"sm\" data-start=\"1942\" data-end=\"1953\">\u2265 30 dB<\/td>\n<\/tr>\n<tr data-start=\"1954\" data-end=\"1983\">\n<td data-start=\"1954\" data-end=\"1968\" data-col-size=\"sm\">Ceket Tipi<\/td>\n<td data-col-size=\"sm\" data-start=\"1968\" data-end=\"1983\">LSZH veya PVC<\/td>\n<\/tr>\n<tr data-start=\"1984\" data-end=\"2012\">\n<td data-start=\"1984\" data-end=\"2001\" data-col-size=\"sm\">Kablo \u00c7ap\u0131<\/td>\n<td data-col-size=\"sm\" data-start=\"2001\" data-end=\"2012\">~3.0 mm<\/td>\n<\/tr>\n<tr data-start=\"2013\" data-end=\"2057\">\n<td data-start=\"2013\" data-end=\"2037\" data-col-size=\"sm\">\u00c7al\u0131\u015fma S\u0131cakl\u0131\u011f\u0131<\/td>\n<td data-col-size=\"sm\" data-start=\"2037\" data-end=\"2057\">-10 \u00b0C ila +70 \u00b0C<\/td>\n<\/tr>\n<tr data-start=\"2058\" data-end=\"2096\">\n<td data-start=\"2058\" data-end=\"2071\" data-col-size=\"sm\">Uyumluluk<\/td>\n<td data-col-size=\"sm\" data-start=\"2071\" data-end=\"2096\">IEC, TIA, RoHS, REACH<\/td>\n<\/tr>\n<\/tbody>\n<\/table>\n<\/div>\n<\/div>\n<hr data-start=\"2098\" data-end=\"2101\" \/>\n<h3 data-start=\"2103\" data-end=\"2131\"><strong data-start=\"2107\" data-end=\"2131\">Tipik Uygulamalar<\/strong><\/h3>\n<ul data-start=\"2133\" data-end=\"2358\">\n<li data-start=\"2133\" data-end=\"2187\">\n<p data-start=\"2135\" data-end=\"2187\"><strong data-start=\"2135\" data-end=\"2185\">Veri Merkezi Omurgas\u0131ndan Ekipman Ba\u011flant\u0131s\u0131na<\/strong><\/p>\n<\/li>\n<li data-start=\"2188\" data-end=\"2231\">\n<p data-start=\"2190\" data-end=\"2231\"><strong data-start=\"2190\" data-end=\"2229\">40G \/ 100G \u00c7ok Modlu Ethernet Ba\u011flant\u0131lar\u0131<\/strong><\/p>\n<\/li>\n<li data-start=\"2232\" data-end=\"2278\">\n<p data-start=\"2234\" data-end=\"2278\"><strong data-start=\"2234\" data-end=\"2276\">Telekom ve Kurumsal A\u011f Kablolamas\u0131<\/strong><\/p>\n<\/li>\n<li data-start=\"2279\" data-end=\"2323\">\n<p data-start=\"2281\" data-end=\"2323\"><strong data-start=\"2281\" data-end=\"2321\">MPO Trunk - SC Patch Panel Aras\u0131<\/strong><\/p>\n<\/li>\n<li data-start=\"2324\" data-end=\"2358\">\n<p data-start=\"2326\" data-end=\"2358\"><strong data-start=\"2326\" data-end=\"2358\">Depolama Alan\u0131 A\u011flar\u0131 (SAN'lar)<\/strong><\/p>\n<\/li>\n<\/ul>\n<hr data-start=\"2360\" data-end=\"2363\" \/>\n<h3 data-start=\"2365\" data-end=\"2406\"><strong data-start=\"2369\" data-end=\"2406\">Neden MPO-SC-OM3\/OM4-12Core'u Se\u00e7melisiniz?<\/strong><\/h3>\n<p data-start=\"2408\" data-end=\"2845\">Bu <strong data-start=\"2412\" data-end=\"2437\">MPO-SC-OM3\/OM4-12Core<\/strong> yama kablosu aras\u0131nda verimli bir k\u00f6pr\u00fc sa\u011flar <strong data-start=\"2486\" data-end=\"2521\">y\u00fcksek yo\u011funluklu MPO altyap\u0131s\u0131<\/strong> ve <strong data-start=\"2526\" data-end=\"2555\">yayg\u0131n olarak kullan\u0131lan SC aray\u00fczleri<\/strong>. OM3\/OM4 \u00e7ok modlu fiber g\u00fcvenilir y\u00fcksek h\u0131zl\u0131 iletim sa\u011flarken, MPO fan-out tasar\u0131m\u0131 kablo y\u00f6netimini basitle\u015ftirir ve kurulum maliyetlerini azalt\u0131r. Modern MPO omurga a\u011flar\u0131yla uyumlulu\u011fu korurken eski SC tabanl\u0131 sistemleri y\u00fckseltmek i\u00e7in ideal \u00e7\u00f6z\u00fcmd\u00fcr.<\/p>\n<hr data-start=\"2847\" data-end=\"2850\" \/>\n<h2 data-start=\"2852\" data-end=\"2875\"><strong data-start=\"2855\" data-end=\"2875\">Profesyonel Soru-Cevap<\/strong><\/h2>\n<p data-start=\"2877\" data-end=\"3073\"><strong data-start=\"2877\" data-end=\"2943\">S1: Bu kablo i\u00e7in OM3 ve OM4 aras\u0131ndaki fark nedir?<\/strong><br data-start=\"2943\" data-end=\"2946\" \/>OM4, OM3'e g\u00f6re daha y\u00fcksek bant geni\u015fli\u011fi ve daha uzun iletim mesafesi sunarak 100G ba\u011flant\u0131lar ve daha b\u00fcy\u00fck veri merkezleri i\u00e7in daha iyi hale getirir.<\/p>\n<p data-start=\"3075\" data-end=\"3294\"><strong data-start=\"3075\" data-end=\"3133\">S2: Neden LC yerine MPO - SC koparma kablosu kullan\u0131yorsunuz?<\/strong><br data-start=\"3133\" data-end=\"3136\" \/>SC konnekt\u00f6rleri telekom ve eski kurumsal a\u011flarda yayg\u0131n olarak kullan\u0131l\u0131r. MPO-SC kablolar\u0131, modern MPO g\u00f6vdelerinin mevcut SC ekipman\u0131na do\u011frudan ba\u011flanmas\u0131n\u0131 sa\u011flar.<\/p>\n<p data-start=\"3296\" data-end=\"3480\"><strong data-start=\"3296\" data-end=\"3357\">S3: Bu kablo 40G ve 100G uygulamalar\u0131 i\u00e7in uygun mu?<\/strong><br data-start=\"3357\" data-end=\"3360\" \/>Evet. OM3 veya OM4 \u00e7ok modlu fiber ve 12 fiber MPO aray\u00fcz\u00fc ile paralel optik 40G ve 100G al\u0131c\u0131-vericileri destekler.<\/p>\n<p data-start=\"3482\" data-end=\"3652\"><strong data-start=\"3482\" data-end=\"3529\">S4: Bu kablolar\u0131n polaritesi yap\u0131land\u0131r\u0131labilir mi?<\/strong><br data-start=\"3529\" data-end=\"3532\" \/>Evet. MPO polarite tipleri (A, B veya C), farkl\u0131 a\u011f mimarilerinde do\u011fru fiber e\u015fle\u015fmesini sa\u011flamak i\u00e7in se\u00e7ilebilir.<\/p>","protected":false},"excerpt":{"rendered":"<p data-start=\"63\" data-end=\"480\">Bu <strong data-start=\"67\" data-end=\"92\">MPO-SC-OM3\/OM4-12Core<\/strong> y\u00fcksek yo\u011funluklu bir <strong data-start=\"111\" data-end=\"156\">MPO - SC koparma fiber optik ba\u011flant\u0131 kablosu<\/strong> modern veri merkezleri, kurumsal a\u011flar ve telekom omurga sistemleri i\u00e7in tasarlanm\u0131\u015ft\u0131r. Kullan\u0131m <strong data-start=\"248\" data-end=\"288\">OM3 veya OM4 50\/125 \u00b5m \u00e7ok modlu fiber<\/strong>, Bu 12 fiberli montaj, MPO ana kablolardan standart SC aray\u00fczlerine temiz bir \u00e7\u0131k\u0131\u015f sa\u011flarken 10G, 40G ve 100G Ethernet uygulamalar\u0131 i\u00e7in y\u00fcksek h\u0131zl\u0131, d\u00fc\u015f\u00fck kay\u0131pl\u0131 performans sunar.<\/p>\n<p data-start=\"482\" data-end=\"763\">Bir ucu ile sonland\u0131r\u0131lm\u0131\u015f <strong data-start=\"511\" data-end=\"541\">12 fiber MPO\/MTP konnekt\u00f6r<\/strong> ve di\u011fer ucu da <strong data-start=\"576\" data-end=\"596\">12 SC konekt\u00f6r<\/strong>, Bu kablo, y\u00fcksek yo\u011funluklu MPO omurgalar\u0131n\u0131 anahtarlara, patch panellere ve SC portlar\u0131 kullanan eski ekipmanlara ba\u011flamak i\u00e7in g\u00fcvenilir ve yerden tasarruf sa\u011flayan bir \u00e7\u00f6z\u00fcm sunar.<\/p>","protected":false},"featured_media":553,"comment_status":"open","ping_status":"closed","template":"","meta":[],"product_brand":[],"product_cat":[42],"product_tag":[],"class_list":{"0":"post-552","1":"product","2":"type-product","3":"status-publish","4":"has-post-thumbnail","6":"product_cat-mpo-mtp-fiber-optic-patch-cord","8":"first","9":"instock","10":"shipping-taxable","11":"product-type-simple"},"_links":{"self":[{"href":"https:\/\/www.fenxifiber.com\/tr\/wp-json\/wp\/v2\/product\/552","targetHints":{"allow":["GET"]}}],"collection":[{"href":"https:\/\/www.fenxifiber.com\/tr\/wp-json\/wp\/v2\/product"}],"about":[{"href":"https:\/\/www.fenxifiber.com\/tr\/wp-json\/wp\/v2\/types\/product"}],"replies":[{"embeddable":true,"href":"https:\/\/www.fenxifiber.com\/tr\/wp-json\/wp\/v2\/comments?post=552"}],"wp:featuredmedia":[{"embeddable":true,"href":"https:\/\/www.fenxifiber.com\/tr\/wp-json\/wp\/v2\/media\/553"}],"wp:attachment":[{"href":"https:\/\/www.fenxifiber.com\/tr\/wp-json\/wp\/v2\/media?parent=552"}],"wp:term":[{"taxonomy":"product_brand","embeddable":true,"href":"https:\/\/www.fenxifiber.com\/tr\/wp-json\/wp\/v2\/product_brand?post=552"},{"taxonomy":"product_cat","embeddable":true,"href":"https:\/\/www.fenxifiber.com\/tr\/wp-json\/wp\/v2\/product_cat?post=552"},{"taxonomy":"product_tag","embeddable":true,"href":"https:\/\/www.fenxifiber.com\/tr\/wp-json\/wp\/v2\/product_tag?post=552"}],"curies":[{"name":"wp","href":"https:\/\/api.w.org\/{rel}","templated":true}]}}