{"id":554,"date":"2026-02-03T01:50:18","date_gmt":"2026-02-03T01:50:18","guid":{"rendered":"https:\/\/www.fenxifiber.com\/?post_type=product&#038;p=554"},"modified":"2026-02-04T01:09:41","modified_gmt":"2026-02-04T01:09:41","slug":"mpo-mpo-om5-8-12core","status":"publish","type":"product","link":"https:\/\/www.fenxifiber.com\/tr\/product\/mpo-mpo-om5-8-12core\/","title":{"rendered":"MPO-MPO-OM5-8\/12Core Geni\u015f Bant \u00c7ok Modlu Fiber Ba\u011flant\u0131 Kablosu"},"content":{"rendered":"<h3 data-start=\"705\" data-end=\"727\"><strong data-start=\"709\" data-end=\"727\">Temel Avantajlar<\/strong><\/h3>\n<ul data-start=\"729\" data-end=\"1507\">\n<li data-start=\"729\" data-end=\"947\">\n<p data-start=\"731\" data-end=\"947\"><strong data-start=\"731\" data-end=\"763\">OM5 Geni\u015f Bant \u00c7ok Modlu Fiber<\/strong><br data-start=\"763\" data-end=\"766\" \/>SWDM'yi (K\u0131sa Dalga Boyu B\u00f6lmeli \u00c7o\u011fullama) destekler, tek bir fiber \u00fczerinde birden fazla dalga boyu sa\u011flar ve OM3 ve OM4 ile kar\u015f\u0131la\u015ft\u0131r\u0131ld\u0131\u011f\u0131nda toplam ba\u011flant\u0131 kapasitesini \u00f6nemli \u00f6l\u00e7\u00fcde art\u0131r\u0131r.<\/p>\n<\/li>\n<li data-start=\"949\" data-end=\"1100\">\n<p data-start=\"951\" data-end=\"1100\"><strong data-start=\"951\" data-end=\"979\">8 \u00c7ekirdekli ve 12 \u00c7ekirdekli Se\u00e7enekler<\/strong><br data-start=\"979\" data-end=\"982\" \/>QSFP, QSFP-DD ve paralel optik al\u0131c\u0131-verici gereksinimlerini kar\u015f\u0131lamak i\u00e7in 8 fiber veya 12 fiber konfig\u00fcrasyonlarda mevcuttur.<\/p>\n<\/li>\n<li data-start=\"1102\" data-end=\"1223\">\n<p data-start=\"1104\" data-end=\"1223\"><strong data-start=\"1104\" data-end=\"1134\">Y\u00fcksek Yo\u011funluklu MPO Aray\u00fcz\u00fc<\/strong><br data-start=\"1134\" data-end=\"1137\" \/>Kablo t\u0131kan\u0131kl\u0131\u011f\u0131n\u0131 azalt\u0131r, hava ak\u0131\u015f\u0131n\u0131 iyile\u015ftirir ve raf ve tepsi kullan\u0131m\u0131n\u0131 en \u00fcst d\u00fczeye \u00e7\u0131kar\u0131r.<\/p>\n<\/li>\n<li data-start=\"1225\" data-end=\"1373\">\n<p data-start=\"1227\" data-end=\"1373\"><strong data-start=\"1227\" data-end=\"1267\">D\u00fc\u015f\u00fck Kay\u0131pl\u0131, Y\u00fcksek Hassasiyetli Sonland\u0131rma<\/strong><br data-start=\"1267\" data-end=\"1270\" \/>Fabrikada cilalanm\u0131\u015f MPO konekt\u00f6rler, d\u00fc\u015f\u00fck ekleme kayb\u0131 ve istikrarl\u0131, y\u00fcksek h\u0131zl\u0131 optik performans sa\u011flar.<\/p>\n<\/li>\n<li data-start=\"1375\" data-end=\"1507\">\n<p data-start=\"1377\" data-end=\"1507\"><strong data-start=\"1377\" data-end=\"1400\">Geriye D\u00f6n\u00fck Uyumlu<\/strong><br data-start=\"1400\" data-end=\"1403\" \/>Gelece\u011fe haz\u0131r geni\u015f bant \u00f6zelli\u011fi sa\u011flarken 850 nm'de OM4 ve OM3 sistemleriyle tam uyumludur.<\/p>\n<\/li>\n<\/ul>\n<hr data-start=\"1509\" data-end=\"1512\" \/>\n<h3 data-start=\"1514\" data-end=\"1546\"><strong data-start=\"1518\" data-end=\"1546\">Teknik \u00d6zellikler<\/strong><\/h3>\n<div class=\"TyagGW_tableContainer\">\n<div class=\"group TyagGW_tableWrapper flex flex-col-reverse w-fit\" tabindex=\"-1\">\n<table class=\"w-fit min-w-(--thread-content-width)\" data-start=\"1548\" data-end=\"2034\">\n<thead data-start=\"1548\" data-end=\"1584\">\n<tr data-start=\"1548\" data-end=\"1584\">\n<th class=\"\" data-start=\"1548\" data-end=\"1560\" data-col-size=\"sm\">Parametre<\/th>\n<th class=\"\" data-start=\"1560\" data-end=\"1584\" data-col-size=\"md\">MPO-MPO-OM5-8\/12Core<\/th>\n<\/tr>\n<\/thead>\n<tbody data-start=\"1613\" data-end=\"2034\">\n<tr data-start=\"1613\" data-end=\"1664\">\n<td data-start=\"1613\" data-end=\"1626\" data-col-size=\"sm\">Elyaf Tipi<\/td>\n<td data-start=\"1626\" data-end=\"1664\" data-col-size=\"md\">OM5 Geni\u015f Bant \u00c7ok Modlu (50\/125 \u00b5m)<\/td>\n<\/tr>\n<tr data-start=\"1665\" data-end=\"1696\">\n<td data-start=\"1665\" data-end=\"1678\" data-col-size=\"sm\">\u00c7ekirdek Say\u0131s\u0131<\/td>\n<td data-start=\"1678\" data-end=\"1696\" data-col-size=\"md\">8 veya 12 lif<\/td>\n<\/tr>\n<tr data-start=\"1697\" data-end=\"1740\">\n<td data-start=\"1697\" data-end=\"1714\" data-col-size=\"sm\">Konekt\u00f6r Tipi<\/td>\n<td data-col-size=\"md\" data-start=\"1714\" data-end=\"1740\">MPO \/ MTP'den MPO \/ MTP'ye<\/td>\n<\/tr>\n<tr data-start=\"1741\" data-end=\"1792\">\n<td data-start=\"1741\" data-end=\"1765\" data-col-size=\"sm\">\u00c7al\u0131\u015fma Dalga Boylar\u0131<\/td>\n<td data-col-size=\"md\" data-start=\"1765\" data-end=\"1792\">850-953 nm (SWDM haz\u0131r)<\/td>\n<\/tr>\n<tr data-start=\"1793\" data-end=\"1865\">\n<td data-start=\"1793\" data-end=\"1810\" data-col-size=\"sm\">Ekleme Kayb\u0131<\/td>\n<td data-col-size=\"md\" data-start=\"1810\" data-end=\"1865\">\u2264 0,35 dB (standart), \u2264 0,20 dB (d\u00fc\u015f\u00fck kay\u0131pl\u0131 opsiyonel)<\/td>\n<\/tr>\n<tr data-start=\"1866\" data-end=\"1891\">\n<td data-start=\"1866\" data-end=\"1880\" data-col-size=\"sm\">Geri D\u00f6n\u00fc\u015f Kayb\u0131<\/td>\n<td data-col-size=\"md\" data-start=\"1880\" data-end=\"1891\">\u2265 30 dB<\/td>\n<\/tr>\n<tr data-start=\"1892\" data-end=\"1921\">\n<td data-start=\"1892\" data-end=\"1906\" data-col-size=\"sm\">Ceket Tipi<\/td>\n<td data-col-size=\"md\" data-start=\"1906\" data-end=\"1921\">LSZH veya PVC<\/td>\n<\/tr>\n<tr data-start=\"1922\" data-end=\"1950\">\n<td data-start=\"1922\" data-end=\"1939\" data-col-size=\"sm\">Kablo \u00c7ap\u0131<\/td>\n<td data-col-size=\"md\" data-start=\"1939\" data-end=\"1950\">~3.0 mm<\/td>\n<\/tr>\n<tr data-start=\"1951\" data-end=\"1995\">\n<td data-start=\"1951\" data-end=\"1975\" data-col-size=\"sm\">\u00c7al\u0131\u015fma S\u0131cakl\u0131\u011f\u0131<\/td>\n<td data-col-size=\"md\" data-start=\"1975\" data-end=\"1995\">-10 \u00b0C ila +70 \u00b0C<\/td>\n<\/tr>\n<tr data-start=\"1996\" data-end=\"2034\">\n<td data-start=\"1996\" data-end=\"2009\" data-col-size=\"sm\">Uyumluluk<\/td>\n<td data-col-size=\"md\" data-start=\"2009\" data-end=\"2034\">IEC, TIA, RoHS, REACH<\/td>\n<\/tr>\n<\/tbody>\n<\/table>\n<\/div>\n<\/div>\n<hr data-start=\"2036\" data-end=\"2039\" \/>\n<h3 data-start=\"2041\" data-end=\"2069\"><strong data-start=\"2045\" data-end=\"2069\">Tipik Uygulamalar<\/strong><\/h3>\n<ul data-start=\"2071\" data-end=\"2319\">\n<li data-start=\"2071\" data-end=\"2118\">\n<p data-start=\"2073\" data-end=\"2118\"><strong data-start=\"2073\" data-end=\"2116\">100G \/ 200G \/ 400G Veri Merkezi A\u011flar\u0131<\/strong><\/p>\n<\/li>\n<li data-start=\"2119\" data-end=\"2163\">\n<p data-start=\"2121\" data-end=\"2163\"><strong data-start=\"2121\" data-end=\"2161\">MPO Omurga ve \u00c7apraz Ba\u011flant\u0131 Ba\u011flant\u0131lar\u0131<\/strong><\/p>\n<\/li>\n<li data-start=\"2164\" data-end=\"2222\">\n<p data-start=\"2166\" data-end=\"2222\"><strong data-start=\"2166\" data-end=\"2220\">Yapay Zeka, Bulut ve Y\u00fcksek Performansl\u0131 Bilgi \u0130\u015flem K\u00fcmeleri<\/strong><\/p>\n<\/li>\n<li data-start=\"2223\" data-end=\"2261\">\n<p data-start=\"2225\" data-end=\"2261\"><strong data-start=\"2225\" data-end=\"2259\">SWDM \u00c7ok Modlu Optik Sistemler<\/strong><\/p>\n<\/li>\n<li data-start=\"2262\" data-end=\"2319\">\n<p data-start=\"2264\" data-end=\"2319\"><strong data-start=\"2264\" data-end=\"2319\">Y\u00fcksek Yo\u011funluklu Paralel-Optik Al\u0131c\u0131-Verici Ba\u011flant\u0131lar\u0131<\/strong><\/p>\n<\/li>\n<\/ul>\n<hr data-start=\"2321\" data-end=\"2324\" \/>\n<h3 data-start=\"2326\" data-end=\"2366\"><strong data-start=\"2330\" data-end=\"2366\">Neden MPO-MPO-OM5-8\/12Core'u Se\u00e7melisiniz?<\/strong><\/h3>\n<p data-start=\"2368\" data-end=\"2650\">Tek bir dalga boyuna dayanan geleneksel OM3 veya OM4 kablolar\u0131n\u0131n aksine, <strong data-start=\"2440\" data-end=\"2532\">OM5 geni\u015f bant fiber, birden fazla dalga boyunun ayn\u0131 fiber \u00fczerinden ayn\u0131 anda \u00e7al\u0131\u015fmas\u0131na olanak tan\u0131r<\/strong>. Bu, fiber say\u0131s\u0131n\u0131 art\u0131rmadan daha y\u00fcksek veri h\u0131zlar\u0131 sa\u011flar, kablolama karma\u015f\u0131kl\u0131\u011f\u0131n\u0131 ve gelecekteki y\u00fckseltme maliyetlerini azalt\u0131r.<\/p>\n<p data-start=\"2652\" data-end=\"2806\">Bu <strong data-start=\"2656\" data-end=\"2680\">MPO-MPO-OM5-8\/12Core<\/strong> yama kablosu, bina in\u015fa eden kurulu\u015flar i\u00e7in ideal se\u00e7imdir <strong data-start=\"2739\" data-end=\"2805\">\u00f6l\u00e7eklenebilir, y\u00fcksek yo\u011funluklu ve gelece\u011fe haz\u0131r fiber altyap\u0131lar<\/strong>.<\/p>\n<hr data-start=\"2808\" data-end=\"2811\" \/>\n<h2 data-start=\"2813\" data-end=\"2836\"><strong data-start=\"2816\" data-end=\"2836\">Profesyonel Soru-Cevap<\/strong><\/h2>\n<p data-start=\"2838\" data-end=\"3093\"><strong data-start=\"2838\" data-end=\"2907\">S1: 8 damarl\u0131 ve 12 damarl\u0131 MPO kablolar aras\u0131ndaki fark nedir?<\/strong><br data-start=\"2907\" data-end=\"2910\" \/>8 \u00e7ekirdekli kablolar bir\u00e7ok 40G\/100G ve kesme uygulamas\u0131 i\u00e7in optimize edilmi\u015ftir. 12 \u00e7ekirdekli kablolar ise omurga ve \u00e7apraz ba\u011flant\u0131 sistemleri i\u00e7in tam MPO kapasitesi ve daha fazla esneklik sa\u011flar.<\/p>\n<p data-start=\"3095\" data-end=\"3260\"><strong data-start=\"3095\" data-end=\"3148\">S2: OM5 kablolar OM4 al\u0131c\u0131-vericilerle kullan\u0131labilir mi?<\/strong><br data-start=\"3148\" data-end=\"3151\" \/>Evet. OM5, 850 nm'de OM4 ve OM3 ile tamamen geriye d\u00f6n\u00fck uyumludur, bu nedenle standart \u00e7ok modlu optiklerle \u00e7al\u0131\u015f\u0131r.<\/p>\n<p data-start=\"3262\" data-end=\"3476\"><strong data-start=\"3262\" data-end=\"3307\">S3: SWDM nedir ve neden \u00f6nemlidir?<\/strong><br data-start=\"3307\" data-end=\"3310\" \/>SWDM (Short-Wavelength Division Multiplexing) tek bir \u00e7ok modlu fiber \u00fczerinden birden fazla dalga boyu ileterek daha fazla fiber kurmadan toplam bant geni\u015fli\u011fini art\u0131r\u0131r.<\/p>\n<p data-start=\"3478\" data-end=\"3685\"><strong data-start=\"3478\" data-end=\"3528\">S4: MPO-MPO-OM5 400G a\u011flar\u0131 i\u00e7in uygun mu?<\/strong><br data-start=\"3528\" data-end=\"3531\" \/>Evet. OM5 a\u015fa\u011f\u0131dakileri desteklemek i\u00e7in tasarlanm\u0131\u015ft\u0131r <strong data-start=\"3563\" data-end=\"3634\">\u00e7ok dalga boylu \u00e7ok modlu 400G ve gelece\u011fin y\u00fcksek h\u0131zl\u0131 optik ba\u011flant\u0131lar\u0131<\/strong>, Bu da onu yeni nesil veri merkezleri i\u00e7in ideal hale getiriyor.<\/p>","protected":false},"excerpt":{"rendered":"<p data-start=\"65\" data-end=\"478\">Bu <strong data-start=\"69\" data-end=\"93\">MPO-MPO-OM5-8\/12Core<\/strong> yeni nesil bir <strong data-start=\"115\" data-end=\"152\">y\u00fcksek yo\u011funluklu MPO fiber ba\u011flant\u0131 kablosu<\/strong> ile in\u015fa edilmi\u015ftir <strong data-start=\"164\" data-end=\"204\">OM5 geni\u015f bant \u00e7ok modlu fiber (WBMMF)<\/strong> G\u00fcn\u00fcm\u00fcz\u00fcn 100G\/400G a\u011flar\u0131n\u0131 ve gelece\u011fin SWDM tabanl\u0131 optik sistemlerini desteklemek i\u00e7in. Ultra y\u00fcksek kapasiteli veri merkezleri, yapay zeka k\u00fcmeleri ve bulut altyap\u0131s\u0131 i\u00e7in tasarlanan bu kablo, a\u015fa\u011f\u0131dakileri sa\u011flayarak fiber ba\u015f\u0131na daha fazla bant geni\u015fli\u011fi sunar <strong data-start=\"425\" data-end=\"477\">850'den 953 nm'ye kadar \u00e7oklu dalga boyu iletimi<\/strong>.<\/p>\n<p data-start=\"480\" data-end=\"698\">Her iki ucunda MPO konekt\u00f6rleri bulunan bu patch cord a\u015fa\u011f\u0131dakiler i\u00e7in idealdir <strong data-start=\"543\" data-end=\"614\">MPO omurga ba\u011flant\u0131lar\u0131, \u00e7apraz ba\u011flant\u0131lar ve paralel optik al\u0131c\u0131-vericiler<\/strong>, Y\u00fcksek yo\u011funluklu ortamlarda kompakt, d\u00fc\u015f\u00fck kay\u0131pl\u0131 ve gelece\u011fe d\u00f6n\u00fck kablolama sa\u011flar.<\/p>","protected":false},"featured_media":555,"comment_status":"open","ping_status":"closed","template":"","meta":[],"product_brand":[],"product_cat":[42],"product_tag":[],"class_list":{"0":"post-554","1":"product","2":"type-product","3":"status-publish","4":"has-post-thumbnail","6":"product_cat-mpo-mtp-fiber-optic-patch-cord","8":"first","9":"instock","10":"shipping-taxable","11":"product-type-simple"},"_links":{"self":[{"href":"https:\/\/www.fenxifiber.com\/tr\/wp-json\/wp\/v2\/product\/554","targetHints":{"allow":["GET"]}}],"collection":[{"href":"https:\/\/www.fenxifiber.com\/tr\/wp-json\/wp\/v2\/product"}],"about":[{"href":"https:\/\/www.fenxifiber.com\/tr\/wp-json\/wp\/v2\/types\/product"}],"replies":[{"embeddable":true,"href":"https:\/\/www.fenxifiber.com\/tr\/wp-json\/wp\/v2\/comments?post=554"}],"wp:featuredmedia":[{"embeddable":true,"href":"https:\/\/www.fenxifiber.com\/tr\/wp-json\/wp\/v2\/media\/555"}],"wp:attachment":[{"href":"https:\/\/www.fenxifiber.com\/tr\/wp-json\/wp\/v2\/media?parent=554"}],"wp:term":[{"taxonomy":"product_brand","embeddable":true,"href":"https:\/\/www.fenxifiber.com\/tr\/wp-json\/wp\/v2\/product_brand?post=554"},{"taxonomy":"product_cat","embeddable":true,"href":"https:\/\/www.fenxifiber.com\/tr\/wp-json\/wp\/v2\/product_cat?post=554"},{"taxonomy":"product_tag","embeddable":true,"href":"https:\/\/www.fenxifiber.com\/tr\/wp-json\/wp\/v2\/product_tag?post=554"}],"curies":[{"name":"wp","href":"https:\/\/api.w.org\/{rel}","templated":true}]}}