{"id":556,"date":"2026-02-03T01:52:18","date_gmt":"2026-02-03T01:52:18","guid":{"rendered":"https:\/\/www.fenxifiber.com\/?post_type=product&#038;p=556"},"modified":"2026-02-04T01:10:08","modified_gmt":"2026-02-04T01:10:08","slug":"mpo-mpo-om4-8-12core","status":"publish","type":"product","link":"https:\/\/www.fenxifiber.com\/tr\/product\/mpo-mpo-om4-8-12core\/","title":{"rendered":"MPO-MPO-OM4-8\/12Core \u00c7ok Modlu Fiber Optik Yama Kablosu"},"content":{"rendered":"<h3 data-start=\"690\" data-end=\"712\"><strong data-start=\"694\" data-end=\"712\">Temel Avantajlar<\/strong><\/h3>\n<ul data-start=\"714\" data-end=\"1374\">\n<li data-start=\"714\" data-end=\"885\">\n<p data-start=\"716\" data-end=\"885\"><strong data-start=\"716\" data-end=\"744\">Y\u00fcksek Bant Geni\u015flikli OM4 Fiber<\/strong><br data-start=\"744\" data-end=\"747\" \/>OM4, OM3'e g\u00f6re daha y\u00fcksek etkili modal bant geni\u015fli\u011fi sa\u011flayarak 100G ve 400G gibi y\u00fcksek veri h\u0131zlar\u0131nda daha uzun iletim mesafelerine olanak tan\u0131r.<\/p>\n<\/li>\n<li data-start=\"887\" data-end=\"1022\">\n<p data-start=\"889\" data-end=\"1022\"><strong data-start=\"889\" data-end=\"917\">8 \u00c7ekirdekli ve 12 \u00c7ekirdekli Se\u00e7enekler<\/strong><br data-start=\"917\" data-end=\"920\" \/>Farkl\u0131 al\u0131c\u0131-verici ve omurga mimarilerine uymas\u0131 i\u00e7in 8-fiber veya 12-fiber versiyonlar\u0131 mevcuttur.<\/p>\n<\/li>\n<li data-start=\"1024\" data-end=\"1146\">\n<p data-start=\"1026\" data-end=\"1146\"><strong data-start=\"1026\" data-end=\"1056\">Y\u00fcksek Yo\u011funluklu MPO Aray\u00fcz\u00fc<\/strong><br data-start=\"1056\" data-end=\"1059\" \/>Kablo hacmini azalt\u0131r, hava ak\u0131\u015f\u0131n\u0131 iyile\u015ftirir ve raf ve tepsi alan\u0131 verimlili\u011fini en \u00fcst d\u00fczeye \u00e7\u0131kar\u0131r.<\/p>\n<\/li>\n<li data-start=\"1148\" data-end=\"1279\">\n<p data-start=\"1150\" data-end=\"1279\"><strong data-start=\"1150\" data-end=\"1172\">D\u00fc\u015f\u00fck Ekleme Kayb\u0131<\/strong><br data-start=\"1172\" data-end=\"1175\" \/>Hassas cilal\u0131 MPO konekt\u00f6rler m\u00fckemmel optik performans ve istikrarl\u0131 sinyal iletimi sa\u011flar.<\/p>\n<\/li>\n<li data-start=\"1281\" data-end=\"1374\">\n<p data-start=\"1283\" data-end=\"1374\"><strong data-start=\"1283\" data-end=\"1307\">Tak ve \u00c7al\u0131\u015ft\u0131r Tasar\u0131m<\/strong><br data-start=\"1307\" data-end=\"1310\" \/>H\u0131zl\u0131 ve hatas\u0131z da\u011f\u0131t\u0131m i\u00e7in fabrikada sonland\u0131r\u0131lm\u0131\u015f ve test edilmi\u015ftir.<\/p>\n<\/li>\n<\/ul>\n<hr data-start=\"1376\" data-end=\"1379\" \/>\n<h3 data-start=\"1381\" data-end=\"1413\"><strong data-start=\"1385\" data-end=\"1413\">Teknik \u00d6zellikler<\/strong><\/h3>\n<div class=\"TyagGW_tableContainer\">\n<div class=\"group TyagGW_tableWrapper flex flex-col-reverse w-fit\" tabindex=\"-1\">\n<table class=\"w-fit min-w-(--thread-content-width)\" data-start=\"1415\" data-end=\"1874\">\n<thead data-start=\"1415\" data-end=\"1451\">\n<tr data-start=\"1415\" data-end=\"1451\">\n<th class=\"\" data-start=\"1415\" data-end=\"1427\" data-col-size=\"sm\">Parametre<\/th>\n<th class=\"\" data-start=\"1427\" data-end=\"1451\" data-col-size=\"md\">MPO-MPO-OM4-8\/12Core<\/th>\n<\/tr>\n<\/thead>\n<tbody data-start=\"1480\" data-end=\"1874\">\n<tr data-start=\"1480\" data-end=\"1522\">\n<td data-start=\"1480\" data-end=\"1493\" data-col-size=\"sm\">Elyaf Tipi<\/td>\n<td data-col-size=\"md\" data-start=\"1493\" data-end=\"1522\">OM4 \u00c7ok Modlu (50\/125 \u00b5m)<\/td>\n<\/tr>\n<tr data-start=\"1523\" data-end=\"1554\">\n<td data-start=\"1523\" data-end=\"1536\" data-col-size=\"sm\">\u00c7ekirdek Say\u0131s\u0131<\/td>\n<td data-col-size=\"md\" data-start=\"1536\" data-end=\"1554\">8 veya 12 lif<\/td>\n<\/tr>\n<tr data-start=\"1555\" data-end=\"1598\">\n<td data-start=\"1555\" data-end=\"1572\" data-col-size=\"sm\">Konekt\u00f6r Tipi<\/td>\n<td data-col-size=\"md\" data-start=\"1572\" data-end=\"1598\">MPO \/ MTP'den MPO \/ MTP'ye<\/td>\n<\/tr>\n<tr data-start=\"1599\" data-end=\"1632\">\n<td data-start=\"1599\" data-end=\"1622\" data-col-size=\"sm\">\u00c7al\u0131\u015fma Dalga Boyu<\/td>\n<td data-col-size=\"md\" data-start=\"1622\" data-end=\"1632\">850 nm<\/td>\n<\/tr>\n<tr data-start=\"1633\" data-end=\"1705\">\n<td data-start=\"1633\" data-end=\"1650\" data-col-size=\"sm\">Ekleme Kayb\u0131<\/td>\n<td data-col-size=\"md\" data-start=\"1650\" data-end=\"1705\">\u2264 0,35 dB (standart), \u2264 0,20 dB (d\u00fc\u015f\u00fck kay\u0131pl\u0131 opsiyonel)<\/td>\n<\/tr>\n<tr data-start=\"1706\" data-end=\"1731\">\n<td data-start=\"1706\" data-end=\"1720\" data-col-size=\"sm\">Geri D\u00f6n\u00fc\u015f Kayb\u0131<\/td>\n<td data-col-size=\"md\" data-start=\"1720\" data-end=\"1731\">\u2265 30 dB<\/td>\n<\/tr>\n<tr data-start=\"1732\" data-end=\"1761\">\n<td data-start=\"1732\" data-end=\"1746\" data-col-size=\"sm\">Ceket Tipi<\/td>\n<td data-col-size=\"md\" data-start=\"1746\" data-end=\"1761\">LSZH veya PVC<\/td>\n<\/tr>\n<tr data-start=\"1762\" data-end=\"1790\">\n<td data-start=\"1762\" data-end=\"1779\" data-col-size=\"sm\">Kablo \u00c7ap\u0131<\/td>\n<td data-col-size=\"md\" data-start=\"1779\" data-end=\"1790\">~3.0 mm<\/td>\n<\/tr>\n<tr data-start=\"1791\" data-end=\"1835\">\n<td data-start=\"1791\" data-end=\"1815\" data-col-size=\"sm\">\u00c7al\u0131\u015fma S\u0131cakl\u0131\u011f\u0131<\/td>\n<td data-col-size=\"md\" data-start=\"1815\" data-end=\"1835\">-10 \u00b0C ila +70 \u00b0C<\/td>\n<\/tr>\n<tr data-start=\"1836\" data-end=\"1874\">\n<td data-start=\"1836\" data-end=\"1849\" data-col-size=\"sm\">Uyumluluk<\/td>\n<td data-col-size=\"md\" data-start=\"1849\" data-end=\"1874\">IEC, TIA, RoHS, REACH<\/td>\n<\/tr>\n<\/tbody>\n<\/table>\n<\/div>\n<\/div>\n<hr data-start=\"1876\" data-end=\"1879\" \/>\n<h3 data-start=\"1881\" data-end=\"1909\"><strong data-start=\"1885\" data-end=\"1909\">Tipik Uygulamalar<\/strong><\/h3>\n<ul data-start=\"1911\" data-end=\"2134\">\n<li data-start=\"1911\" data-end=\"1957\">\n<p data-start=\"1913\" data-end=\"1957\"><strong data-start=\"1913\" data-end=\"1955\">40G \/ 100G \/ 400G Veri Merkezi A\u011flar\u0131<\/strong><\/p>\n<\/li>\n<li data-start=\"1958\" data-end=\"2004\">\n<p data-start=\"1960\" data-end=\"2004\"><strong data-start=\"1960\" data-end=\"2002\">MPO Omurga ve \u00c7apraz Ba\u011flant\u0131 Kablolamas\u0131<\/strong><\/p>\n<\/li>\n<li data-start=\"2005\" data-end=\"2057\">\n<p data-start=\"2007\" data-end=\"2057\"><strong data-start=\"2007\" data-end=\"2055\">Y\u00fcksek Yo\u011funluklu Sunucu ve Anahtar Ara Ba\u011flant\u0131lar\u0131<\/strong><\/p>\n<\/li>\n<li data-start=\"2058\" data-end=\"2099\">\n<p data-start=\"2060\" data-end=\"2099\"><strong data-start=\"2060\" data-end=\"2097\">Bulut, Yapay Zeka ve HPC Altyap\u0131s\u0131<\/strong><\/p>\n<\/li>\n<li data-start=\"2100\" data-end=\"2134\">\n<p data-start=\"2102\" data-end=\"2134\"><strong data-start=\"2102\" data-end=\"2134\">Depolama Alan\u0131 A\u011flar\u0131 (SAN'lar)<\/strong><\/p>\n<\/li>\n<\/ul>\n<hr data-start=\"2136\" data-end=\"2139\" \/>\n<h3 data-start=\"2141\" data-end=\"2181\"><strong data-start=\"2145\" data-end=\"2181\">Neden MPO-MPO-OM4-8\/12Core'u Se\u00e7melisiniz?<\/strong><\/h3>\n<p data-start=\"2183\" data-end=\"2501\">Bu <strong data-start=\"2187\" data-end=\"2211\">MPO-MPO-OM4-8\/12Core<\/strong> yama kablosu kombinasyonlar\u0131 <strong data-start=\"2232\" data-end=\"2260\">y\u00fcksek bant geni\u015flikli OM4 fiber<\/strong> ile <strong data-start=\"2268\" data-end=\"2293\">kompakt MPO aray\u00fcz\u00fc<\/strong>, Modern veri merkezleri i\u00e7in g\u00fcvenilir, \u00f6l\u00e7eklenebilir ve gelece\u011fe haz\u0131r ba\u011flant\u0131 sunar. G\u00fcn\u00fcm\u00fcz\u00fcn y\u00fcksek h\u0131zl\u0131 Ethernet'ini desteklerken, yeniden kablolama yapmadan a\u011f geni\u015fletme i\u00e7in gereken esnekli\u011fi sa\u011flar.<\/p>\n<hr data-start=\"2503\" data-end=\"2506\" \/>\n<h2 data-start=\"2508\" data-end=\"2531\"><strong data-start=\"2511\" data-end=\"2531\">Profesyonel Soru-Cevap<\/strong><\/h2>\n<p data-start=\"2533\" data-end=\"2713\"><strong data-start=\"2533\" data-end=\"2584\">S1: OM3 ve OM4 aras\u0131ndaki fark nedir?<\/strong><br data-start=\"2584\" data-end=\"2587\" \/>OM4, OM3'e g\u00f6re daha y\u00fcksek bant geni\u015fli\u011fi ve daha uzun iletim mesafesi sunarak 100G ve 400G uygulamalar\u0131 i\u00e7in daha uygun hale getirir.<\/p>\n<p data-start=\"2715\" data-end=\"2923\"><strong data-start=\"2715\" data-end=\"2768\">S2: 8 damarl\u0131 m\u0131 yoksa 12 damarl\u0131 MPO kablolar\u0131 m\u0131 se\u00e7meliyim?<\/strong><br data-start=\"2768\" data-end=\"2771\" \/>8 \u00e7ekirdekli genellikle 40G\/100G kesintileri i\u00e7in kullan\u0131l\u0131rken, 12 \u00e7ekirdekli omurga ve \u00e7apraz ba\u011flant\u0131 sistemleri i\u00e7in tam MPO kapasitesi ve daha fazla esneklik sa\u011flar.<\/p>\n<p data-start=\"2925\" data-end=\"3067\"><strong data-start=\"2925\" data-end=\"2977\">S3: OM4 MPO kablolar OM3 sistemleri ile kullan\u0131labilir mi?<\/strong><br data-start=\"2977\" data-end=\"2980\" \/>Evet. OM4, OM3 ile geriye d\u00f6n\u00fck olarak uyumludur ve 850 nm'de OM3 al\u0131c\u0131-vericileriyle \u00e7al\u0131\u015facakt\u0131r.<\/p>\n<p data-start=\"3069\" data-end=\"3239\"><strong data-start=\"3069\" data-end=\"3116\">S4: Bu kablolar\u0131n polaritesi yap\u0131land\u0131r\u0131labilir mi?<\/strong><br data-start=\"3116\" data-end=\"3119\" \/>Evet. Polarite tipleri (A, B veya C), farkl\u0131 MPO a\u011f mimarilerinde uygun fiber e\u015fle\u015fmesini sa\u011flamak i\u00e7in belirtilebilir.<\/p>","protected":false},"excerpt":{"rendered":"<p data-start=\"62\" data-end=\"450\">Bu <strong data-start=\"66\" data-end=\"90\">MPO-MPO-OM4-8\/12Core<\/strong> y\u00fcksek performansl\u0131 bir <strong data-start=\"113\" data-end=\"154\">MPO - MPO \u00e7ok modlu fiber ba\u011flant\u0131 kablosu<\/strong> g\u00fcn\u00fcm\u00fcz\u00fcn y\u00fcksek yo\u011funluklu veri merkezleri, bulut bili\u015fim platformlar\u0131 ve kurumsal omurga a\u011flar\u0131 i\u00e7in tasarlanm\u0131\u015ft\u0131r. \u0130le in\u015fa edilmi\u015ftir <strong data-start=\"275\" data-end=\"324\">OM4 50\/125 \u00b5m lazer i\u00e7in optimize edilmi\u015f \u00e7ok modlu fiber<\/strong>, OM3'ten daha \u00fcst\u00fcn bant geni\u015fli\u011fi ve daha uzun eri\u015fim sa\u011flar, bu da onu a\u015fa\u011f\u0131dakiler i\u00e7in ideal hale getirir <strong data-start=\"404\" data-end=\"436\">40G, 100G ve 400G Ethernet<\/strong> uygulamalar.<\/p>\n<p data-start=\"452\" data-end=\"683\">Her iki u\u00e7ta MPO konekt\u00f6rler ve a\u015fa\u011f\u0131dakiler i\u00e7in destek ile <strong data-start=\"501\" data-end=\"539\">8-fiber veya 12-fiber konfig\u00fcrasyonlar\u0131<\/strong>, i\u00e7in kompakt, d\u00fc\u015f\u00fck kay\u0131pl\u0131 ve \u00f6l\u00e7eklenebilir bir \u00e7\u00f6z\u00fcm sunar. <strong data-start=\"608\" data-end=\"682\">MPO omurga kablolar\u0131, \u00e7apraz ba\u011flant\u0131lar ve paralel optik al\u0131c\u0131-vericiler<\/strong>.<\/p>","protected":false},"featured_media":557,"comment_status":"open","ping_status":"closed","template":"","meta":[],"product_brand":[],"product_cat":[42],"product_tag":[],"class_list":{"0":"post-556","1":"product","2":"type-product","3":"status-publish","4":"has-post-thumbnail","6":"product_cat-mpo-mtp-fiber-optic-patch-cord","8":"first","9":"instock","10":"shipping-taxable","11":"product-type-simple"},"_links":{"self":[{"href":"https:\/\/www.fenxifiber.com\/tr\/wp-json\/wp\/v2\/product\/556","targetHints":{"allow":["GET"]}}],"collection":[{"href":"https:\/\/www.fenxifiber.com\/tr\/wp-json\/wp\/v2\/product"}],"about":[{"href":"https:\/\/www.fenxifiber.com\/tr\/wp-json\/wp\/v2\/types\/product"}],"replies":[{"embeddable":true,"href":"https:\/\/www.fenxifiber.com\/tr\/wp-json\/wp\/v2\/comments?post=556"}],"wp:featuredmedia":[{"embeddable":true,"href":"https:\/\/www.fenxifiber.com\/tr\/wp-json\/wp\/v2\/media\/557"}],"wp:attachment":[{"href":"https:\/\/www.fenxifiber.com\/tr\/wp-json\/wp\/v2\/media?parent=556"}],"wp:term":[{"taxonomy":"product_brand","embeddable":true,"href":"https:\/\/www.fenxifiber.com\/tr\/wp-json\/wp\/v2\/product_brand?post=556"},{"taxonomy":"product_cat","embeddable":true,"href":"https:\/\/www.fenxifiber.com\/tr\/wp-json\/wp\/v2\/product_cat?post=556"},{"taxonomy":"product_tag","embeddable":true,"href":"https:\/\/www.fenxifiber.com\/tr\/wp-json\/wp\/v2\/product_tag?post=556"}],"curies":[{"name":"wp","href":"https:\/\/api.w.org\/{rel}","templated":true}]}}