{"id":558,"date":"2026-02-03T01:54:58","date_gmt":"2026-02-03T01:54:58","guid":{"rendered":"https:\/\/www.fenxifiber.com\/?post_type=product&#038;p=558"},"modified":"2026-02-04T01:10:37","modified_gmt":"2026-02-04T01:10:37","slug":"mpo-lc-om4-12core","status":"publish","type":"product","link":"https:\/\/www.fenxifiber.com\/tr\/product\/mpo-lc-om4-12core\/","title":{"rendered":"MPO-LC-OM4-12Core Y\u00fcksek Yo\u011funluklu \u00c7ok Modlu Fiber Ba\u011flant\u0131 Kablosu"},"content":{"rendered":"<h3 data-start=\"748\" data-end=\"770\"><strong data-start=\"752\" data-end=\"770\">Temel Avantajlar<\/strong><\/h3>\n<ul data-start=\"772\" data-end=\"1483\">\n<li data-start=\"772\" data-end=\"934\">\n<p data-start=\"774\" data-end=\"934\"><strong data-start=\"774\" data-end=\"802\">Y\u00fcksek Bant Geni\u015flikli OM4 Fiber<\/strong><br data-start=\"802\" data-end=\"805\" \/>OM4, OM3'e k\u0131yasla daha uzun eri\u015fim ve daha y\u00fcksek veri h\u0131zlar\u0131n\u0131 destekleyerek zorlu veri merkezi ortamlar\u0131 i\u00e7in uygun hale getirir.<\/p>\n<\/li>\n<li data-start=\"936\" data-end=\"1100\">\n<p data-start=\"938\" data-end=\"1100\"><strong data-start=\"938\" data-end=\"969\">12-Fiber MPO - LC Aras\u0131<\/strong><br data-start=\"969\" data-end=\"972\" \/>Tek bir MPO aray\u00fcz\u00fc on iki LC portuna ba\u011flanarak anahtarlara, sunuculara ve patch panellere temiz ve d\u00fczenli bir \u00e7\u0131k\u0131\u015f sa\u011flar.<\/p>\n<\/li>\n<li data-start=\"1102\" data-end=\"1256\">\n<p data-start=\"1104\" data-end=\"1256\"><strong data-start=\"1104\" data-end=\"1145\">D\u00fc\u015f\u00fck Ekleme Kayb\u0131 ve Y\u00fcksek G\u00fcvenilirlik<\/strong><br data-start=\"1145\" data-end=\"1148\" \/>Hassas cilal\u0131 konnekt\u00f6rler ve fabrika testleri, m\u00fckemmel sinyal kalitesi ve uzun vadeli kararl\u0131l\u0131k sa\u011flar.<\/p>\n<\/li>\n<li data-start=\"1258\" data-end=\"1370\">\n<p data-start=\"1260\" data-end=\"1370\"><strong data-start=\"1260\" data-end=\"1297\">Y\u00fcksek Yo\u011funluklu, Yerden Tasarruf Sa\u011flayan Tasar\u0131m<\/strong><br data-start=\"1297\" data-end=\"1300\" \/>Kablo t\u0131kan\u0131kl\u0131\u011f\u0131n\u0131 azalt\u0131r ve raflarda ve kabinlerde hava ak\u0131\u015f\u0131n\u0131 iyile\u015ftirir.<\/p>\n<\/li>\n<li data-start=\"1372\" data-end=\"1483\">\n<p data-start=\"1374\" data-end=\"1483\"><strong data-start=\"1374\" data-end=\"1404\">Tak ve \u00c7al\u0131\u015ft\u0131r Kurulum<\/strong><br data-start=\"1404\" data-end=\"1407\" \/>Minimum hata riski ile h\u0131zl\u0131 da\u011f\u0131t\u0131m i\u00e7in \u00f6nceden sonland\u0131r\u0131lm\u0131\u015f ve test edilmi\u015ftir.<\/p>\n<\/li>\n<\/ul>\n<hr data-start=\"1485\" data-end=\"1488\" \/>\n<h3 data-start=\"1490\" data-end=\"1522\"><strong data-start=\"1494\" data-end=\"1522\">Teknik \u00d6zellikler<\/strong><\/h3>\n<div class=\"TyagGW_tableContainer\">\n<div class=\"group TyagGW_tableWrapper flex flex-col-reverse w-fit\" tabindex=\"-1\">\n<table class=\"w-fit min-w-(--thread-content-width)\" data-start=\"1524\" data-end=\"1987\">\n<thead data-start=\"1524\" data-end=\"1557\">\n<tr data-start=\"1524\" data-end=\"1557\">\n<th class=\"\" data-start=\"1524\" data-end=\"1536\" data-col-size=\"sm\">Parametre<\/th>\n<th class=\"\" data-start=\"1536\" data-end=\"1557\" data-col-size=\"sm\">MPO-LC-OM4-12Core<\/th>\n<\/tr>\n<\/thead>\n<tbody data-start=\"1586\" data-end=\"1987\">\n<tr data-start=\"1586\" data-end=\"1628\">\n<td data-start=\"1586\" data-end=\"1599\" data-col-size=\"sm\">Elyaf Tipi<\/td>\n<td data-start=\"1599\" data-end=\"1628\" data-col-size=\"sm\">OM4 \u00c7ok Modlu (50\/125 \u00b5m)<\/td>\n<\/tr>\n<tr data-start=\"1629\" data-end=\"1655\">\n<td data-start=\"1629\" data-end=\"1642\" data-col-size=\"sm\">\u00c7ekirdek Say\u0131s\u0131<\/td>\n<td data-start=\"1642\" data-end=\"1655\" data-col-size=\"sm\">12 lif<\/td>\n<\/tr>\n<tr data-start=\"1656\" data-end=\"1694\">\n<td data-start=\"1656\" data-end=\"1670\" data-col-size=\"sm\">Konekt\u00f6r A<\/td>\n<td data-start=\"1670\" data-end=\"1694\" data-col-size=\"sm\">MPO \/ MTP (12 fiber)<\/td>\n<\/tr>\n<tr data-start=\"1695\" data-end=\"1731\">\n<td data-start=\"1695\" data-end=\"1709\" data-col-size=\"sm\">Konekt\u00f6r B<\/td>\n<td data-start=\"1709\" data-end=\"1731\" data-col-size=\"sm\">12 \u00d7 LC konekt\u00f6rler<\/td>\n<\/tr>\n<tr data-start=\"1732\" data-end=\"1765\">\n<td data-start=\"1732\" data-end=\"1755\" data-col-size=\"sm\">\u00c7al\u0131\u015fma Dalga Boyu<\/td>\n<td data-start=\"1755\" data-end=\"1765\" data-col-size=\"sm\">850 nm<\/td>\n<\/tr>\n<tr data-start=\"1766\" data-end=\"1818\">\n<td data-start=\"1766\" data-end=\"1783\" data-col-size=\"sm\">Ekleme Kayb\u0131<\/td>\n<td data-start=\"1783\" data-end=\"1818\" data-col-size=\"sm\">\u2264 0,35 dB (MPO), \u2264 0,30 dB (LC)<\/td>\n<\/tr>\n<tr data-start=\"1819\" data-end=\"1844\">\n<td data-start=\"1819\" data-end=\"1833\" data-col-size=\"sm\">Geri D\u00f6n\u00fc\u015f Kayb\u0131<\/td>\n<td data-col-size=\"sm\" data-start=\"1833\" data-end=\"1844\">\u2265 30 dB<\/td>\n<\/tr>\n<tr data-start=\"1845\" data-end=\"1874\">\n<td data-start=\"1845\" data-end=\"1859\" data-col-size=\"sm\">Ceket Tipi<\/td>\n<td data-start=\"1859\" data-end=\"1874\" data-col-size=\"sm\">LSZH veya PVC<\/td>\n<\/tr>\n<tr data-start=\"1875\" data-end=\"1903\">\n<td data-start=\"1875\" data-end=\"1892\" data-col-size=\"sm\">Kablo \u00c7ap\u0131<\/td>\n<td data-col-size=\"sm\" data-start=\"1892\" data-end=\"1903\">~3.0 mm<\/td>\n<\/tr>\n<tr data-start=\"1904\" data-end=\"1948\">\n<td data-start=\"1904\" data-end=\"1928\" data-col-size=\"sm\">\u00c7al\u0131\u015fma S\u0131cakl\u0131\u011f\u0131<\/td>\n<td data-col-size=\"sm\" data-start=\"1928\" data-end=\"1948\">-10 \u00b0C ila +70 \u00b0C<\/td>\n<\/tr>\n<tr data-start=\"1949\" data-end=\"1987\">\n<td data-start=\"1949\" data-end=\"1962\" data-col-size=\"sm\">Uyumluluk<\/td>\n<td data-col-size=\"sm\" data-start=\"1962\" data-end=\"1987\">IEC, TIA, RoHS, REACH<\/td>\n<\/tr>\n<\/tbody>\n<\/table>\n<\/div>\n<\/div>\n<hr data-start=\"1989\" data-end=\"1992\" \/>\n<h3 data-start=\"1994\" data-end=\"2022\"><strong data-start=\"1998\" data-end=\"2022\">Tipik Uygulamalar<\/strong><\/h3>\n<ul data-start=\"2024\" data-end=\"2258\">\n<li data-start=\"2024\" data-end=\"2070\">\n<p data-start=\"2026\" data-end=\"2070\"><strong data-start=\"2026\" data-end=\"2068\">40G \/ 100G \/ 400G Veri Merkezi A\u011flar\u0131<\/strong><\/p>\n<\/li>\n<li data-start=\"2071\" data-end=\"2119\">\n<p data-start=\"2073\" data-end=\"2119\"><strong data-start=\"2073\" data-end=\"2117\">MPO Omurgadan LC Ekipman Ba\u011flant\u0131lar\u0131na<\/strong><\/p>\n<\/li>\n<li data-start=\"2120\" data-end=\"2175\">\n<p data-start=\"2122\" data-end=\"2175\"><strong data-start=\"2122\" data-end=\"2173\">Bulut, Yapay Zeka ve Y\u00fcksek Performansl\u0131 Hesaplama (HPC)<\/strong><\/p>\n<\/li>\n<li data-start=\"2176\" data-end=\"2212\">\n<p data-start=\"2178\" data-end=\"2212\"><strong data-start=\"2178\" data-end=\"2210\">Depolama Alan\u0131 A\u011flar\u0131 (SAN'lar)<\/strong><\/p>\n<\/li>\n<li data-start=\"2213\" data-end=\"2258\">\n<p data-start=\"2215\" data-end=\"2258\"><strong data-start=\"2215\" data-end=\"2258\">Y\u00fcksek Yo\u011funluklu Yap\u0131sal Kablolama Sistemleri<\/strong><\/p>\n<\/li>\n<\/ul>\n<hr data-start=\"2260\" data-end=\"2263\" \/>\n<h3 data-start=\"2265\" data-end=\"2302\"><strong data-start=\"2269\" data-end=\"2302\">Neden MPO-LC-OM4-12Core'u Se\u00e7melisiniz?<\/strong><\/h3>\n<p data-start=\"2304\" data-end=\"2677\">Bu <strong data-start=\"2308\" data-end=\"2329\">MPO-LC-OM4-12Core<\/strong> yama kablosu m\u00fckemmel bir denge sunar <strong data-start=\"2369\" data-end=\"2402\">y\u00fcksek yo\u011funluklu MPO ba\u011flant\u0131s\u0131<\/strong> ve <strong data-start=\"2407\" data-end=\"2437\">evrensel LC uyumlulu\u011fu<\/strong>. OM4 fiberi \u00fcst\u00fcn bant geni\u015fli\u011fi ve eri\u015fim sa\u011flarken, koparma tasar\u0131m\u0131 a\u011f mimarisini basitle\u015ftirir ve kurulum s\u00fcresini azalt\u0131r. Bina i\u00e7in ideal \u00e7\u00f6z\u00fcmd\u00fcr <strong data-start=\"2619\" data-end=\"2676\">\u00f6l\u00e7eklenebilir, y\u00fcksek h\u0131zl\u0131 ve gelece\u011fe haz\u0131r fiber a\u011flar<\/strong>.<\/p>\n<hr data-start=\"2679\" data-end=\"2682\" \/>\n<h2 data-start=\"2684\" data-end=\"2707\"><strong data-start=\"2687\" data-end=\"2707\">Profesyonel Soru-Cevap<\/strong><\/h2>\n<p data-start=\"2709\" data-end=\"2882\"><strong data-start=\"2709\" data-end=\"2747\">S1: Neden OM3 yerine OM4'\u00fc se\u00e7melisiniz?<\/strong><br data-start=\"2747\" data-end=\"2750\" \/>OM4 daha y\u00fcksek bant geni\u015fli\u011fi ve daha uzun iletim mesafeleri sa\u011flayarak 100G ve 400G veri merkezi uygulamalar\u0131 i\u00e7in daha uygun hale getirir.<\/p>\n<p data-start=\"2884\" data-end=\"3089\"><strong data-start=\"2884\" data-end=\"2941\">S2: MPO-LC koparma kablolar\u0131n\u0131n faydas\u0131 nedir?<\/strong><br data-start=\"2941\" data-end=\"2944\" \/>Y\u00fcksek yo\u011funluklu MPO ana kablolar\u0131n, ek d\u00f6n\u00fc\u015ft\u00fcrme donan\u0131m\u0131 olmadan anahtarlar ve sunuculardaki standart LC ba\u011flant\u0131 noktalar\u0131na do\u011frudan ba\u011flanmas\u0131n\u0131 sa\u011flar.<\/p>\n<p data-start=\"3091\" data-end=\"3266\"><strong data-start=\"3091\" data-end=\"3158\">S3: Bu kablo QSFP ve QSFP28 al\u0131c\u0131-vericileriyle uyumlu mu?<\/strong><br data-start=\"3158\" data-end=\"3161\" \/>Evet. MPO-LC-OM4-12Core, 40G ve 100G \u00e7ok modlu a\u011flarda QSFP+ ve QSFP28 mod\u00fclleriyle yayg\u0131n olarak kullan\u0131l\u0131r.<\/p>\n<p data-start=\"3268\" data-end=\"3466\"><strong data-start=\"3268\" data-end=\"3323\">S4: Bu kablo mevcut OM3 sistemlerinde kullan\u0131labilir mi?<\/strong><br data-start=\"3323\" data-end=\"3326\" \/>Evet. OM4, OM3 ile tamamen geriye d\u00f6n\u00fck uyumludur, bu nedenle gelecekteki y\u00fckseltmeler i\u00e7in daha y\u00fcksek performans sunarken OM3 tabanl\u0131 a\u011flarda \u00e7al\u0131\u015facakt\u0131r.<\/p>","protected":false},"excerpt":{"rendered":"<p data-start=\"66\" data-end=\"447\">Bu <strong data-start=\"70\" data-end=\"91\">MPO-LC-OM4-12Core<\/strong> y\u00fcksek performansl\u0131 bir <strong data-start=\"114\" data-end=\"159\">MPO - LC koparma fiber optik ba\u011flant\u0131 kablosu<\/strong> modern veri merkezleri, bulut a\u011flar\u0131 ve y\u00fcksek h\u0131zl\u0131 kurumsal omurgalar i\u00e7in tasarlanm\u0131\u015ft\u0131r. \u0130le in\u015fa edilmi\u015ftir <strong data-start=\"258\" data-end=\"307\">OM4 50\/125 \u00b5m lazer i\u00e7in optimize edilmi\u015f \u00e7ok modlu fiber<\/strong>, OM3'ten daha y\u00fcksek bant geni\u015fli\u011fi ve daha uzun iletim mesafesi sa\u011flar, bu da onu a\u015fa\u011f\u0131dakiler i\u00e7in ideal hale getirir <strong data-start=\"401\" data-end=\"433\">40G, 100G ve 400G Ethernet<\/strong> Ba\u011flanabilirlik.<\/p>\n<p data-start=\"449\" data-end=\"741\">Bir ucu ile sonland\u0131r\u0131lm\u0131\u015f <strong data-start=\"478\" data-end=\"508\">12 fiber MPO\/MTP konnekt\u00f6r<\/strong> ve di\u011fer ucu da <strong data-start=\"543\" data-end=\"563\">12 LC konekt\u00f6r<\/strong>, aras\u0131nda sorunsuz entegrasyon sa\u011flayan bu kablo <strong data-start=\"613\" data-end=\"647\">y\u00fcksek yo\u011funluklu MPO trunk sistemleri<\/strong> ve <strong data-start=\"652\" data-end=\"686\">standart LC tabanl\u0131 al\u0131c\u0131-vericiler<\/strong>, kablolamay\u0131 basitle\u015ftirir ve a\u011f verimlili\u011fini art\u0131r\u0131r.<\/p>","protected":false},"featured_media":559,"comment_status":"open","ping_status":"closed","template":"","meta":[],"product_brand":[],"product_cat":[42],"product_tag":[],"class_list":{"0":"post-558","1":"product","2":"type-product","3":"status-publish","4":"has-post-thumbnail","6":"product_cat-mpo-mtp-fiber-optic-patch-cord","8":"first","9":"instock","10":"shipping-taxable","11":"product-type-simple"},"_links":{"self":[{"href":"https:\/\/www.fenxifiber.com\/tr\/wp-json\/wp\/v2\/product\/558","targetHints":{"allow":["GET"]}}],"collection":[{"href":"https:\/\/www.fenxifiber.com\/tr\/wp-json\/wp\/v2\/product"}],"about":[{"href":"https:\/\/www.fenxifiber.com\/tr\/wp-json\/wp\/v2\/types\/product"}],"replies":[{"embeddable":true,"href":"https:\/\/www.fenxifiber.com\/tr\/wp-json\/wp\/v2\/comments?post=558"}],"wp:featuredmedia":[{"embeddable":true,"href":"https:\/\/www.fenxifiber.com\/tr\/wp-json\/wp\/v2\/media\/559"}],"wp:attachment":[{"href":"https:\/\/www.fenxifiber.com\/tr\/wp-json\/wp\/v2\/media?parent=558"}],"wp:term":[{"taxonomy":"product_brand","embeddable":true,"href":"https:\/\/www.fenxifiber.com\/tr\/wp-json\/wp\/v2\/product_brand?post=558"},{"taxonomy":"product_cat","embeddable":true,"href":"https:\/\/www.fenxifiber.com\/tr\/wp-json\/wp\/v2\/product_cat?post=558"},{"taxonomy":"product_tag","embeddable":true,"href":"https:\/\/www.fenxifiber.com\/tr\/wp-json\/wp\/v2\/product_tag?post=558"}],"curies":[{"name":"wp","href":"https:\/\/api.w.org\/{rel}","templated":true}]}}