{"id":560,"date":"2026-02-03T01:56:53","date_gmt":"2026-02-03T01:56:53","guid":{"rendered":"https:\/\/www.fenxifiber.com\/?post_type=product&#038;p=560"},"modified":"2026-02-04T01:11:20","modified_gmt":"2026-02-04T01:11:20","slug":"mpo-sc-om4-12core","status":"publish","type":"product","link":"https:\/\/www.fenxifiber.com\/tr\/product\/mpo-sc-om4-12core\/","title":{"rendered":"MPO-SC-OM4-12Core - Y\u00fcksek Yo\u011funluklu MPO - SC Fiber Koparma Kablosu"},"content":{"rendered":"<h3 data-start=\"771\" data-end=\"806\"><strong data-start=\"775\" data-end=\"806\">Bu Kablo Neden Farkl\u0131?<\/strong><\/h3>\n<p data-start=\"808\" data-end=\"915\">MPO-SC-OM4-12Core a\u015fa\u011f\u0131daki ortamlar i\u00e7in tasarlanm\u0131\u015ft\u0131r <strong data-start=\"865\" data-end=\"903\">alan, hava ak\u0131\u015f\u0131 ve sinyal kalitesi<\/strong> hepsi \u00f6nemli:<\/p>\n<ul data-start=\"917\" data-end=\"1500\">\n<li data-start=\"917\" data-end=\"1066\">\n<p data-start=\"919\" data-end=\"1066\"><strong data-start=\"919\" data-end=\"955\">Daha az fiberle daha fazla bant geni\u015fli\u011fi<\/strong><br data-start=\"955\" data-end=\"958\" \/>OM4 fiber, OM3'e g\u00f6re \u00e7ok daha y\u00fcksek modal bant geni\u015fli\u011fini destekleyerek daha uzun ve daha istikrarl\u0131 y\u00fcksek h\u0131zl\u0131 ba\u011flant\u0131lara olanak tan\u0131r.<\/p>\n<\/li>\n<li data-start=\"1068\" data-end=\"1225\">\n<p data-start=\"1070\" data-end=\"1225\"><strong data-start=\"1070\" data-end=\"1098\">Verimli ge\u00e7i\u015f yolu<\/strong><br data-start=\"1098\" data-end=\"1101\" \/>SC portlu ekipmana ba\u011flan\u0131rken MPO omurga kablolamas\u0131 kullanman\u0131za olanak tan\u0131yarak maliyetli donan\u0131m de\u011fi\u015fimini \u00f6nler.<\/p>\n<\/li>\n<li data-start=\"1227\" data-end=\"1361\">\n<p data-start=\"1229\" data-end=\"1361\"><strong data-start=\"1229\" data-end=\"1255\">Daha temiz kablolama d\u00fczeni<\/strong><br data-start=\"1255\" data-end=\"1258\" \/>Bir MPO g\u00f6vdesi on iki gev\u015fek fiberin yerini alarak hava ak\u0131\u015f\u0131n\u0131 iyile\u015ftirir ve raf y\u00f6netimini \u00e7ok daha kolay hale getirir.<\/p>\n<\/li>\n<li data-start=\"1363\" data-end=\"1500\">\n<p data-start=\"1365\" data-end=\"1500\"><strong data-start=\"1365\" data-end=\"1397\">Fabrika onayl\u0131 performans<\/strong><br data-start=\"1397\" data-end=\"1400\" \/>Her montaj ekleme kayb\u0131 ve s\u00fcreklilik a\u00e7\u0131s\u0131ndan test edilerek \u00f6ng\u00f6r\u00fclebilir saha performans\u0131 sa\u011flan\u0131r.<\/p>\n<\/li>\n<\/ul>\n<hr data-start=\"1502\" data-end=\"1505\" \/>\n<h3 data-start=\"1507\" data-end=\"1549\"><strong data-start=\"1511\" data-end=\"1549\">Optik ve Fiziksel \u00d6zellikler<\/strong><\/h3>\n<div class=\"TyagGW_tableContainer\">\n<div class=\"group TyagGW_tableWrapper flex flex-col-reverse w-fit\" tabindex=\"-1\">\n<table class=\"w-fit min-w-(--thread-content-width)\" data-start=\"1551\" data-end=\"1932\">\n<thead data-start=\"1551\" data-end=\"1575\">\n<tr data-start=\"1551\" data-end=\"1575\">\n<th class=\"\" data-start=\"1551\" data-end=\"1558\" data-col-size=\"sm\">\u00d6\u011fe<\/th>\n<th class=\"\" data-start=\"1558\" data-end=\"1575\" data-col-size=\"sm\">\u015eartname<\/th>\n<\/tr>\n<\/thead>\n<tbody data-start=\"1602\" data-end=\"1932\">\n<tr data-start=\"1602\" data-end=\"1638\">\n<td data-start=\"1602\" data-end=\"1610\" data-col-size=\"sm\">Elyaf<\/td>\n<td data-start=\"1610\" data-end=\"1638\" data-col-size=\"sm\">OM4 \u00e7ok modlu, 50\/125 \u00b5m<\/td>\n<\/tr>\n<tr data-start=\"1639\" data-end=\"1670\">\n<td data-start=\"1639\" data-end=\"1651\" data-col-size=\"sm\">Yap\u0131<\/td>\n<td data-start=\"1651\" data-end=\"1670\" data-col-size=\"sm\">12 lifli \u015ferit<\/td>\n<\/tr>\n<tr data-start=\"1671\" data-end=\"1709\">\n<td data-start=\"1671\" data-end=\"1685\" data-col-size=\"sm\">Konekt\u00f6r A<\/td>\n<td data-start=\"1685\" data-end=\"1709\" data-col-size=\"sm\">MPO \/ MTP (12 fiber)<\/td>\n<\/tr>\n<tr data-start=\"1710\" data-end=\"1746\">\n<td data-start=\"1710\" data-end=\"1724\" data-col-size=\"sm\">Konekt\u00f6r B<\/td>\n<td data-start=\"1724\" data-end=\"1746\" data-col-size=\"sm\">12 \u00d7 SC konekt\u00f6rler<\/td>\n<\/tr>\n<tr data-start=\"1747\" data-end=\"1803\">\n<td data-start=\"1747\" data-end=\"1772\" data-col-size=\"sm\">Tipik Ekleme Kayb\u0131<\/td>\n<td data-start=\"1772\" data-end=\"1803\" data-col-size=\"sm\">MPO \u2264 0,35 dB, SC \u2264 0,30 dB<\/td>\n<\/tr>\n<tr data-start=\"1804\" data-end=\"1827\">\n<td data-start=\"1804\" data-end=\"1817\" data-col-size=\"sm\">Dalga boyu<\/td>\n<td data-col-size=\"sm\" data-start=\"1817\" data-end=\"1827\">850 nm<\/td>\n<\/tr>\n<tr data-start=\"1828\" data-end=\"1852\">\n<td data-start=\"1828\" data-end=\"1837\" data-col-size=\"sm\">Ceket<\/td>\n<td data-col-size=\"sm\" data-start=\"1837\" data-end=\"1852\">LSZH veya PVC<\/td>\n<\/tr>\n<tr data-start=\"1853\" data-end=\"1893\">\n<td data-start=\"1853\" data-end=\"1873\" data-col-size=\"sm\">S\u0131cakl\u0131k Aral\u0131\u011f\u0131<\/td>\n<td data-col-size=\"sm\" data-start=\"1873\" data-end=\"1893\">-10 \u00b0C ila +70 \u00b0C<\/td>\n<\/tr>\n<tr data-start=\"1894\" data-end=\"1932\">\n<td data-start=\"1894\" data-end=\"1907\" data-col-size=\"sm\">Uyumluluk<\/td>\n<td data-col-size=\"sm\" data-start=\"1907\" data-end=\"1932\">IEC, TIA, RoHS, REACH<\/td>\n<\/tr>\n<\/tbody>\n<\/table>\n<\/div>\n<\/div>\n<hr data-start=\"1934\" data-end=\"1937\" \/>\n<h3 data-start=\"1939\" data-end=\"1962\"><strong data-start=\"1943\" data-end=\"1962\">Kullan\u0131ld\u0131\u011f\u0131 Yerler<\/strong><\/h3>\n<p data-start=\"1964\" data-end=\"2015\">Tipik olarak <strong data-start=\"1990\" data-end=\"2011\">MPO-SC-OM4-12Core<\/strong> i\u00e7inde:<\/p>\n<ul data-start=\"2017\" data-end=\"2261\">\n<li data-start=\"2017\" data-end=\"2059\">\n<p data-start=\"2019\" data-end=\"2059\">Y\u00fcksek yo\u011funluklu <strong data-start=\"2032\" data-end=\"2057\">veri merkezi omurgalar\u0131<\/strong><\/p>\n<\/li>\n<li data-start=\"2060\" data-end=\"2111\">\n<p data-start=\"2062\" data-end=\"2111\"><strong data-start=\"2062\" data-end=\"2089\">Telekom merkez ofisleri<\/strong> ve eri\u015fim a\u011flar\u0131<\/p>\n<\/li>\n<li data-start=\"2112\" data-end=\"2164\">\n<p data-start=\"2114\" data-end=\"2164\"><strong data-start=\"2114\" data-end=\"2142\">Kurumsal \u00e7ekirdek anahtarlar<\/strong> SC aray\u00fczlerini kullanarak<\/p>\n<\/li>\n<li data-start=\"2165\" data-end=\"2207\">\n<p data-start=\"2167\" data-end=\"2207\"><strong data-start=\"2167\" data-end=\"2192\">SAN ve Fiber Kanal<\/strong> ortamlar<\/p>\n<\/li>\n<li data-start=\"2208\" data-end=\"2261\">\n<p data-start=\"2210\" data-end=\"2261\">SC'den MPO'ya ge\u00e7i\u015f yapan yap\u0131sal kablolama sistemleri<\/p>\n<\/li>\n<\/ul>\n<hr data-start=\"2263\" data-end=\"2266\" \/>\n<h3 data-start=\"2268\" data-end=\"2291\"><strong data-start=\"2272\" data-end=\"2291\">OM4 Neden \u00d6nemlidir?<\/strong><\/h3>\n<p data-start=\"2293\" data-end=\"2576\">OM4 fiber sadece bir y\u00fckseltme de\u011fil <strong data-start=\"2332\" data-end=\"2358\">performans \u00e7arpan\u0131<\/strong>. OM3 ile kar\u015f\u0131la\u015ft\u0131r\u0131ld\u0131\u011f\u0131nda OM4, 100G ve 400G ba\u011flant\u0131lar i\u00e7in \u00f6nemli \u00f6l\u00e7\u00fcde daha y\u00fcksek bant geni\u015fli\u011fi ve daha uzun desteklenen mesafeler sunar. Bu, bug\u00fcn daha iyi sinyal kalitesi ve yeniden kablolama olmadan yar\u0131n\u0131n y\u00fckseltmeleri i\u00e7in daha fazla bo\u015fluk anlam\u0131na gelir.<\/p>\n<hr data-start=\"2578\" data-end=\"2581\" \/>\n<h2 data-start=\"2583\" data-end=\"2600\"><strong data-start=\"2586\" data-end=\"2600\">Uzman Soru-Cevap<\/strong><\/h2>\n<p data-start=\"2602\" data-end=\"2805\"><strong data-start=\"2602\" data-end=\"2667\">S1: MPO-SC-OM4-12Core eski SC tabanl\u0131 a\u011flarda kullan\u0131labilir mi?<\/strong><br data-start=\"2667\" data-end=\"2670\" \/>Evet. Modern MPO omurgalar\u0131n\u0131 mevcut SC ba\u011flant\u0131 noktalar\u0131na ba\u011flamak i\u00e7in \u00f6zel olarak tasarlanm\u0131\u015ft\u0131r, bu da onu hibrit ve y\u00fckseltme senaryolar\u0131 i\u00e7in ideal hale getirir.<\/p>\n<p data-start=\"2807\" data-end=\"2980\"><strong data-start=\"2807\" data-end=\"2850\">S2: OM4, OM3 sistemleri ile uyumlu mudur?<\/strong><br data-start=\"2850\" data-end=\"2853\" \/>Kesinlikle. OM4 geriye d\u00f6n\u00fck uyumludur ve daha yeni optikler i\u00e7in daha iyi performans sa\u011flarken OM3 al\u0131c\u0131-vericilerle \u00e7al\u0131\u015facakt\u0131r.<\/p>\n<p data-start=\"2982\" data-end=\"3149\"><strong data-start=\"2982\" data-end=\"3028\">S3: Bu kablo 100G ve 400G'yi destekliyor mu?<\/strong><br data-start=\"3028\" data-end=\"3031\" \/>Evet. Paralel optik \u00e7ok modlu al\u0131c\u0131-vericilerle birlikte kullan\u0131ld\u0131\u011f\u0131nda OM4, y\u00fcksek h\u0131zl\u0131 100G ve geli\u015fmekte olan 400G ba\u011flant\u0131lar\u0131n\u0131 destekler.<\/p>\n<p data-start=\"3151\" data-end=\"3330\"><strong data-start=\"3151\" data-end=\"3197\">S4: Polarite ve uzunluk \u00f6zelle\u015ftirilebilir mi?<\/strong><br data-start=\"3197\" data-end=\"3200\" \/>Evet. MPO polaritesi (Tip A\/B\/C), kablo uzunlu\u011fu, k\u0131l\u0131f tipi ve konekt\u00f6r cinsiyeti a\u011f tasar\u0131m\u0131n\u0131za uyacak \u015fekilde belirlenebilir.<\/p>","protected":false},"excerpt":{"rendered":"<p data-start=\"73\" data-end=\"508\">Hem performans hem de esneklik gerektiren y\u00fcksek h\u0131zl\u0131 a\u011flar i\u00e7in tasarlanan <strong data-start=\"153\" data-end=\"174\">MPO-SC-OM4-12Core<\/strong> profesyonel d\u00fczeyde bir <strong data-start=\"199\" data-end=\"233\">\u00e7ok modlu fiber koparma kablosu<\/strong> modern ile <strong data-start=\"254\" data-end=\"282\">MPO ana hat altyap\u0131s\u0131<\/strong> geleneksel ile <strong data-start=\"300\" data-end=\"330\">SC tabanl\u0131 a\u011f ekipman\u0131<\/strong>. Bu kullan\u0131r <strong data-start=\"340\" data-end=\"389\">OM4 lazer i\u00e7in optimize edilmi\u015f 50\/125 \u00b5m \u00e7ok modlu fiber<\/strong>, Bu sayede, g\u00fcn\u00fcm\u00fcz\u00fcn teknolojisinde gerekli olan bant geni\u015fli\u011fi ve mesafeyi <strong data-start=\"450\" data-end=\"482\">40G, 100G ve geli\u015fmekte olan 400G<\/strong> veri merkezi uygulamalar\u0131.<\/p>\n<p data-start=\"510\" data-end=\"764\">On iki ayr\u0131 kabloyu \u00e7al\u0131\u015ft\u0131rmak yerine, tek bir kompakt MPO konekt\u00f6r\u00fc on iki fiberin tamam\u0131n\u0131 tek bir y\u00fcksek yo\u011funluklu aray\u00fczde sunar ve daha sonra temiz bir \u015fekilde <strong data-start=\"677\" data-end=\"709\">12 ba\u011f\u0131ms\u0131z SC konekt\u00f6r\u00fc<\/strong>-Anahtarlar, patch paneller ve telekom raflar\u0131 i\u00e7in m\u00fckemmeldir.<\/p>","protected":false},"featured_media":561,"comment_status":"open","ping_status":"closed","template":"","meta":[],"product_brand":[],"product_cat":[42],"product_tag":[],"class_list":{"0":"post-560","1":"product","2":"type-product","3":"status-publish","4":"has-post-thumbnail","6":"product_cat-mpo-mtp-fiber-optic-patch-cord","8":"first","9":"instock","10":"shipping-taxable","11":"product-type-simple"},"_links":{"self":[{"href":"https:\/\/www.fenxifiber.com\/tr\/wp-json\/wp\/v2\/product\/560","targetHints":{"allow":["GET"]}}],"collection":[{"href":"https:\/\/www.fenxifiber.com\/tr\/wp-json\/wp\/v2\/product"}],"about":[{"href":"https:\/\/www.fenxifiber.com\/tr\/wp-json\/wp\/v2\/types\/product"}],"replies":[{"embeddable":true,"href":"https:\/\/www.fenxifiber.com\/tr\/wp-json\/wp\/v2\/comments?post=560"}],"wp:featuredmedia":[{"embeddable":true,"href":"https:\/\/www.fenxifiber.com\/tr\/wp-json\/wp\/v2\/media\/561"}],"wp:attachment":[{"href":"https:\/\/www.fenxifiber.com\/tr\/wp-json\/wp\/v2\/media?parent=560"}],"wp:term":[{"taxonomy":"product_brand","embeddable":true,"href":"https:\/\/www.fenxifiber.com\/tr\/wp-json\/wp\/v2\/product_brand?post=560"},{"taxonomy":"product_cat","embeddable":true,"href":"https:\/\/www.fenxifiber.com\/tr\/wp-json\/wp\/v2\/product_cat?post=560"},{"taxonomy":"product_tag","embeddable":true,"href":"https:\/\/www.fenxifiber.com\/tr\/wp-json\/wp\/v2\/product_tag?post=560"}],"curies":[{"name":"wp","href":"https:\/\/api.w.org\/{rel}","templated":true}]}}