{"id":562,"date":"2026-02-03T01:58:45","date_gmt":"2026-02-03T01:58:45","guid":{"rendered":"https:\/\/www.fenxifiber.com\/?post_type=product&#038;p=562"},"modified":"2026-02-04T01:11:53","modified_gmt":"2026-02-04T01:11:53","slug":"mpo-lc-sm-0-9mm-12core","status":"publish","type":"product","link":"https:\/\/www.fenxifiber.com\/tr\/product\/mpo-lc-sm-0-9mm-12core\/","title":{"rendered":"MPO-LC-SM-0.9mm-12Core Tek Modlu Koparma Fiber Kablo"},"content":{"rendered":"<h3 data-start=\"736\" data-end=\"773\"><strong data-start=\"740\" data-end=\"773\">Bu Kabloyu \u00d6zel K\u0131lan Nedir?<\/strong><\/h3>\n<p data-start=\"775\" data-end=\"892\">Standart \u00e7ok modlu koparma kablolar\u0131n\u0131n aksine, bu model a\u015fa\u011f\u0131dakiler i\u00e7in tasarlanm\u0131\u015ft\u0131r <strong data-start=\"845\" data-end=\"891\">uzun mesafeli, y\u00fcksek hassasiyetli iletim<\/strong>:<\/p>\n<ul data-start=\"894\" data-end=\"1469\">\n<li data-start=\"894\" data-end=\"1056\">\n<p data-start=\"896\" data-end=\"1056\"><strong data-start=\"896\" data-end=\"928\">Ger\u00e7ek tek modlu performans<\/strong><br data-start=\"928\" data-end=\"931\" \/>Dalga boylar\u0131n\u0131 destekler <strong data-start=\"957\" data-end=\"980\">1310 nm ve 1550 nm<\/strong>, veri salonlar\u0131, kamp\u00fcsler ve metro a\u011flar\u0131 aras\u0131nda uzun eri\u015fimli ba\u011flant\u0131lar sa\u011flar.<\/p>\n<\/li>\n<li data-start=\"1058\" data-end=\"1225\">\n<p data-start=\"1060\" data-end=\"1225\"><strong data-start=\"1060\" data-end=\"1097\">Ultra ince 0,9 mm koparma fiberleri<\/strong><br data-start=\"1097\" data-end=\"1100\" \/>Her LC aya\u011f\u0131n\u0131n \u00e7ap\u0131 yaln\u0131zca 0,9 mm'dir, bu da kablo y\u00f6nlendirmesini daha temiz hale getirir ve yo\u011fun raflar\u0131n i\u00e7indeki hava ak\u0131\u015f\u0131n\u0131 \u00f6nemli \u00f6l\u00e7\u00fcde iyile\u015ftirir.<\/p>\n<\/li>\n<li data-start=\"1227\" data-end=\"1341\">\n<p data-start=\"1229\" data-end=\"1341\"><strong data-start=\"1229\" data-end=\"1262\">Y\u00fcksek h\u0131zl\u0131 optikler i\u00e7in m\u00fckemmel<\/strong><br data-start=\"1262\" data-end=\"1265\" \/>\u0130le \u00e7al\u0131\u015f\u0131r <strong data-start=\"1278\" data-end=\"1327\">QSFP-DD, OSFP, CFP2 ve 400G\/800G PSM4 &amp; DR4<\/strong> al\u0131c\u0131-vericiler.<\/p>\n<\/li>\n<li data-start=\"1343\" data-end=\"1469\">\n<p data-start=\"1345\" data-end=\"1469\"><strong data-start=\"1345\" data-end=\"1379\">D\u00fc\u015f\u00fck kay\u0131pl\u0131, fabrikada cilalanm\u0131\u015f MPO<\/strong><br data-start=\"1379\" data-end=\"1382\" \/>Modern tek modlu optiklerin gerektirdi\u011fi kat\u0131 ekleme kayb\u0131 b\u00fct\u00e7elerini kar\u015f\u0131lamak i\u00e7in tasarlanm\u0131\u015ft\u0131r.<\/p>\n<\/li>\n<\/ul>\n<hr data-start=\"1471\" data-end=\"1474\" \/>\n<h3 data-start=\"1476\" data-end=\"1509\"><strong data-start=\"1480\" data-end=\"1509\">Optik ve Mekanik Veriler<\/strong><\/h3>\n<div class=\"TyagGW_tableContainer\">\n<div class=\"group TyagGW_tableWrapper flex flex-col-reverse w-fit\" tabindex=\"-1\">\n<table class=\"w-fit min-w-(--thread-content-width)\" data-start=\"1511\" data-end=\"1937\">\n<thead data-start=\"1511\" data-end=\"1535\">\n<tr data-start=\"1511\" data-end=\"1535\">\n<th class=\"\" data-start=\"1511\" data-end=\"1518\" data-col-size=\"sm\">\u00d6\u011fe<\/th>\n<th class=\"\" data-start=\"1518\" data-end=\"1535\" data-col-size=\"sm\">\u015eartname<\/th>\n<\/tr>\n<\/thead>\n<tbody data-start=\"1562\" data-end=\"1937\">\n<tr data-start=\"1562\" data-end=\"1605\">\n<td data-start=\"1562\" data-end=\"1575\" data-col-size=\"sm\">Elyaf Tipi<\/td>\n<td data-start=\"1575\" data-end=\"1605\" data-col-size=\"sm\">OS2 tek modlu (9\/125 \u00b5m)<\/td>\n<\/tr>\n<tr data-start=\"1606\" data-end=\"1626\">\n<td data-start=\"1606\" data-end=\"1620\" data-col-size=\"sm\">Lif Say\u0131s\u0131<\/td>\n<td data-start=\"1620\" data-end=\"1626\" data-col-size=\"sm\">12<\/td>\n<\/tr>\n<tr data-start=\"1627\" data-end=\"1666\">\n<td data-start=\"1627\" data-end=\"1643\" data-col-size=\"sm\">MPO Konekt\u00f6r\u00fc<\/td>\n<td data-start=\"1643\" data-end=\"1666\" data-col-size=\"sm\">MPO \/ MTP, 12 fiber<\/td>\n<\/tr>\n<tr data-start=\"1667\" data-end=\"1694\">\n<td data-start=\"1667\" data-end=\"1683\" data-col-size=\"sm\">LC Konnekt\u00f6rler<\/td>\n<td data-start=\"1683\" data-end=\"1694\" data-col-size=\"sm\">12 \u00d7 LC<\/td>\n<\/tr>\n<tr data-start=\"1695\" data-end=\"1731\">\n<td data-start=\"1695\" data-end=\"1721\" data-col-size=\"sm\">Koparma Fiber \u00c7ap\u0131<\/td>\n<td data-start=\"1721\" data-end=\"1731\" data-col-size=\"sm\">0,9 mm<\/td>\n<\/tr>\n<tr data-start=\"1732\" data-end=\"1777\">\n<td data-start=\"1732\" data-end=\"1756\" data-col-size=\"sm\">\u00c7al\u0131\u015fma Dalga Boylar\u0131<\/td>\n<td data-col-size=\"sm\" data-start=\"1756\" data-end=\"1777\">1310 nm \/ 1550 nm<\/td>\n<\/tr>\n<tr data-start=\"1778\" data-end=\"1826\">\n<td data-start=\"1778\" data-end=\"1795\" data-col-size=\"sm\">Ekleme Kayb\u0131<\/td>\n<td data-col-size=\"sm\" data-start=\"1795\" data-end=\"1826\">MPO \u2264 0,35 dB, LC \u2264 0,30 dB<\/td>\n<\/tr>\n<tr data-start=\"1827\" data-end=\"1873\">\n<td data-start=\"1827\" data-end=\"1841\" data-col-size=\"sm\">Geri D\u00f6n\u00fc\u015f Kayb\u0131<\/td>\n<td data-col-size=\"sm\" data-start=\"1841\" data-end=\"1873\">\u2265 50 dB (LC UPC\/APC se\u00e7enekleri)<\/td>\n<\/tr>\n<tr data-start=\"1874\" data-end=\"1898\">\n<td data-start=\"1874\" data-end=\"1883\" data-col-size=\"sm\">Ceket<\/td>\n<td data-start=\"1883\" data-end=\"1898\" data-col-size=\"sm\">LSZH veya PVC<\/td>\n<\/tr>\n<tr data-start=\"1899\" data-end=\"1937\">\n<td data-start=\"1899\" data-end=\"1917\" data-col-size=\"sm\">\u00c7al\u0131\u015fma S\u0131cakl\u0131\u011f\u0131.<\/td>\n<td data-col-size=\"sm\" data-start=\"1917\" data-end=\"1937\">-10 \u00b0C ila +70 \u00b0C<\/td>\n<\/tr>\n<\/tbody>\n<\/table>\n<\/div>\n<\/div>\n<hr data-start=\"1939\" data-end=\"1942\" \/>\n<h3 data-start=\"1944\" data-end=\"1980\"><strong data-start=\"1948\" data-end=\"1980\">Tipik Da\u011f\u0131t\u0131m Senaryolar\u0131<\/strong><\/h3>\n<p data-start=\"1982\" data-end=\"2011\">Bu kablo yayg\u0131n olarak kullan\u0131lmaktad\u0131r:<\/p>\n<ul data-start=\"2013\" data-end=\"2224\">\n<li data-start=\"2013\" data-end=\"2058\">\n<p data-start=\"2015\" data-end=\"2058\"><strong data-start=\"2015\" data-end=\"2056\">400G \/ 800G veri merkezi ara ba\u011flant\u0131lar\u0131<\/strong><\/p>\n<\/li>\n<li data-start=\"2059\" data-end=\"2109\">\n<p data-start=\"2061\" data-end=\"2109\"><strong data-start=\"2061\" data-end=\"2107\">Yaprak omurga ve \u00e7apraz ba\u011flant\u0131 mimarileri<\/strong><\/p>\n<\/li>\n<li data-start=\"2110\" data-end=\"2144\">\n<p data-start=\"2112\" data-end=\"2144\"><strong data-start=\"2112\" data-end=\"2142\">Telekom ve metro a\u011flar\u0131<\/strong><\/p>\n<\/li>\n<li data-start=\"2145\" data-end=\"2185\">\n<p data-start=\"2147\" data-end=\"2185\"><strong data-start=\"2147\" data-end=\"2183\">Hiper \u00f6l\u00e7ekli bulut ve yapay zeka k\u00fcmeleri<\/strong><\/p>\n<\/li>\n<li data-start=\"2186\" data-end=\"2224\">\n<p data-start=\"2188\" data-end=\"2224\"><strong data-start=\"2188\" data-end=\"2224\">Tek modlu MPO omurga sistemleri<\/strong><\/p>\n<\/li>\n<\/ul>\n<hr data-start=\"2226\" data-end=\"2229\" \/>\n<h3 data-start=\"2231\" data-end=\"2285\"><strong data-start=\"2235\" data-end=\"2285\">MPO-LC-SM-0,9mm-12Core Neden Do\u011fru Se\u00e7imdir?<\/strong><\/h3>\n<p data-start=\"2287\" data-end=\"2656\">Veri h\u0131zlar\u0131 artt\u0131k\u00e7a, <strong data-start=\"2307\" data-end=\"2346\">tek modlu fiber \u00f6nemli hale geliyor<\/strong>. Bu kablo a\u015fa\u011f\u0131dakileri birle\u015ftirir <strong data-start=\"2372\" data-end=\"2390\">MPO yo\u011funlu\u011fu<\/strong> ile <strong data-start=\"2400\" data-end=\"2419\">LC'nin hassasiyeti<\/strong>, da\u011f\u0131tman\u0131za olanak tan\u0131r <strong data-start=\"2444\" data-end=\"2498\">Minimum alan ve kay\u0131p ile y\u00fcksek fiber say\u0131s\u0131na sahip ba\u011flant\u0131lar<\/strong>. 0,9 mm kesme tasar\u0131m\u0131, modern 400G ve 800G optiklerin gerektirdi\u011fi kat\u0131 optik b\u00fct\u00e7eleri desteklerken size temiz ve profesyonel bir kurulum sa\u011flar.<\/p>\n<hr data-start=\"2658\" data-end=\"2661\" \/>\n<h2 data-start=\"2663\" data-end=\"2686\"><strong data-start=\"2666\" data-end=\"2686\">Profesyonel Soru-Cevap<\/strong><\/h2>\n<p data-start=\"2688\" data-end=\"2861\"><strong data-start=\"2688\" data-end=\"2744\">S1: 0,9 mm koparma fiberlerinin avantaj\u0131 nedir?<\/strong><br data-start=\"2744\" data-end=\"2747\" \/>Standart 2,0 mm yama kablolar\u0131na k\u0131yasla \u00e7ok daha y\u00fcksek ba\u011flant\u0131 noktas\u0131 yo\u011funlu\u011fu, daha kolay y\u00f6nlendirme ve daha iyi hava ak\u0131\u015f\u0131 sa\u011flarlar.<\/p>\n<p data-start=\"2863\" data-end=\"3017\"><strong data-start=\"2863\" data-end=\"2928\">S2: Bu kablo 400G ve 800G al\u0131c\u0131-vericilerle uyumlu mu?<\/strong><br data-start=\"2928\" data-end=\"2931\" \/>Evet. \u015eunlar i\u00e7in tasarlanm\u0131\u015ft\u0131r <strong data-start=\"2955\" data-end=\"3016\">DR4, PSM4 ve benzeri tek modlu paralel optik mod\u00fcller<\/strong>.<\/p>\n<p data-start=\"3019\" data-end=\"3180\"><strong data-start=\"3019\" data-end=\"3074\">S3: Bu kablo uzun mesafeli ba\u011flant\u0131lar i\u00e7in kullan\u0131labilir mi?<\/strong><br data-start=\"3074\" data-end=\"3077\" \/>Evet. OS2 tek modlu bir kablo olarak, a\u015fa\u011f\u0131daki mesafeleri destekler <strong data-start=\"3136\" data-end=\"3150\">kilometrelerce<\/strong>, \u00e7ok modlu s\u0131n\u0131rlar\u0131n \u00e7ok \u00f6tesinde.<\/p>\n<p data-start=\"3182\" data-end=\"3347\"><strong data-start=\"3182\" data-end=\"3222\">S4: APC veya UPC konekt\u00f6rlerine ihtiyac\u0131m var m\u0131?<\/strong><br data-start=\"3222\" data-end=\"3225\" \/>UPC veri merkezleri i\u00e7in yayg\u0131nken, APC DWDM veya uzun mesafeli telekom a\u011flar\u0131 i\u00e7in tercih edilir. Her iki se\u00e7enek de mevcuttur.<\/p>","protected":false},"excerpt":{"rendered":"<p data-start=\"65\" data-end=\"475\">Bu <strong data-start=\"69\" data-end=\"95\">MPO-LC-SM-0.9mm-12Core<\/strong> hassas bir \u015fekilde tasarlanm\u0131\u015f <strong data-start=\"122\" data-end=\"161\">tek modlu MPO - LC fan-out kablosu<\/strong> ultra y\u00fcksek yo\u011funluklu, uzun eri\u015fimli optik a\u011flar i\u00e7in tasarlanm\u0131\u015ft\u0131r. \u0130le in\u015fa edilmi\u015ftir <strong data-start=\"235\" data-end=\"269\">OS2 9\/125 \u00b5m tek modlu fiber<\/strong> ve ultra ince bir <strong data-start=\"288\" data-end=\"317\">0,9 mm koparma yap\u0131s\u0131<\/strong>, bu montaj modern i\u00e7in optimize edilmi\u015ftir <strong data-start=\"357\" data-end=\"381\">100G, 400G ve 800G<\/strong> alan verimlili\u011fi ve sinyal b\u00fct\u00fcnl\u00fc\u011f\u00fcn\u00fcn kritik oldu\u011fu veri merkezi ve telekom da\u011f\u0131t\u0131mlar\u0131.<\/p>\n<p data-start=\"477\" data-end=\"729\">On iki ayr\u0131 ba\u011flant\u0131 kablosu yerine, tek bir <strong data-start=\"526\" data-end=\"552\">12 fiber MPO aray\u00fcz\u00fc<\/strong> t\u00fcm kanallar\u0131 bir omurga veya al\u0131c\u0131-vericiden ta\u015f\u0131r, daha sonra <strong data-start=\"625\" data-end=\"656\">12 ayr\u0131 LC konekt\u00f6r\u00fc<\/strong> optik mod\u00fcllere, patch panellere veya DWDM sistemlerine do\u011frudan ba\u011flant\u0131 i\u00e7in.<\/p>","protected":false},"featured_media":563,"comment_status":"open","ping_status":"closed","template":"","meta":[],"product_brand":[],"product_cat":[42],"product_tag":[],"class_list":{"0":"post-562","1":"product","2":"type-product","3":"status-publish","4":"has-post-thumbnail","6":"product_cat-mpo-mtp-fiber-optic-patch-cord","8":"first","9":"instock","10":"shipping-taxable","11":"product-type-simple"},"_links":{"self":[{"href":"https:\/\/www.fenxifiber.com\/tr\/wp-json\/wp\/v2\/product\/562","targetHints":{"allow":["GET"]}}],"collection":[{"href":"https:\/\/www.fenxifiber.com\/tr\/wp-json\/wp\/v2\/product"}],"about":[{"href":"https:\/\/www.fenxifiber.com\/tr\/wp-json\/wp\/v2\/types\/product"}],"replies":[{"embeddable":true,"href":"https:\/\/www.fenxifiber.com\/tr\/wp-json\/wp\/v2\/comments?post=562"}],"wp:featuredmedia":[{"embeddable":true,"href":"https:\/\/www.fenxifiber.com\/tr\/wp-json\/wp\/v2\/media\/563"}],"wp:attachment":[{"href":"https:\/\/www.fenxifiber.com\/tr\/wp-json\/wp\/v2\/media?parent=562"}],"wp:term":[{"taxonomy":"product_brand","embeddable":true,"href":"https:\/\/www.fenxifiber.com\/tr\/wp-json\/wp\/v2\/product_brand?post=562"},{"taxonomy":"product_cat","embeddable":true,"href":"https:\/\/www.fenxifiber.com\/tr\/wp-json\/wp\/v2\/product_cat?post=562"},{"taxonomy":"product_tag","embeddable":true,"href":"https:\/\/www.fenxifiber.com\/tr\/wp-json\/wp\/v2\/product_tag?post=562"}],"curies":[{"name":"wp","href":"https:\/\/api.w.org\/{rel}","templated":true}]}}