{"id":564,"date":"2026-02-03T02:01:27","date_gmt":"2026-02-03T02:01:27","guid":{"rendered":"https:\/\/www.fenxifiber.com\/?post_type=product&#038;p=564"},"modified":"2026-02-04T01:17:22","modified_gmt":"2026-02-04T01:17:22","slug":"mpo-sc-sm-8core","status":"publish","type":"product","link":"https:\/\/www.fenxifiber.com\/tr\/product\/mpo-sc-sm-8core\/","title":{"rendered":"MPO-SC-SM-8Core - Tek Modlu MPO - SC Fan-Out Fiber Kablo"},"content":{"rendered":"<h3 data-start=\"704\" data-end=\"743\"><strong data-start=\"708\" data-end=\"743\">M\u00fchendisler Neden Bu Kabloyu Se\u00e7iyor?<\/strong><\/h3>\n<p data-start=\"745\" data-end=\"854\">Bu kablo a\u015fa\u011f\u0131daki ortamlar i\u00e7in \u00fcretilmi\u015ftir <strong data-start=\"787\" data-end=\"840\">mesafe, g\u00fcvenilirlik ve temiz fiber y\u00f6netimi<\/strong> kritiktir:<\/p>\n<ul data-start=\"856\" data-end=\"1361\">\n<li data-start=\"856\" data-end=\"1021\">\n<p data-start=\"858\" data-end=\"1021\"><strong data-start=\"858\" data-end=\"890\">Ger\u00e7ek tek modlu performans<\/strong><br data-start=\"890\" data-end=\"893\" \/>\u015eunlar i\u00e7in tasarland\u0131 <strong data-start=\"908\" data-end=\"931\">1310 nm ve 1550 nm<\/strong> dalga boylar\u0131, k\u0131sa veri salonu \u00e7al\u0131\u015fmalar\u0131ndan \u00e7ok kilometrelik telekom a\u00e7\u0131kl\u0131klar\u0131na kadar ba\u011flant\u0131lar\u0131 destekler.<\/p>\n<\/li>\n<li data-start=\"1023\" data-end=\"1122\">\n<p data-start=\"1025\" data-end=\"1122\"><strong data-start=\"1025\" data-end=\"1051\">Y\u00fcksek yo\u011funluklu MPO giri\u015fi<\/strong><br data-start=\"1051\" data-end=\"1054\" \/>Fiber t\u0131kan\u0131kl\u0131\u011f\u0131n\u0131 azalt\u0131r ve daha az raf alan\u0131nda daha fazla ba\u011flant\u0131ya izin verir.<\/p>\n<\/li>\n<li data-start=\"1124\" data-end=\"1242\">\n<p data-start=\"1126\" data-end=\"1242\"><strong data-start=\"1126\" data-end=\"1152\">Do\u011frudan SC ba\u011flant\u0131s\u0131<\/strong><br data-start=\"1152\" data-end=\"1155\" \/>Telekom raflar\u0131, ODF'ler ve hala SC aray\u00fczlerine dayanan eski ekipmanlar i\u00e7in idealdir.<\/p>\n<\/li>\n<li data-start=\"1244\" data-end=\"1361\">\n<p data-start=\"1246\" data-end=\"1361\"><strong data-start=\"1246\" data-end=\"1286\">Fabrikada test edilmi\u015f, d\u00fc\u015f\u00fck kay\u0131pl\u0131 sonland\u0131rma<\/strong><br data-start=\"1286\" data-end=\"1289\" \/>Zorlu tek modlu al\u0131c\u0131-vericiler i\u00e7in istikrarl\u0131 optik b\u00fct\u00e7eler sa\u011flar.<\/p>\n<\/li>\n<\/ul>\n<hr data-start=\"1363\" data-end=\"1366\" \/>\n<h3 data-start=\"1368\" data-end=\"1394\"><strong data-start=\"1372\" data-end=\"1394\">Teknik Genel Bak\u0131\u015f<\/strong><\/h3>\n<div class=\"TyagGW_tableContainer\">\n<div class=\"group TyagGW_tableWrapper flex flex-col-reverse w-fit\" tabindex=\"-1\">\n<table class=\"w-fit min-w-(--thread-content-width)\" data-start=\"1396\" data-end=\"1830\">\n<thead data-start=\"1396\" data-end=\"1427\">\n<tr data-start=\"1396\" data-end=\"1427\">\n<th class=\"\" data-start=\"1396\" data-end=\"1408\" data-col-size=\"sm\">Parametre<\/th>\n<th class=\"\" data-start=\"1408\" data-end=\"1427\" data-col-size=\"sm\">MPO-SC-SM-8Core<\/th>\n<\/tr>\n<\/thead>\n<tbody data-start=\"1456\" data-end=\"1830\">\n<tr data-start=\"1456\" data-end=\"1499\">\n<td data-start=\"1456\" data-end=\"1469\" data-col-size=\"sm\">Elyaf Tipi<\/td>\n<td data-start=\"1469\" data-end=\"1499\" data-col-size=\"sm\">OS2 Tek Modlu (9\/125 \u00b5m)<\/td>\n<\/tr>\n<tr data-start=\"1500\" data-end=\"1519\">\n<td data-start=\"1500\" data-end=\"1514\" data-col-size=\"sm\">Lif Say\u0131s\u0131<\/td>\n<td data-col-size=\"sm\" data-start=\"1514\" data-end=\"1519\">8<\/td>\n<\/tr>\n<tr data-start=\"1520\" data-end=\"1557\">\n<td data-start=\"1520\" data-end=\"1534\" data-col-size=\"sm\">Konekt\u00f6r A<\/td>\n<td data-start=\"1534\" data-end=\"1557\" data-col-size=\"sm\">MPO \/ MTP (8 fiber)<\/td>\n<\/tr>\n<tr data-start=\"1558\" data-end=\"1593\">\n<td data-start=\"1558\" data-end=\"1572\" data-col-size=\"sm\">Konekt\u00f6r B<\/td>\n<td data-start=\"1572\" data-end=\"1593\" data-col-size=\"sm\">8 \u00d7 SC konekt\u00f6rler<\/td>\n<\/tr>\n<tr data-start=\"1594\" data-end=\"1638\">\n<td data-start=\"1594\" data-end=\"1617\" data-col-size=\"sm\">\u00c7al\u0131\u015fma Dalga Boyu<\/td>\n<td data-col-size=\"sm\" data-start=\"1617\" data-end=\"1638\">1310 nm \/ 1550 nm<\/td>\n<\/tr>\n<tr data-start=\"1639\" data-end=\"1695\">\n<td data-start=\"1639\" data-end=\"1664\" data-col-size=\"sm\">Tipik Ekleme Kayb\u0131<\/td>\n<td data-col-size=\"sm\" data-start=\"1664\" data-end=\"1695\">MPO \u2264 0,35 dB, SC \u2264 0,30 dB<\/td>\n<\/tr>\n<tr data-start=\"1696\" data-end=\"1721\">\n<td data-start=\"1696\" data-end=\"1710\" data-col-size=\"sm\">Geri D\u00f6n\u00fc\u015f Kayb\u0131<\/td>\n<td data-col-size=\"sm\" data-start=\"1710\" data-end=\"1721\">\u2265 50 dB<\/td>\n<\/tr>\n<tr data-start=\"1722\" data-end=\"1746\">\n<td data-start=\"1722\" data-end=\"1731\" data-col-size=\"sm\">Ceket<\/td>\n<td data-col-size=\"sm\" data-start=\"1731\" data-end=\"1746\">LSZH veya PVC<\/td>\n<\/tr>\n<tr data-start=\"1747\" data-end=\"1791\">\n<td data-start=\"1747\" data-end=\"1771\" data-col-size=\"sm\">\u00c7al\u0131\u015fma S\u0131cakl\u0131\u011f\u0131<\/td>\n<td data-col-size=\"sm\" data-start=\"1771\" data-end=\"1791\">-10 \u00b0C ila +70 \u00b0C<\/td>\n<\/tr>\n<tr data-start=\"1792\" data-end=\"1830\">\n<td data-start=\"1792\" data-end=\"1805\" data-col-size=\"sm\">Uyumluluk<\/td>\n<td data-col-size=\"sm\" data-start=\"1805\" data-end=\"1830\">IEC, TIA, RoHS, REACH<\/td>\n<\/tr>\n<\/tbody>\n<\/table>\n<\/div>\n<\/div>\n<hr data-start=\"1832\" data-end=\"1835\" \/>\n<h3 data-start=\"1837\" data-end=\"1869\"><strong data-start=\"1841\" data-end=\"1869\">Yayg\u0131n Olarak Kullan\u0131ld\u0131\u011f\u0131 Yerler<\/strong><\/h3>\n<ul data-start=\"1871\" data-end=\"2083\">\n<li data-start=\"1871\" data-end=\"1922\">\n<p data-start=\"1873\" data-end=\"1922\"><strong data-start=\"1873\" data-end=\"1920\">Telekom merkez ofisleri ve eri\u015fim a\u011flar\u0131<\/strong><\/p>\n<\/li>\n<li data-start=\"1923\" data-end=\"1961\">\n<p data-start=\"1925\" data-end=\"1961\"><strong data-start=\"1925\" data-end=\"1959\">Veri merkezi ara ba\u011flant\u0131s\u0131 (DCI)<\/strong><\/p>\n<\/li>\n<li data-start=\"1962\" data-end=\"2013\">\n<p data-start=\"1964\" data-end=\"2013\"><strong data-start=\"1964\" data-end=\"2011\">Tek modlu MPO omurgadan SC yama panellerine<\/strong><\/p>\n<\/li>\n<li data-start=\"2014\" data-end=\"2051\">\n<p data-start=\"2016\" data-end=\"2051\"><strong data-start=\"2016\" data-end=\"2049\">Fiber Kanal ve SAN sistemleri<\/strong><\/p>\n<\/li>\n<li data-start=\"2052\" data-end=\"2083\">\n<p data-start=\"2054\" data-end=\"2083\"><strong data-start=\"2054\" data-end=\"2083\">Kamp\u00fcs ve metro a\u011flar\u0131<\/strong><\/p>\n<\/li>\n<\/ul>\n<hr data-start=\"2085\" data-end=\"2088\" \/>\n<h3 data-start=\"2090\" data-end=\"2139\"><strong data-start=\"2094\" data-end=\"2139\">MPO-SC-SM-8Core Neden Ak\u0131ll\u0131 Bir Yat\u0131r\u0131md\u0131r?<\/strong><\/h3>\n<p data-start=\"2141\" data-end=\"2461\">A\u011flar daha y\u00fcksek h\u0131zlara ve daha uzun mesafelere ge\u00e7tik\u00e7e, <strong data-start=\"2200\" data-end=\"2267\">tek modlu fiber modern altyap\u0131n\u0131n omurgas\u0131 haline geliyor<\/strong>. Bu <strong data-start=\"2273\" data-end=\"2292\">MPO-SC-SM-8Core<\/strong> avantajlar\u0131ndan yararlanman\u0131z\u0131 sa\u011flar <strong data-start=\"2320\" data-end=\"2348\">y\u00fcksek yo\u011funluklu MPO kablolama<\/strong> ile uyumlulu\u011fu korurken <strong data-start=\"2386\" data-end=\"2410\">yayg\u0131n olarak kullan\u0131lan SC portlar\u0131<\/strong>, Bu da onu hem yeni yap\u0131lar hem de y\u00fckseltmeler i\u00e7in ideal hale getirir.<\/p>\n<hr data-start=\"2463\" data-end=\"2466\" \/>\n<h2 data-start=\"2468\" data-end=\"2485\"><strong data-start=\"2471\" data-end=\"2485\">Uzman Soru-Cevap<\/strong><\/h2>\n<p data-start=\"2487\" data-end=\"2670\"><strong data-start=\"2487\" data-end=\"2542\">S1: Bu kablo uzun mesafeli ba\u011flant\u0131lar i\u00e7in uygun mu?<\/strong><br data-start=\"2542\" data-end=\"2545\" \/>Evet. OS2 tek modlu bir kablo olarak, kullan\u0131lan al\u0131c\u0131-vericilere ba\u011fl\u0131 olarak birka\u00e7 kilometre ve \u00f6tesindeki mesafeleri destekler.<\/p>\n<p data-start=\"2672\" data-end=\"2816\"><strong data-start=\"2672\" data-end=\"2705\">S2: Neden LC yerine SC kullan\u0131yorsunuz?<\/strong><br data-start=\"2705\" data-end=\"2708\" \/>SC konnekt\u00f6rler telekom ve eski a\u011flarda yayg\u0131n olarak kullan\u0131l\u0131r ve sa\u011flam, kullan\u0131m\u0131 kolay bir aray\u00fcz sa\u011flar.<\/p>\n<p data-start=\"2818\" data-end=\"2979\"><strong data-start=\"2818\" data-end=\"2874\">S3: Bu kablo 100G veya 400G optiklerle kullan\u0131labilir mi?<\/strong><br data-start=\"2874\" data-end=\"2877\" \/>Evet. A\u015fa\u011f\u0131dakiler gibi paralel tek modlu optiklerle kullan\u0131ld\u0131\u011f\u0131nda <strong data-start=\"2933\" data-end=\"2948\">PSM4 veya DR4<\/strong>, y\u00fcksek h\u0131zl\u0131 ba\u011flant\u0131lar\u0131 destekler.<\/p>\n<p data-start=\"2981\" data-end=\"3143\"><strong data-start=\"2981\" data-end=\"3037\">S4: Polarite ve konekt\u00f6r cilas\u0131 \u00f6zelle\u015ftirilebilir mi?<\/strong><br data-start=\"3037\" data-end=\"3040\" \/>Evet. MPO polaritesi (Tip A\/B\/C) ve SC cilas\u0131 (UPC veya APC) a\u011f tasar\u0131m\u0131n\u0131za uyacak \u015fekilde se\u00e7ilebilir.<\/p>","protected":false},"excerpt":{"rendered":"<p data-start=\"69\" data-end=\"451\">Bu <strong data-start=\"73\" data-end=\"92\">MPO-SC-SM-8Core<\/strong> kompakt, y\u00fcksek hassasiyetli bir <strong data-start=\"122\" data-end=\"158\">tek modlu fiber koparma kablosu<\/strong> modern ba\u011flamak i\u00e7in tasarlanm\u0131\u015ft\u0131r <strong data-start=\"186\" data-end=\"210\">MPO omurga sistemleri<\/strong> kullanan ekipman ve patch paneller ile <strong data-start=\"252\" data-end=\"269\">SC konekt\u00f6rler<\/strong>. \u0130le in\u015fa edilmi\u015ftir <strong data-start=\"282\" data-end=\"316\">OS2 9\/125 \u00b5m tek modlu fiber<\/strong>, destekler <strong data-start=\"330\" data-end=\"370\">uzun mesafeli, d\u00fc\u015f\u00fck kay\u0131pl\u0131 iletim<\/strong> telekom, veri merkezi ara ba\u011flant\u0131s\u0131 (DCI) ve y\u00fcksek h\u0131zl\u0131 kurumsal a\u011flar i\u00e7in.<\/p>\n<p data-start=\"453\" data-end=\"697\">Sekiz ayr\u0131 fiber \u00e7al\u0131\u015ft\u0131rmak yerine, bir <strong data-start=\"499\" data-end=\"524\">8-fiber MPO aray\u00fcz\u00fc<\/strong> t\u00fcm kanallar\u0131 tek bir y\u00fcksek yo\u011funluklu ba\u011flant\u0131 \u00fczerinden ta\u015f\u0131r ve bunlar\u0131 temiz bir \u015fekilde <strong data-start=\"618\" data-end=\"643\">8 ayr\u0131 SC ba\u011flant\u0131 noktas\u0131<\/strong>, kablolamay\u0131 basitle\u015ftirir ve raf organizasyonunu iyile\u015ftirir.<\/p>","protected":false},"featured_media":565,"comment_status":"open","ping_status":"closed","template":"","meta":[],"product_brand":[],"product_cat":[42],"product_tag":[],"class_list":{"0":"post-564","1":"product","2":"type-product","3":"status-publish","4":"has-post-thumbnail","6":"product_cat-mpo-mtp-fiber-optic-patch-cord","8":"first","9":"instock","10":"shipping-taxable","11":"product-type-simple"},"_links":{"self":[{"href":"https:\/\/www.fenxifiber.com\/tr\/wp-json\/wp\/v2\/product\/564","targetHints":{"allow":["GET"]}}],"collection":[{"href":"https:\/\/www.fenxifiber.com\/tr\/wp-json\/wp\/v2\/product"}],"about":[{"href":"https:\/\/www.fenxifiber.com\/tr\/wp-json\/wp\/v2\/types\/product"}],"replies":[{"embeddable":true,"href":"https:\/\/www.fenxifiber.com\/tr\/wp-json\/wp\/v2\/comments?post=564"}],"wp:featuredmedia":[{"embeddable":true,"href":"https:\/\/www.fenxifiber.com\/tr\/wp-json\/wp\/v2\/media\/565"}],"wp:attachment":[{"href":"https:\/\/www.fenxifiber.com\/tr\/wp-json\/wp\/v2\/media?parent=564"}],"wp:term":[{"taxonomy":"product_brand","embeddable":true,"href":"https:\/\/www.fenxifiber.com\/tr\/wp-json\/wp\/v2\/product_brand?post=564"},{"taxonomy":"product_cat","embeddable":true,"href":"https:\/\/www.fenxifiber.com\/tr\/wp-json\/wp\/v2\/product_cat?post=564"},{"taxonomy":"product_tag","embeddable":true,"href":"https:\/\/www.fenxifiber.com\/tr\/wp-json\/wp\/v2\/product_tag?post=564"}],"curies":[{"name":"wp","href":"https:\/\/api.w.org\/{rel}","templated":true}]}}