{"id":566,"date":"2026-02-03T02:02:50","date_gmt":"2026-02-03T02:02:50","guid":{"rendered":"https:\/\/www.fenxifiber.com\/?post_type=product&#038;p=566"},"modified":"2026-02-04T01:18:10","modified_gmt":"2026-02-04T01:18:10","slug":"mpo-lc-sm-8core","status":"publish","type":"product","link":"https:\/\/www.fenxifiber.com\/tr\/product\/mpo-lc-sm-8core\/","title":{"rendered":"MPO-LC-SM-8Core - Kompakt Tek Modlu MPO - LC Koparma Kablosu"},"content":{"rendered":"<h3 data-start=\"632\" data-end=\"678\"><strong data-start=\"636\" data-end=\"678\">Bu Kablo A\u011f\u0131n\u0131za Ne Getiriyor?<\/strong><\/h3>\n<ul data-start=\"680\" data-end=\"1307\">\n<li data-start=\"680\" data-end=\"858\">\n<p data-start=\"682\" data-end=\"858\"><strong data-start=\"682\" data-end=\"720\">Uzun Eri\u015fimli Tek Modlu Performans<\/strong><br data-start=\"720\" data-end=\"723\" \/>\u015eunlar i\u00e7in optimize edilmi\u015ftir <strong data-start=\"739\" data-end=\"762\">1310 nm ve 1550 nm<\/strong> dalga boylar\u0131, k\u0131sa yama ba\u011flant\u0131lar\u0131ndan <strong data-start=\"826\" data-end=\"857\">kilometre \u00f6l\u00e7ekli ba\u011flant\u0131lar<\/strong>.<\/p>\n<\/li>\n<li data-start=\"860\" data-end=\"1002\">\n<p data-start=\"862\" data-end=\"1002\"><strong data-start=\"862\" data-end=\"898\">Y\u00fcksek Yo\u011funluklu, D\u00fc\u015f\u00fck Y\u0131\u011f\u0131lmal\u0131 Tasar\u0131m<\/strong><br data-start=\"898\" data-end=\"901\" \/>MPO teknolojisi, sekiz ayr\u0131 LC ba\u011flant\u0131 kablosunun \u00e7al\u0131\u015ft\u0131r\u0131lmas\u0131na k\u0131yasla kablo hacmini \u00f6nemli \u00f6l\u00e7\u00fcde azalt\u0131r.<\/p>\n<\/li>\n<li data-start=\"1004\" data-end=\"1162\">\n<p data-start=\"1006\" data-end=\"1162\"><strong data-start=\"1006\" data-end=\"1040\">100G ve 400G Optikler i\u00e7in M\u00fckemmel<\/strong><br data-start=\"1040\" data-end=\"1043\" \/>\u0130le tam uyumlu <strong data-start=\"1067\" data-end=\"1107\">PSM4, DR4 ve koparma al\u0131c\u0131-vericileri<\/strong>, Bu da onu yaprak omurga ve DCI mimarileri i\u00e7in ideal hale getirir.<\/p>\n<\/li>\n<li data-start=\"1164\" data-end=\"1307\">\n<p data-start=\"1166\" data-end=\"1307\"><strong data-start=\"1166\" data-end=\"1198\">Fabrikada Sonland\u0131r\u0131lm\u0131\u015f Hassasiyet<\/strong><br data-start=\"1198\" data-end=\"1201\" \/>Her konnekt\u00f6r, istikrarl\u0131 optik b\u00fct\u00e7eler ve d\u00fc\u015f\u00fck ekleme kayb\u0131 sa\u011flamak i\u00e7in parlat\u0131l\u0131r, hizalan\u0131r ve test edilir.<\/p>\n<\/li>\n<\/ul>\n<hr data-start=\"1309\" data-end=\"1312\" \/>\n<h3 data-start=\"1314\" data-end=\"1340\"><strong data-start=\"1318\" data-end=\"1340\">Temel Teknik Veriler<\/strong><\/h3>\n<div class=\"TyagGW_tableContainer\">\n<div class=\"group TyagGW_tableWrapper flex flex-col-reverse w-fit\" tabindex=\"-1\">\n<table class=\"w-fit min-w-(--thread-content-width)\" data-start=\"1342\" data-end=\"1757\">\n<thead data-start=\"1342\" data-end=\"1366\">\n<tr data-start=\"1342\" data-end=\"1366\">\n<th class=\"\" data-start=\"1342\" data-end=\"1349\" data-col-size=\"sm\">\u00d6\u011fe<\/th>\n<th class=\"\" data-start=\"1349\" data-end=\"1366\" data-col-size=\"sm\">\u015eartname<\/th>\n<\/tr>\n<\/thead>\n<tbody data-start=\"1393\" data-end=\"1757\">\n<tr data-start=\"1393\" data-end=\"1436\">\n<td data-start=\"1393\" data-end=\"1406\" data-col-size=\"sm\">Elyaf Tipi<\/td>\n<td data-start=\"1406\" data-end=\"1436\" data-col-size=\"sm\">OS2 Tek Modlu (9\/125 \u00b5m)<\/td>\n<\/tr>\n<tr data-start=\"1437\" data-end=\"1456\">\n<td data-start=\"1437\" data-end=\"1451\" data-col-size=\"sm\">Lif Say\u0131s\u0131<\/td>\n<td data-start=\"1451\" data-end=\"1456\" data-col-size=\"sm\">8<\/td>\n<\/tr>\n<tr data-start=\"1457\" data-end=\"1494\">\n<td data-start=\"1457\" data-end=\"1473\" data-col-size=\"sm\">MPO Konekt\u00f6r\u00fc<\/td>\n<td data-start=\"1473\" data-end=\"1494\" data-col-size=\"sm\">8-fiber MPO \/ MTP<\/td>\n<\/tr>\n<tr data-start=\"1495\" data-end=\"1521\">\n<td data-start=\"1495\" data-end=\"1511\" data-col-size=\"sm\">LC Konnekt\u00f6rler<\/td>\n<td data-start=\"1511\" data-end=\"1521\" data-col-size=\"sm\">8 \u00d7 LC<\/td>\n<\/tr>\n<tr data-start=\"1522\" data-end=\"1567\">\n<td data-start=\"1522\" data-end=\"1546\" data-col-size=\"sm\">\u00c7al\u0131\u015fma Dalga Boylar\u0131<\/td>\n<td data-start=\"1546\" data-end=\"1567\" data-col-size=\"sm\">1310 nm \/ 1550 nm<\/td>\n<\/tr>\n<tr data-start=\"1568\" data-end=\"1616\">\n<td data-start=\"1568\" data-end=\"1585\" data-col-size=\"sm\">Ekleme Kayb\u0131<\/td>\n<td data-start=\"1585\" data-end=\"1616\" data-col-size=\"sm\">MPO \u2264 0,35 dB, LC \u2264 0,30 dB<\/td>\n<\/tr>\n<tr data-start=\"1617\" data-end=\"1642\">\n<td data-start=\"1617\" data-end=\"1631\" data-col-size=\"sm\">Geri D\u00f6n\u00fc\u015f Kayb\u0131<\/td>\n<td data-start=\"1631\" data-end=\"1642\" data-col-size=\"sm\">\u2265 50 dB<\/td>\n<\/tr>\n<tr data-start=\"1643\" data-end=\"1673\">\n<td data-start=\"1643\" data-end=\"1658\" data-col-size=\"sm\">Kablo Ceketi<\/td>\n<td data-start=\"1658\" data-end=\"1673\" data-col-size=\"sm\">LSZH veya PVC<\/td>\n<\/tr>\n<tr data-start=\"1674\" data-end=\"1718\">\n<td data-start=\"1674\" data-end=\"1698\" data-col-size=\"sm\">\u00c7al\u0131\u015fma S\u0131cakl\u0131\u011f\u0131<\/td>\n<td data-start=\"1698\" data-end=\"1718\" data-col-size=\"sm\">-10 \u00b0C ila +70 \u00b0C<\/td>\n<\/tr>\n<tr data-start=\"1719\" data-end=\"1757\">\n<td data-start=\"1719\" data-end=\"1732\" data-col-size=\"sm\">Uyumluluk<\/td>\n<td data-start=\"1732\" data-end=\"1757\" data-col-size=\"sm\">IEC, TIA, RoHS, REACH<\/td>\n<\/tr>\n<\/tbody>\n<\/table>\n<\/div>\n<\/div>\n<hr data-start=\"1759\" data-end=\"1762\" \/>\n<h3 data-start=\"1764\" data-end=\"1801\"><strong data-start=\"1768\" data-end=\"1801\">MPO-LC-SM-8Core'un Kullan\u0131ld\u0131\u011f\u0131 Yerler<\/strong><\/h3>\n<p data-start=\"1803\" data-end=\"1836\">Bu kablo yayg\u0131n olarak kullan\u0131lmaktad\u0131r:<\/p>\n<ul data-start=\"1838\" data-end=\"2047\">\n<li data-start=\"1838\" data-end=\"1882\">\n<p data-start=\"1840\" data-end=\"1882\"><strong data-start=\"1840\" data-end=\"1880\">Yaprak omurga veri merkezi mimarileri<\/strong><\/p>\n<\/li>\n<li data-start=\"1883\" data-end=\"1921\">\n<p data-start=\"1885\" data-end=\"1921\"><strong data-start=\"1885\" data-end=\"1919\">Veri Merkezi Ara Ba\u011flant\u0131s\u0131 (DCI)<\/strong><\/p>\n<\/li>\n<li data-start=\"1922\" data-end=\"1956\">\n<p data-start=\"1924\" data-end=\"1956\"><strong data-start=\"1924\" data-end=\"1954\">Telekom ve metro a\u011flar\u0131<\/strong><\/p>\n<\/li>\n<li data-start=\"1957\" data-end=\"2000\">\n<p data-start=\"1959\" data-end=\"2000\"><strong data-start=\"1959\" data-end=\"1998\">400G tek modlu anahtar da\u011f\u0131t\u0131mlar\u0131<\/strong><\/p>\n<\/li>\n<li data-start=\"2001\" data-end=\"2047\">\n<p data-start=\"2003\" data-end=\"2047\"><strong data-start=\"2003\" data-end=\"2047\">Y\u00fcksek yo\u011funluklu optik da\u011f\u0131t\u0131m \u00e7er\u00e7eveleri<\/strong><\/p>\n<\/li>\n<\/ul>\n<hr data-start=\"2456\" data-end=\"2459\" \/>\n<h2 data-start=\"2461\" data-end=\"2484\"><strong data-start=\"2464\" data-end=\"2484\">Profesyonel Soru-Cevap<\/strong><\/h2>\n<p data-start=\"2486\" data-end=\"2653\"><strong data-start=\"2486\" data-end=\"2548\">S1: Bu kablo uzun mesafeli iletim i\u00e7in uygun mu?<\/strong><br data-start=\"2548\" data-end=\"2551\" \/>Evet. OS2 tek modlu fiber \u015fu mesafeleri destekler <strong data-start=\"2600\" data-end=\"2622\">birka\u00e7 kilometre<\/strong>, al\u0131c\u0131-vericiye ba\u011fl\u0131 olarak.<\/p>\n<p data-start=\"2655\" data-end=\"2777\"><strong data-start=\"2655\" data-end=\"2696\">S2: 400G mod\u00fclleri ile kullan\u0131labilir mi?<\/strong><br data-start=\"2696\" data-end=\"2699\" \/>Evet. <strong data-start=\"2718\" data-end=\"2739\">400G DR4 ve PSM4<\/strong> LC kesme ba\u011flant\u0131lar\u0131n\u0131 kullanan optikler.<\/p>\n<p data-start=\"2779\" data-end=\"2966\"><strong data-start=\"2779\" data-end=\"2844\">S3: MPO'dan MPO'ya yerine MPO'dan LC'ye ge\u00e7i\u015fin avantaj\u0131 nedir?<\/strong><br data-start=\"2844\" data-end=\"2847\" \/>MPO-LC, a\u015fa\u011f\u0131dakilere do\u011frudan ba\u011flanman\u0131za olanak tan\u0131r <strong data-start=\"2888\" data-end=\"2933\">standart LC tabanl\u0131 al\u0131c\u0131-vericiler ve paneller<\/strong> ekstra d\u00f6n\u00fc\u015ft\u00fcrme kablolar\u0131 olmadan.<\/p>\n<p data-start=\"2968\" data-end=\"3089\"><strong data-start=\"2968\" data-end=\"3003\">S4: Polarite \u00f6zelle\u015ftirilebilir mi?<\/strong><br data-start=\"3003\" data-end=\"3006\" \/>Evet. MPO polarite tipleri (A, B veya C) a\u011f tasar\u0131m\u0131n\u0131za uyacak \u015fekilde belirlenebilir.<\/p>","protected":false},"excerpt":{"rendered":"<p data-start=\"72\" data-end=\"389\">Bu <strong data-start=\"76\" data-end=\"95\">MPO-LC-SM-8Core<\/strong> y\u00fcksek yo\u011funluklu bir <strong data-start=\"114\" data-end=\"153\">tek modlu fiber koparma \u00e7\u00f6z\u00fcm\u00fc<\/strong> modern veri merkezleri, telekom omurgalar\u0131 ve bulut ara ba\u011flant\u0131lar\u0131 i\u00e7in tasarlanm\u0131\u015ft\u0131r. \u0130le in\u015fa edilmi\u015ftir <strong data-start=\"245\" data-end=\"267\">OS2 9\/125 \u00b5m fiber<\/strong>, Kompakt, raf dostu bir form fakt\u00f6r\u00fcn\u00fc korurken ultra d\u00fc\u015f\u00fck zay\u0131flama ve uzun mesafeli iletim sa\u011flar.<\/p>\n<p data-start=\"391\" data-end=\"625\">Bir <strong data-start=\"395\" data-end=\"420\">8-fiber MPO konekt\u00f6r\u00fc<\/strong> bagaj taraf\u0131ndaki fanlar <strong data-start=\"453\" data-end=\"487\">sekiz ayr\u0131 LC konekt\u00f6r\u00fc<\/strong>, ile do\u011frudan uyumluluk sa\u011flar. <strong data-start=\"526\" data-end=\"574\">QSFP-DD, QSFP28 ve SFP+ tek modlu optikler<\/strong> Ek kesme donan\u0131m\u0131na ihtiya\u00e7 duymadan.<\/p>","protected":false},"featured_media":567,"comment_status":"open","ping_status":"closed","template":"","meta":[],"product_brand":[],"product_cat":[42],"product_tag":[],"class_list":{"0":"post-566","1":"product","2":"type-product","3":"status-publish","4":"has-post-thumbnail","6":"product_cat-mpo-mtp-fiber-optic-patch-cord","8":"first","9":"instock","10":"shipping-taxable","11":"product-type-simple"},"_links":{"self":[{"href":"https:\/\/www.fenxifiber.com\/tr\/wp-json\/wp\/v2\/product\/566","targetHints":{"allow":["GET"]}}],"collection":[{"href":"https:\/\/www.fenxifiber.com\/tr\/wp-json\/wp\/v2\/product"}],"about":[{"href":"https:\/\/www.fenxifiber.com\/tr\/wp-json\/wp\/v2\/types\/product"}],"replies":[{"embeddable":true,"href":"https:\/\/www.fenxifiber.com\/tr\/wp-json\/wp\/v2\/comments?post=566"}],"wp:featuredmedia":[{"embeddable":true,"href":"https:\/\/www.fenxifiber.com\/tr\/wp-json\/wp\/v2\/media\/567"}],"wp:attachment":[{"href":"https:\/\/www.fenxifiber.com\/tr\/wp-json\/wp\/v2\/media?parent=566"}],"wp:term":[{"taxonomy":"product_brand","embeddable":true,"href":"https:\/\/www.fenxifiber.com\/tr\/wp-json\/wp\/v2\/product_brand?post=566"},{"taxonomy":"product_cat","embeddable":true,"href":"https:\/\/www.fenxifiber.com\/tr\/wp-json\/wp\/v2\/product_cat?post=566"},{"taxonomy":"product_tag","embeddable":true,"href":"https:\/\/www.fenxifiber.com\/tr\/wp-json\/wp\/v2\/product_tag?post=566"}],"curies":[{"name":"wp","href":"https:\/\/api.w.org\/{rel}","templated":true}]}}